{"id":34805,"date":"2018-11-18T21:54:36","date_gmt":"2018-11-18T21:54:36","guid":{"rendered":"https:\/\/www.sotograndeguide.com\/?page_id=34805"},"modified":"2018-11-18T22:42:03","modified_gmt":"2018-11-18T22:42:03","slug":"%d0%b2%d0%b5%d1%82%d0%b5%d1%80%d0%b8%d0%bd%d0%b0%d1%80%d0%bd%d0%b0%d1%8f-%d0%ba%d0%bb%d0%b8%d0%bd%d0%b8%d0%ba%d0%b0-%d1%84%d0%b0%d0%b1%d1%83%d0%bb%d0%b0","status":"publish","type":"page","link":"https:\/\/www.sotograndeguide.com\/ru\/sotogrande-veterinarians\/clinica-veterinaria-fabula\/","title":{"rendered":"\u0412\u0435\u0442\u0435\u0440\u0438\u043d\u0430\u0440\u043d\u0430\u044f \u043a\u043b\u0438\u043d\u0438\u043a\u0430 \u0424\u0430\u0431\u0443\u043b\u0430"},"content":{"rendered":"<p><strong>\u0412\u0435\u0442\u0435\u0440\u0438\u043d\u0430\u0440\u043d\u0430\u044f \u043a\u043b\u0438\u043d\u0438\u043a\u0430 \u0424\u0430\u0431\u0443\u043b\u0430<\/strong><br \/>\n\u0410\u0434\u0440\u0435\u0441: Calle Manuel Gavil\u00e1n, 20, 11360 Pueblo Nuevo de Guadiaro<br \/>\n\u0422\u0435\u043b\u0435\u0444\u043e\u043d: <a href=\"tel:+34956695259\">956695259<\/a><\/p>","protected":false},"excerpt":{"rendered":"<p>Cl\u00ednica Veterinaria F\u00e1bula \u0410\u0434\u0440\u0435\u0441: Calle Manuel Gavil\u00e1n, 20, 11360 Pueblo Nuevo de Guadiaro \u0422\u0435\u043b\u0435\u0444\u043e\u043d: 956695259<\/p>","protected":false},"author":1,"featured_media":34815,"parent":34798,"menu_order":0,"comment_status":"closed","ping_status":"closed","template":"","meta":{"footnotes":""},"class_list":["post-34805","page","type-page","status-publish","has-post-thumbnail"],"yoast_head":"<!-- This site is optimized with the Yoast SEO Premium plugin v20.5 (Yoast SEO v27.5) - https:\/\/yoast.com\/product\/yoast-seo-premium-wordpress\/ -->\n<title>Cl\u00ednica Veterinaria F\u00e1bula<\/title>\n<meta name=\"robots\" content=\"index, follow, max-snippet:-1, max-image-preview:large, max-video-preview:-1\" \/>\n<link rel=\"canonical\" href=\"https:\/\/www.sotograndeguide.com\/ru\/\u0432\u0435\u0442\u0435\u0440\u0438\u043d\u0430\u0440\u044b-\u0441\u043e\u0442\u043e\u0433\u0440\u0430\u043d\u0434\u0435\/\u0432\u0435\u0442\u0435\u0440\u0438\u043d\u0430\u0440\u043d\u0430\u044f-\u043a\u043b\u0438\u043d\u0438\u043a\u0430-\u0444\u0430\u0431\u0443\u043b\u0430\/\" \/>\n<meta property=\"og:locale\" content=\"ru_RU\" \/>\n<meta property=\"og:type\" content=\"article\" \/>\n<meta property=\"og:title\" content=\"Cl\u00ednica Veterinaria F\u00e1bula\" \/>\n<meta property=\"og:description\" content=\"Cl\u00ednica Veterinaria F\u00e1bula Address: Calle Manuel Gavil\u00e1n, 20, 11360 Pueblo Nuevo de Guadiaro Telephone: 956695259\" \/>\n<meta property=\"og:url\" content=\"https:\/\/www.sotograndeguide.com\/ru\/\u0432\u0435\u0442\u0435\u0440\u0438\u043d\u0430\u0440\u044b-\u0441\u043e\u0442\u043e\u0433\u0440\u0430\u043d\u0434\u0435\/\u0432\u0435\u0442\u0435\u0440\u0438\u043d\u0430\u0440\u043d\u0430\u044f-\u043a\u043b\u0438\u043d\u0438\u043a\u0430-\u0444\u0430\u0431\u0443\u043b\u0430\/\" \/>\n<meta property=\"og:site_name\" content=\"Sotogrande Guide\" \/>\n<meta property=\"article:publisher\" content=\"https:\/\/www.facebook.com\/sotograndeguide\" \/>\n<meta property=\"article:modified_time\" content=\"2018-11-18T22:42:03+00:00\" \/>\n<meta property=\"og:image\" content=\"https:\/\/www.sotograndeguide.com\/wp-content\/uploads\/2018\/11\/Cl\u00ednica-Veterinaria-F\u00e1bula.jpg\" \/>\n\t<meta property=\"og:image:width\" content=\"1000\" \/>\n\t<meta property=\"og:image:height\" content=\"700\" \/>\n\t<meta property=\"og:image:type\" content=\"image\/jpeg\" \/>\n<meta name=\"twitter:card\" content=\"summary_large_image\" \/>\n<meta name=\"twitter:site\" content=\"@sotograndeguide\" \/>\n<!-- \/ Yoast SEO Premium plugin. -->","yoast_head_json":{"title":"\u0412\u0435\u0442\u0435\u0440\u0438\u043d\u0430\u0440\u043d\u0430\u044f \u043a\u043b\u0438\u043d\u0438\u043a\u0430 \u0424\u0430\u0431\u0443\u043b\u0430","robots":{"index":"index","follow":"follow","max-snippet":"max-snippet:-1","max-image-preview":"max-image-preview:large","max-video-preview":"max-video-preview:-1"},"canonical":"https:\/\/www.sotograndeguide.com\/ru\/\u0432\u0435\u0442\u0435\u0440\u0438\u043d\u0430\u0440\u044b-\u0441\u043e\u0442\u043e\u0433\u0440\u0430\u043d\u0434\u0435\/\u0432\u0435\u0442\u0435\u0440\u0438\u043d\u0430\u0440\u043d\u0430\u044f-\u043a\u043b\u0438\u043d\u0438\u043a\u0430-\u0444\u0430\u0431\u0443\u043b\u0430\/","og_locale":"ru_RU","og_type":"article","og_title":"Cl\u00ednica Veterinaria F\u00e1bula","og_description":"Cl\u00ednica Veterinaria F\u00e1bula Address: Calle Manuel Gavil\u00e1n, 20, 11360 Pueblo Nuevo de Guadiaro Telephone: 956695259","og_url":"https:\/\/www.sotograndeguide.com\/ru\/\u0432\u0435\u0442\u0435\u0440\u0438\u043d\u0430\u0440\u044b-\u0441\u043e\u0442\u043e\u0433\u0440\u0430\u043d\u0434\u0435\/\u0432\u0435\u0442\u0435\u0440\u0438\u043d\u0430\u0440\u043d\u0430\u044f-\u043a\u043b\u0438\u043d\u0438\u043a\u0430-\u0444\u0430\u0431\u0443\u043b\u0430\/","og_site_name":"Sotogrande Guide","article_publisher":"https:\/\/www.facebook.com\/sotograndeguide","article_modified_time":"2018-11-18T22:42:03+00:00","og_image":[{"width":1000,"height":700,"url":"https:\/\/www.sotograndeguide.com\/wp-content\/uploads\/2018\/11\/Cl\u00ednica-Veterinaria-F\u00e1bula.jpg","type":"image\/jpeg"}],"twitter_card":"summary_large_image","twitter_site":"@sotograndeguide","schema":{"@context":"https:\/\/schema.org","@graph":[{"@type":"WebPage","@id":"https:\/\/www.sotograndeguide.com\/sotogrande-veterinarians\/clinica-veterinaria-fabula\/","url":"https:\/\/www.sotograndeguide.com\/sotogrande-veterinarians\/clinica-veterinaria-fabula\/","name":"\u0412\u0435\u0442\u0435\u0440\u0438\u043d\u0430\u0440\u043d\u0430\u044f \u043a\u043b\u0438\u043d\u0438\u043a\u0430 \u0424\u0430\u0431\u0443\u043b\u0430","isPartOf":{"@id":"https:\/\/www.sotograndeguide.com\/#website"},"primaryImageOfPage":{"@id":"https:\/\/www.sotograndeguide.com\/sotogrande-veterinarians\/clinica-veterinaria-fabula\/#primaryimage"},"image":{"@id":"https:\/\/www.sotograndeguide.com\/sotogrande-veterinarians\/clinica-veterinaria-fabula\/#primaryimage"},"thumbnailUrl":"https:\/\/www.sotograndeguide.com\/wp-content\/uploads\/2018\/11\/Cl\u00ednica-Veterinaria-F\u00e1bula.jpg","datePublished":"2018-11-18T21:54:36+00:00","dateModified":"2018-11-18T22:42:03+00:00","breadcrumb":{"@id":"https:\/\/www.sotograndeguide.com\/sotogrande-veterinarians\/clinica-veterinaria-fabula\/#breadcrumb"},"inLanguage":"ru-RU","potentialAction":[{"@type":"ReadAction","target":["https:\/\/www.sotograndeguide.com\/sotogrande-veterinarians\/clinica-veterinaria-fabula\/"]}]},{"@type":"ImageObject","inLanguage":"ru-RU","@id":"https:\/\/www.sotograndeguide.com\/sotogrande-veterinarians\/clinica-veterinaria-fabula\/#primaryimage","url":"https:\/\/www.sotograndeguide.com\/wp-content\/uploads\/2018\/11\/Cl\u00ednica-Veterinaria-F\u00e1bula.jpg","contentUrl":"https:\/\/www.sotograndeguide.com\/wp-content\/uploads\/2018\/11\/Cl\u00ednica-Veterinaria-F\u00e1bula.jpg","width":1000,"height":700,"caption":"Cl\u00ednica Veterinaria F\u00e1bula"},{"@type":"BreadcrumbList","@id":"https:\/\/www.sotograndeguide.com\/sotogrande-veterinarians\/clinica-veterinaria-fabula\/#breadcrumb","itemListElement":[{"@type":"ListItem","position":1,"name":"Home","item":"https:\/\/www.sotograndeguide.com\/"},{"@type":"ListItem","position":2,"name":"Sotogrande Veterinarians","item":"https:\/\/www.sotograndeguide.com\/sotogrande-veterinarians\/"},{"@type":"ListItem","position":3,"name":"Cl\u00ednica Veterinaria F\u00e1bula"}]},{"@type":"WebSite","@id":"https:\/\/www.sotograndeguide.com\/#website","url":"https:\/\/www.sotograndeguide.com\/","name":"\u041f\u0443\u0442\u0435\u0432\u043e\u0434\u0438\u0442\u0435\u043b\u044c \u043f\u043e \u0421\u043e\u0442\u043e\u0433\u0440\u0430\u043d\u0434\u0435","description":"\u041d\u043e\u0432\u043e\u0441\u0442\u0438, \u0441\u043e\u0432\u0435\u0442\u044b, \u0441\u043e\u0431\u044b\u0442\u0438\u044f \u0438 \u043e\u0431\u0437\u043e\u0440\u044b","publisher":{"@id":"https:\/\/www.sotograndeguide.com\/#organization"},"potentialAction":[{"@type":"SearchAction","target":{"@type":"EntryPoint","urlTemplate":"https:\/\/www.sotograndeguide.com\/?s={search_term_string}"},"query-input":{"@type":"PropertyValueSpecification","valueRequired":true,"valueName":"search_term_string"}}],"inLanguage":"ru-RU"},{"@type":"Organization","@id":"https:\/\/www.sotograndeguide.com\/#organization","name":"\u041f\u0443\u0442\u0435\u0432\u043e\u0434\u0438\u0442\u0435\u043b\u044c \u043f\u043e \u0421\u043e\u0442\u043e\u0433\u0440\u0430\u043d\u0434\u0435","url":"https:\/\/www.sotograndeguide.com\/","logo":{"@type":"ImageObject","inLanguage":"ru-RU","@id":"https:\/\/www.sotograndeguide.com\/#\/schema\/logo\/image\/","url":"https:\/\/www.sotograndeguide.com\/wp-content\/uploads\/2017\/03\/Sotogrande-Logo-GUIDE.png","contentUrl":"https:\/\/www.sotograndeguide.com\/wp-content\/uploads\/2017\/03\/Sotogrande-Logo-GUIDE.png","width":300,"height":300,"caption":"Sotogrande Guide"},"image":{"@id":"https:\/\/www.sotograndeguide.com\/#\/schema\/logo\/image\/"},"sameAs":["https:\/\/www.facebook.com\/sotograndeguide","https:\/\/x.com\/sotograndeguide","https:\/\/www.tiktok.com\/@sotograndeguide","https:\/\/www.youtube.com\/@SotograndeGuide"]}]}},"jetpack_sharing_enabled":true,"_links":{"self":[{"href":"https:\/\/www.sotograndeguide.com\/ru\/wp-json\/wp\/v2\/pages\/34805","targetHints":{"allow":["GET"]}}],"collection":[{"href":"https:\/\/www.sotograndeguide.com\/ru\/wp-json\/wp\/v2\/pages"}],"about":[{"href":"https:\/\/www.sotograndeguide.com\/ru\/wp-json\/wp\/v2\/types\/page"}],"author":[{"embeddable":true,"href":"https:\/\/www.sotograndeguide.com\/ru\/wp-json\/wp\/v2\/users\/1"}],"replies":[{"embeddable":true,"href":"https:\/\/www.sotograndeguide.com\/ru\/wp-json\/wp\/v2\/comments?post=34805"}],"version-history":[{"count":0,"href":"https:\/\/www.sotograndeguide.com\/ru\/wp-json\/wp\/v2\/pages\/34805\/revisions"}],"up":[{"embeddable":true,"href":"https:\/\/www.sotograndeguide.com\/ru\/wp-json\/wp\/v2\/pages\/34798"}],"wp:featuredmedia":[{"embeddable":true,"href":"https:\/\/www.sotograndeguide.com\/ru\/wp-json\/wp\/v2\/media\/34815"}],"wp:attachment":[{"href":"https:\/\/www.sotograndeguide.com\/ru\/wp-json\/wp\/v2\/media?parent=34805"}],"curies":[{"name":"wp","href":"https:\/\/api.w.org\/{rel}","templated":true}]}}