{"id":33575,"date":"2017-11-15T03:50:02","date_gmt":"2017-11-15T03:50:02","guid":{"rendered":"https:\/\/www.sotograndeguide.com\/?page_id=33575"},"modified":"2019-07-07T20:07:32","modified_gmt":"2019-07-07T20:07:32","slug":"%d0%be%d1%82%d0%b5%d0%bb%d1%8c-%d0%b0%d0%bb%d1%8c%d0%ba%d0%b0%d0%b8%d0%b4%d0%b5%d1%81%d0%b0","status":"publish","type":"page","link":"https:\/\/www.sotograndeguide.com\/ru\/sotogrande-hotels\/hotel-alcaidesa\/","title":{"rendered":"\u041e\u0442\u0435\u043b\u044c Alcaidesa"},"content":{"rendered":"<p><a href=\"http:\/\/www.booking.com\/hotel\/es\/alcaidesa.en.html?aid=1233189&amp;no_rooms=1&amp;group_adults=1&amp;label=sotograndeguide\" target=\"_blank\" rel=\"noopener noreferrer\">\u041e\u0442\u0435\u043b\u044c Alcaidesa<\/a> \u0432\u043d\u043e\u0432\u044c \u043e\u0442\u043a\u0440\u044b\u043b\u0441\u044f \u0432 2017 \u0433\u043e\u0434\u0443 \u043a\u0430\u043a \u0431\u0443\u0442\u0438\u043a-\u043e\u0442\u0435\u043b\u044c. \u0412 4-\u0437\u0432\u0435\u0437\u0434\u043e\u0447\u043d\u043e\u043c \u043e\u0442\u0435\u043b\u0435 8 \u043d\u043e\u043c\u0435\u0440\u043e\u0432, \u0440\u0435\u0441\u0442\u043e\u0440\u0430\u043d \u043d\u0430 \u0442\u0435\u0440\u0440\u0438\u0442\u043e\u0440\u0438\u0438 \u043e\u0442\u0435\u043b\u044f, \u0430 \u0442\u0430\u043a\u0436\u0435 \u0442\u0435\u0440\u0440\u0430\u0441\u0430 \u0432 \u043f\u0430\u0431\u0435.<\/p>\n<p>\u042d\u0442\u043e \u043d\u0435\u0431\u043e\u043b\u044c\u0448\u043e\u0439 \u043e\u0442\u0435\u043b\u044c \u0441 \u0432\u043d\u0438\u043c\u0430\u043d\u0438\u0435\u043c \u043a \u0434\u0435\u0442\u0430\u043b\u044f\u043c \u0438 \u0443\u0434\u043e\u0431\u043d\u044b\u043c \u0440\u0430\u0441\u043f\u043e\u043b\u043e\u0436\u0435\u043d\u0438\u0435\u043c \u0440\u044f\u0434\u043e\u043c \u0441 \u043f\u043b\u044f\u0436\u0435\u043c (5 \u043c\u0438\u043d\u0443\u0442 \u0445\u043e\u0434\u044c\u0431\u044b).<\/p>\n<p><a href=\"http:\/\/www.booking.com\/hotel\/es\/alcaidesa.en.html?aid=1233189&amp;no_rooms=1&amp;group_adults=1&amp;label=sotograndeguide\">\u041f\u0440\u043e\u0432\u0435\u0440\u044c\u0442\u0435 \u043b\u0443\u0447\u0448\u0438\u0435 \u0446\u0435\u043d\u044b \u043d\u0430 \u043e\u0442\u0435\u043b\u044c Alcaidesa<\/a>.<br \/>\n<a href=\"https:\/\/www.sotograndeguide.com\/ru\/%d0%be%d1%82%d0%b5%d0%bb%d0%b8-%d1%81%d0%be%d1%82%d0%be%d0%b3%d1%80%d0%b0%d0%bd%d0%b4%d0%b5\/\">\u041f\u043e\u0441\u043c\u043e\u0442\u0440\u0438\u0442\u0435 \u0434\u0440\u0443\u0433\u0438\u0435 \u043e\u0442\u0435\u043b\u0438 \u0432 \u0421\u043e\u0442\u043e\u0433\u0440\u0430\u043d\u0434\u0435 \u0438 \u043e\u043a\u0440\u0435\u0441\u0442\u043d\u043e\u0441\u0442\u044f\u0445<\/a>.<br \/>\n<a href=\"https:\/\/www.sotograndeguide.com\/ru\/%d0%ba%d0%be%d0%bd%d1%81%d1%8c%d0%b5%d1%80%d0%b6-%d1%81%d0%be%d1%82%d0%be%d0%b3%d1%80%d0%b0%d0%bd%d0%b4%d0%b5\/\" target=\"_blank\" rel=\"noopener noreferrer\">\u0423 \u0432\u0430\u0441 \u0435\u0441\u0442\u044c \u0432\u043e\u043f\u0440\u043e\u0441\u044b \u043e\u0431 \u044d\u0442\u043e\u043c \u043e\u0442\u0435\u043b\u0435? \u041f\u043e\u0433\u043e\u0432\u043e\u0440\u0438\u0442\u0435 \u0441 \u043a\u043e\u043d\u0441\u044c\u0435\u0440\u0436\u0435\u043c \u0421\u043e\u0442\u043e\u0433\u0440\u0430\u043d\u0434\u0435<\/a>.<\/p>\n<p><strong>\u041e\u0442\u0435\u043b\u044c Alcaidesa<\/strong><br \/>\n\u0410\u0434\u0440\u0435\u0441: Calle de la Villa Real, La Alcaidesa, 11315 La L\u00ednea de la Concepci\u00f3n, C\u00e1diz<br \/>\n\u0422\u0435\u043b\u0435\u0444\u043e\u043d: <a href=\"tel:+34956792008\">956792008<\/a><\/p>","protected":false},"excerpt":{"rendered":"<p>\u041e\u0442\u0435\u043b\u044c Alcaidesa \u0432\u043d\u043e\u0432\u044c \u043e\u0442\u043a\u0440\u044b\u043b\u0441\u044f \u0432 2017 \u0433\u043e\u0434\u0443 \u043a\u0430\u043a \u0431\u0443\u0442\u0438\u043a-\u043e\u0442\u0435\u043b\u044c. \u0412 4-\u0437\u0432\u0435\u0437\u0434\u043e\u0447\u043d\u043e\u043c \u043e\u0442\u0435\u043b\u0435 8 \u043d\u043e\u043c\u0435\u0440\u043e\u0432, \u0440\u0435\u0441\u0442\u043e\u0440\u0430\u043d \u043d\u0430 \u0442\u0435\u0440\u0440\u0438\u0442\u043e\u0440\u0438\u0438 \u043e\u0442\u0435\u043b\u044f, \u0430 \u0442\u0430\u043a\u0436\u0435 \u0442\u0435\u0440\u0440\u0430\u0441\u0430 \u0432 \u043f\u0430\u0431\u0435. \u042d\u0442\u043e \u043d\u0435\u0431\u043e\u043b\u044c\u0448\u043e\u0439 \u043e\u0442\u0435\u043b\u044c \u0441 \u0432\u043d\u0438\u043c\u0430\u043d\u0438\u0435\u043c \u043a \u0434\u0435\u0442\u0430\u043b\u044f\u043c \u0438 \u0443\u0434\u043e\u0431\u043d\u044b\u043c \u0440\u0430\u0441\u043f\u043e\u043b\u043e\u0436\u0435\u043d\u0438\u0435\u043c \u0440\u044f\u0434\u043e\u043c \u0441 \u043f\u043b\u044f\u0436\u0435\u043c (5 \u043c\u0438\u043d\u0443\u0442 \u0445\u043e\u0434\u044c\u0431\u044b). \u041f\u0440\u043e\u0432\u0435\u0440\u044c\u0442\u0435 \u043b\u0443\u0447\u0448\u0438\u0435 \u0446\u0435\u043d\u044b \u043d\u0430 \u043e\u0442\u0435\u043b\u044c Alcaidesa. \u041f\u043e\u0441\u043c\u043e\u0442\u0440\u0438\u0442\u0435 \u0434\u0440\u0443\u0433\u0438\u0435 ... <a title=\"\u041e\u0442\u0435\u043b\u044c Alcaidesa\" class=\"read-more\" href=\"https:\/\/www.sotograndeguide.com\/ru\/sotogrande-hotels\/hotel-alcaidesa\/\" aria-label=\"\u041f\u0440\u043e\u0447\u0438\u0442\u0430\u0442\u044c \u0431\u043e\u043b\u044c\u0448\u0435 \u043e Hotel Alcaidesa\">\u0427\u0438\u0442\u0430\u0442\u044c \u0434\u0430\u043b\u0435\u0435<\/a><\/p>","protected":false},"author":1,"featured_media":33577,"parent":94,"menu_order":0,"comment_status":"closed","ping_status":"closed","template":"","meta":{"footnotes":""},"class_list":["post-33575","page","type-page","status-publish","has-post-thumbnail"],"yoast_head":"<!-- This site is optimized with the Yoast SEO Premium plugin v20.5 (Yoast SEO v27.3) - https:\/\/yoast.com\/product\/yoast-seo-premium-wordpress\/ -->\n<title>Hotel Alcaidesa - Sotogrande Guide \ud83d\udc59 Hotel Near The Beach<\/title>\n<meta name=\"description\" content=\"Hotel Alcaidesa is the boutique hotel of choice for travellers who want to enjoy Alcadeisa, Sotogrande and the stunning beaches.\" \/>\n<meta name=\"robots\" content=\"index, follow, max-snippet:-1, max-image-preview:large, max-video-preview:-1\" \/>\n<link rel=\"canonical\" href=\"https:\/\/www.sotograndeguide.com\/ru\/\u043e\u0442\u0435\u043b\u0438-\u0441\u043e\u0442\u043e\u0433\u0440\u0430\u043d\u0434\u0435\/\u043e\u0442\u0435\u043b\u044c-\u0430\u043b\u044c\u043a\u0430\u0438\u0434\u0435\u0441\u0430\/\" \/>\n<meta property=\"og:locale\" content=\"ru_RU\" \/>\n<meta property=\"og:type\" content=\"article\" \/>\n<meta property=\"og:title\" content=\"Hotel Alcaidesa\" \/>\n<meta property=\"og:description\" content=\"Hotel Alcaidesa is the boutique hotel of choice for travellers who want to enjoy Alcadeisa, Sotogrande and the stunning beaches.\" \/>\n<meta property=\"og:url\" content=\"https:\/\/www.sotograndeguide.com\/ru\/\u043e\u0442\u0435\u043b\u0438-\u0441\u043e\u0442\u043e\u0433\u0440\u0430\u043d\u0434\u0435\/\u043e\u0442\u0435\u043b\u044c-\u0430\u043b\u044c\u043a\u0430\u0438\u0434\u0435\u0441\u0430\/\" \/>\n<meta property=\"og:site_name\" content=\"Sotogrande Guide\" \/>\n<meta property=\"article:publisher\" content=\"https:\/\/www.facebook.com\/sotograndeguide\" \/>\n<meta property=\"article:modified_time\" content=\"2019-07-07T20:07:32+00:00\" \/>\n<meta property=\"og:image\" content=\"https:\/\/www.sotograndeguide.com\/wp-content\/uploads\/2017\/11\/Hotel-Alcaidesa.jpg\" \/>\n\t<meta property=\"og:image:width\" content=\"1200\" \/>\n\t<meta property=\"og:image:height\" content=\"774\" \/>\n\t<meta property=\"og:image:type\" content=\"image\/jpeg\" \/>\n<meta name=\"twitter:card\" content=\"summary_large_image\" \/>\n<meta name=\"twitter:site\" content=\"@sotograndeguide\" \/>\n<!-- \/ Yoast SEO Premium plugin. -->","yoast_head_json":{"title":"Hotel Alcaidesa - \u043f\u0443\u0442\u0435\u0432\u043e\u0434\u0438\u0442\u0435\u043b\u044c \u043f\u043e \u0421\u043e\u0442\u043e\u0433\u0440\u0430\u043d\u0434\u0435 \ud83d\udc59 \u041e\u0442\u0435\u043b\u044c \u0440\u044f\u0434\u043e\u043c \u0441 \u043f\u043b\u044f\u0436\u0435\u043c","description":"\u041e\u0442\u0435\u043b\u044c Alcaidesa - \u044d\u0442\u043e \u0431\u0443\u0442\u0438\u043a-\u043e\u0442\u0435\u043b\u044c, \u043a\u043e\u0442\u043e\u0440\u044b\u0439 \u0432\u044b\u0431\u0438\u0440\u0430\u044e\u0442 \u043f\u0443\u0442\u0435\u0448\u0435\u0441\u0442\u0432\u0435\u043d\u043d\u0438\u043a\u0438, \u0436\u0435\u043b\u0430\u044e\u0449\u0438\u0435 \u043d\u0430\u0441\u043b\u0430\u0434\u0438\u0442\u044c\u0441\u044f \u0410\u043b\u044c\u043a\u0430\u0434\u0435\u0439\u0441\u043e\u0439, \u0421\u043e\u0442\u043e\u0433\u0440\u0430\u043d\u0434\u0435 \u0438 \u043f\u043e\u0442\u0440\u044f\u0441\u0430\u044e\u0449\u0438\u043c\u0438 \u043f\u043b\u044f\u0436\u0430\u043c\u0438.","robots":{"index":"index","follow":"follow","max-snippet":"max-snippet:-1","max-image-preview":"max-image-preview:large","max-video-preview":"max-video-preview:-1"},"canonical":"https:\/\/www.sotograndeguide.com\/ru\/\u043e\u0442\u0435\u043b\u0438-\u0441\u043e\u0442\u043e\u0433\u0440\u0430\u043d\u0434\u0435\/\u043e\u0442\u0435\u043b\u044c-\u0430\u043b\u044c\u043a\u0430\u0438\u0434\u0435\u0441\u0430\/","og_locale":"ru_RU","og_type":"article","og_title":"Hotel Alcaidesa","og_description":"Hotel Alcaidesa is the boutique hotel of choice for travellers who want to enjoy Alcadeisa, Sotogrande and the stunning beaches.","og_url":"https:\/\/www.sotograndeguide.com\/ru\/\u043e\u0442\u0435\u043b\u0438-\u0441\u043e\u0442\u043e\u0433\u0440\u0430\u043d\u0434\u0435\/\u043e\u0442\u0435\u043b\u044c-\u0430\u043b\u044c\u043a\u0430\u0438\u0434\u0435\u0441\u0430\/","og_site_name":"Sotogrande Guide","article_publisher":"https:\/\/www.facebook.com\/sotograndeguide","article_modified_time":"2019-07-07T20:07:32+00:00","og_image":[{"width":1200,"height":774,"url":"https:\/\/www.sotograndeguide.com\/wp-content\/uploads\/2017\/11\/Hotel-Alcaidesa.jpg","type":"image\/jpeg"}],"twitter_card":"summary_large_image","twitter_site":"@sotograndeguide","schema":{"@context":"https:\/\/schema.org","@graph":[{"@type":"WebPage","@id":"https:\/\/www.sotograndeguide.com\/sotogrande-hotels\/hotel-alcaidesa\/","url":"https:\/\/www.sotograndeguide.com\/sotogrande-hotels\/hotel-alcaidesa\/","name":"Hotel Alcaidesa - \u043f\u0443\u0442\u0435\u0432\u043e\u0434\u0438\u0442\u0435\u043b\u044c \u043f\u043e \u0421\u043e\u0442\u043e\u0433\u0440\u0430\u043d\u0434\u0435 \ud83d\udc59 \u041e\u0442\u0435\u043b\u044c \u0440\u044f\u0434\u043e\u043c \u0441 \u043f\u043b\u044f\u0436\u0435\u043c","isPartOf":{"@id":"https:\/\/www.sotograndeguide.com\/#website"},"primaryImageOfPage":{"@id":"https:\/\/www.sotograndeguide.com\/sotogrande-hotels\/hotel-alcaidesa\/#primaryimage"},"image":{"@id":"https:\/\/www.sotograndeguide.com\/sotogrande-hotels\/hotel-alcaidesa\/#primaryimage"},"thumbnailUrl":"https:\/\/www.sotograndeguide.com\/wp-content\/uploads\/2017\/11\/Hotel-Alcaidesa.jpg","datePublished":"2017-11-15T03:50:02+00:00","dateModified":"2019-07-07T20:07:32+00:00","description":"\u041e\u0442\u0435\u043b\u044c Alcaidesa - \u044d\u0442\u043e \u0431\u0443\u0442\u0438\u043a-\u043e\u0442\u0435\u043b\u044c, \u043a\u043e\u0442\u043e\u0440\u044b\u0439 \u0432\u044b\u0431\u0438\u0440\u0430\u044e\u0442 \u043f\u0443\u0442\u0435\u0448\u0435\u0441\u0442\u0432\u0435\u043d\u043d\u0438\u043a\u0438, \u0436\u0435\u043b\u0430\u044e\u0449\u0438\u0435 \u043d\u0430\u0441\u043b\u0430\u0434\u0438\u0442\u044c\u0441\u044f \u0410\u043b\u044c\u043a\u0430\u0434\u0435\u0439\u0441\u043e\u0439, \u0421\u043e\u0442\u043e\u0433\u0440\u0430\u043d\u0434\u0435 \u0438 \u043f\u043e\u0442\u0440\u044f\u0441\u0430\u044e\u0449\u0438\u043c\u0438 \u043f\u043b\u044f\u0436\u0430\u043c\u0438.","breadcrumb":{"@id":"https:\/\/www.sotograndeguide.com\/sotogrande-hotels\/hotel-alcaidesa\/#breadcrumb"},"inLanguage":"ru-RU","potentialAction":[{"@type":"ReadAction","target":["https:\/\/www.sotograndeguide.com\/sotogrande-hotels\/hotel-alcaidesa\/"]}]},{"@type":"ImageObject","inLanguage":"ru-RU","@id":"https:\/\/www.sotograndeguide.com\/sotogrande-hotels\/hotel-alcaidesa\/#primaryimage","url":"https:\/\/www.sotograndeguide.com\/wp-content\/uploads\/2017\/11\/Hotel-Alcaidesa.jpg","contentUrl":"https:\/\/www.sotograndeguide.com\/wp-content\/uploads\/2017\/11\/Hotel-Alcaidesa.jpg","width":1200,"height":774,"caption":"Hotel Alcaidesa"},{"@type":"BreadcrumbList","@id":"https:\/\/www.sotograndeguide.com\/sotogrande-hotels\/hotel-alcaidesa\/#breadcrumb","itemListElement":[{"@type":"ListItem","position":1,"name":"Home","item":"https:\/\/www.sotograndeguide.com\/"},{"@type":"ListItem","position":2,"name":"Sotogrande Hotels","item":"https:\/\/www.sotograndeguide.com\/sotogrande-hotels\/"},{"@type":"ListItem","position":3,"name":"Hotel Alcaidesa"}]},{"@type":"WebSite","@id":"https:\/\/www.sotograndeguide.com\/#website","url":"https:\/\/www.sotograndeguide.com\/","name":"\u041f\u0443\u0442\u0435\u0432\u043e\u0434\u0438\u0442\u0435\u043b\u044c \u043f\u043e \u0421\u043e\u0442\u043e\u0433\u0440\u0430\u043d\u0434\u0435","description":"\u041d\u043e\u0432\u043e\u0441\u0442\u0438, \u0441\u043e\u0432\u0435\u0442\u044b, \u0441\u043e\u0431\u044b\u0442\u0438\u044f \u0438 \u043e\u0431\u0437\u043e\u0440\u044b","publisher":{"@id":"https:\/\/www.sotograndeguide.com\/#organization"},"potentialAction":[{"@type":"SearchAction","target":{"@type":"EntryPoint","urlTemplate":"https:\/\/www.sotograndeguide.com\/?s={search_term_string}"},"query-input":{"@type":"PropertyValueSpecification","valueRequired":true,"valueName":"search_term_string"}}],"inLanguage":"ru-RU"},{"@type":"Organization","@id":"https:\/\/www.sotograndeguide.com\/#organization","name":"\u041f\u0443\u0442\u0435\u0432\u043e\u0434\u0438\u0442\u0435\u043b\u044c \u043f\u043e \u0421\u043e\u0442\u043e\u0433\u0440\u0430\u043d\u0434\u0435","url":"https:\/\/www.sotograndeguide.com\/","logo":{"@type":"ImageObject","inLanguage":"ru-RU","@id":"https:\/\/www.sotograndeguide.com\/#\/schema\/logo\/image\/","url":"https:\/\/www.sotograndeguide.com\/wp-content\/uploads\/2017\/03\/Sotogrande-Logo-GUIDE.png","contentUrl":"https:\/\/www.sotograndeguide.com\/wp-content\/uploads\/2017\/03\/Sotogrande-Logo-GUIDE.png","width":300,"height":300,"caption":"Sotogrande Guide"},"image":{"@id":"https:\/\/www.sotograndeguide.com\/#\/schema\/logo\/image\/"},"sameAs":["https:\/\/www.facebook.com\/sotograndeguide","https:\/\/x.com\/sotograndeguide","https:\/\/www.tiktok.com\/@sotograndeguide","https:\/\/www.youtube.com\/@SotograndeGuide"]}]}},"jetpack_sharing_enabled":true,"_links":{"self":[{"href":"https:\/\/www.sotograndeguide.com\/ru\/wp-json\/wp\/v2\/pages\/33575","targetHints":{"allow":["GET"]}}],"collection":[{"href":"https:\/\/www.sotograndeguide.com\/ru\/wp-json\/wp\/v2\/pages"}],"about":[{"href":"https:\/\/www.sotograndeguide.com\/ru\/wp-json\/wp\/v2\/types\/page"}],"author":[{"embeddable":true,"href":"https:\/\/www.sotograndeguide.com\/ru\/wp-json\/wp\/v2\/users\/1"}],"replies":[{"embeddable":true,"href":"https:\/\/www.sotograndeguide.com\/ru\/wp-json\/wp\/v2\/comments?post=33575"}],"version-history":[{"count":0,"href":"https:\/\/www.sotograndeguide.com\/ru\/wp-json\/wp\/v2\/pages\/33575\/revisions"}],"up":[{"embeddable":true,"href":"https:\/\/www.sotograndeguide.com\/ru\/wp-json\/wp\/v2\/pages\/94"}],"wp:featuredmedia":[{"embeddable":true,"href":"https:\/\/www.sotograndeguide.com\/ru\/wp-json\/wp\/v2\/media\/33577"}],"wp:attachment":[{"href":"https:\/\/www.sotograndeguide.com\/ru\/wp-json\/wp\/v2\/media?parent=33575"}],"curies":[{"name":"wp","href":"https:\/\/api.w.org\/{rel}","templated":true}]}}