{"id":85,"date":"2017-01-30T19:07:29","date_gmt":"2017-01-30T19:07:29","guid":{"rendered":"http:\/\/www.sotograndeguide.com\/?page_id=85"},"modified":"2021-02-15T19:18:41","modified_gmt":"2021-02-15T19:18:41","slug":"plages-de-sotogrande","status":"publish","type":"page","link":"https:\/\/www.sotograndeguide.com\/fr\/sotogrande-beaches\/","title":{"rendered":"Plages de Sotogrande"},"content":{"rendered":"<p>\u00c0 Sotogrande et dans ses environs, vous trouverez de magnifiques plages, notamment <a href=\"https:\/\/www.sotograndeguide.com\/fr\/plages-de-sotogrande\/la-plage-le-club-la-reserva\/\"><em>La plage<\/em> dans le club La Reserva<\/a>L'h\u00f4tel est situ\u00e9 dans le quartier exclusif de La Reserva, \u00e0 proximit\u00e9 d'une plage artificielle et d'un lagon. Certaines sont larges et longues, d'autres plus petites et plus agr\u00e9ables. Que vous cherchiez un endroit pour vous d\u00e9tendre ou pour faire une longue promenade et profiter des vues spectaculaires sur Gibraltar et la mer M\u00e9diterran\u00e9e, il y a une plage pour vous. Les plages les plus proches de Sotogrande sont les suivantes :<\/p>\n<h2>Plage du port de Sotogrande<\/h2>\n<p>La plage du port de Sotogrande est situ\u00e9e \u00e0 c\u00f4t\u00e9 de l'a\u00e9roport de Sotogrande. <a href=\"https:\/\/www.sotograndeguide.com\/fr\/plages-de-sotogrande\/el-octogono\/\">Club de plage Oct\u00f3gono<\/a> au Paseo del Mar. Il y a un certain nombre de restaurants et de bars \u00e0 proximit\u00e9, dont le tr\u00e8s populaire Gigi's Beach bar et restaurant, ainsi que la typique cabane de plage espagnole. <a href=\"https:\/\/www.sotograndeguide.com\/fr\/plages-de-sotogrande\/chiringuito-altamar\/\">Chiringuito Altamar<\/a>.<\/p>\n<p>Longueur : 500 m\u00e8tres<br \/>\nLargeur moyenne : 70 m\u00e8tres<br \/>\nParking : 100 places<\/p>\n<h2>Plage de Torreguadiaro<\/h2>\n<p><img decoding=\"async\" class=\"alignnone size-full wp-image-35270\" src=\"https:\/\/www.sotograndeguide.com\/wp-content\/uploads\/2019\/07\/Torreguadiaro-Beach.jpeg\" alt=\"Plage de Torreguadiaro\" width=\"1180\" height=\"846\" srcset=\"https:\/\/www.sotograndeguide.com\/wp-content\/uploads\/2019\/07\/Torreguadiaro-Beach.jpeg 1180w, https:\/\/www.sotograndeguide.com\/wp-content\/uploads\/2019\/07\/Torreguadiaro-Beach-300x215.jpeg 300w, https:\/\/www.sotograndeguide.com\/wp-content\/uploads\/2019\/07\/Torreguadiaro-Beach-768x551.jpeg 768w, https:\/\/www.sotograndeguide.com\/wp-content\/uploads\/2019\/07\/Torreguadiaro-Beach-1024x734.jpeg 1024w\" sizes=\"(max-width: 1180px) 100vw, 1180px\" \/><\/p>\n<p>La plage de Torreguadiaro (\u00e9galement connue sous le nom de Playa de las Conchas) est l'une des plages les plus fr\u00e9quent\u00e9es de Sotogrande. Elle est constitu\u00e9e de sable fin et de quelques petits cailloux. Elle est situ\u00e9e \u00e0 l'entr\u00e9e du port de Sotogrande et s'\u00e9tend jusqu'\u00e0 Torreguadiaro, o\u00f9 se trouve le port de Sotogrande. <a href=\"https:\/\/www.sotograndeguide.com\/fr\/plages-de-sotogrande\/chambao\/\">Bar de plage Chambao<\/a> ainsi que la <a href=\"https:\/\/www.sotograndeguide.com\/fr\/plages-de-sotogrande\/bahia-limon-chiringochill\/\">Bahia Limon chiringuito<\/a>.<\/p>\n<p>Longueur : 1 300 m\u00e8tres<br \/>\nLargeur moyenne : 60 m\u00e8tres<br \/>\nParking : 300 places<\/p>\n<h2>Plage d'Alcaidesa<\/h2>\n<p>Les plages d'Alcaidesa, de Torrecarbonera et d'Hacienda offrent l'un des environnements les plus naturels et les plus rustiques de Sotogrande et de ses environs. La plage d'Alcaidesa d\u00e9tient le drapeau bleu pour la propret\u00e9 de ses eaux. Une partie de la plage est \u00e9galement une plage nudiste officielle.<\/p>\n<p>Longueur : 840 m\u00e8tres<br \/>\nLargeur moyenne : 70 m\u00e8tres<br \/>\nParking : 100 places<\/p>\n<h2>Plage de Cala Sardina<\/h2>\n<p>La plage de Cala Sardina (\u00e9galement connue sous le nom de Playa El Cabrero ou Cala Taraje) est une plage vierge au sable fin et fonc\u00e9. La plage est assez isol\u00e9e et tr\u00e8s fr\u00e9quent\u00e9e tout au long de l'ann\u00e9e.<\/p>\n<p>Longueur : 900 m\u00e8tres<br \/>\nLargeur moyenne : 60 m\u00e8tres<br \/>\nParking : 100 places<\/p>\n<h2>Plage de Sotogrande<\/h2>\n<p>La plage connue sous le nom de Sotogrande ou Guadaquit\u00f3n et Borondo est situ\u00e9e sur le Paseo del Parque, \u00e0 c\u00f4t\u00e9 du club de tennis. La plage commence \u00e0 la rivi\u00e8re Guadiaro et s'\u00e9tend jusqu'au phare du Faro de Carbonera. C'est la plage id\u00e9ale pour une longue promenade. Vous y trouverez les bars de plage les plus populaires <a href=\"https:\/\/www.sotograndeguide.com\/fr\/restaurants-de-sotogrande\/trocadero\/\">Trocad\u00e9ro<\/a> et <a href=\"https:\/\/www.sotograndeguide.com\/fr\/plages-de-sotogrande\/bunker-beach-club\/\">Plage de Bunker<\/a>.<\/p>\n<p>Longueur : 5450 m\u00e8tres<br \/>\nLargeur moyenne : 70 m\u00e8tres<br \/>\nParking : 100 places<\/p>\n<p><a href=\"https:\/\/www.sotograndeguide.com\/fr\/clubs-de-plage-de-sotogrande\/\">Avant de vous rendre \u00e0 la plage, consultez notre guide des bars et clubs de plage de Sotogrande et des environs.<\/a>.<\/p>","protected":false},"excerpt":{"rendered":"<p>\u00c0 Sotogrande et dans les environs, vous trouverez de magnifiques plages, notamment la plage du club La Reserva, une plage artificielle et un lagon situ\u00e9s dans la communaut\u00e9 ferm\u00e9e exclusive de La Reserva. Certaines sont larges et longues, d'autres plus petites et plus agr\u00e9ables. Que vous cherchiez un endroit pour vous d\u00e9tendre ou pour faire une longue promenade ... <a title=\"Plages de Sotogrande\" class=\"read-more\" href=\"https:\/\/www.sotograndeguide.com\/fr\/sotogrande-beaches\/\" aria-label=\"En savoir plus sur Plages de Sotogrande\">Lire plus<\/a><\/p>","protected":false},"author":1,"featured_media":33164,"parent":0,"menu_order":0,"comment_status":"closed","ping_status":"closed","template":"","meta":{"footnotes":""},"class_list":["post-85","page","type-page","status-publish","has-post-thumbnail"],"yoast_head":"<!-- This site is optimized with the Yoast SEO Premium plugin v20.5 (Yoast SEO v27.4) - https:\/\/yoast.com\/product\/yoast-seo-premium-wordpress\/ -->\n<title>Sotogrande Beaches: The Complete Guide - Sotogrande Guide<\/title>\n<meta name=\"description\" content=\"In and around Sotogrande you will find some wonderful beaches, our guide provides a comprehensive overview of every single beach in the Sotogrande area.\" \/>\n<meta name=\"robots\" content=\"index, follow, max-snippet:-1, max-image-preview:large, max-video-preview:-1\" \/>\n<link rel=\"canonical\" href=\"https:\/\/www.sotograndeguide.com\/fr\/plages-de-sotogrande\/\" \/>\n<meta property=\"og:locale\" content=\"fr_FR\" \/>\n<meta property=\"og:type\" content=\"article\" \/>\n<meta property=\"og:title\" content=\"Sotogrande Beaches\" \/>\n<meta property=\"og:description\" content=\"In and around Sotogrande you will find some wonderful beaches, our guide provides a comprehensive overview of every single beach in the Sotogrande area.\" \/>\n<meta property=\"og:url\" content=\"https:\/\/www.sotograndeguide.com\/fr\/plages-de-sotogrande\/\" \/>\n<meta property=\"og:site_name\" content=\"Sotogrande Guide\" \/>\n<meta property=\"article:publisher\" content=\"https:\/\/www.facebook.com\/sotograndeguide\" \/>\n<meta property=\"article:modified_time\" content=\"2021-02-15T19:18:41+00:00\" \/>\n<meta property=\"og:image\" content=\"https:\/\/www.sotograndeguide.com\/wp-content\/uploads\/2017\/02\/Bunker-Beach-Club-Sotogrande.jpg\" \/>\n\t<meta property=\"og:image:width\" content=\"1766\" \/>\n\t<meta property=\"og:image:height\" content=\"1074\" \/>\n\t<meta property=\"og:image:type\" content=\"image\/jpeg\" \/>\n<meta name=\"twitter:card\" content=\"summary_large_image\" \/>\n<meta name=\"twitter:site\" content=\"@sotograndeguide\" \/>\n<meta name=\"twitter:label1\" content=\"Est. reading time\" \/>\n\t<meta name=\"twitter:data1\" content=\"2 minutes\" \/>\n<!-- \/ Yoast SEO Premium plugin. -->","yoast_head_json":{"title":"Plages de Sotogrande : Le guide complet - Guide de Sotogrande","description":"\u00c0 Sotogrande et dans ses environs, vous trouverez de magnifiques plages. Notre guide fournit un aper\u00e7u complet de toutes les plages de la r\u00e9gion de Sotogrande.","robots":{"index":"index","follow":"follow","max-snippet":"max-snippet:-1","max-image-preview":"max-image-preview:large","max-video-preview":"max-video-preview:-1"},"canonical":"https:\/\/www.sotograndeguide.com\/fr\/plages-de-sotogrande\/","og_locale":"fr_FR","og_type":"article","og_title":"Sotogrande Beaches","og_description":"In and around Sotogrande you will find some wonderful beaches, our guide provides a comprehensive overview of every single beach in the Sotogrande area.","og_url":"https:\/\/www.sotograndeguide.com\/fr\/plages-de-sotogrande\/","og_site_name":"Sotogrande Guide","article_publisher":"https:\/\/www.facebook.com\/sotograndeguide","article_modified_time":"2021-02-15T19:18:41+00:00","og_image":[{"width":1766,"height":1074,"url":"https:\/\/www.sotograndeguide.com\/wp-content\/uploads\/2017\/02\/Bunker-Beach-Club-Sotogrande.jpg","type":"image\/jpeg"}],"twitter_card":"summary_large_image","twitter_site":"@sotograndeguide","twitter_misc":{"Est. reading time":"2 minutes"},"schema":{"@context":"https:\/\/schema.org","@graph":[{"@type":"WebPage","@id":"https:\/\/www.sotograndeguide.com\/sotogrande-beaches\/","url":"https:\/\/www.sotograndeguide.com\/sotogrande-beaches\/","name":"Plages de Sotogrande : Le guide complet - Guide de Sotogrande","isPartOf":{"@id":"https:\/\/www.sotograndeguide.com\/#website"},"primaryImageOfPage":{"@id":"https:\/\/www.sotograndeguide.com\/sotogrande-beaches\/#primaryimage"},"image":{"@id":"https:\/\/www.sotograndeguide.com\/sotogrande-beaches\/#primaryimage"},"thumbnailUrl":"https:\/\/www.sotograndeguide.com\/wp-content\/uploads\/2017\/02\/Bunker-Beach-Club-Sotogrande.jpg","datePublished":"2017-01-30T19:07:29+00:00","dateModified":"2021-02-15T19:18:41+00:00","description":"\u00c0 Sotogrande et dans ses environs, vous trouverez de magnifiques plages. Notre guide fournit un aper\u00e7u complet de toutes les plages de la r\u00e9gion de Sotogrande.","breadcrumb":{"@id":"https:\/\/www.sotograndeguide.com\/sotogrande-beaches\/#breadcrumb"},"inLanguage":"fr-FR","potentialAction":[{"@type":"ReadAction","target":["https:\/\/www.sotograndeguide.com\/sotogrande-beaches\/"]}]},{"@type":"ImageObject","inLanguage":"fr-FR","@id":"https:\/\/www.sotograndeguide.com\/sotogrande-beaches\/#primaryimage","url":"https:\/\/www.sotograndeguide.com\/wp-content\/uploads\/2017\/02\/Bunker-Beach-Club-Sotogrande.jpg","contentUrl":"https:\/\/www.sotograndeguide.com\/wp-content\/uploads\/2017\/02\/Bunker-Beach-Club-Sotogrande.jpg","width":1766,"height":1074,"caption":"Bunker Beach Club Sotogrande"},{"@type":"BreadcrumbList","@id":"https:\/\/www.sotograndeguide.com\/sotogrande-beaches\/#breadcrumb","itemListElement":[{"@type":"ListItem","position":1,"name":"Home","item":"https:\/\/www.sotograndeguide.com\/"},{"@type":"ListItem","position":2,"name":"Sotogrande Beaches"}]},{"@type":"WebSite","@id":"https:\/\/www.sotograndeguide.com\/#website","url":"https:\/\/www.sotograndeguide.com\/","name":"Guide de Sotogrande","description":"Nouvelles, conseils, \u00e9v\u00e9nements et critiques","publisher":{"@id":"https:\/\/www.sotograndeguide.com\/#organization"},"potentialAction":[{"@type":"SearchAction","target":{"@type":"EntryPoint","urlTemplate":"https:\/\/www.sotograndeguide.com\/?s={search_term_string}"},"query-input":{"@type":"PropertyValueSpecification","valueRequired":true,"valueName":"search_term_string"}}],"inLanguage":"fr-FR"},{"@type":"Organization","@id":"https:\/\/www.sotograndeguide.com\/#organization","name":"Guide de Sotogrande","url":"https:\/\/www.sotograndeguide.com\/","logo":{"@type":"ImageObject","inLanguage":"fr-FR","@id":"https:\/\/www.sotograndeguide.com\/#\/schema\/logo\/image\/","url":"https:\/\/www.sotograndeguide.com\/wp-content\/uploads\/2017\/03\/Sotogrande-Logo-GUIDE.png","contentUrl":"https:\/\/www.sotograndeguide.com\/wp-content\/uploads\/2017\/03\/Sotogrande-Logo-GUIDE.png","width":300,"height":300,"caption":"Sotogrande Guide"},"image":{"@id":"https:\/\/www.sotograndeguide.com\/#\/schema\/logo\/image\/"},"sameAs":["https:\/\/www.facebook.com\/sotograndeguide","https:\/\/x.com\/sotograndeguide","https:\/\/www.tiktok.com\/@sotograndeguide","https:\/\/www.youtube.com\/@SotograndeGuide"]}]}},"jetpack_sharing_enabled":true,"_links":{"self":[{"href":"https:\/\/www.sotograndeguide.com\/fr\/wp-json\/wp\/v2\/pages\/85","targetHints":{"allow":["GET"]}}],"collection":[{"href":"https:\/\/www.sotograndeguide.com\/fr\/wp-json\/wp\/v2\/pages"}],"about":[{"href":"https:\/\/www.sotograndeguide.com\/fr\/wp-json\/wp\/v2\/types\/page"}],"author":[{"embeddable":true,"href":"https:\/\/www.sotograndeguide.com\/fr\/wp-json\/wp\/v2\/users\/1"}],"replies":[{"embeddable":true,"href":"https:\/\/www.sotograndeguide.com\/fr\/wp-json\/wp\/v2\/comments?post=85"}],"version-history":[{"count":0,"href":"https:\/\/www.sotograndeguide.com\/fr\/wp-json\/wp\/v2\/pages\/85\/revisions"}],"wp:featuredmedia":[{"embeddable":true,"href":"https:\/\/www.sotograndeguide.com\/fr\/wp-json\/wp\/v2\/media\/33164"}],"wp:attachment":[{"href":"https:\/\/www.sotograndeguide.com\/fr\/wp-json\/wp\/v2\/media?parent=85"}],"curies":[{"name":"wp","href":"https:\/\/api.w.org\/{rel}","templated":true}]}}