{"id":75,"date":"2017-01-30T19:04:25","date_gmt":"2017-01-30T19:04:25","guid":{"rendered":"http:\/\/www.sotograndeguide.com\/?page_id=75"},"modified":"2019-04-20T20:39:12","modified_gmt":"2019-04-20T20:39:12","slug":"sotogrande-shopping","status":"publish","type":"page","link":"https:\/\/www.sotograndeguide.com\/fr\/sotogrande-shopping\/","title":{"rendered":"Sotogrande Shopping"},"content":{"rendered":"<p>Le shopping \u00e0 Sotogrande est tr\u00e8s vari\u00e9. Il y a de nombreux magasins dans et autour de Sotogrande. Il existe \u00e9galement plusieurs zones commerciales et centres commerciaux importants. Qu'il s'agisse de l'\u00e9picerie quotidienne ou de la mode, des articles m\u00e9nagers ou de l'outillage sp\u00e9cialis\u00e9, d'innombrables magasins proposent tout ce qu'il faut.<\/p>\n<h2>Sotogrande Shop Directory<\/h2>\n<div class=\"pt-cv-wrapper\"><div class=\"pt-cv-view pt-cv-grid pt-cv-colsys\" id=\"pt-cv-view-bc433f2e89\"><div data-id=\"pt-cv-page-1\" class=\"pt-cv-page\" data-cvc=\"2\"><div class=\"col-md-6 col-sm-6 col-xs-12 pt-cv-content-item pt-cv-1-col\"  data-pid=\"34545\"><div class='pt-cv-ifield'><a href=\"https:\/\/www.sotograndeguide.com\/fr\/sotogrande-shopping\/calma-natural-food-beer-shop\/\" class=\"_self pt-cv-href-thumbnail pt-cv-thumb-default cvplbd\" target=\"_self\" ><img decoding=\"async\" width=\"300\" height=\"200\" src=\"https:\/\/www.sotograndeguide.com\/wp-content\/uploads\/2018\/06\/Calma-Natural-Food-Beer-Shop-Pueblo-Nuevo-de-Guadiaro-300x200.jpg\" class=\"pt-cv-thumbnail\" alt=\"Boutique Calma Natural Food &amp; Beer\" srcset=\"https:\/\/www.sotograndeguide.com\/wp-content\/uploads\/2018\/06\/Calma-Natural-Food-Beer-Shop-Pueblo-Nuevo-de-Guadiaro-300x200.jpg 300w, https:\/\/www.sotograndeguide.com\/wp-content\/uploads\/2018\/06\/Calma-Natural-Food-Beer-Shop-Pueblo-Nuevo-de-Guadiaro-768x512.jpg 768w, https:\/\/www.sotograndeguide.com\/wp-content\/uploads\/2018\/06\/Calma-Natural-Food-Beer-Shop-Pueblo-Nuevo-de-Guadiaro.jpg 960w\" sizes=\"(max-width: 300px) 100vw, 300px\" \/><\/a>\n<h4 class=\"pt-cv-title\"><a href=\"https:\/\/www.sotograndeguide.com\/fr\/sotogrande-shopping\/calma-natural-food-beer-shop\/\" class=\"_self cvplbd\" target=\"_self\" >Boutique Calma Natural Food &amp; Beer<\/a><\/h4><\/div><\/div><\/div><\/div><\/div>\t\t\t<style type=\"text\/css\" id=\"pt-cv-inline-style-fbde9fak5j\">#pt-cv-view-bc433f2e89 .pt-cv-title a, #pt-cv-view-bc433f2e89  .panel-title { font-weight: 600 !important; }\n#pt-cv-view-bc433f2e89 .pt-cv-readmore  { color: #ffffff !important; background-color: #00aeef !important; }\n#pt-cv-view-bc433f2e89 .pt-cv-readmore:hover  { color: #ffffff !important; background-color: #00aeef !important; }<\/style>\r\n\t\t\t\n<h3>Shopping dans la ville bleue de Sotogrande<\/h3>\n<p>Blue Sotogrande est une destination commerciale pi\u00e9tonne situ\u00e9e dans le port de plaisance de Sotogrande. En 2016 et 2017, il a vu l'ouverture d'un nombre vari\u00e9 de nouveaux commerces, notamment des galeries d'art, des boutiques, des bars et des restaurants.<\/p>\n<h3>March\u00e9 dominical de Sotogrande<\/h3>\n<p>Chaque dimanche, tout au long de l'ann\u00e9e, un march\u00e9 est organis\u00e9 dans la zone commerciale Blue Sotogrande de Ribera del Marlin, dans la marina de Sotogrande. Ce march\u00e9 est donc g\u00e9n\u00e9ralement tr\u00e8s fr\u00e9quent\u00e9 et c'est le moment id\u00e9al pour s'y rendre si vous aimez l'ambiance.<\/p>\n<h3>March\u00e9 d'\u00e9t\u00e9 de Sotogrande<\/h3>\n<p>Pendant les mois de juillet et d'ao\u00fbt, le Blue Sotogrande accueille le march\u00e9 \"El Mercado de Levante\", qui attire des milliers de touristes et de r\u00e9sidents.<\/p>\n<p><iframe title=\"Le March\u00e9 de Levante \u00e0 la Marina de Sotogrande\" width=\"1200\" height=\"675\" src=\"https:\/\/www.youtube.com\/embed\/RsF2YGYl4fs?feature=oembed\" frameborder=\"0\" allow=\"accelerometer; autoplay; clipboard-write; encrypted-media; gyroscope; picture-in-picture\" allowfullscreen><\/iframe><\/p>\n<h3>Magasins Galerias Paniagua<\/h3>\n<p>Le complexe commercial Galerias Paniagua est situ\u00e9 \u00e0 l'entr\u00e9e de Sotogrande Costa et abrite une vari\u00e9t\u00e9 d'agents immobiliers, ainsi que des restaurants et des boutiques.<\/p>\n<h3>Centre commercial Sotomarket<\/h3>\n<p>Sotomarket est situ\u00e9 sur la route de service A-7 en direction de Marbella. En 2016 et 2017, il a \u00e9galement attir\u00e9 plusieurs nouvelles entreprises, notamment des architectes, des avocats, des agents immobiliers et des magasins de d\u00e9tail. Sotomarket accueille \u00e9galement le supermarch\u00e9 Supercor et l'agence de voyage El Corte Ingles.<\/p>\n<h3>Centre commercial de Sotovila<\/h3>\n<p>Il y a plusieurs d\u00e9veloppements commerciaux Sotovila dans et autour de Sotogrande. On y trouve notamment le concessionnaire Mercedes, des coiffeurs, des magasins, des restaurants, le Vanity Gym, des bureaux, des agents immobiliers et des sup\u00e9rettes.<\/p>\n<h3>P\u00f4le commercial Mar y Sol<\/h3>\n<p>Le Centro Comercial Mar y Sol est situ\u00e9 \u00e0 la sortie 130 de l'autoroute A-7. Les activit\u00e9s comprennent un magasin de golf, des agents immobiliers, un restaurant, un centre de Pilates et le si\u00e8ge de la communaut\u00e9 de Sotogrande.<\/p>\n<h2>Supermarch\u00e9s \u00e0 Sotogrande<\/h2>\n<p>Les trois principaux supermarch\u00e9s de Sotogrande sont Supercor, Mercadona et LIDL. \u00c0 Pueblo Nuevo, vous trouverez le Bazar, une sup\u00e9rette chinoise, le supermarch\u00e9 Ruiz Galan et le supermarch\u00e9 Iceland (Overseas). \u00c0 proximit\u00e9, \u00e0 San Roque Club, il y a \u00e9galement un supermarch\u00e9 Coviran. Le centre commercial El Corte Ingles de Marbella est \u00e0 30 minutes et celui d'Algeciras \u00e0 20 minutes de route.<\/p>\n<p><a href=\"https:\/\/www.sotograndeguide.com\/fr\/contact\/\" target=\"_blank\" rel=\"noopener noreferrer\">Contactez-nous pour faire figurer votre boutique dans l'annuaire local num\u00e9ro un Sotogrande Guide<\/a>.<\/p>","protected":false},"excerpt":{"rendered":"<p>Le shopping \u00e0 Sotogrande est tr\u00e8s vari\u00e9. Il y a de nombreux magasins dans et autour de Sotogrande. Il existe \u00e9galement plusieurs zones commerciales et centres commerciaux importants. Qu'il s'agisse de l'\u00e9picerie quotidienne ou de la mode, des articles m\u00e9nagers ou de l'outillage sp\u00e9cialis\u00e9, il existe d'innombrables magasins qui offrent tout ce qu'il faut. Sotogrande Shop Directory Shopping in Blue Sotogrande Blue ... <a title=\"Sotogrande Shopping\" class=\"read-more\" href=\"https:\/\/www.sotograndeguide.com\/fr\/sotogrande-shopping\/\" aria-label=\"En savoir plus sur Sotogrande Shopping\">Lire plus<\/a><\/p>","protected":false},"author":1,"featured_media":34519,"parent":0,"menu_order":0,"comment_status":"closed","ping_status":"closed","template":"","meta":{"footnotes":""},"class_list":["post-75","page","type-page","status-publish","has-post-thumbnail"],"yoast_head":"<!-- This site is optimized with the Yoast SEO Premium plugin v20.5 (Yoast SEO v27.4) - https:\/\/yoast.com\/product\/yoast-seo-premium-wordpress\/ -->\n<title>Sotogrande Shopping \u00b7 Directory of Shops - Sotogrande Guide<\/title>\n<meta name=\"description\" content=\"The ultimate Sotogrande shopping guide, including a directory of boutiques, shops and shopping malls in and around Sotogrande.\" \/>\n<meta name=\"robots\" content=\"index, follow, max-snippet:-1, max-image-preview:large, max-video-preview:-1\" \/>\n<link rel=\"canonical\" href=\"https:\/\/www.sotograndeguide.com\/fr\/sotogrande-shopping\/\" \/>\n<meta property=\"og:locale\" content=\"fr_FR\" \/>\n<meta property=\"og:type\" content=\"article\" \/>\n<meta property=\"og:title\" content=\"Sotogrande Shopping\" \/>\n<meta property=\"og:description\" content=\"The ultimate Sotogrande shopping guide, including a directory of boutiques, shops and shopping malls in and around Sotogrande.\" \/>\n<meta property=\"og:url\" content=\"https:\/\/www.sotograndeguide.com\/fr\/sotogrande-shopping\/\" \/>\n<meta property=\"og:site_name\" content=\"Sotogrande Guide\" \/>\n<meta property=\"article:publisher\" content=\"https:\/\/www.facebook.com\/sotograndeguide\" \/>\n<meta property=\"article:modified_time\" content=\"2019-04-20T20:39:12+00:00\" \/>\n<meta property=\"og:image\" content=\"https:\/\/www.sotograndeguide.com\/wp-content\/uploads\/2018\/05\/Sotogrande-Shopping.jpg\" \/>\n\t<meta property=\"og:image:width\" content=\"1851\" \/>\n\t<meta property=\"og:image:height\" content=\"1200\" \/>\n\t<meta property=\"og:image:type\" content=\"image\/jpeg\" \/>\n<meta name=\"twitter:card\" content=\"summary_large_image\" \/>\n<meta name=\"twitter:site\" content=\"@sotograndeguide\" \/>\n<meta name=\"twitter:label1\" content=\"Est. reading time\" \/>\n\t<meta name=\"twitter:data1\" content=\"2 minutes\" \/>\n<!-- \/ Yoast SEO Premium plugin. -->","yoast_head_json":{"title":"Sotogrande Shopping - Annuaire des commerces - Guide de Sotogrande","description":"Le guide ultime du shopping \u00e0 Sotogrande, comprenant un annuaire des boutiques, magasins et centres commerciaux \u00e0 Sotogrande et dans les environs.","robots":{"index":"index","follow":"follow","max-snippet":"max-snippet:-1","max-image-preview":"max-image-preview:large","max-video-preview":"max-video-preview:-1"},"canonical":"https:\/\/www.sotograndeguide.com\/fr\/sotogrande-shopping\/","og_locale":"fr_FR","og_type":"article","og_title":"Sotogrande Shopping","og_description":"The ultimate Sotogrande shopping guide, including a directory of boutiques, shops and shopping malls in and around Sotogrande.","og_url":"https:\/\/www.sotograndeguide.com\/fr\/sotogrande-shopping\/","og_site_name":"Sotogrande Guide","article_publisher":"https:\/\/www.facebook.com\/sotograndeguide","article_modified_time":"2019-04-20T20:39:12+00:00","og_image":[{"width":1851,"height":1200,"url":"https:\/\/www.sotograndeguide.com\/wp-content\/uploads\/2018\/05\/Sotogrande-Shopping.jpg","type":"image\/jpeg"}],"twitter_card":"summary_large_image","twitter_site":"@sotograndeguide","twitter_misc":{"Est. reading time":"2 minutes"},"schema":{"@context":"https:\/\/schema.org","@graph":[{"@type":"WebPage","@id":"https:\/\/www.sotograndeguide.com\/sotogrande-shopping\/","url":"https:\/\/www.sotograndeguide.com\/sotogrande-shopping\/","name":"Sotogrande Shopping - Annuaire des commerces - Guide de Sotogrande","isPartOf":{"@id":"https:\/\/www.sotograndeguide.com\/#website"},"primaryImageOfPage":{"@id":"https:\/\/www.sotograndeguide.com\/sotogrande-shopping\/#primaryimage"},"image":{"@id":"https:\/\/www.sotograndeguide.com\/sotogrande-shopping\/#primaryimage"},"thumbnailUrl":"https:\/\/www.sotograndeguide.com\/wp-content\/uploads\/2018\/05\/Sotogrande-Shopping.jpg","datePublished":"2017-01-30T19:04:25+00:00","dateModified":"2019-04-20T20:39:12+00:00","description":"Le guide ultime du shopping \u00e0 Sotogrande, comprenant un annuaire des boutiques, magasins et centres commerciaux \u00e0 Sotogrande et dans les environs.","breadcrumb":{"@id":"https:\/\/www.sotograndeguide.com\/sotogrande-shopping\/#breadcrumb"},"inLanguage":"fr-FR","potentialAction":[{"@type":"ReadAction","target":["https:\/\/www.sotograndeguide.com\/sotogrande-shopping\/"]}]},{"@type":"ImageObject","inLanguage":"fr-FR","@id":"https:\/\/www.sotograndeguide.com\/sotogrande-shopping\/#primaryimage","url":"https:\/\/www.sotograndeguide.com\/wp-content\/uploads\/2018\/05\/Sotogrande-Shopping.jpg","contentUrl":"https:\/\/www.sotograndeguide.com\/wp-content\/uploads\/2018\/05\/Sotogrande-Shopping.jpg","width":1851,"height":1200,"caption":"Sotogrande Shopping"},{"@type":"BreadcrumbList","@id":"https:\/\/www.sotograndeguide.com\/sotogrande-shopping\/#breadcrumb","itemListElement":[{"@type":"ListItem","position":1,"name":"Home","item":"https:\/\/www.sotograndeguide.com\/"},{"@type":"ListItem","position":2,"name":"Sotogrande Shopping"}]},{"@type":"WebSite","@id":"https:\/\/www.sotograndeguide.com\/#website","url":"https:\/\/www.sotograndeguide.com\/","name":"Guide de Sotogrande","description":"Nouvelles, conseils, \u00e9v\u00e9nements et critiques","publisher":{"@id":"https:\/\/www.sotograndeguide.com\/#organization"},"potentialAction":[{"@type":"SearchAction","target":{"@type":"EntryPoint","urlTemplate":"https:\/\/www.sotograndeguide.com\/?s={search_term_string}"},"query-input":{"@type":"PropertyValueSpecification","valueRequired":true,"valueName":"search_term_string"}}],"inLanguage":"fr-FR"},{"@type":"Organization","@id":"https:\/\/www.sotograndeguide.com\/#organization","name":"Guide de Sotogrande","url":"https:\/\/www.sotograndeguide.com\/","logo":{"@type":"ImageObject","inLanguage":"fr-FR","@id":"https:\/\/www.sotograndeguide.com\/#\/schema\/logo\/image\/","url":"https:\/\/www.sotograndeguide.com\/wp-content\/uploads\/2017\/03\/Sotogrande-Logo-GUIDE.png","contentUrl":"https:\/\/www.sotograndeguide.com\/wp-content\/uploads\/2017\/03\/Sotogrande-Logo-GUIDE.png","width":300,"height":300,"caption":"Sotogrande Guide"},"image":{"@id":"https:\/\/www.sotograndeguide.com\/#\/schema\/logo\/image\/"},"sameAs":["https:\/\/www.facebook.com\/sotograndeguide","https:\/\/x.com\/sotograndeguide","https:\/\/www.tiktok.com\/@sotograndeguide","https:\/\/www.youtube.com\/@SotograndeGuide"]}]}},"jetpack_sharing_enabled":true,"_links":{"self":[{"href":"https:\/\/www.sotograndeguide.com\/fr\/wp-json\/wp\/v2\/pages\/75","targetHints":{"allow":["GET"]}}],"collection":[{"href":"https:\/\/www.sotograndeguide.com\/fr\/wp-json\/wp\/v2\/pages"}],"about":[{"href":"https:\/\/www.sotograndeguide.com\/fr\/wp-json\/wp\/v2\/types\/page"}],"author":[{"embeddable":true,"href":"https:\/\/www.sotograndeguide.com\/fr\/wp-json\/wp\/v2\/users\/1"}],"replies":[{"embeddable":true,"href":"https:\/\/www.sotograndeguide.com\/fr\/wp-json\/wp\/v2\/comments?post=75"}],"version-history":[{"count":0,"href":"https:\/\/www.sotograndeguide.com\/fr\/wp-json\/wp\/v2\/pages\/75\/revisions"}],"wp:featuredmedia":[{"embeddable":true,"href":"https:\/\/www.sotograndeguide.com\/fr\/wp-json\/wp\/v2\/media\/34519"}],"wp:attachment":[{"href":"https:\/\/www.sotograndeguide.com\/fr\/wp-json\/wp\/v2\/media?parent=75"}],"curies":[{"name":"wp","href":"https:\/\/api.w.org\/{rel}","templated":true}]}}