{"id":72,"date":"2017-01-30T19:03:07","date_gmt":"2017-01-30T19:03:07","guid":{"rendered":"http:\/\/www.sotograndeguide.com\/?page_id=72"},"modified":"2023-05-26T06:44:17","modified_gmt":"2023-05-26T06:44:17","slug":"agents-immobiliers-de-sotogrande","status":"publish","type":"page","link":"https:\/\/www.sotograndeguide.com\/fr\/sotogrande-estate-agents\/","title":{"rendered":"Agents immobiliers de Sotogrande"},"content":{"rendered":"<p>Si vous cherchez \u00e0 acheter une propri\u00e9t\u00e9 \u00e0 Sotogrande ou dans ses environs, vous pouvez choisir parmi les \u00e9tablissements suivants <strong>agents immobiliers<\/strong>:<\/p>\n<p><strong>Ondomus Sotogrande<\/strong><br \/>\nAdresse : Centro Comercial Sotomarket, Local 5, 11310 Sotogrande, C\u00e1diz<br \/>\nT\u00e9l\u00e9phone : <a href=\"tel:+34956785050\">956785050<\/a><\/p>\n<p><strong>Ayling Sotogrande<\/strong><br \/>\nAdresse : Puerto Deportivo Sotogrande, Plaza de las Palmeras, Edificio D, Sotogrande<br \/>\nT\u00e9l\u00e9phone : <a href=\"tel:+34956790317\">956790317<\/a><\/p>\n<p><strong>Domaine de Teseo<\/strong><br \/>\nAdresse : Centre commercial Mar y Sol 28, 11310 San Roque<br \/>\nT\u00e9l\u00e9phone : <a href=\"tel:+34956796626\">956796626<\/a><\/p>\n<p><strong>Holmes Sotogrande<\/strong><br \/>\nAdresse : Av. de Paniagua, s\/n, 11310 San Roque : Av. de Paniagua, s\/n, 11310 San Roque<br \/>\nT\u00e9l\u00e9phone : <a href=\"tel:+3495695340\">95695340<\/a><\/p>\n<p><strong>Ma\u00eetre de terre<\/strong><br \/>\nAdresse : Galerias Paniagua local, 8-10, 11310 Sotogrande<br \/>\nT\u00e9l\u00e9phone : <a href=\"tel:+34956695400\">956695400<\/a><\/p>\n<p><strong>Schellhammer Estates<\/strong><br \/>\nAdresse : Calle Sierra Bermeja, S\/N, Pueblo Nuevo de Guadiaro<br \/>\nT\u00e9l\u00e9phone : <a href=\"tel:+34678346061\">678346061<\/a><\/p>\n<p><strong>Soto Estates<\/strong><br \/>\nAdresse : Paseo del Mar, s\/n, 11310 Sotogrande : Paseo del Mar, s\/n, 11310 Sotogrande<br \/>\nT\u00e9l\u00e9phone : <a href=\"tel:+34956615351\">956615351<\/a><\/p>\n<p><strong>Noll &amp; Partners, Sotogrande Real Estate<\/strong><br \/>\nAdresse : Galer\u00edas Paniagua, Av. de Paniagua, 43, 11310 Sotogrande<br \/>\nT\u00e9l\u00e9phone : <a href=\"tel:+34607911661\">607911661<\/a><\/p>\n<p><strong>John Medina<\/strong><br \/>\nAdresse : Plaza de los Naranjos, Local B-15, Puerto Deportivo, 11310 Sotogrande<br \/>\nT\u00e9l\u00e9phone : <a href=\"tel:+34956790370\">956790370<\/a><\/p>\n<p><strong>Fronti\u00e8res ouvertes<\/strong><br \/>\nAdresse : Sotogrande Blue local 41B, 11310 Sotogrande San Roque, Cadix<br \/>\nT\u00e9l\u00e9phone : <a href=\"tel:+34696078461\">696078461<\/a><\/p>\n<p><strong>Noll &amp; Partners<\/strong><br \/>\nAdresse : Calle Paniagua Local 43, Sotogrande, 11310 San Roque<br \/>\nT\u00e9l\u00e9phone : <a href=\"tel:+34956794197\">956794197<\/a><\/p>\n<p><strong>Engel &amp; V\u00f6lkers<\/strong><br \/>\nAdresse : Puerto de Sotogrande, Edificio D, Local 5, 11310 San Roque<br \/>\nT\u00e9l\u00e9phone : <a href=\"tel:+34956100325\">956100325<\/a><\/p>\n<p><strong>Sotobeach<\/strong><br \/>\nAdresse : Centro Comercial Sotomarket, Local 29B, 11310, Sotogrande<br \/>\nT\u00e9l\u00e9phone : <a href=\"tel:+34956695281\">956695281<\/a><\/p>\n<p><strong>Kristina Szekely<\/strong><br \/>\nAdresse : Plaza del Agua, Ed. D local 1-2, Sotogrande Port, 11310 San Roque<br \/>\nT\u00e9l\u00e9phone : <a href=\"tel:+34956790490\">956790490<\/a><\/p>","protected":false},"excerpt":{"rendered":"<p>Si vous cherchez \u00e0 acheter une propri\u00e9t\u00e9 \u00e0 Sotogrande ou dans ses environs, vous pouvez choisir parmi les agences immobili\u00e8res \u00e9tablies suivantes : Ondomus Sotogrande Adresse : Centro Comercial Sotomarket, Local 5, 11310 Sotogrande, C\u00e1diz T\u00e9l\u00e9phone : 956785050 Ayling Sotogrande Adresse : Puerto Deportivo Sotogrande, Plaza de las Palmeras, Edificio D, Sotogrande T\u00e9l\u00e9phone : 956790317 Teseo Estate Adresse : Centro Commercial ... <a title=\"Agents immobiliers de Sotogrande\" class=\"read-more\" href=\"https:\/\/www.sotograndeguide.com\/fr\/sotogrande-estate-agents\/\" aria-label=\"En savoir plus sur Sotogrande Estate Agents\">Lire plus<\/a><\/p>","protected":false},"author":1,"featured_media":34518,"parent":0,"menu_order":0,"comment_status":"closed","ping_status":"closed","template":"","meta":{"footnotes":""},"class_list":["post-72","page","type-page","status-publish","has-post-thumbnail"],"yoast_head":"<!-- This site is optimized with the Yoast SEO Premium plugin v20.5 (Yoast SEO v27.3) - https:\/\/yoast.com\/product\/yoast-seo-premium-wordpress\/ -->\n<title>Sotogrande Estate Agents<\/title>\n<meta name=\"description\" content=\"The comprehensive guide to all Sotogrande Estate Agents. If you are looking for a real estate agent or property expert in Sotogrande, we list them all.\" \/>\n<meta name=\"robots\" content=\"index, follow, max-snippet:-1, max-image-preview:large, max-video-preview:-1\" \/>\n<link rel=\"canonical\" href=\"https:\/\/www.sotograndeguide.com\/fr\/agents-immobiliers-de-sotogrande\/\" \/>\n<meta property=\"og:locale\" content=\"fr_FR\" \/>\n<meta property=\"og:type\" content=\"article\" \/>\n<meta property=\"og:title\" content=\"Sotogrande Estate Agents\" \/>\n<meta property=\"og:description\" content=\"The comprehensive guide to all Sotogrande Estate Agents. If you are looking for a real estate agent or property expert in Sotogrande, we list them all.\" \/>\n<meta property=\"og:url\" content=\"https:\/\/www.sotograndeguide.com\/fr\/agents-immobiliers-de-sotogrande\/\" \/>\n<meta property=\"og:site_name\" content=\"Sotogrande Guide\" \/>\n<meta property=\"article:publisher\" content=\"https:\/\/www.facebook.com\/sotograndeguide\" \/>\n<meta property=\"article:modified_time\" content=\"2023-05-26T06:44:17+00:00\" \/>\n<meta property=\"og:image\" content=\"https:\/\/www.sotograndeguide.com\/wp-content\/uploads\/2018\/05\/Sotogrande-Estate-Agents.jpg\" \/>\n\t<meta property=\"og:image:width\" content=\"1769\" \/>\n\t<meta property=\"og:image:height\" content=\"1200\" \/>\n\t<meta property=\"og:image:type\" content=\"image\/jpeg\" \/>\n<meta name=\"twitter:card\" content=\"summary_large_image\" \/>\n<meta name=\"twitter:site\" content=\"@sotograndeguide\" \/>\n<meta name=\"twitter:label1\" content=\"Est. reading time\" \/>\n\t<meta name=\"twitter:data1\" content=\"1 minute\" \/>\n<!-- \/ Yoast SEO Premium plugin. -->","yoast_head_json":{"title":"Agents immobiliers de Sotogrande","description":"Le guide complet de toutes les agences immobili\u00e8res de Sotogrande. Si vous \u00eates \u00e0 la recherche d'un agent immobilier ou d'un expert en immobilier \u00e0 Sotogrande, nous les r\u00e9pertorions tous.","robots":{"index":"index","follow":"follow","max-snippet":"max-snippet:-1","max-image-preview":"max-image-preview:large","max-video-preview":"max-video-preview:-1"},"canonical":"https:\/\/www.sotograndeguide.com\/fr\/agents-immobiliers-de-sotogrande\/","og_locale":"fr_FR","og_type":"article","og_title":"Sotogrande Estate Agents","og_description":"The comprehensive guide to all Sotogrande Estate Agents. If you are looking for a real estate agent or property expert in Sotogrande, we list them all.","og_url":"https:\/\/www.sotograndeguide.com\/fr\/agents-immobiliers-de-sotogrande\/","og_site_name":"Sotogrande Guide","article_publisher":"https:\/\/www.facebook.com\/sotograndeguide","article_modified_time":"2023-05-26T06:44:17+00:00","og_image":[{"width":1769,"height":1200,"url":"https:\/\/www.sotograndeguide.com\/wp-content\/uploads\/2018\/05\/Sotogrande-Estate-Agents.jpg","type":"image\/jpeg"}],"twitter_card":"summary_large_image","twitter_site":"@sotograndeguide","twitter_misc":{"Est. reading time":"1 minute"},"schema":{"@context":"https:\/\/schema.org","@graph":[{"@type":"WebPage","@id":"https:\/\/www.sotograndeguide.com\/sotogrande-estate-agents\/","url":"https:\/\/www.sotograndeguide.com\/sotogrande-estate-agents\/","name":"Agents immobiliers de Sotogrande","isPartOf":{"@id":"https:\/\/www.sotograndeguide.com\/#website"},"primaryImageOfPage":{"@id":"https:\/\/www.sotograndeguide.com\/sotogrande-estate-agents\/#primaryimage"},"image":{"@id":"https:\/\/www.sotograndeguide.com\/sotogrande-estate-agents\/#primaryimage"},"thumbnailUrl":"https:\/\/www.sotograndeguide.com\/wp-content\/uploads\/2018\/05\/Sotogrande-Estate-Agents.jpg","datePublished":"2017-01-30T19:03:07+00:00","dateModified":"2023-05-26T06:44:17+00:00","description":"Le guide complet de toutes les agences immobili\u00e8res de Sotogrande. Si vous \u00eates \u00e0 la recherche d'un agent immobilier ou d'un expert en immobilier \u00e0 Sotogrande, nous les r\u00e9pertorions tous.","breadcrumb":{"@id":"https:\/\/www.sotograndeguide.com\/sotogrande-estate-agents\/#breadcrumb"},"inLanguage":"fr-FR","potentialAction":[{"@type":"ReadAction","target":["https:\/\/www.sotograndeguide.com\/sotogrande-estate-agents\/"]}]},{"@type":"ImageObject","inLanguage":"fr-FR","@id":"https:\/\/www.sotograndeguide.com\/sotogrande-estate-agents\/#primaryimage","url":"https:\/\/www.sotograndeguide.com\/wp-content\/uploads\/2018\/05\/Sotogrande-Estate-Agents.jpg","contentUrl":"https:\/\/www.sotograndeguide.com\/wp-content\/uploads\/2018\/05\/Sotogrande-Estate-Agents.jpg","width":1769,"height":1200,"caption":"Sotogrande Estate Agents"},{"@type":"BreadcrumbList","@id":"https:\/\/www.sotograndeguide.com\/sotogrande-estate-agents\/#breadcrumb","itemListElement":[{"@type":"ListItem","position":1,"name":"Home","item":"https:\/\/www.sotograndeguide.com\/"},{"@type":"ListItem","position":2,"name":"Sotogrande Estate Agents"}]},{"@type":"WebSite","@id":"https:\/\/www.sotograndeguide.com\/#website","url":"https:\/\/www.sotograndeguide.com\/","name":"Guide de Sotogrande","description":"Nouvelles, conseils, \u00e9v\u00e9nements et critiques","publisher":{"@id":"https:\/\/www.sotograndeguide.com\/#organization"},"potentialAction":[{"@type":"SearchAction","target":{"@type":"EntryPoint","urlTemplate":"https:\/\/www.sotograndeguide.com\/?s={search_term_string}"},"query-input":{"@type":"PropertyValueSpecification","valueRequired":true,"valueName":"search_term_string"}}],"inLanguage":"fr-FR"},{"@type":"Organization","@id":"https:\/\/www.sotograndeguide.com\/#organization","name":"Guide de Sotogrande","url":"https:\/\/www.sotograndeguide.com\/","logo":{"@type":"ImageObject","inLanguage":"fr-FR","@id":"https:\/\/www.sotograndeguide.com\/#\/schema\/logo\/image\/","url":"https:\/\/www.sotograndeguide.com\/wp-content\/uploads\/2017\/03\/Sotogrande-Logo-GUIDE.png","contentUrl":"https:\/\/www.sotograndeguide.com\/wp-content\/uploads\/2017\/03\/Sotogrande-Logo-GUIDE.png","width":300,"height":300,"caption":"Sotogrande Guide"},"image":{"@id":"https:\/\/www.sotograndeguide.com\/#\/schema\/logo\/image\/"},"sameAs":["https:\/\/www.facebook.com\/sotograndeguide","https:\/\/x.com\/sotograndeguide","https:\/\/www.tiktok.com\/@sotograndeguide","https:\/\/www.youtube.com\/@SotograndeGuide"]}]}},"jetpack_sharing_enabled":true,"_links":{"self":[{"href":"https:\/\/www.sotograndeguide.com\/fr\/wp-json\/wp\/v2\/pages\/72","targetHints":{"allow":["GET"]}}],"collection":[{"href":"https:\/\/www.sotograndeguide.com\/fr\/wp-json\/wp\/v2\/pages"}],"about":[{"href":"https:\/\/www.sotograndeguide.com\/fr\/wp-json\/wp\/v2\/types\/page"}],"author":[{"embeddable":true,"href":"https:\/\/www.sotograndeguide.com\/fr\/wp-json\/wp\/v2\/users\/1"}],"replies":[{"embeddable":true,"href":"https:\/\/www.sotograndeguide.com\/fr\/wp-json\/wp\/v2\/comments?post=72"}],"version-history":[{"count":0,"href":"https:\/\/www.sotograndeguide.com\/fr\/wp-json\/wp\/v2\/pages\/72\/revisions"}],"wp:featuredmedia":[{"embeddable":true,"href":"https:\/\/www.sotograndeguide.com\/fr\/wp-json\/wp\/v2\/media\/34518"}],"wp:attachment":[{"href":"https:\/\/www.sotograndeguide.com\/fr\/wp-json\/wp\/v2\/media?parent=72"}],"curies":[{"name":"wp","href":"https:\/\/api.w.org\/{rel}","templated":true}]}}