{"id":69,"date":"2017-01-30T19:02:04","date_gmt":"2017-01-30T19:02:04","guid":{"rendered":"http:\/\/www.sotograndeguide.com\/?page_id=69"},"modified":"2019-01-28T20:08:07","modified_gmt":"2019-01-28T20:08:07","slug":"quartiers-de-sotogrande","status":"publish","type":"page","link":"https:\/\/www.sotograndeguide.com\/fr\/sotogrande-neighbourhoods\/","title":{"rendered":"Quartiers de Sotogrande"},"content":{"rendered":"<p>La station de Sotogrande est compos\u00e9e de quatre quartiers principaux :<\/p>\n<h2>La Reserva de Sotogrande<\/h2>\n<p>La Reserva se trouve en haut \u00e0 droite de Sotogrande. La zone est entour\u00e9e de nature et d\u00e9velopp\u00e9e avec de larges routes. \u00c0 La Reserva, vous trouverez l'\u00e9cole internationale de Sotogrande, le terrain de golf de La Reserva et le centre \u00e9questre de Sotogrande Hipica. Los Cortijos De La Reserva font partie des projets immobiliers les plus populaires.<\/p>\n<h2>Sotogrande Costa<\/h2>\n<p>Sotogrande Costa, ou Sotogrande Bajo, est la zone de Sotogrande qui borde le littoral et comprend le quartier Kings &amp; Queens avec son avenue principale \"Paseo del Parque\", la zone A et la zone B. Les projets immobiliers les plus populaires sont ceux de Los Granados del Mar et de Casar Fronda, ainsi que le Royal Golf. Les projets immobiliers les plus populaires sont Los Granados del Mar, Casar Fronda et Royal Golf.<\/p>\n<h2>Marina de Sotogrande<\/h2>\n<p>Dans la marina et le port de Sotogrande, vous trouverez une vari\u00e9t\u00e9 de boutiques, de bars et de restaurants, ainsi que le Nautic Club et le bar de plage El Octogono. Le port de Sotogrande est le centre n\u00e9vralgique de la ville, surtout pendant les mois d'\u00e9t\u00e9. Construits au d\u00e9but des ann\u00e9es 90, la marina et le port abritent 548 amarres. Les projets immobiliers les plus populaires sont Paseo del Mar, Paseo del Rio, Ribera del Obispo, Jungla de Loro, Isla Carey, Ribera del Emperador, Isla Pez Volador et Ribera del Marlin.<\/p>\n<h2>Sotogrande Alto<\/h2>\n<p>Sotogrande Alto se trouve en haut \u00e0 gauche de Sotogrande et comprend la zone C, la zone D, la zone E, la zone F et la zone G. \u00c0 Sotogrande Alto, vous trouverez le terrain de golf Almenara, l'h\u00f4tel Almenara et le club de golf Valderrama. Les d\u00e9veloppements immobiliers les plus populaires sont Carmenes de Almenara, Los Gazules et Sotogolf.<\/p>\n<p>D'autres zones et quartiers autour de Sotogrande, incluent :<\/p>\n<h2>Guadiaro<\/h2>\n<p>Guadiaro est un petit village situ\u00e9 juste au-dessus de Pueblo Nuevo de Guadiaro. \u00c0 Guadiaro, vous trouverez une banque Caixa, un bureau de tabac, plusieurs bars et restaurants, une \u00e9glise et une \u00e9cole.<\/p>\n<h2>Village neuf de Guadiaro<\/h2>\n<p>Pueblo Nuevo de Guadiaro est le centre principal pour les r\u00e9sidents tout au long de l'ann\u00e9e. Il existe d'innombrables possibilit\u00e9s de faire du shopping, de faire des affaires, de se restaurer ou de prendre un caf\u00e9 ou une boisson.<\/p>\n<h2>Torreguadiaro<\/h2>\n<p>Torreguadiaro est situ\u00e9 juste \u00e0 l'est de l'entr\u00e9e du port de Sotogrande. Il s'agit d'une ville populaire pour la restauration, avec certains des meilleurs restaurants de la r\u00e9gion et la plage la plus fr\u00e9quent\u00e9e en \u00e9t\u00e9.<\/p>\n<h2>La Alcaidesa<\/h2>\n<p>La Alcaidesa se trouve \u00e0 cinq minutes en voiture de Sotogrande. Vous y trouverez deux terrains de golf, une grande station baln\u00e9aire et de belles plages avec un bar de plage branch\u00e9. La Alcaidesa est plut\u00f4t calme hors saison, mais devient tr\u00e8s fr\u00e9quent\u00e9e pendant les mois d'\u00e9t\u00e9.<\/p>","protected":false},"excerpt":{"rendered":"<p>La station de Sotogrande est compos\u00e9e de quatre quartiers principaux : La Reserva de Sotogrande La Reserva se trouve en haut \u00e0 droite de Sotogrande. La zone est entour\u00e9e de nature et d\u00e9velopp\u00e9e avec de larges routes. Dans La Reserva, vous trouverez l'\u00e9cole internationale de Sotogrande, le terrain de golf de La Reserva et le centre \u00e9questre de Sotogrande Hipica. ... <a title=\"Quartiers de Sotogrande\" class=\"read-more\" href=\"https:\/\/www.sotograndeguide.com\/fr\/sotogrande-neighbourhoods\/\" aria-label=\"En savoir plus sur Quartiers de Sotogrande\">Lire plus<\/a><\/p>","protected":false},"author":1,"featured_media":0,"parent":0,"menu_order":0,"comment_status":"closed","ping_status":"closed","template":"","meta":{"footnotes":""},"class_list":["post-69","page","type-page","status-publish"],"yoast_head":"<!-- This site is optimized with the Yoast SEO Premium plugin v20.5 (Yoast SEO v27.5) - https:\/\/yoast.com\/product\/yoast-seo-premium-wordpress\/ -->\n<title>Sotogrande Neighbourhoods<\/title>\n<meta name=\"robots\" content=\"index, follow, max-snippet:-1, max-image-preview:large, max-video-preview:-1\" \/>\n<link rel=\"canonical\" href=\"https:\/\/www.sotograndeguide.com\/fr\/quartiers-de-sotogrande\/\" \/>\n<meta property=\"og:locale\" content=\"fr_FR\" \/>\n<meta property=\"og:type\" content=\"article\" \/>\n<meta property=\"og:title\" content=\"Sotogrande Neighbourhoods\" \/>\n<meta property=\"og:description\" content=\"The resort of Sotogrande is made up of four main districts: La Reserva de Sotogrande La Reserva is towards the top right of Sotogrande. The area is surrounded by nature and developed with wide roads. In La Reserva you will find the Sotogrande International School, La Reserva Golf Course and the Sotogrande Hipica equestrian centre. ... Lire plus\" \/>\n<meta property=\"og:url\" content=\"https:\/\/www.sotograndeguide.com\/fr\/quartiers-de-sotogrande\/\" \/>\n<meta property=\"og:site_name\" content=\"Sotogrande Guide\" \/>\n<meta property=\"article:publisher\" content=\"https:\/\/www.facebook.com\/sotograndeguide\" \/>\n<meta property=\"article:modified_time\" content=\"2019-01-28T20:08:07+00:00\" \/>\n<meta property=\"og:image\" content=\"https:\/\/www.sotograndeguide.com\/wp-content\/uploads\/2017\/03\/Sotogrande-Logo-GUIDE.png\" \/>\n\t<meta property=\"og:image:width\" content=\"300\" \/>\n\t<meta property=\"og:image:height\" content=\"300\" \/>\n\t<meta property=\"og:image:type\" content=\"image\/png\" \/>\n<meta name=\"twitter:card\" content=\"summary_large_image\" \/>\n<meta name=\"twitter:site\" content=\"@sotograndeguide\" \/>\n<meta name=\"twitter:label1\" content=\"Est. reading time\" \/>\n\t<meta name=\"twitter:data1\" content=\"2 minutes\" \/>\n<!-- \/ Yoast SEO Premium plugin. -->","yoast_head_json":{"title":"Quartiers de Sotogrande","robots":{"index":"index","follow":"follow","max-snippet":"max-snippet:-1","max-image-preview":"max-image-preview:large","max-video-preview":"max-video-preview:-1"},"canonical":"https:\/\/www.sotograndeguide.com\/fr\/quartiers-de-sotogrande\/","og_locale":"fr_FR","og_type":"article","og_title":"Sotogrande Neighbourhoods","og_description":"The resort of Sotogrande is made up of four main districts: La Reserva de Sotogrande La Reserva is towards the top right of Sotogrande. The area is surrounded by nature and developed with wide roads. In La Reserva you will find the Sotogrande International School, La Reserva Golf Course and the Sotogrande Hipica equestrian centre. ... Lire plus","og_url":"https:\/\/www.sotograndeguide.com\/fr\/quartiers-de-sotogrande\/","og_site_name":"Sotogrande Guide","article_publisher":"https:\/\/www.facebook.com\/sotograndeguide","article_modified_time":"2019-01-28T20:08:07+00:00","og_image":[{"width":300,"height":300,"url":"https:\/\/www.sotograndeguide.com\/wp-content\/uploads\/2017\/03\/Sotogrande-Logo-GUIDE.png","type":"image\/png"}],"twitter_card":"summary_large_image","twitter_site":"@sotograndeguide","twitter_misc":{"Est. reading time":"2 minutes"},"schema":{"@context":"https:\/\/schema.org","@graph":[{"@type":"WebPage","@id":"https:\/\/www.sotograndeguide.com\/sotogrande-neighbourhoods\/","url":"https:\/\/www.sotograndeguide.com\/sotogrande-neighbourhoods\/","name":"Quartiers de Sotogrande","isPartOf":{"@id":"https:\/\/www.sotograndeguide.com\/#website"},"datePublished":"2017-01-30T19:02:04+00:00","dateModified":"2019-01-28T20:08:07+00:00","breadcrumb":{"@id":"https:\/\/www.sotograndeguide.com\/sotogrande-neighbourhoods\/#breadcrumb"},"inLanguage":"fr-FR","potentialAction":[{"@type":"ReadAction","target":["https:\/\/www.sotograndeguide.com\/sotogrande-neighbourhoods\/"]}]},{"@type":"BreadcrumbList","@id":"https:\/\/www.sotograndeguide.com\/sotogrande-neighbourhoods\/#breadcrumb","itemListElement":[{"@type":"ListItem","position":1,"name":"Home","item":"https:\/\/www.sotograndeguide.com\/"},{"@type":"ListItem","position":2,"name":"Sotogrande Neighbourhoods"}]},{"@type":"WebSite","@id":"https:\/\/www.sotograndeguide.com\/#website","url":"https:\/\/www.sotograndeguide.com\/","name":"Guide de Sotogrande","description":"Nouvelles, conseils, \u00e9v\u00e9nements et critiques","publisher":{"@id":"https:\/\/www.sotograndeguide.com\/#organization"},"potentialAction":[{"@type":"SearchAction","target":{"@type":"EntryPoint","urlTemplate":"https:\/\/www.sotograndeguide.com\/?s={search_term_string}"},"query-input":{"@type":"PropertyValueSpecification","valueRequired":true,"valueName":"search_term_string"}}],"inLanguage":"fr-FR"},{"@type":"Organization","@id":"https:\/\/www.sotograndeguide.com\/#organization","name":"Guide de Sotogrande","url":"https:\/\/www.sotograndeguide.com\/","logo":{"@type":"ImageObject","inLanguage":"fr-FR","@id":"https:\/\/www.sotograndeguide.com\/#\/schema\/logo\/image\/","url":"https:\/\/www.sotograndeguide.com\/wp-content\/uploads\/2017\/03\/Sotogrande-Logo-GUIDE.png","contentUrl":"https:\/\/www.sotograndeguide.com\/wp-content\/uploads\/2017\/03\/Sotogrande-Logo-GUIDE.png","width":300,"height":300,"caption":"Sotogrande Guide"},"image":{"@id":"https:\/\/www.sotograndeguide.com\/#\/schema\/logo\/image\/"},"sameAs":["https:\/\/www.facebook.com\/sotograndeguide","https:\/\/x.com\/sotograndeguide","https:\/\/www.tiktok.com\/@sotograndeguide","https:\/\/www.youtube.com\/@SotograndeGuide"]}]}},"jetpack_sharing_enabled":true,"_links":{"self":[{"href":"https:\/\/www.sotograndeguide.com\/fr\/wp-json\/wp\/v2\/pages\/69","targetHints":{"allow":["GET"]}}],"collection":[{"href":"https:\/\/www.sotograndeguide.com\/fr\/wp-json\/wp\/v2\/pages"}],"about":[{"href":"https:\/\/www.sotograndeguide.com\/fr\/wp-json\/wp\/v2\/types\/page"}],"author":[{"embeddable":true,"href":"https:\/\/www.sotograndeguide.com\/fr\/wp-json\/wp\/v2\/users\/1"}],"replies":[{"embeddable":true,"href":"https:\/\/www.sotograndeguide.com\/fr\/wp-json\/wp\/v2\/comments?post=69"}],"version-history":[{"count":0,"href":"https:\/\/www.sotograndeguide.com\/fr\/wp-json\/wp\/v2\/pages\/69\/revisions"}],"wp:attachment":[{"href":"https:\/\/www.sotograndeguide.com\/fr\/wp-json\/wp\/v2\/media?parent=69"}],"curies":[{"name":"wp","href":"https:\/\/api.w.org\/{rel}","templated":true}]}}