{"id":66,"date":"2017-01-30T19:01:09","date_gmt":"2017-01-30T19:01:09","guid":{"rendered":"http:\/\/www.sotograndeguide.com\/?page_id=66"},"modified":"2019-05-15T09:52:18","modified_gmt":"2019-05-15T09:52:18","slug":"ecoles-de-sotogrande","status":"publish","type":"page","link":"https:\/\/www.sotograndeguide.com\/fr\/sotogrande-schools\/","title":{"rendered":"\u00c9coles de Sotogrande"},"content":{"rendered":"<p>\u00c0 Sotogrande et dans ses environs, les parents peuvent trouver une grande vari\u00e9t\u00e9 d'\u00e9coles, tant publiques que priv\u00e9es, \u00e0 tous les niveaux.<\/p>\n<div class=\"pt-cv-wrapper\"><div class=\"pt-cv-view pt-cv-grid pt-cv-colsys\" id=\"pt-cv-view-f641f1b4vc\"><div data-id=\"pt-cv-page-1\" class=\"pt-cv-page\" data-cvc=\"2\"><div class=\"col-md-6 col-sm-6 col-xs-12 pt-cv-content-item pt-cv-1-col\"  data-pid=\"35016\"><div class='pt-cv-ifield'><a href=\"https:\/\/www.sotograndeguide.com\/fr\/sotogrande-schools\/nanitos-montessori-school\/\" class=\"_self pt-cv-href-thumbnail pt-cv-thumb-default cvplbd\" target=\"_self\" ><img decoding=\"async\" width=\"600\" height=\"450\" src=\"https:\/\/www.sotograndeguide.com\/wp-content\/uploads\/2019\/03\/Nanitos-Montessori-School-768x576-600x450.jpg\" class=\"pt-cv-thumbnail img-none\" alt=\"Nanitos Montessori Sotogrande\" srcset=\"https:\/\/www.sotograndeguide.com\/wp-content\/uploads\/2019\/03\/Nanitos-Montessori-School-768x576-600x450.jpg\" sizes=\"(max-width: 600px) 100vw, 600px\" \/><\/a>\n<h4 class=\"pt-cv-title\"><a href=\"https:\/\/www.sotograndeguide.com\/fr\/sotogrande-schools\/nanitos-montessori-school\/\" class=\"_self cvplbd\" target=\"_self\" >\u00c9cole Montessori de Nanitos<\/a><\/h4><\/div><\/div>\n<div class=\"col-md-6 col-sm-6 col-xs-12 pt-cv-content-item pt-cv-1-col\"  data-pid=\"35013\"><div class='pt-cv-ifield'><a href=\"https:\/\/www.sotograndeguide.com\/fr\/sotogrande-schools\/alma-forest\/\" class=\"_self pt-cv-href-thumbnail pt-cv-thumb-default cvplbd\" target=\"_self\" ><img decoding=\"async\" width=\"600\" height=\"450\" src=\"https:\/\/www.sotograndeguide.com\/wp-content\/uploads\/2019\/03\/Alma-Forest-600x450.jpg\" class=\"pt-cv-thumbnail img-none\" alt=\"For\u00eat d&#039;Alma\" srcset=\"https:\/\/www.sotograndeguide.com\/wp-content\/uploads\/2019\/03\/Alma-Forest-600x450.jpg\" sizes=\"(max-width: 600px) 100vw, 600px\" \/><\/a>\n<h4 class=\"pt-cv-title\"><a href=\"https:\/\/www.sotograndeguide.com\/fr\/sotogrande-schools\/alma-forest\/\" class=\"_self cvplbd\" target=\"_self\" >For\u00eat d'Alma<\/a><\/h4><\/div><\/div>\n<div class=\"col-md-6 col-sm-6 col-xs-12 pt-cv-content-item pt-cv-1-col\"  data-pid=\"34830\"><div class='pt-cv-ifield'><a href=\"https:\/\/www.sotograndeguide.com\/fr\/sotogrande-schools\/kiddi-bank\/\" class=\"_self pt-cv-href-thumbnail pt-cv-thumb-default cvplbd\" target=\"_self\" ><img decoding=\"async\" width=\"600\" height=\"450\" src=\"https:\/\/www.sotograndeguide.com\/wp-content\/uploads\/2018\/11\/Schools-in-Sotogrande-6-600x450.jpg\" class=\"pt-cv-thumbnail img-none\" alt=\"Banque Kiddi\" srcset=\"https:\/\/www.sotograndeguide.com\/wp-content\/uploads\/2018\/11\/Schools-in-Sotogrande-6-600x450.jpg\" sizes=\"(max-width: 600px) 100vw, 600px\" \/><\/a>\n<h4 class=\"pt-cv-title\"><a href=\"https:\/\/www.sotograndeguide.com\/fr\/sotogrande-schools\/kiddi-bank\/\" class=\"_self cvplbd\" target=\"_self\" >Banque Kiddi<\/a><\/h4><\/div><\/div>\n<div class=\"col-md-6 col-sm-6 col-xs-12 pt-cv-content-item pt-cv-1-col\"  data-pid=\"34829\"><div class='pt-cv-ifield'><a href=\"https:\/\/www.sotograndeguide.com\/fr\/sotogrande-schools\/fundamentals\/\" class=\"_self pt-cv-href-thumbnail pt-cv-thumb-default cvplbd\" target=\"_self\" ><img decoding=\"async\" width=\"600\" height=\"450\" src=\"https:\/\/www.sotograndeguide.com\/wp-content\/uploads\/2018\/11\/Schools-in-Sotogrande-5-600x450.jpg\" class=\"pt-cv-thumbnail img-none\" alt=\"Principes de base\" srcset=\"https:\/\/www.sotograndeguide.com\/wp-content\/uploads\/2018\/11\/Schools-in-Sotogrande-5-600x450.jpg\" sizes=\"(max-width: 600px) 100vw, 600px\" \/><\/a>\n<h4 class=\"pt-cv-title\"><a href=\"https:\/\/www.sotograndeguide.com\/fr\/sotogrande-schools\/fundamentals\/\" class=\"_self cvplbd\" target=\"_self\" >Principes de base<\/a><\/h4><\/div><\/div>\n<div class=\"col-md-6 col-sm-6 col-xs-12 pt-cv-content-item pt-cv-1-col\"  data-pid=\"34828\"><div class='pt-cv-ifield'><a href=\"https:\/\/www.sotograndeguide.com\/fr\/sotogrande-schools\/sotogrande-nursery\/\" class=\"_self pt-cv-href-thumbnail pt-cv-thumb-default cvplbd\" target=\"_self\" ><img decoding=\"async\" width=\"600\" height=\"450\" src=\"https:\/\/www.sotograndeguide.com\/wp-content\/uploads\/2018\/11\/Schools-in-Sotogrande-2-600x450.jpg\" class=\"pt-cv-thumbnail img-none\" alt=\"P\u00e9pini\u00e8re de Sotogrande\" srcset=\"https:\/\/www.sotograndeguide.com\/wp-content\/uploads\/2018\/11\/Schools-in-Sotogrande-2-600x450.jpg\" sizes=\"(max-width: 600px) 100vw, 600px\" \/><\/a>\n<h4 class=\"pt-cv-title\"><a href=\"https:\/\/www.sotograndeguide.com\/fr\/sotogrande-schools\/sotogrande-nursery\/\" class=\"_self cvplbd\" target=\"_self\" >P\u00e9pini\u00e8re de Sotogrande<\/a><\/h4><\/div><\/div>\n<div class=\"col-md-6 col-sm-6 col-xs-12 pt-cv-content-item pt-cv-1-col\"  data-pid=\"34827\"><div class='pt-cv-ifield'><a href=\"https:\/\/www.sotograndeguide.com\/fr\/sotogrande-schools\/gloria-fuertes\/\" class=\"_self pt-cv-href-thumbnail pt-cv-thumb-default cvplbd\" target=\"_self\" ><img decoding=\"async\" width=\"600\" height=\"450\" src=\"https:\/\/www.sotograndeguide.com\/wp-content\/uploads\/2018\/11\/Schools-in-Sotogrande-3-600x450.jpg\" class=\"pt-cv-thumbnail img-none\" alt=\"Gloria Fuertes\" srcset=\"https:\/\/www.sotograndeguide.com\/wp-content\/uploads\/2018\/11\/Schools-in-Sotogrande-3-600x450.jpg\" sizes=\"(max-width: 600px) 100vw, 600px\" \/><\/a>\n<h4 class=\"pt-cv-title\"><a href=\"https:\/\/www.sotograndeguide.com\/fr\/sotogrande-schools\/gloria-fuertes\/\" class=\"_self cvplbd\" target=\"_self\" >Gloria Fuertes<\/a><\/h4><\/div><\/div>\n<div class=\"col-md-6 col-sm-6 col-xs-12 pt-cv-content-item pt-cv-1-col\"  data-pid=\"34826\"><div class='pt-cv-ifield'><a href=\"https:\/\/www.sotograndeguide.com\/fr\/sotogrande-schools\/sotogrande-international-school\/\" class=\"_self pt-cv-href-thumbnail pt-cv-thumb-default cvplbd\" target=\"_self\" ><img decoding=\"async\" width=\"600\" height=\"450\" src=\"https:\/\/www.sotograndeguide.com\/wp-content\/uploads\/2018\/11\/Schools-in-Sotogrande-4-600x450.jpg\" class=\"pt-cv-thumbnail img-none\" alt=\"\u00c9cole internationale de Sotogrande\" srcset=\"https:\/\/www.sotograndeguide.com\/wp-content\/uploads\/2018\/11\/Schools-in-Sotogrande-4-600x450.jpg\" sizes=\"(max-width: 600px) 100vw, 600px\" \/><\/a>\n<h4 class=\"pt-cv-title\"><a href=\"https:\/\/www.sotograndeguide.com\/fr\/sotogrande-schools\/sotogrande-international-school\/\" class=\"_self cvplbd\" target=\"_self\" >\u00c9cole internationale de Sotogrande<\/a><\/h4><\/div><\/div>\n<div class=\"col-md-6 col-sm-6 col-xs-12 pt-cv-content-item pt-cv-1-col\"  data-pid=\"34825\"><div class='pt-cv-ifield'><a href=\"https:\/\/www.sotograndeguide.com\/fr\/sotogrande-schools\/cameron-international-primary-school\/\" class=\"_self pt-cv-href-thumbnail pt-cv-thumb-default cvplbd\" target=\"_self\" ><img decoding=\"async\" width=\"600\" height=\"450\" src=\"https:\/\/www.sotograndeguide.com\/wp-content\/uploads\/2018\/11\/Schools-in-Sotogrande-1-600x450.jpg\" class=\"pt-cv-thumbnail img-none\" alt=\"\u00c9cole primaire internationale Cameron\" srcset=\"https:\/\/www.sotograndeguide.com\/wp-content\/uploads\/2018\/11\/Schools-in-Sotogrande-1-600x450.jpg\" sizes=\"(max-width: 600px) 100vw, 600px\" \/><\/a>\n<h4 class=\"pt-cv-title\"><a href=\"https:\/\/www.sotograndeguide.com\/fr\/sotogrande-schools\/cameron-international-primary-school\/\" class=\"_self cvplbd\" target=\"_self\" >\u00c9cole primaire internationale Cameron<\/a><\/h4><\/div><\/div><\/div><\/div><\/div>\t\t\t<style type=\"text\/css\" id=\"pt-cv-inline-style-8c5815e6xo\">#pt-cv-view-f641f1b4vc .pt-cv-title a, #pt-cv-view-f641f1b4vc  .panel-title { font-weight: 600 !important; }\n#pt-cv-view-f641f1b4vc .pt-cv-readmore  { color: #ffffff !important; background-color: #00aeef !important; }\n#pt-cv-view-f641f1b4vc .pt-cv-readmore:hover  { color: #ffffff !important; background-color: #00aeef !important; }<\/style>\r\n\t\t\t\n<p>Vous cherchez une \u00e9cole de langues ou une acad\u00e9mie de soutien \u00e0 Sotogrande ? Consultez le site <a href=\"https:\/\/www.sotograndeguide.com\/fr\/annuaire-de-sotogrande\/\">Annuaire de Sotogrande<\/a>. <em>Avons-nous oubli\u00e9 une \u00e9cole ? Vous ou vos enfants avez fr\u00e9quent\u00e9 l'une de ces \u00e9coles et souhaitez en faire part \u00e0 nos lecteurs ? <strong>Souhaitez-vous que votre \u00e9cole soit pr\u00e9sent\u00e9e ?<\/strong> <a href=\"https:\/\/www.sotograndeguide.com\/fr\/contact\/\">Prendre contact<\/a>.<\/em><\/p>","protected":false},"excerpt":{"rendered":"<p>\u00c0 Sotogrande et dans ses environs, les parents peuvent trouver une grande vari\u00e9t\u00e9 d'\u00e9coles, tant publiques que priv\u00e9es, \u00e0 tous les niveaux. Vous cherchez une \u00e9cole de langues ou une acad\u00e9mie de soutien \u00e0 Sotogrande ? Consultez l'annuaire de Sotogrande. Avons-nous oubli\u00e9 une \u00e9cole ? Vous ou vos enfants avez fr\u00e9quent\u00e9 l'une de ces \u00e9coles et souhaitez partager votre avis avec ... <a title=\"\u00c9coles de Sotogrande\" class=\"read-more\" href=\"https:\/\/www.sotograndeguide.com\/fr\/sotogrande-schools\/\" aria-label=\"En savoir plus sur \u00c9coles de Sotogrande\">Lire plus<\/a><\/p>","protected":false},"author":1,"featured_media":34520,"parent":0,"menu_order":0,"comment_status":"closed","ping_status":"closed","template":"","meta":{"footnotes":""},"class_list":["post-66","page","type-page","status-publish","has-post-thumbnail"],"yoast_head":"<!-- This site is optimized with the Yoast SEO Premium plugin v20.5 (Yoast SEO v27.5) - https:\/\/yoast.com\/product\/yoast-seo-premium-wordpress\/ -->\n<title>Schools in Sotogrande - Sotogrande Guide<\/title>\n<meta name=\"description\" content=\"A directory and guide of all the schools in and around Sotogrande, in south of Spain. Including nurseries, primary schools and international schools.\" \/>\n<meta name=\"robots\" content=\"index, follow, max-snippet:-1, max-image-preview:large, max-video-preview:-1\" \/>\n<link rel=\"canonical\" href=\"https:\/\/www.sotograndeguide.com\/fr\/ecoles-de-sotogrande\/\" \/>\n<meta property=\"og:locale\" content=\"fr_FR\" \/>\n<meta property=\"og:type\" content=\"article\" \/>\n<meta property=\"og:title\" content=\"Sotogrande Schools\" \/>\n<meta property=\"og:description\" content=\"A directory and guide of all the schools in and around Sotogrande, in south of Spain. Including nurseries, primary schools and international schools.\" \/>\n<meta property=\"og:url\" content=\"https:\/\/www.sotograndeguide.com\/fr\/ecoles-de-sotogrande\/\" \/>\n<meta property=\"og:site_name\" content=\"Sotogrande Guide\" \/>\n<meta property=\"article:publisher\" content=\"https:\/\/www.facebook.com\/sotograndeguide\" \/>\n<meta property=\"article:modified_time\" content=\"2019-05-15T09:52:18+00:00\" \/>\n<meta property=\"og:image\" content=\"https:\/\/www.sotograndeguide.com\/wp-content\/uploads\/2018\/05\/Sotogrande-Schools.jpg\" \/>\n\t<meta property=\"og:image:width\" content=\"1920\" \/>\n\t<meta property=\"og:image:height\" content=\"1187\" \/>\n\t<meta property=\"og:image:type\" content=\"image\/jpeg\" \/>\n<meta name=\"twitter:card\" content=\"summary_large_image\" \/>\n<meta name=\"twitter:site\" content=\"@sotograndeguide\" \/>\n<!-- \/ Yoast SEO Premium plugin. -->","yoast_head_json":{"title":"\u00c9coles \u00e0 Sotogrande - Guide de Sotogrande","description":"Un r\u00e9pertoire et un guide de toutes les \u00e9coles de Sotogrande et des environs, dans le sud de l'Espagne. Y compris les cr\u00e8ches, les \u00e9coles primaires et les \u00e9coles internationales.","robots":{"index":"index","follow":"follow","max-snippet":"max-snippet:-1","max-image-preview":"max-image-preview:large","max-video-preview":"max-video-preview:-1"},"canonical":"https:\/\/www.sotograndeguide.com\/fr\/ecoles-de-sotogrande\/","og_locale":"fr_FR","og_type":"article","og_title":"Sotogrande Schools","og_description":"A directory and guide of all the schools in and around Sotogrande, in south of Spain. Including nurseries, primary schools and international schools.","og_url":"https:\/\/www.sotograndeguide.com\/fr\/ecoles-de-sotogrande\/","og_site_name":"Sotogrande Guide","article_publisher":"https:\/\/www.facebook.com\/sotograndeguide","article_modified_time":"2019-05-15T09:52:18+00:00","og_image":[{"width":1920,"height":1187,"url":"https:\/\/www.sotograndeguide.com\/wp-content\/uploads\/2018\/05\/Sotogrande-Schools.jpg","type":"image\/jpeg"}],"twitter_card":"summary_large_image","twitter_site":"@sotograndeguide","schema":{"@context":"https:\/\/schema.org","@graph":[{"@type":"WebPage","@id":"https:\/\/www.sotograndeguide.com\/sotogrande-schools\/","url":"https:\/\/www.sotograndeguide.com\/sotogrande-schools\/","name":"\u00c9coles \u00e0 Sotogrande - Guide de Sotogrande","isPartOf":{"@id":"https:\/\/www.sotograndeguide.com\/#website"},"primaryImageOfPage":{"@id":"https:\/\/www.sotograndeguide.com\/sotogrande-schools\/#primaryimage"},"image":{"@id":"https:\/\/www.sotograndeguide.com\/sotogrande-schools\/#primaryimage"},"thumbnailUrl":"https:\/\/www.sotograndeguide.com\/wp-content\/uploads\/2018\/05\/Sotogrande-Schools.jpg","datePublished":"2017-01-30T19:01:09+00:00","dateModified":"2019-05-15T09:52:18+00:00","description":"Un r\u00e9pertoire et un guide de toutes les \u00e9coles de Sotogrande et des environs, dans le sud de l'Espagne. Y compris les cr\u00e8ches, les \u00e9coles primaires et les \u00e9coles internationales.","breadcrumb":{"@id":"https:\/\/www.sotograndeguide.com\/sotogrande-schools\/#breadcrumb"},"inLanguage":"fr-FR","potentialAction":[{"@type":"ReadAction","target":["https:\/\/www.sotograndeguide.com\/sotogrande-schools\/"]}]},{"@type":"ImageObject","inLanguage":"fr-FR","@id":"https:\/\/www.sotograndeguide.com\/sotogrande-schools\/#primaryimage","url":"https:\/\/www.sotograndeguide.com\/wp-content\/uploads\/2018\/05\/Sotogrande-Schools.jpg","contentUrl":"https:\/\/www.sotograndeguide.com\/wp-content\/uploads\/2018\/05\/Sotogrande-Schools.jpg","width":1920,"height":1187,"caption":"Sotogrande Schools"},{"@type":"BreadcrumbList","@id":"https:\/\/www.sotograndeguide.com\/sotogrande-schools\/#breadcrumb","itemListElement":[{"@type":"ListItem","position":1,"name":"Home","item":"https:\/\/www.sotograndeguide.com\/"},{"@type":"ListItem","position":2,"name":"Sotogrande Schools"}]},{"@type":"WebSite","@id":"https:\/\/www.sotograndeguide.com\/#website","url":"https:\/\/www.sotograndeguide.com\/","name":"Guide de Sotogrande","description":"Nouvelles, conseils, \u00e9v\u00e9nements et critiques","publisher":{"@id":"https:\/\/www.sotograndeguide.com\/#organization"},"potentialAction":[{"@type":"SearchAction","target":{"@type":"EntryPoint","urlTemplate":"https:\/\/www.sotograndeguide.com\/?s={search_term_string}"},"query-input":{"@type":"PropertyValueSpecification","valueRequired":true,"valueName":"search_term_string"}}],"inLanguage":"fr-FR"},{"@type":"Organization","@id":"https:\/\/www.sotograndeguide.com\/#organization","name":"Guide de Sotogrande","url":"https:\/\/www.sotograndeguide.com\/","logo":{"@type":"ImageObject","inLanguage":"fr-FR","@id":"https:\/\/www.sotograndeguide.com\/#\/schema\/logo\/image\/","url":"https:\/\/www.sotograndeguide.com\/wp-content\/uploads\/2017\/03\/Sotogrande-Logo-GUIDE.png","contentUrl":"https:\/\/www.sotograndeguide.com\/wp-content\/uploads\/2017\/03\/Sotogrande-Logo-GUIDE.png","width":300,"height":300,"caption":"Sotogrande Guide"},"image":{"@id":"https:\/\/www.sotograndeguide.com\/#\/schema\/logo\/image\/"},"sameAs":["https:\/\/www.facebook.com\/sotograndeguide","https:\/\/x.com\/sotograndeguide","https:\/\/www.tiktok.com\/@sotograndeguide","https:\/\/www.youtube.com\/@SotograndeGuide"]}]}},"jetpack_sharing_enabled":true,"_links":{"self":[{"href":"https:\/\/www.sotograndeguide.com\/fr\/wp-json\/wp\/v2\/pages\/66","targetHints":{"allow":["GET"]}}],"collection":[{"href":"https:\/\/www.sotograndeguide.com\/fr\/wp-json\/wp\/v2\/pages"}],"about":[{"href":"https:\/\/www.sotograndeguide.com\/fr\/wp-json\/wp\/v2\/types\/page"}],"author":[{"embeddable":true,"href":"https:\/\/www.sotograndeguide.com\/fr\/wp-json\/wp\/v2\/users\/1"}],"replies":[{"embeddable":true,"href":"https:\/\/www.sotograndeguide.com\/fr\/wp-json\/wp\/v2\/comments?post=66"}],"version-history":[{"count":0,"href":"https:\/\/www.sotograndeguide.com\/fr\/wp-json\/wp\/v2\/pages\/66\/revisions"}],"wp:featuredmedia":[{"embeddable":true,"href":"https:\/\/www.sotograndeguide.com\/fr\/wp-json\/wp\/v2\/media\/34520"}],"wp:attachment":[{"href":"https:\/\/www.sotograndeguide.com\/fr\/wp-json\/wp\/v2\/media?parent=66"}],"curies":[{"name":"wp","href":"https:\/\/api.w.org\/{rel}","templated":true}]}}