{"id":44,"date":"2017-01-30T14:53:49","date_gmt":"2017-01-30T14:53:49","guid":{"rendered":"http:\/\/www.sotograndeguide.com\/?page_id=44"},"modified":"2021-04-22T11:42:36","modified_gmt":"2021-04-22T11:42:36","slug":"a-propos-de","status":"publish","type":"page","link":"https:\/\/www.sotograndeguide.com\/fr\/about\/","title":{"rendered":"A propos de"},"content":{"rendered":"<p>Sotogrande Guide est un portail communautaire avec un contenu frais et de qualit\u00e9 pour les individus, les couples et les familles qui vivent ou travaillent \u00e0 Sotogrande et pour tous ceux du monde entier qui envisagent de d\u00e9m\u00e9nager ou d'investir \u00e0 Sotogrande.<\/p>\n<p>Notre guide pr\u00e9sente des entreprises locales, notamment des caf\u00e9s, des bars et des restaurants. <a href=\"https:\/\/www.sotograndeguide.com\/fr\/restaurants-de-sotogrande\/\" target=\"_blank\" rel=\"noopener noreferrer\">restaurants<\/a>, <a href=\"https:\/\/www.sotograndeguide.com\/fr\/hotels-sotogrande\/\" target=\"_blank\" rel=\"noopener noreferrer\">h\u00f4tels<\/a>, <a href=\"https:\/\/www.sotograndeguide.com\/fr\/pharmacies-de-sotogrande\/\">pharmacies<\/a>, <a href=\"https:\/\/www.sotograndeguide.com\/fr\/architectes-de-sotogrande\/\">architectes<\/a>, <a href=\"https:\/\/www.sotograndeguide.com\/fr\/ecoles-de-sotogrande\/\">\u00e9coles<\/a>, <a href=\"https:\/\/www.sotograndeguide.com\/fr\/coiffeurs-sotogrande\/\">coiffeurs<\/a>, <a href=\"https:\/\/www.sotograndeguide.com\/fr\/veterinaires-de-sotogrande\/\">v\u00e9t\u00e9rinaires<\/a>, <a href=\"https:\/\/www.sotograndeguide.com\/fr\/avocats-de-sotogrande\/\">avocats<\/a>les fournisseurs de services professionnels et <a href=\"https:\/\/www.sotograndeguide.com\/fr\/sotogrande-shopping\/\">magasins<\/a> avec des commentaires authentiques de clients. Le Guide de Sotogrande pr\u00e9sente des nouvelles, des \u00e9v\u00e9nements, des choses \u00e0 faire, des conseils et des histoires.<\/p>\n<p>Nous invitons les habitants de Sotogrande, Guadiaro, Pueblo Nuevo de Guadiaro, Torreguadiaro et La Alcaidesa \u00e0 contribuer \u00e0 ce projet en pr\u00e9sentant leurs histoires, leurs nouvelles, leurs offres et leur connaissance de Sotogrande. Nos lecteurs sont encourag\u00e9s \u00e0 partager notre contenu sur les m\u00e9dias sociaux, en particulier sur Facebook, Twitter et LinkedIn.<\/p>\n<p>Nous invitons \u00e9galement toutes les personnes vivant \u00e0 Sotogrande ou dans ses environs \u00e0 participer \u00e0 notre conf\u00e9rence. <a href=\"https:\/\/www.facebook.com\/groups\/sotogrande\/\" target=\"_blank\" rel=\"noopener noreferrer\">Tableau d'affichage communautaire de Sotogrande<\/a> sur Facebook.<\/p>\n<p>Si vous aimez Sotogrande, soutenez-nous en nous aimant sur <a href=\"https:\/\/www.facebook.com\/sotograndeguide\/\">Facebook<\/a>en nous suivant sur <a href=\"https:\/\/twitter.com\/sotograndeguide\">Twitter<\/a> et <a href=\"http:\/\/instagram.com\/sotograndeguide\">Instagram<\/a> et si vous souhaitez inscrire votre entreprise ou contribuer au Guide de Sotogrande, n'h\u00e9sitez pas \u00e0 nous contacter :<\/p>\n\n<div class=\"wpcf7 no-js\" id=\"wpcf7-f38-o1\" lang=\"en-US\" dir=\"ltr\" data-wpcf7-id=\"38\">\n<div class=\"screen-reader-response\"><p role=\"status\" aria-live=\"polite\" aria-atomic=\"true\"><\/p> <ul><\/ul><\/div>\n<form action=\"\/fr\/wp-json\/wp\/v2\/pages\/44#wpcf7-f38-o1\" method=\"post\" class=\"wpcf7-form init\" aria-label=\"Formulaire de contact\" novalidate=\"novalidate\" data-status=\"init\" data-trp-original-action=\"\/fr\/wp-json\/wp\/v2\/pages\/44#wpcf7-f38-o1\">\n<fieldset class=\"hidden-fields-container\"><input type=\"hidden\" name=\"_wpcf7\" value=\"38\" \/><input type=\"hidden\" name=\"_wpcf7_version\" value=\"6.1.5\" \/><input type=\"hidden\" name=\"_wpcf7_locale\" value=\"en_US\" \/><input type=\"hidden\" name=\"_wpcf7_unit_tag\" value=\"wpcf7-f38-o1\" \/><input type=\"hidden\" name=\"_wpcf7_container_post\" value=\"0\" \/><input type=\"hidden\" name=\"_wpcf7_posted_data_hash\" value=\"\" \/><input type=\"hidden\" name=\"_wpcf7_recaptcha_response\" value=\"\" \/>\n<\/fieldset>\n<div id=\"responsive-form\" class=\"clearfix\">\n\t<div class=\"form-row\">\n\t\t<div class=\"column-half\">\n\t\t\t<p><span class=\"wpcf7-form-control-wrap\" data-name=\"your-name\"><input size=\"40\" maxlength=\"400\" class=\"wpcf7-form-control wpcf7-text wpcf7-validates-as-required cf7r-fb-first-name\" aria-required=\"true\" aria-invalid=\"false\" placeholder=\"Pr\u00e9nom\" value=\"\" type=\"text\" name=\"your-name\" \/><\/span>\n\t\t\t<\/p>\n\t\t<\/div>\n\t\t<div class=\"column-half\">\n\t\t\t<p><span class=\"wpcf7-form-control-wrap\" data-name=\"your-surname\"><input size=\"40\" maxlength=\"400\" class=\"wpcf7-form-control wpcf7-text wpcf7-validates-as-required cf7r-fb-last-name\" aria-required=\"true\" aria-invalid=\"false\" placeholder=\"Nom de famille\" value=\"\" type=\"text\" name=\"your-surname\" \/><\/span>\n\t\t\t<\/p>\n\t\t<\/div>\n\t<\/div>\n\t<div class=\"form-row\">\n\t\t<div class=\"column-half\">\n\t\t\t<p><span class=\"wpcf7-form-control-wrap\" data-name=\"your-email\"><input size=\"40\" maxlength=\"400\" class=\"wpcf7-form-control wpcf7-email wpcf7-validates-as-required wpcf7-text wpcf7-validates-as-email cf7r-fb-email\" aria-required=\"true\" aria-invalid=\"false\" placeholder=\"Votre courriel\" value=\"\" type=\"email\" name=\"your-email\" \/><\/span>\n\t\t\t<\/p>\n\t\t<\/div>\n\t\t<div class=\"column-half\">\n\t\t\t<p><span class=\"wpcf7-form-control-wrap your-tel\"><input class=\"wpcf7-form-control wpcf7-intl_tel wpcf7-intl-tel\" aria-invalid=\"false\" placeholder=\"Votre t\u00e9l\u00e9phone\" size=\"40\" value=\"\" type=\"tel\" name=\"your-tel-cf7it-national\" \/><input name=\"your-tel\" type=\"hidden\" class=\"wpcf7-intl-tel-full\" \/><input type=\"hidden\" name=\"your-tel-cf7it-country-name\" class=\"wpcf7-intl-tel-country-name\" \/><input type=\"hidden\" name=\"your-tel-cf7it-country-code\" class=\"wpcf7-intl-tel-country-code\" \/><\/span>\n\t\t\t<\/p>\n\t\t<\/div>\n\t<\/div>\n\t<div class=\"form-row\">\n\t\t<div class=\"column-full\">\n\t\t\t<p><span class=\"wpcf7-form-control-wrap\" data-name=\"your-message\"><textarea cols=\"10\" rows=\"10\" maxlength=\"2000\" class=\"wpcf7-form-control wpcf7-textarea\" aria-invalid=\"false\" placeholder=\"Vous avez des questions ou des besoins sp\u00e9cifiques ? Mentionnez-les ici...\" name=\"your-message\"><\/textarea><\/span>\n\t\t\t<\/p>\n\t\t<\/div>\n\t<\/div>\n\t<div class=\"form-row\">\n\t\t<div class=\"column-full\">\n\t\t\t<p><input class=\"wpcf7-form-control wpcf7-submit has-spinner\" type=\"submit\" value=\"Envoyer ma demande maintenant\" \/>\n\t\t\t<\/p>\n\t\t<\/div>\n\t<\/div>\n<\/div><!--end responsive-form-->\n<p style=\"text-align: center;\"><small>Ce site est prot\u00e9g\u00e9 par reCAPTCHA et la technologie Google <a href=\"https:\/\/policies.google.com\/privacy\">Politique de confidentialit\u00e9<\/a> et <a href=\"https:\/\/policies.google.com\/terms\">Conditions d'utilisation<\/a> s'appliquer.<\/small>\n<\/p><div class=\"wpcf7-response-output\" aria-hidden=\"true\"><\/div>\n<input type=\"hidden\" name=\"trp-form-language\" value=\"fr\"\/><\/form>\n<\/div>","protected":false},"excerpt":{"rendered":"<p>Sotogrande Guide est un portail communautaire avec un contenu frais et int\u00e9ressant pour les individus, les couples et les familles qui vivent ou travaillent \u00e0 Sotogrande et pour tous ceux du monde entier qui envisagent de s'installer ou d'investir \u00e0 Sotogrande. Notre guide pr\u00e9sente les entreprises locales, y compris les caf\u00e9s, les bars et les restaurants, les h\u00f4tels, les pharmacies, les architectes, les \u00e9coles, les coiffeurs, les v\u00e9t\u00e9rinaires, les avocats, ... <a title=\"A propos de\" class=\"read-more\" href=\"https:\/\/www.sotograndeguide.com\/fr\/about\/\" aria-label=\"En savoir plus sur A propos\">Lire plus<\/a><\/p>","protected":false},"author":1,"featured_media":0,"parent":0,"menu_order":0,"comment_status":"closed","ping_status":"closed","template":"","meta":{"footnotes":""},"class_list":["post-44","page","type-page","status-publish"],"yoast_head":"<!-- This site is optimized with the Yoast SEO Premium plugin v20.5 (Yoast SEO v27.4) - https:\/\/yoast.com\/product\/yoast-seo-premium-wordpress\/ -->\n<title>About<\/title>\n<meta name=\"robots\" content=\"index, follow, max-snippet:-1, max-image-preview:large, max-video-preview:-1\" \/>\n<link rel=\"canonical\" href=\"https:\/\/www.sotograndeguide.com\/fr\/a-propos-de\/\" \/>\n<meta property=\"og:locale\" content=\"fr_FR\" \/>\n<meta property=\"og:type\" content=\"article\" \/>\n<meta property=\"og:title\" content=\"About\" \/>\n<meta property=\"og:description\" content=\"Sotogrande Guide is a community portal with fresh, value packed content for individuals, couples and families living or working in Sotogrande and for all those from around the world that are considering moving to or investing in Sotogrande. Our guide features local businesses including cafes, bars and restaurants, hotels, pharmacies, architects, schools, hairdressers, veterinarians, lawyers, ... Lire plus\" \/>\n<meta property=\"og:url\" content=\"https:\/\/www.sotograndeguide.com\/fr\/a-propos-de\/\" \/>\n<meta property=\"og:site_name\" content=\"Sotogrande Guide\" \/>\n<meta property=\"article:publisher\" content=\"https:\/\/www.facebook.com\/sotograndeguide\" \/>\n<meta property=\"article:modified_time\" content=\"2021-04-22T11:42:36+00:00\" \/>\n<meta property=\"og:image\" content=\"https:\/\/www.sotograndeguide.com\/wp-content\/uploads\/2017\/03\/Sotogrande-Logo-GUIDE.png\" \/>\n\t<meta property=\"og:image:width\" content=\"300\" \/>\n\t<meta property=\"og:image:height\" content=\"300\" \/>\n\t<meta property=\"og:image:type\" content=\"image\/png\" \/>\n<meta name=\"twitter:card\" content=\"summary_large_image\" \/>\n<meta name=\"twitter:site\" content=\"@sotograndeguide\" \/>\n<meta name=\"twitter:label1\" content=\"Est. reading time\" \/>\n\t<meta name=\"twitter:data1\" content=\"1 minute\" \/>\n<!-- \/ Yoast SEO Premium plugin. -->","yoast_head_json":{"title":"A propos de","robots":{"index":"index","follow":"follow","max-snippet":"max-snippet:-1","max-image-preview":"max-image-preview:large","max-video-preview":"max-video-preview:-1"},"canonical":"https:\/\/www.sotograndeguide.com\/fr\/a-propos-de\/","og_locale":"fr_FR","og_type":"article","og_title":"About","og_description":"Sotogrande Guide is a community portal with fresh, value packed content for individuals, couples and families living or working in Sotogrande and for all those from around the world that are considering moving to or investing in Sotogrande. Our guide features local businesses including cafes, bars and restaurants, hotels, pharmacies, architects, schools, hairdressers, veterinarians, lawyers, ... Lire plus","og_url":"https:\/\/www.sotograndeguide.com\/fr\/a-propos-de\/","og_site_name":"Sotogrande Guide","article_publisher":"https:\/\/www.facebook.com\/sotograndeguide","article_modified_time":"2021-04-22T11:42:36+00:00","og_image":[{"width":300,"height":300,"url":"https:\/\/www.sotograndeguide.com\/wp-content\/uploads\/2017\/03\/Sotogrande-Logo-GUIDE.png","type":"image\/png"}],"twitter_card":"summary_large_image","twitter_site":"@sotograndeguide","twitter_misc":{"Est. reading time":"1 minute"},"schema":{"@context":"https:\/\/schema.org","@graph":[{"@type":"WebPage","@id":"https:\/\/www.sotograndeguide.com\/about\/","url":"https:\/\/www.sotograndeguide.com\/about\/","name":"A propos de","isPartOf":{"@id":"https:\/\/www.sotograndeguide.com\/#website"},"datePublished":"2017-01-30T14:53:49+00:00","dateModified":"2021-04-22T11:42:36+00:00","breadcrumb":{"@id":"https:\/\/www.sotograndeguide.com\/about\/#breadcrumb"},"inLanguage":"fr-FR","potentialAction":[{"@type":"ReadAction","target":["https:\/\/www.sotograndeguide.com\/about\/"]}]},{"@type":"BreadcrumbList","@id":"https:\/\/www.sotograndeguide.com\/about\/#breadcrumb","itemListElement":[{"@type":"ListItem","position":1,"name":"Home","item":"https:\/\/www.sotograndeguide.com\/"},{"@type":"ListItem","position":2,"name":"About"}]},{"@type":"WebSite","@id":"https:\/\/www.sotograndeguide.com\/#website","url":"https:\/\/www.sotograndeguide.com\/","name":"Guide de Sotogrande","description":"Nouvelles, conseils, \u00e9v\u00e9nements et critiques","publisher":{"@id":"https:\/\/www.sotograndeguide.com\/#organization"},"potentialAction":[{"@type":"SearchAction","target":{"@type":"EntryPoint","urlTemplate":"https:\/\/www.sotograndeguide.com\/?s={search_term_string}"},"query-input":{"@type":"PropertyValueSpecification","valueRequired":true,"valueName":"search_term_string"}}],"inLanguage":"fr-FR"},{"@type":"Organization","@id":"https:\/\/www.sotograndeguide.com\/#organization","name":"Guide de Sotogrande","url":"https:\/\/www.sotograndeguide.com\/","logo":{"@type":"ImageObject","inLanguage":"fr-FR","@id":"https:\/\/www.sotograndeguide.com\/#\/schema\/logo\/image\/","url":"https:\/\/www.sotograndeguide.com\/wp-content\/uploads\/2017\/03\/Sotogrande-Logo-GUIDE.png","contentUrl":"https:\/\/www.sotograndeguide.com\/wp-content\/uploads\/2017\/03\/Sotogrande-Logo-GUIDE.png","width":300,"height":300,"caption":"Sotogrande Guide"},"image":{"@id":"https:\/\/www.sotograndeguide.com\/#\/schema\/logo\/image\/"},"sameAs":["https:\/\/www.facebook.com\/sotograndeguide","https:\/\/x.com\/sotograndeguide","https:\/\/www.tiktok.com\/@sotograndeguide","https:\/\/www.youtube.com\/@SotograndeGuide"]}]}},"jetpack_sharing_enabled":true,"_links":{"self":[{"href":"https:\/\/www.sotograndeguide.com\/fr\/wp-json\/wp\/v2\/pages\/44","targetHints":{"allow":["GET"]}}],"collection":[{"href":"https:\/\/www.sotograndeguide.com\/fr\/wp-json\/wp\/v2\/pages"}],"about":[{"href":"https:\/\/www.sotograndeguide.com\/fr\/wp-json\/wp\/v2\/types\/page"}],"author":[{"embeddable":true,"href":"https:\/\/www.sotograndeguide.com\/fr\/wp-json\/wp\/v2\/users\/1"}],"replies":[{"embeddable":true,"href":"https:\/\/www.sotograndeguide.com\/fr\/wp-json\/wp\/v2\/comments?post=44"}],"version-history":[{"count":0,"href":"https:\/\/www.sotograndeguide.com\/fr\/wp-json\/wp\/v2\/pages\/44\/revisions"}],"wp:attachment":[{"href":"https:\/\/www.sotograndeguide.com\/fr\/wp-json\/wp\/v2\/media?parent=44"}],"curies":[{"name":"wp","href":"https:\/\/api.w.org\/{rel}","templated":true}]}}