{"id":35884,"date":"2023-04-17T10:26:20","date_gmt":"2023-04-17T10:26:20","guid":{"rendered":"https:\/\/www.sotograndeguide.com\/?page_id=35884"},"modified":"2025-01-20T11:20:08","modified_gmt":"2025-01-20T11:20:08","slug":"resume","status":"publish","type":"page","link":"https:\/\/www.sotograndeguide.com\/fr\/sotogrande-restaurants\/summum\/","title":{"rendered":"Summum Torreguadiaro"},"content":{"rendered":"<p><strong>Summum Torreguadiaro : une exp\u00e9rience culinaire de premier ordre \u00e0 proximit\u00e9 de Sotogrande.<\/strong><\/p>\n<p>Summum Torreguadiaro, une destination gastronomique exceptionnelle, s'est rapidement impos\u00e9e comme un \u00e9tablissement incontournable de la r\u00e9gion de Sotogrande. Ouvert par le c\u00e9l\u00e8bre groupe \u00e0 l'origine de Las Brisas \u00e0 La L\u00ednea de la Concepci\u00f3n, le restaurant Summum de Torreguadiaro allie parfaitement innovation, tradition et saveurs exquises pour offrir une exp\u00e9rience culinaire inoubliable. Cet \u00e9tablissement polyvalent est divis\u00e9 en deux espaces distincts afin de r\u00e9pondre \u00e0 toutes les pr\u00e9f\u00e9rences en mati\u00e8re de restauration.<\/p>\n<p>D'une part, le <strong>espace restaurant<\/strong> est sp\u00e9cialis\u00e9 dans les viandes vieillies, offrant une s\u00e9lection all\u00e9chante de morceaux et de races qui sont pr\u00e9par\u00e9s de mani\u00e8re experte sur le gril pour mettre en valeur leurs saveurs uniques. Outre ces d\u00e9lices grill\u00e9s, le restaurant sert un \u00e9ventail de plats d'inspiration m\u00e9diterran\u00e9enne \u00e9labor\u00e9s avec les meilleurs ingr\u00e9dients de saison, mettant en valeur le riche patrimoine culinaire de la r\u00e9gion.<\/p>\n<p>D'autre part, le <strong>Espace gastrotapas<\/strong> invite les clients \u00e0 profiter d'une exp\u00e9rience culinaire plus d\u00e9contract\u00e9e, mais tout aussi raffin\u00e9e. Ici, l'accent est mis sur les \"gastrotapas\", une version moderne des tapas traditionnelles agr\u00e9ment\u00e9e d'une touche cr\u00e9ative. Le menu s'inspire de la cuisine du march\u00e9 local et m\u00e9lange habilement des recettes classiques avec des \u00e9l\u00e9ments de fusion audacieux et caract\u00e9ristiques pour ravir le palais.<\/p>\n<p>Que vous soyez d'humeur \u00e0 d\u00e9guster un copieux repas m\u00e9diterran\u00e9en ou une s\u00e9lection de tapas innovantes, le Summum Sotogrande vous promet une exp\u00e9rience culinaire qui r\u00e9pondra \u00e0 tous les go\u00fbts. L'\u00e9tablissement pr\u00e9sente une ambiance \u00e9l\u00e9gante et accueillante, avec une terrasse spacieuse qui permet aux clients de d\u00e9guster leurs repas dans un cadre ext\u00e9rieur d\u00e9contract\u00e9. Avec une capacit\u00e9 totale d'environ 120 personnes, le Summum Sotogrande est le lieu id\u00e9al pour les r\u00e9unions intimes, les repas de famille ou les c\u00e9l\u00e9brations.<\/p>\n<p>Pour ceux qui recherchent une cuisine exceptionnelle et un service impeccable dans une atmosph\u00e8re vibrante mais \u00e9l\u00e9gante, Summum Sotogrande se distingue comme un joyau culinaire sur la sc\u00e8ne gastronomique de Sotogrande. Visitez Summum Sotogrande d\u00e8s aujourd'hui et laissez-vous tenter par un voyage gastronomique sans pareil.<\/p>\n<p><strong>Restaurant Summum<\/strong><br \/>\nCuisine : International, Viande, Grill<br \/>\nAdresse : Av. Mar del Sur, 86, 11312 Torreguadiaro<br \/>\nT\u00e9l\u00e9phone : <a href=\"tel:+34956067559\">956067559<\/a><\/p>","protected":false},"excerpt":{"rendered":"<p>Summum Torreguadiaro : une exp\u00e9rience culinaire de premier ordre \u00e0 proximit\u00e9 de Sotogrande. Summum Torreguadiaro, une destination gastronomique exceptionnelle, s'est rapidement impos\u00e9e comme un \u00e9tablissement incontournable dans la r\u00e9gion de Sotogrande. Ouvert par le c\u00e9l\u00e8bre groupe \u00e0 l'origine de Las Brisas \u00e0 La L\u00ednea de la Concepci\u00f3n, le restaurant Summum de Torreguadiaro est un m\u00e9lange parfait d'innovation, de tradition et d'exquis ... <a title=\"Summum Torreguadiaro\" class=\"read-more\" href=\"https:\/\/www.sotograndeguide.com\/fr\/sotogrande-restaurants\/summum\/\" aria-label=\"En savoir plus sur Summum Torreguadiaro\">Lire plus<\/a><\/p>","protected":false},"author":1,"featured_media":35886,"parent":91,"menu_order":0,"comment_status":"closed","ping_status":"closed","template":"","meta":{"footnotes":""},"class_list":["post-35884","page","type-page","status-publish","has-post-thumbnail"],"yoast_head":"<!-- This site is optimized with the Yoast SEO Premium plugin v20.5 (Yoast SEO v27.4) - https:\/\/yoast.com\/product\/yoast-seo-premium-wordpress\/ -->\n<title>Summum Torreguadiaro<\/title>\n<meta name=\"robots\" content=\"index, follow, max-snippet:-1, max-image-preview:large, max-video-preview:-1\" \/>\n<link rel=\"canonical\" href=\"https:\/\/www.sotograndeguide.com\/fr\/restaurants-de-sotogrande\/resume\/\" \/>\n<meta property=\"og:locale\" content=\"fr_FR\" \/>\n<meta property=\"og:type\" content=\"article\" \/>\n<meta property=\"og:title\" content=\"Summum Torreguadiaro\" \/>\n<meta property=\"og:description\" content=\"Summum Torreguadiaro: A Premier Culinary Experience next to Sotogrande. Summum Torreguadiaro, an exceptional dining destination, has quickly gained recognition as a must-visit establishment in the Sotogrande area. Opened by the renowned group behind Las Brisas in La L\u00ednea de la Concepci\u00f3n, Summum Restaurant in Torreguadiaro brings together a perfect blend of innovation, tradition, and exquisite ... Lire plus\" \/>\n<meta property=\"og:url\" content=\"https:\/\/www.sotograndeguide.com\/fr\/restaurants-de-sotogrande\/resume\/\" \/>\n<meta property=\"og:site_name\" content=\"Sotogrande Guide\" \/>\n<meta property=\"article:publisher\" content=\"https:\/\/www.facebook.com\/sotograndeguide\" \/>\n<meta property=\"article:modified_time\" content=\"2025-01-20T11:20:08+00:00\" \/>\n<meta property=\"og:image\" content=\"https:\/\/www.sotograndeguide.com\/wp-content\/uploads\/2023\/04\/Summum-Torregudiaro-Restaurant.jpg\" \/>\n\t<meta property=\"og:image:width\" content=\"1040\" \/>\n\t<meta property=\"og:image:height\" content=\"780\" \/>\n\t<meta property=\"og:image:type\" content=\"image\/jpeg\" \/>\n<meta name=\"twitter:card\" content=\"summary_large_image\" \/>\n<meta name=\"twitter:site\" content=\"@sotograndeguide\" \/>\n<meta name=\"twitter:label1\" content=\"Est. reading time\" \/>\n\t<meta name=\"twitter:data1\" content=\"2 minutes\" \/>\n<!-- \/ Yoast SEO Premium plugin. -->","yoast_head_json":{"title":"Summum Torreguadiaro","robots":{"index":"index","follow":"follow","max-snippet":"max-snippet:-1","max-image-preview":"max-image-preview:large","max-video-preview":"max-video-preview:-1"},"canonical":"https:\/\/www.sotograndeguide.com\/fr\/restaurants-de-sotogrande\/resume\/","og_locale":"fr_FR","og_type":"article","og_title":"Summum Torreguadiaro","og_description":"Summum Torreguadiaro: A Premier Culinary Experience next to Sotogrande. Summum Torreguadiaro, an exceptional dining destination, has quickly gained recognition as a must-visit establishment in the Sotogrande area. Opened by the renowned group behind Las Brisas in La L\u00ednea de la Concepci\u00f3n, Summum Restaurant in Torreguadiaro brings together a perfect blend of innovation, tradition, and exquisite ... Lire plus","og_url":"https:\/\/www.sotograndeguide.com\/fr\/restaurants-de-sotogrande\/resume\/","og_site_name":"Sotogrande Guide","article_publisher":"https:\/\/www.facebook.com\/sotograndeguide","article_modified_time":"2025-01-20T11:20:08+00:00","og_image":[{"width":1040,"height":780,"url":"https:\/\/www.sotograndeguide.com\/wp-content\/uploads\/2023\/04\/Summum-Torregudiaro-Restaurant.jpg","type":"image\/jpeg"}],"twitter_card":"summary_large_image","twitter_site":"@sotograndeguide","twitter_misc":{"Est. reading time":"2 minutes"},"schema":{"@context":"https:\/\/schema.org","@graph":[{"@type":"WebPage","@id":"https:\/\/www.sotograndeguide.com\/sotogrande-restaurants\/summum\/","url":"https:\/\/www.sotograndeguide.com\/sotogrande-restaurants\/summum\/","name":"Summum Torreguadiaro","isPartOf":{"@id":"https:\/\/www.sotograndeguide.com\/#website"},"primaryImageOfPage":{"@id":"https:\/\/www.sotograndeguide.com\/sotogrande-restaurants\/summum\/#primaryimage"},"image":{"@id":"https:\/\/www.sotograndeguide.com\/sotogrande-restaurants\/summum\/#primaryimage"},"thumbnailUrl":"https:\/\/www.sotograndeguide.com\/wp-content\/uploads\/2023\/04\/Summum-Torregudiaro-Restaurant.jpg","datePublished":"2023-04-17T10:26:20+00:00","dateModified":"2025-01-20T11:20:08+00:00","breadcrumb":{"@id":"https:\/\/www.sotograndeguide.com\/sotogrande-restaurants\/summum\/#breadcrumb"},"inLanguage":"fr-FR","potentialAction":[{"@type":"ReadAction","target":["https:\/\/www.sotograndeguide.com\/sotogrande-restaurants\/summum\/"]}]},{"@type":"ImageObject","inLanguage":"fr-FR","@id":"https:\/\/www.sotograndeguide.com\/sotogrande-restaurants\/summum\/#primaryimage","url":"https:\/\/www.sotograndeguide.com\/wp-content\/uploads\/2023\/04\/Summum-Torregudiaro-Restaurant.jpg","contentUrl":"https:\/\/www.sotograndeguide.com\/wp-content\/uploads\/2023\/04\/Summum-Torregudiaro-Restaurant.jpg","width":1040,"height":780,"caption":"Summum Restaurant"},{"@type":"BreadcrumbList","@id":"https:\/\/www.sotograndeguide.com\/sotogrande-restaurants\/summum\/#breadcrumb","itemListElement":[{"@type":"ListItem","position":1,"name":"Home","item":"https:\/\/www.sotograndeguide.com\/"},{"@type":"ListItem","position":2,"name":"Sotogrande Restaurants","item":"https:\/\/www.sotograndeguide.com\/sotogrande-restaurants\/"},{"@type":"ListItem","position":3,"name":"Summum Torreguadiaro"}]},{"@type":"WebSite","@id":"https:\/\/www.sotograndeguide.com\/#website","url":"https:\/\/www.sotograndeguide.com\/","name":"Guide de Sotogrande","description":"Nouvelles, conseils, \u00e9v\u00e9nements et critiques","publisher":{"@id":"https:\/\/www.sotograndeguide.com\/#organization"},"potentialAction":[{"@type":"SearchAction","target":{"@type":"EntryPoint","urlTemplate":"https:\/\/www.sotograndeguide.com\/?s={search_term_string}"},"query-input":{"@type":"PropertyValueSpecification","valueRequired":true,"valueName":"search_term_string"}}],"inLanguage":"fr-FR"},{"@type":"Organization","@id":"https:\/\/www.sotograndeguide.com\/#organization","name":"Guide de Sotogrande","url":"https:\/\/www.sotograndeguide.com\/","logo":{"@type":"ImageObject","inLanguage":"fr-FR","@id":"https:\/\/www.sotograndeguide.com\/#\/schema\/logo\/image\/","url":"https:\/\/www.sotograndeguide.com\/wp-content\/uploads\/2017\/03\/Sotogrande-Logo-GUIDE.png","contentUrl":"https:\/\/www.sotograndeguide.com\/wp-content\/uploads\/2017\/03\/Sotogrande-Logo-GUIDE.png","width":300,"height":300,"caption":"Sotogrande Guide"},"image":{"@id":"https:\/\/www.sotograndeguide.com\/#\/schema\/logo\/image\/"},"sameAs":["https:\/\/www.facebook.com\/sotograndeguide","https:\/\/x.com\/sotograndeguide","https:\/\/www.tiktok.com\/@sotograndeguide","https:\/\/www.youtube.com\/@SotograndeGuide"]}]}},"jetpack_sharing_enabled":true,"_links":{"self":[{"href":"https:\/\/www.sotograndeguide.com\/fr\/wp-json\/wp\/v2\/pages\/35884","targetHints":{"allow":["GET"]}}],"collection":[{"href":"https:\/\/www.sotograndeguide.com\/fr\/wp-json\/wp\/v2\/pages"}],"about":[{"href":"https:\/\/www.sotograndeguide.com\/fr\/wp-json\/wp\/v2\/types\/page"}],"author":[{"embeddable":true,"href":"https:\/\/www.sotograndeguide.com\/fr\/wp-json\/wp\/v2\/users\/1"}],"replies":[{"embeddable":true,"href":"https:\/\/www.sotograndeguide.com\/fr\/wp-json\/wp\/v2\/comments?post=35884"}],"version-history":[{"count":0,"href":"https:\/\/www.sotograndeguide.com\/fr\/wp-json\/wp\/v2\/pages\/35884\/revisions"}],"up":[{"embeddable":true,"href":"https:\/\/www.sotograndeguide.com\/fr\/wp-json\/wp\/v2\/pages\/91"}],"wp:featuredmedia":[{"embeddable":true,"href":"https:\/\/www.sotograndeguide.com\/fr\/wp-json\/wp\/v2\/media\/35886"}],"wp:attachment":[{"href":"https:\/\/www.sotograndeguide.com\/fr\/wp-json\/wp\/v2\/media?parent=35884"}],"curies":[{"name":"wp","href":"https:\/\/api.w.org\/{rel}","templated":true}]}}