{"id":35854,"date":"2023-04-17T09:22:10","date_gmt":"2023-04-17T09:22:10","guid":{"rendered":"https:\/\/www.sotograndeguide.com\/?page_id=35854"},"modified":"2023-04-17T09:39:36","modified_gmt":"2023-04-17T09:39:36","slug":"so-sotogrande","status":"publish","type":"page","link":"https:\/\/www.sotograndeguide.com\/fr\/sotogrande-hotels\/so-sotogrande\/","title":{"rendered":"SO\/ Sotogrande"},"content":{"rendered":"<p><a href=\"http:\/\/www.booking.com\/hotel\/es\/nhalmenaragolf.html?aid=1233189&amp;no_rooms=1&amp;group_adults=1&amp;label=sotograndeguide\" target=\"_blank\" rel=\"noopener noreferrer\">H\u00f4tel SO\/ Sotogrande<\/a> se trouve \u00e0 Sotogrande Alto, au bord de l'eau. <a href=\"https:\/\/www.sotograndeguide.com\/fr\/golf-de-sotogrande\/club-de-golf-almenara\/\" target=\"_blank\" rel=\"noopener noreferrer\">Terrain de golf d'Almenara<\/a>.<\/p>\n<p>L'h\u00f4tel SO\/ Sotogrande Spa &amp; Golf Resort dispose d'un fantastique spa avec une piscine int\u00e9rieure ouverte toute l'ann\u00e9e, qui vaut le d\u00e9tour.<\/p>\n<p>L'h\u00f4tel est entour\u00e9 par la nature. C'est un h\u00f4tel tranquille, id\u00e9al pour les amateurs de golf ou pour une escapade romantique.<\/p>\n<div id='gallery-1' class='gallery galleryid-35854 gallery-columns-4 gallery-size-medium'><figure class='gallery-item'>\n\t\t\t<div class='gallery-icon landscape'>\n\t\t\t\t<a href='https:\/\/www.sotograndeguide.com\/wp-content\/uploads\/2023\/04\/SO-Sotogrande-Hotel.jpg'><img decoding=\"async\" width=\"300\" height=\"191\" src=\"https:\/\/www.sotograndeguide.com\/wp-content\/uploads\/2023\/04\/SO-Sotogrande-Hotel-300x191.jpg\" class=\"attachment-medium size-medium\" alt=\"\" srcset=\"https:\/\/www.sotograndeguide.com\/wp-content\/uploads\/2023\/04\/SO-Sotogrande-Hotel-300x191.jpg 300w, https:\/\/www.sotograndeguide.com\/wp-content\/uploads\/2023\/04\/SO-Sotogrande-Hotel-1024x652.jpg 1024w, https:\/\/www.sotograndeguide.com\/wp-content\/uploads\/2023\/04\/SO-Sotogrande-Hotel-768x489.jpg 768w, https:\/\/www.sotograndeguide.com\/wp-content\/uploads\/2023\/04\/SO-Sotogrande-Hotel-1536x978.jpg 1536w, https:\/\/www.sotograndeguide.com\/wp-content\/uploads\/2023\/04\/SO-Sotogrande-Hotel.jpg 1885w\" sizes=\"(max-width: 300px) 100vw, 300px\" \/><\/a>\n\t\t\t<\/div><\/figure><figure class='gallery-item'>\n\t\t\t<div class='gallery-icon landscape'>\n\t\t\t\t<a href='https:\/\/www.sotograndeguide.com\/wp-content\/uploads\/2023\/04\/SO-Sotogrande-Spa-Golf-Resort-Garden.jpg'><img decoding=\"async\" width=\"300\" height=\"200\" src=\"https:\/\/www.sotograndeguide.com\/wp-content\/uploads\/2023\/04\/SO-Sotogrande-Spa-Golf-Resort-Garden-300x200.jpg\" class=\"attachment-medium size-medium\" alt=\"SO\/ Sotogrande Spa &amp; Golf Resort\" srcset=\"https:\/\/www.sotograndeguide.com\/wp-content\/uploads\/2023\/04\/SO-Sotogrande-Spa-Golf-Resort-Garden-300x200.jpg 300w, https:\/\/www.sotograndeguide.com\/wp-content\/uploads\/2023\/04\/SO-Sotogrande-Spa-Golf-Resort-Garden-1024x683.jpg 1024w, https:\/\/www.sotograndeguide.com\/wp-content\/uploads\/2023\/04\/SO-Sotogrande-Spa-Golf-Resort-Garden-768x512.jpg 768w, https:\/\/www.sotograndeguide.com\/wp-content\/uploads\/2023\/04\/SO-Sotogrande-Spa-Golf-Resort-Garden.jpg 1200w\" sizes=\"(max-width: 300px) 100vw, 300px\" \/><\/a>\n\t\t\t<\/div><\/figure><figure class='gallery-item'>\n\t\t\t<div class='gallery-icon landscape'>\n\t\t\t\t<a href='https:\/\/www.sotograndeguide.com\/wp-content\/uploads\/2023\/04\/SO-Sotogrande-Spa-Golf-Resort.jpg'><img decoding=\"async\" width=\"300\" height=\"169\" src=\"https:\/\/www.sotograndeguide.com\/wp-content\/uploads\/2023\/04\/SO-Sotogrande-Spa-Golf-Resort-300x169.jpg\" class=\"attachment-medium size-medium\" alt=\"SO\/ Sotogrande Spa &amp; Golf Resort\" srcset=\"https:\/\/www.sotograndeguide.com\/wp-content\/uploads\/2023\/04\/SO-Sotogrande-Spa-Golf-Resort-300x169.jpg 300w, https:\/\/www.sotograndeguide.com\/wp-content\/uploads\/2023\/04\/SO-Sotogrande-Spa-Golf-Resort-1024x575.jpg 1024w, https:\/\/www.sotograndeguide.com\/wp-content\/uploads\/2023\/04\/SO-Sotogrande-Spa-Golf-Resort-768x431.jpg 768w, https:\/\/www.sotograndeguide.com\/wp-content\/uploads\/2023\/04\/SO-Sotogrande-Spa-Golf-Resort-1536x863.jpg 1536w, https:\/\/www.sotograndeguide.com\/wp-content\/uploads\/2023\/04\/SO-Sotogrande-Spa-Golf-Resort-2048x1151.jpg 2048w\" sizes=\"(max-width: 300px) 100vw, 300px\" \/><\/a>\n\t\t\t<\/div><\/figure><figure class='gallery-item'>\n\t\t\t<div class='gallery-icon landscape'>\n\t\t\t\t<a href='https:\/\/www.sotograndeguide.com\/wp-content\/uploads\/2023\/04\/SO-Sotogrande-Spa-Golf-Resort-Pool.jpg'><img decoding=\"async\" width=\"300\" height=\"198\" src=\"https:\/\/www.sotograndeguide.com\/wp-content\/uploads\/2023\/04\/SO-Sotogrande-Spa-Golf-Resort-Pool-300x198.jpg\" class=\"attachment-medium size-medium\" alt=\"SO\/ Sotogrande Spa &amp; Golf Resort\" srcset=\"https:\/\/www.sotograndeguide.com\/wp-content\/uploads\/2023\/04\/SO-Sotogrande-Spa-Golf-Resort-Pool-300x198.jpg 300w, https:\/\/www.sotograndeguide.com\/wp-content\/uploads\/2023\/04\/SO-Sotogrande-Spa-Golf-Resort-Pool-1024x676.jpg 1024w, https:\/\/www.sotograndeguide.com\/wp-content\/uploads\/2023\/04\/SO-Sotogrande-Spa-Golf-Resort-Pool-768x507.jpg 768w, https:\/\/www.sotograndeguide.com\/wp-content\/uploads\/2023\/04\/SO-Sotogrande-Spa-Golf-Resort-Pool-1536x1014.jpg 1536w, https:\/\/www.sotograndeguide.com\/wp-content\/uploads\/2023\/04\/SO-Sotogrande-Spa-Golf-Resort-Pool.jpg 1817w\" sizes=\"(max-width: 300px) 100vw, 300px\" \/><\/a>\n\t\t\t<\/div><\/figure>\n\t\t<\/div>\n\n<p><a href=\"http:\/\/www.booking.com\/hotel\/es\/nhalmenaragolf.html?aid=1233189&amp;no_rooms=1&amp;group_adults=1&amp;label=sotograndeguide\" target=\"_blank\" rel=\"noopener noreferrer\">V\u00e9rifier les meilleurs tarifs pour l'H\u00f4tel SO\/ Sotogrande \u00e0 Sotogrande<\/a>.<br \/>\n<a href=\"https:\/\/www.sotograndeguide.com\/fr\/hotels-sotogrande\/\">D\u00e9couvrez d'autres h\u00f4tels dans et autour de Sotogrande<\/a>.<br \/>\n<a href=\"https:\/\/www.sotograndeguide.com\/fr\/concierge-de-sotogrande\/\" target=\"_blank\" rel=\"noopener noreferrer\">Vous avez des questions sur cet h\u00f4tel ? Parlez au concierge de Sotogrande<\/a>.<\/p>\n<p><strong>H\u00f4tel SO\/ Sotogrande Spa &amp; Golf Resort<\/strong><br \/>\nAdresse : Av. Almenara, s\/n, 11360 Sotogrande, C\u00e1diz<br \/>\nT\u00e9l\u00e9phone : <a href=\"tel:+34956582000\">956582000<\/a><\/p>","protected":false},"excerpt":{"rendered":"<p>L'h\u00f4tel SO\/ Sotogrande se trouve \u00e0 Sotogrande Alto, pr\u00e8s du terrain de golf d'Almenara. L'h\u00f4tel SO\/ Sotogrande Spa &amp; Golf Resort dispose d'un fantastique spa avec une piscine int\u00e9rieure ouverte toute l'ann\u00e9e, qui vaut la peine d'\u00eatre visit\u00e9e. L'h\u00f4tel est entour\u00e9 par la nature. Il s'agit d'un h\u00f4tel tranquille, parfait pour les personnes souhaitant jouer au golf ou... <a title=\"SO\/ Sotogrande\" class=\"read-more\" href=\"https:\/\/www.sotograndeguide.com\/fr\/sotogrande-hotels\/so-sotogrande\/\" aria-label=\"En savoir plus sur SO\/ Sotogrande\">Lire plus<\/a><\/p>","protected":false},"author":1,"featured_media":35856,"parent":94,"menu_order":0,"comment_status":"closed","ping_status":"closed","template":"","meta":{"footnotes":""},"class_list":["post-35854","page","type-page","status-publish","has-post-thumbnail"],"yoast_head":"<!-- This site is optimized with the Yoast SEO Premium plugin v20.5 (Yoast SEO v27.5) - https:\/\/yoast.com\/product\/yoast-seo-premium-wordpress\/ -->\n<title>SO\/ Sotogrande<\/title>\n<meta name=\"robots\" content=\"index, follow, max-snippet:-1, max-image-preview:large, max-video-preview:-1\" \/>\n<link rel=\"canonical\" href=\"https:\/\/www.sotograndeguide.com\/fr\/hotels-sotogrande\/so-sotogrande\/\" \/>\n<meta property=\"og:locale\" content=\"fr_FR\" \/>\n<meta property=\"og:type\" content=\"article\" \/>\n<meta property=\"og:title\" content=\"SO\/ Sotogrande\" \/>\n<meta property=\"og:description\" content=\"Hotel SO\/ Sotogrande is in Sotogrande Alto, by the Almenara Golf Course. The Hotel SO\/ Sotogrande Spa &amp; Golf Resort offers a fantastic Spa with an indoor pool open all year around, well worth the visit. The hotel is surrounded by nature. This is a tranquil hotel, perfect for those looking to enjoy Golf or ... Lire plus\" \/>\n<meta property=\"og:url\" content=\"https:\/\/www.sotograndeguide.com\/fr\/hotels-sotogrande\/so-sotogrande\/\" \/>\n<meta property=\"og:site_name\" content=\"Sotogrande Guide\" \/>\n<meta property=\"article:publisher\" content=\"https:\/\/www.facebook.com\/sotograndeguide\" \/>\n<meta property=\"article:modified_time\" content=\"2023-04-17T09:39:36+00:00\" \/>\n<meta property=\"og:image\" content=\"https:\/\/www.sotograndeguide.com\/wp-content\/uploads\/2023\/04\/SO-Sotogrande-Spa-Golf-Resort.jpg\" \/>\n\t<meta property=\"og:image:width\" content=\"2136\" \/>\n\t<meta property=\"og:image:height\" content=\"1200\" \/>\n\t<meta property=\"og:image:type\" content=\"image\/jpeg\" \/>\n<meta name=\"twitter:card\" content=\"summary_large_image\" \/>\n<meta name=\"twitter:site\" content=\"@sotograndeguide\" \/>\n<meta name=\"twitter:label1\" content=\"Est. reading time\" \/>\n\t<meta name=\"twitter:data1\" content=\"1 minute\" \/>\n<!-- \/ Yoast SEO Premium plugin. -->","yoast_head_json":{"title":"SO\/ Sotogrande","robots":{"index":"index","follow":"follow","max-snippet":"max-snippet:-1","max-image-preview":"max-image-preview:large","max-video-preview":"max-video-preview:-1"},"canonical":"https:\/\/www.sotograndeguide.com\/fr\/hotels-sotogrande\/so-sotogrande\/","og_locale":"fr_FR","og_type":"article","og_title":"SO\/ Sotogrande","og_description":"Hotel SO\/ Sotogrande is in Sotogrande Alto, by the Almenara Golf Course. The Hotel SO\/ Sotogrande Spa &amp; Golf Resort offers a fantastic Spa with an indoor pool open all year around, well worth the visit. The hotel is surrounded by nature. This is a tranquil hotel, perfect for those looking to enjoy Golf or ... Lire plus","og_url":"https:\/\/www.sotograndeguide.com\/fr\/hotels-sotogrande\/so-sotogrande\/","og_site_name":"Sotogrande Guide","article_publisher":"https:\/\/www.facebook.com\/sotograndeguide","article_modified_time":"2023-04-17T09:39:36+00:00","og_image":[{"width":2136,"height":1200,"url":"https:\/\/www.sotograndeguide.com\/wp-content\/uploads\/2023\/04\/SO-Sotogrande-Spa-Golf-Resort.jpg","type":"image\/jpeg"}],"twitter_card":"summary_large_image","twitter_site":"@sotograndeguide","twitter_misc":{"Est. reading time":"1 minute"},"schema":{"@context":"https:\/\/schema.org","@graph":[{"@type":"WebPage","@id":"https:\/\/www.sotograndeguide.com\/sotogrande-hotels\/so-sotogrande\/","url":"https:\/\/www.sotograndeguide.com\/sotogrande-hotels\/so-sotogrande\/","name":"SO\/ Sotogrande","isPartOf":{"@id":"https:\/\/www.sotograndeguide.com\/#website"},"primaryImageOfPage":{"@id":"https:\/\/www.sotograndeguide.com\/sotogrande-hotels\/so-sotogrande\/#primaryimage"},"image":{"@id":"https:\/\/www.sotograndeguide.com\/sotogrande-hotels\/so-sotogrande\/#primaryimage"},"thumbnailUrl":"https:\/\/www.sotograndeguide.com\/wp-content\/uploads\/2023\/04\/SO-Sotogrande-Spa-Golf-Resort.jpg","datePublished":"2023-04-17T09:22:10+00:00","dateModified":"2023-04-17T09:39:36+00:00","breadcrumb":{"@id":"https:\/\/www.sotograndeguide.com\/sotogrande-hotels\/so-sotogrande\/#breadcrumb"},"inLanguage":"fr-FR","potentialAction":[{"@type":"ReadAction","target":["https:\/\/www.sotograndeguide.com\/sotogrande-hotels\/so-sotogrande\/"]}]},{"@type":"ImageObject","inLanguage":"fr-FR","@id":"https:\/\/www.sotograndeguide.com\/sotogrande-hotels\/so-sotogrande\/#primaryimage","url":"https:\/\/www.sotograndeguide.com\/wp-content\/uploads\/2023\/04\/SO-Sotogrande-Spa-Golf-Resort.jpg","contentUrl":"https:\/\/www.sotograndeguide.com\/wp-content\/uploads\/2023\/04\/SO-Sotogrande-Spa-Golf-Resort.jpg","width":2136,"height":1200,"caption":"SO\/ Sotogrande Spa & Golf Resort"},{"@type":"BreadcrumbList","@id":"https:\/\/www.sotograndeguide.com\/sotogrande-hotels\/so-sotogrande\/#breadcrumb","itemListElement":[{"@type":"ListItem","position":1,"name":"Home","item":"https:\/\/www.sotograndeguide.com\/"},{"@type":"ListItem","position":2,"name":"Sotogrande Hotels","item":"https:\/\/www.sotograndeguide.com\/sotogrande-hotels\/"},{"@type":"ListItem","position":3,"name":"SO\/ Sotogrande"}]},{"@type":"WebSite","@id":"https:\/\/www.sotograndeguide.com\/#website","url":"https:\/\/www.sotograndeguide.com\/","name":"Guide de Sotogrande","description":"Nouvelles, conseils, \u00e9v\u00e9nements et critiques","publisher":{"@id":"https:\/\/www.sotograndeguide.com\/#organization"},"potentialAction":[{"@type":"SearchAction","target":{"@type":"EntryPoint","urlTemplate":"https:\/\/www.sotograndeguide.com\/?s={search_term_string}"},"query-input":{"@type":"PropertyValueSpecification","valueRequired":true,"valueName":"search_term_string"}}],"inLanguage":"fr-FR"},{"@type":"Organization","@id":"https:\/\/www.sotograndeguide.com\/#organization","name":"Guide de Sotogrande","url":"https:\/\/www.sotograndeguide.com\/","logo":{"@type":"ImageObject","inLanguage":"fr-FR","@id":"https:\/\/www.sotograndeguide.com\/#\/schema\/logo\/image\/","url":"https:\/\/www.sotograndeguide.com\/wp-content\/uploads\/2017\/03\/Sotogrande-Logo-GUIDE.png","contentUrl":"https:\/\/www.sotograndeguide.com\/wp-content\/uploads\/2017\/03\/Sotogrande-Logo-GUIDE.png","width":300,"height":300,"caption":"Sotogrande Guide"},"image":{"@id":"https:\/\/www.sotograndeguide.com\/#\/schema\/logo\/image\/"},"sameAs":["https:\/\/www.facebook.com\/sotograndeguide","https:\/\/x.com\/sotograndeguide","https:\/\/www.tiktok.com\/@sotograndeguide","https:\/\/www.youtube.com\/@SotograndeGuide"]}]}},"jetpack_sharing_enabled":true,"_links":{"self":[{"href":"https:\/\/www.sotograndeguide.com\/fr\/wp-json\/wp\/v2\/pages\/35854","targetHints":{"allow":["GET"]}}],"collection":[{"href":"https:\/\/www.sotograndeguide.com\/fr\/wp-json\/wp\/v2\/pages"}],"about":[{"href":"https:\/\/www.sotograndeguide.com\/fr\/wp-json\/wp\/v2\/types\/page"}],"author":[{"embeddable":true,"href":"https:\/\/www.sotograndeguide.com\/fr\/wp-json\/wp\/v2\/users\/1"}],"replies":[{"embeddable":true,"href":"https:\/\/www.sotograndeguide.com\/fr\/wp-json\/wp\/v2\/comments?post=35854"}],"version-history":[{"count":0,"href":"https:\/\/www.sotograndeguide.com\/fr\/wp-json\/wp\/v2\/pages\/35854\/revisions"}],"up":[{"embeddable":true,"href":"https:\/\/www.sotograndeguide.com\/fr\/wp-json\/wp\/v2\/pages\/94"}],"wp:featuredmedia":[{"embeddable":true,"href":"https:\/\/www.sotograndeguide.com\/fr\/wp-json\/wp\/v2\/media\/35856"}],"wp:attachment":[{"href":"https:\/\/www.sotograndeguide.com\/fr\/wp-json\/wp\/v2\/media?parent=35854"}],"curies":[{"name":"wp","href":"https:\/\/api.w.org\/{rel}","templated":true}]}}