{"id":35848,"date":"2023-04-17T09:04:09","date_gmt":"2023-04-17T09:04:09","guid":{"rendered":"https:\/\/www.sotograndeguide.com\/?page_id=35848"},"modified":"2023-04-17T09:06:38","modified_gmt":"2023-04-17T09:06:38","slug":"casabon-sotogrande","status":"publish","type":"page","link":"https:\/\/www.sotograndeguide.com\/fr\/sotogrande-restaurants\/casabon-sotogrande\/","title":{"rendered":"Casabon Sotogrande"},"content":{"rendered":"<p><strong>Casabon Sotogrande<\/strong><br \/>\nCuisine : internationale<br \/>\nAdresse : Ribera del Marl\u00edn, Av. de la Marina, Local 30, 31, 11310 Sotogrande, C\u00e1diz<br \/>\nT\u00e9l\u00e9phone : <a href=\"tel:+34636310234\">636310234<\/a><\/p>","protected":false},"excerpt":{"rendered":"<p>Casabon Sotogrande Cuisine : Internationale Adresse : Ribera del Marl\u00edn, Av. de la Marina, Local 30, 31, 11310 Sotogrande, C\u00e1diz T\u00e9l\u00e9phone : 636310234<\/p>","protected":false},"author":1,"featured_media":35850,"parent":91,"menu_order":0,"comment_status":"closed","ping_status":"closed","template":"","meta":{"footnotes":""},"class_list":["post-35848","page","type-page","status-publish","has-post-thumbnail"],"yoast_head":"<!-- This site is optimized with the Yoast SEO Premium plugin v20.5 (Yoast SEO v27.4) - https:\/\/yoast.com\/product\/yoast-seo-premium-wordpress\/ -->\n<title>Casabon Sotogrande<\/title>\n<meta name=\"robots\" content=\"index, follow, max-snippet:-1, max-image-preview:large, max-video-preview:-1\" \/>\n<link rel=\"canonical\" href=\"https:\/\/www.sotograndeguide.com\/fr\/restaurants-de-sotogrande\/casabon-sotogrande\/\" \/>\n<meta property=\"og:locale\" content=\"fr_FR\" \/>\n<meta property=\"og:type\" content=\"article\" \/>\n<meta property=\"og:title\" content=\"Casabon Sotogrande\" \/>\n<meta property=\"og:description\" content=\"Casabon Sotogrande Cuisine: International Address: Ribera del Marl\u00edn, Av. de la Marina, Local 30, 31, 11310 Sotogrande, C\u00e1diz Telephone: 636310234\" \/>\n<meta property=\"og:url\" content=\"https:\/\/www.sotograndeguide.com\/fr\/restaurants-de-sotogrande\/casabon-sotogrande\/\" \/>\n<meta property=\"og:site_name\" content=\"Sotogrande Guide\" \/>\n<meta property=\"article:publisher\" content=\"https:\/\/www.facebook.com\/sotograndeguide\" \/>\n<meta property=\"article:modified_time\" content=\"2023-04-17T09:06:38+00:00\" \/>\n<meta property=\"og:image\" content=\"https:\/\/www.sotograndeguide.com\/wp-content\/uploads\/2023\/04\/Casabon-Sotogrande.jpg\" \/>\n\t<meta property=\"og:image:width\" content=\"1280\" \/>\n\t<meta property=\"og:image:height\" content=\"853\" \/>\n\t<meta property=\"og:image:type\" content=\"image\/jpeg\" \/>\n<meta name=\"twitter:card\" content=\"summary_large_image\" \/>\n<meta name=\"twitter:site\" content=\"@sotograndeguide\" \/>\n<!-- \/ Yoast SEO Premium plugin. -->","yoast_head_json":{"title":"Casabon Sotogrande","robots":{"index":"index","follow":"follow","max-snippet":"max-snippet:-1","max-image-preview":"max-image-preview:large","max-video-preview":"max-video-preview:-1"},"canonical":"https:\/\/www.sotograndeguide.com\/fr\/restaurants-de-sotogrande\/casabon-sotogrande\/","og_locale":"fr_FR","og_type":"article","og_title":"Casabon Sotogrande","og_description":"Casabon Sotogrande Cuisine: International Address: Ribera del Marl\u00edn, Av. de la Marina, Local 30, 31, 11310 Sotogrande, C\u00e1diz Telephone: 636310234","og_url":"https:\/\/www.sotograndeguide.com\/fr\/restaurants-de-sotogrande\/casabon-sotogrande\/","og_site_name":"Sotogrande Guide","article_publisher":"https:\/\/www.facebook.com\/sotograndeguide","article_modified_time":"2023-04-17T09:06:38+00:00","og_image":[{"width":1280,"height":853,"url":"https:\/\/www.sotograndeguide.com\/wp-content\/uploads\/2023\/04\/Casabon-Sotogrande.jpg","type":"image\/jpeg"}],"twitter_card":"summary_large_image","twitter_site":"@sotograndeguide","schema":{"@context":"https:\/\/schema.org","@graph":[{"@type":"WebPage","@id":"https:\/\/www.sotograndeguide.com\/sotogrande-restaurants\/casabon-sotogrande\/","url":"https:\/\/www.sotograndeguide.com\/sotogrande-restaurants\/casabon-sotogrande\/","name":"Casabon Sotogrande","isPartOf":{"@id":"https:\/\/www.sotograndeguide.com\/#website"},"primaryImageOfPage":{"@id":"https:\/\/www.sotograndeguide.com\/sotogrande-restaurants\/casabon-sotogrande\/#primaryimage"},"image":{"@id":"https:\/\/www.sotograndeguide.com\/sotogrande-restaurants\/casabon-sotogrande\/#primaryimage"},"thumbnailUrl":"https:\/\/www.sotograndeguide.com\/wp-content\/uploads\/2023\/04\/Casabon-Sotogrande.jpg","datePublished":"2023-04-17T09:04:09+00:00","dateModified":"2023-04-17T09:06:38+00:00","breadcrumb":{"@id":"https:\/\/www.sotograndeguide.com\/sotogrande-restaurants\/casabon-sotogrande\/#breadcrumb"},"inLanguage":"fr-FR","potentialAction":[{"@type":"ReadAction","target":["https:\/\/www.sotograndeguide.com\/sotogrande-restaurants\/casabon-sotogrande\/"]}]},{"@type":"ImageObject","inLanguage":"fr-FR","@id":"https:\/\/www.sotograndeguide.com\/sotogrande-restaurants\/casabon-sotogrande\/#primaryimage","url":"https:\/\/www.sotograndeguide.com\/wp-content\/uploads\/2023\/04\/Casabon-Sotogrande.jpg","contentUrl":"https:\/\/www.sotograndeguide.com\/wp-content\/uploads\/2023\/04\/Casabon-Sotogrande.jpg","width":1280,"height":853,"caption":"Casabon Sotogrande"},{"@type":"BreadcrumbList","@id":"https:\/\/www.sotograndeguide.com\/sotogrande-restaurants\/casabon-sotogrande\/#breadcrumb","itemListElement":[{"@type":"ListItem","position":1,"name":"Home","item":"https:\/\/www.sotograndeguide.com\/"},{"@type":"ListItem","position":2,"name":"Sotogrande Restaurants","item":"https:\/\/www.sotograndeguide.com\/sotogrande-restaurants\/"},{"@type":"ListItem","position":3,"name":"Casabon Sotogrande"}]},{"@type":"WebSite","@id":"https:\/\/www.sotograndeguide.com\/#website","url":"https:\/\/www.sotograndeguide.com\/","name":"Guide de Sotogrande","description":"Nouvelles, conseils, \u00e9v\u00e9nements et critiques","publisher":{"@id":"https:\/\/www.sotograndeguide.com\/#organization"},"potentialAction":[{"@type":"SearchAction","target":{"@type":"EntryPoint","urlTemplate":"https:\/\/www.sotograndeguide.com\/?s={search_term_string}"},"query-input":{"@type":"PropertyValueSpecification","valueRequired":true,"valueName":"search_term_string"}}],"inLanguage":"fr-FR"},{"@type":"Organization","@id":"https:\/\/www.sotograndeguide.com\/#organization","name":"Guide de Sotogrande","url":"https:\/\/www.sotograndeguide.com\/","logo":{"@type":"ImageObject","inLanguage":"fr-FR","@id":"https:\/\/www.sotograndeguide.com\/#\/schema\/logo\/image\/","url":"https:\/\/www.sotograndeguide.com\/wp-content\/uploads\/2017\/03\/Sotogrande-Logo-GUIDE.png","contentUrl":"https:\/\/www.sotograndeguide.com\/wp-content\/uploads\/2017\/03\/Sotogrande-Logo-GUIDE.png","width":300,"height":300,"caption":"Sotogrande Guide"},"image":{"@id":"https:\/\/www.sotograndeguide.com\/#\/schema\/logo\/image\/"},"sameAs":["https:\/\/www.facebook.com\/sotograndeguide","https:\/\/x.com\/sotograndeguide","https:\/\/www.tiktok.com\/@sotograndeguide","https:\/\/www.youtube.com\/@SotograndeGuide"]}]}},"jetpack_sharing_enabled":true,"_links":{"self":[{"href":"https:\/\/www.sotograndeguide.com\/fr\/wp-json\/wp\/v2\/pages\/35848","targetHints":{"allow":["GET"]}}],"collection":[{"href":"https:\/\/www.sotograndeguide.com\/fr\/wp-json\/wp\/v2\/pages"}],"about":[{"href":"https:\/\/www.sotograndeguide.com\/fr\/wp-json\/wp\/v2\/types\/page"}],"author":[{"embeddable":true,"href":"https:\/\/www.sotograndeguide.com\/fr\/wp-json\/wp\/v2\/users\/1"}],"replies":[{"embeddable":true,"href":"https:\/\/www.sotograndeguide.com\/fr\/wp-json\/wp\/v2\/comments?post=35848"}],"version-history":[{"count":0,"href":"https:\/\/www.sotograndeguide.com\/fr\/wp-json\/wp\/v2\/pages\/35848\/revisions"}],"up":[{"embeddable":true,"href":"https:\/\/www.sotograndeguide.com\/fr\/wp-json\/wp\/v2\/pages\/91"}],"wp:featuredmedia":[{"embeddable":true,"href":"https:\/\/www.sotograndeguide.com\/fr\/wp-json\/wp\/v2\/media\/35850"}],"wp:attachment":[{"href":"https:\/\/www.sotograndeguide.com\/fr\/wp-json\/wp\/v2\/media?parent=35848"}],"curies":[{"name":"wp","href":"https:\/\/api.w.org\/{rel}","templated":true}]}}