{"id":35840,"date":"2023-04-17T08:59:14","date_gmt":"2023-04-17T08:59:14","guid":{"rendered":"https:\/\/www.sotograndeguide.com\/?page_id=35840"},"modified":"2023-04-17T09:00:31","modified_gmt":"2023-04-17T09:00:31","slug":"agora-sotogrande","status":"publish","type":"page","link":"https:\/\/www.sotograndeguide.com\/fr\/sotogrande-restaurants\/agora-sotogrande\/","title":{"rendered":"\u00c1gora Sotogrande"},"content":{"rendered":"<p>L'\u00c1gora Sotogrande est un bar-restaurant situ\u00e9 dans le centre commercial de Mar y Sol qui propose une cuisine m\u00e9diterran\u00e9enne. Il s'agit \u00e9galement d'un lieu de vie nocturne tr\u00e8s pris\u00e9. L'int\u00e9rieur du restaurant offre un cadre \u00e9l\u00e9gant et romantique, tandis que la cour ext\u00e9rieure et la terrasse permettent de se d\u00e9tendre.<\/p>\n<div id='gallery-1' class='gallery galleryid-35840 gallery-columns-2 gallery-size-large'><figure class='gallery-item'>\n\t\t\t<div class='gallery-icon landscape'>\n\t\t\t\t<a href='https:\/\/www.sotograndeguide.com\/wp-content\/uploads\/2023\/04\/Agora-Sotogrande-Events.jpg'><img decoding=\"async\" width=\"1024\" height=\"685\" src=\"https:\/\/www.sotograndeguide.com\/wp-content\/uploads\/2023\/04\/Agora-Sotogrande-Events-1024x685.jpg\" class=\"attachment-large size-large\" alt=\"\" srcset=\"https:\/\/www.sotograndeguide.com\/wp-content\/uploads\/2023\/04\/Agora-Sotogrande-Events-1024x685.jpg 1024w, https:\/\/www.sotograndeguide.com\/wp-content\/uploads\/2023\/04\/Agora-Sotogrande-Events-300x201.jpg 300w, https:\/\/www.sotograndeguide.com\/wp-content\/uploads\/2023\/04\/Agora-Sotogrande-Events-768x514.jpg 768w, https:\/\/www.sotograndeguide.com\/wp-content\/uploads\/2023\/04\/Agora-Sotogrande-Events.jpg 1070w\" sizes=\"(max-width: 1024px) 100vw, 1024px\" \/><\/a>\n\t\t\t<\/div><\/figure><figure class='gallery-item'>\n\t\t\t<div class='gallery-icon landscape'>\n\t\t\t\t<a href='https:\/\/www.sotograndeguide.com\/wp-content\/uploads\/2023\/04\/Agora-Sotogrande.jpg'><img decoding=\"async\" width=\"1024\" height=\"683\" src=\"https:\/\/www.sotograndeguide.com\/wp-content\/uploads\/2023\/04\/Agora-Sotogrande-1024x683.jpg\" class=\"attachment-large size-large\" alt=\"\u00c1gora Sotogrande\" srcset=\"https:\/\/www.sotograndeguide.com\/wp-content\/uploads\/2023\/04\/Agora-Sotogrande-1024x683.jpg 1024w, https:\/\/www.sotograndeguide.com\/wp-content\/uploads\/2023\/04\/Agora-Sotogrande-300x200.jpg 300w, https:\/\/www.sotograndeguide.com\/wp-content\/uploads\/2023\/04\/Agora-Sotogrande-768x512.jpg 768w, https:\/\/www.sotograndeguide.com\/wp-content\/uploads\/2023\/04\/Agora-Sotogrande.jpg 1440w\" sizes=\"(max-width: 1024px) 100vw, 1024px\" \/><\/a>\n\t\t\t<\/div><\/figure><figure class='gallery-item'>\n\t\t\t<div class='gallery-icon landscape'>\n\t\t\t\t<a href='https:\/\/www.sotograndeguide.com\/wp-content\/uploads\/2023\/04\/Agora-Sotogrande-DJ.jpg'><img decoding=\"async\" width=\"1024\" height=\"683\" src=\"https:\/\/www.sotograndeguide.com\/wp-content\/uploads\/2023\/04\/Agora-Sotogrande-DJ-1024x683.jpg\" class=\"attachment-large size-large\" alt=\"\" srcset=\"https:\/\/www.sotograndeguide.com\/wp-content\/uploads\/2023\/04\/Agora-Sotogrande-DJ-1024x683.jpg 1024w, https:\/\/www.sotograndeguide.com\/wp-content\/uploads\/2023\/04\/Agora-Sotogrande-DJ-300x200.jpg 300w, https:\/\/www.sotograndeguide.com\/wp-content\/uploads\/2023\/04\/Agora-Sotogrande-DJ-768x512.jpg 768w, https:\/\/www.sotograndeguide.com\/wp-content\/uploads\/2023\/04\/Agora-Sotogrande-DJ.jpg 1065w\" sizes=\"(max-width: 1024px) 100vw, 1024px\" \/><\/a>\n\t\t\t<\/div><\/figure><figure class='gallery-item'>\n\t\t\t<div class='gallery-icon landscape'>\n\t\t\t\t<a href='https:\/\/www.sotograndeguide.com\/wp-content\/uploads\/2023\/04\/Agora-Sotogrande-Courtyard.jpg'><img decoding=\"async\" width=\"1024\" height=\"683\" src=\"https:\/\/www.sotograndeguide.com\/wp-content\/uploads\/2023\/04\/Agora-Sotogrande-Courtyard-1024x683.jpg\" class=\"attachment-large size-large\" alt=\"\" srcset=\"https:\/\/www.sotograndeguide.com\/wp-content\/uploads\/2023\/04\/Agora-Sotogrande-Courtyard-1024x683.jpg 1024w, https:\/\/www.sotograndeguide.com\/wp-content\/uploads\/2023\/04\/Agora-Sotogrande-Courtyard-300x200.jpg 300w, https:\/\/www.sotograndeguide.com\/wp-content\/uploads\/2023\/04\/Agora-Sotogrande-Courtyard-768x512.jpg 768w, https:\/\/www.sotograndeguide.com\/wp-content\/uploads\/2023\/04\/Agora-Sotogrande-Courtyard-1536x1025.jpg 1536w, https:\/\/www.sotograndeguide.com\/wp-content\/uploads\/2023\/04\/Agora-Sotogrande-Courtyard.jpg 2048w\" sizes=\"(max-width: 1024px) 100vw, 1024px\" \/><\/a>\n\t\t\t<\/div><\/figure>\n\t\t<\/div>\n\n<p><strong>\u00c1gora Sotogrande<\/strong><br \/>\nCuisine : internationale<br \/>\nAdresse : Centre commercial Mar y Sol, 11310 San Roque, Cadix<br \/>\nT\u00e9l\u00e9phone : <a href=\"tel:+34669997888\">669997888<\/a><\/p>","protected":false},"excerpt":{"rendered":"<p>L'\u00c1gora Sotogrande est un bar-restaurant situ\u00e9 dans le centre commercial de Mar y Sol qui propose une cuisine m\u00e9diterran\u00e9enne. Il s'agit \u00e9galement d'un lieu de vie nocturne tr\u00e8s pris\u00e9. Le restaurant int\u00e9rieur offre un cadre \u00e9l\u00e9gant et romantique, tandis que la cour ext\u00e9rieure et la terrasse permettent de se d\u00e9tendre. \u00c1gora Sotogrande Cuisine : International Adresse : Centro Comercial Mar y Sol, ... <a title=\"\u00c1gora Sotogrande\" class=\"read-more\" href=\"https:\/\/www.sotograndeguide.com\/fr\/sotogrande-restaurants\/agora-sotogrande\/\" aria-label=\"En savoir plus sur \u00c1gora Sotogrande\">Lire plus<\/a><\/p>","protected":false},"author":1,"featured_media":35841,"parent":91,"menu_order":0,"comment_status":"closed","ping_status":"closed","template":"","meta":{"footnotes":""},"class_list":["post-35840","page","type-page","status-publish","has-post-thumbnail"],"yoast_head":"<!-- This site is optimized with the Yoast SEO Premium plugin v20.5 (Yoast SEO v27.4) - https:\/\/yoast.com\/product\/yoast-seo-premium-wordpress\/ -->\n<title>\u00c1gora Sotogrande<\/title>\n<meta name=\"robots\" content=\"index, follow, max-snippet:-1, max-image-preview:large, max-video-preview:-1\" \/>\n<link rel=\"canonical\" href=\"https:\/\/www.sotograndeguide.com\/fr\/restaurants-de-sotogrande\/agora-sotogrande\/\" \/>\n<meta property=\"og:locale\" content=\"fr_FR\" \/>\n<meta property=\"og:type\" content=\"article\" \/>\n<meta property=\"og:title\" content=\"\u00c1gora Sotogrande\" \/>\n<meta property=\"og:description\" content=\"\u00c1gora Sotogrande is bar restaurant located in the commercial hub of Mar y Sol offering a Mediterranean cuisine. The venue is also popular nightlife destination. The inside restaurant offers an elegant and romantic setting whilst the outdoor courtyard and terrace offers a relaxed dining experience. \u00c1gora Sotogrande Cuisine: International Address: Centro Comercial Mar y Sol, ... Lire plus\" \/>\n<meta property=\"og:url\" content=\"https:\/\/www.sotograndeguide.com\/fr\/restaurants-de-sotogrande\/agora-sotogrande\/\" \/>\n<meta property=\"og:site_name\" content=\"Sotogrande Guide\" \/>\n<meta property=\"article:publisher\" content=\"https:\/\/www.facebook.com\/sotograndeguide\" \/>\n<meta property=\"article:modified_time\" content=\"2023-04-17T09:00:31+00:00\" \/>\n<meta property=\"og:image\" content=\"https:\/\/www.sotograndeguide.com\/wp-content\/uploads\/2023\/04\/Agora-Sotogrande.jpg\" \/>\n\t<meta property=\"og:image:width\" content=\"1440\" \/>\n\t<meta property=\"og:image:height\" content=\"960\" \/>\n\t<meta property=\"og:image:type\" content=\"image\/jpeg\" \/>\n<meta name=\"twitter:card\" content=\"summary_large_image\" \/>\n<meta name=\"twitter:site\" content=\"@sotograndeguide\" \/>\n<!-- \/ Yoast SEO Premium plugin. -->","yoast_head_json":{"title":"\u00c1gora Sotogrande","robots":{"index":"index","follow":"follow","max-snippet":"max-snippet:-1","max-image-preview":"max-image-preview:large","max-video-preview":"max-video-preview:-1"},"canonical":"https:\/\/www.sotograndeguide.com\/fr\/restaurants-de-sotogrande\/agora-sotogrande\/","og_locale":"fr_FR","og_type":"article","og_title":"\u00c1gora Sotogrande","og_description":"\u00c1gora Sotogrande is bar restaurant located in the commercial hub of Mar y Sol offering a Mediterranean cuisine. The venue is also popular nightlife destination. The inside restaurant offers an elegant and romantic setting whilst the outdoor courtyard and terrace offers a relaxed dining experience. \u00c1gora Sotogrande Cuisine: International Address: Centro Comercial Mar y Sol, ... Lire plus","og_url":"https:\/\/www.sotograndeguide.com\/fr\/restaurants-de-sotogrande\/agora-sotogrande\/","og_site_name":"Sotogrande Guide","article_publisher":"https:\/\/www.facebook.com\/sotograndeguide","article_modified_time":"2023-04-17T09:00:31+00:00","og_image":[{"width":1440,"height":960,"url":"https:\/\/www.sotograndeguide.com\/wp-content\/uploads\/2023\/04\/Agora-Sotogrande.jpg","type":"image\/jpeg"}],"twitter_card":"summary_large_image","twitter_site":"@sotograndeguide","schema":{"@context":"https:\/\/schema.org","@graph":[{"@type":"WebPage","@id":"https:\/\/www.sotograndeguide.com\/sotogrande-restaurants\/agora-sotogrande\/","url":"https:\/\/www.sotograndeguide.com\/sotogrande-restaurants\/agora-sotogrande\/","name":"\u00c1gora Sotogrande","isPartOf":{"@id":"https:\/\/www.sotograndeguide.com\/#website"},"primaryImageOfPage":{"@id":"https:\/\/www.sotograndeguide.com\/sotogrande-restaurants\/agora-sotogrande\/#primaryimage"},"image":{"@id":"https:\/\/www.sotograndeguide.com\/sotogrande-restaurants\/agora-sotogrande\/#primaryimage"},"thumbnailUrl":"https:\/\/www.sotograndeguide.com\/wp-content\/uploads\/2023\/04\/Agora-Sotogrande.jpg","datePublished":"2023-04-17T08:59:14+00:00","dateModified":"2023-04-17T09:00:31+00:00","breadcrumb":{"@id":"https:\/\/www.sotograndeguide.com\/sotogrande-restaurants\/agora-sotogrande\/#breadcrumb"},"inLanguage":"fr-FR","potentialAction":[{"@type":"ReadAction","target":["https:\/\/www.sotograndeguide.com\/sotogrande-restaurants\/agora-sotogrande\/"]}]},{"@type":"ImageObject","inLanguage":"fr-FR","@id":"https:\/\/www.sotograndeguide.com\/sotogrande-restaurants\/agora-sotogrande\/#primaryimage","url":"https:\/\/www.sotograndeguide.com\/wp-content\/uploads\/2023\/04\/Agora-Sotogrande.jpg","contentUrl":"https:\/\/www.sotograndeguide.com\/wp-content\/uploads\/2023\/04\/Agora-Sotogrande.jpg","width":1440,"height":960,"caption":"\u00c1gora Sotogrande"},{"@type":"BreadcrumbList","@id":"https:\/\/www.sotograndeguide.com\/sotogrande-restaurants\/agora-sotogrande\/#breadcrumb","itemListElement":[{"@type":"ListItem","position":1,"name":"Home","item":"https:\/\/www.sotograndeguide.com\/"},{"@type":"ListItem","position":2,"name":"Sotogrande Restaurants","item":"https:\/\/www.sotograndeguide.com\/sotogrande-restaurants\/"},{"@type":"ListItem","position":3,"name":"\u00c1gora Sotogrande"}]},{"@type":"WebSite","@id":"https:\/\/www.sotograndeguide.com\/#website","url":"https:\/\/www.sotograndeguide.com\/","name":"Guide de Sotogrande","description":"Nouvelles, conseils, \u00e9v\u00e9nements et critiques","publisher":{"@id":"https:\/\/www.sotograndeguide.com\/#organization"},"potentialAction":[{"@type":"SearchAction","target":{"@type":"EntryPoint","urlTemplate":"https:\/\/www.sotograndeguide.com\/?s={search_term_string}"},"query-input":{"@type":"PropertyValueSpecification","valueRequired":true,"valueName":"search_term_string"}}],"inLanguage":"fr-FR"},{"@type":"Organization","@id":"https:\/\/www.sotograndeguide.com\/#organization","name":"Guide de Sotogrande","url":"https:\/\/www.sotograndeguide.com\/","logo":{"@type":"ImageObject","inLanguage":"fr-FR","@id":"https:\/\/www.sotograndeguide.com\/#\/schema\/logo\/image\/","url":"https:\/\/www.sotograndeguide.com\/wp-content\/uploads\/2017\/03\/Sotogrande-Logo-GUIDE.png","contentUrl":"https:\/\/www.sotograndeguide.com\/wp-content\/uploads\/2017\/03\/Sotogrande-Logo-GUIDE.png","width":300,"height":300,"caption":"Sotogrande Guide"},"image":{"@id":"https:\/\/www.sotograndeguide.com\/#\/schema\/logo\/image\/"},"sameAs":["https:\/\/www.facebook.com\/sotograndeguide","https:\/\/x.com\/sotograndeguide","https:\/\/www.tiktok.com\/@sotograndeguide","https:\/\/www.youtube.com\/@SotograndeGuide"]}]}},"jetpack_sharing_enabled":true,"_links":{"self":[{"href":"https:\/\/www.sotograndeguide.com\/fr\/wp-json\/wp\/v2\/pages\/35840","targetHints":{"allow":["GET"]}}],"collection":[{"href":"https:\/\/www.sotograndeguide.com\/fr\/wp-json\/wp\/v2\/pages"}],"about":[{"href":"https:\/\/www.sotograndeguide.com\/fr\/wp-json\/wp\/v2\/types\/page"}],"author":[{"embeddable":true,"href":"https:\/\/www.sotograndeguide.com\/fr\/wp-json\/wp\/v2\/users\/1"}],"replies":[{"embeddable":true,"href":"https:\/\/www.sotograndeguide.com\/fr\/wp-json\/wp\/v2\/comments?post=35840"}],"version-history":[{"count":0,"href":"https:\/\/www.sotograndeguide.com\/fr\/wp-json\/wp\/v2\/pages\/35840\/revisions"}],"up":[{"embeddable":true,"href":"https:\/\/www.sotograndeguide.com\/fr\/wp-json\/wp\/v2\/pages\/91"}],"wp:featuredmedia":[{"embeddable":true,"href":"https:\/\/www.sotograndeguide.com\/fr\/wp-json\/wp\/v2\/media\/35841"}],"wp:attachment":[{"href":"https:\/\/www.sotograndeguide.com\/fr\/wp-json\/wp\/v2\/media?parent=35840"}],"curies":[{"name":"wp","href":"https:\/\/api.w.org\/{rel}","templated":true}]}}