{"id":35775,"date":"2022-01-18T20:45:04","date_gmt":"2022-01-18T20:45:04","guid":{"rendered":"https:\/\/www.sotograndeguide.com\/?page_id=35775"},"modified":"2022-01-18T20:45:04","modified_gmt":"2022-01-18T20:45:04","slug":"sotogrande-hipica","status":"publish","type":"page","link":"https:\/\/www.sotograndeguide.com\/fr\/sotogrande-sports\/sotogrande-hipica\/","title":{"rendered":"Sotogrande Hipica"},"content":{"rendered":"<p>Le centre \u00e9questre de Sotogrande, connu sous le nom de Sotogrande Hipica, est situ\u00e9 dans l'urbanisation de Sotogrande, dans l'ancien Cortijo de Valderrama, pr\u00e8s du Club La Reserva. Il dispose d'installations pour la pratique de toutes les disciplines \u00e9questres, ainsi que d'autres disciplines compl\u00e9mentaires aux sports qui permettent aux visiteurs de profiter de leur temps libre dans un cadre si particulier.<\/p>\n<p>Le tout dans un environnement naturel fantastique, entour\u00e9 de v\u00e9g\u00e9tation. Toutes les pistes et autres installations permettent aux cavaliers de jouir d'une vue sur la mer et les montagnes, une circonstance qui favorise sans aucun doute la pratique de ce sport, la d\u00e9tente des chevaux et le plaisir de tous.<\/p>\n<p>Sotogrande H\u00edpica est un club sportif f\u00e9d\u00e9r\u00e9, approuv\u00e9 par la F\u00e9d\u00e9ration Royale Equestre Espagnole avec trois \u00e9triers et avec des professeurs et des instructeurs ayant une grande exp\u00e9rience et formation.<\/p>\n<p>Le cavalier qui d\u00e9cide de pratiquer l'\u00e9quitation \u00e0 l'Hipica de Sotogrande recevra une attention personnalis\u00e9e dans sa langue, aura acc\u00e8s \u00e0 des chevaux adapt\u00e9s \u00e0 son niveau d'\u00e9quitation et pourra recevoir l'entra\u00eenement des meilleurs professionnels dans chacune des disciplines. Le tout toujours avec la garantie d'un rapport qualit\u00e9-prix imbattable.<\/p>\n<h2>Histoire du centre \u00e9questre de Sotogrande<\/h2>\n<p>L'ancien Cortijo de Valderrama, aujourd'hui converti en centre \u00e9questre, conserve le charme caract\u00e9ristique des fermes andalouses du XVIIIe si\u00e8cle, mais adapt\u00e9 avec des installations \u00e9questres pour la pratique des sports \u00e9questres au plus haut niveau.<\/p>\n<p>Nous vous invitons \u00e0 visiter nos installations et \u00e0 profiter de l'environnement naturel impressionnant o\u00f9 se trouve le centre \u00e9questre Sotogrande Hipica. Promenez-vous parmi les ch\u00eanes verts, les orangers, les oliviers et de nombreuses autres esp\u00e8ces de v\u00e9g\u00e9tation indig\u00e8ne, tout en \u00e9coutant le bruit des oiseaux et des chevaux. Exp\u00e9rimentez la possibilit\u00e9 de pratiquer un sport \u00e9questre ou simplement d'\u00eatre spectateur, dans un espace sportif hautement qualifi\u00e9 mais ins\u00e9r\u00e9 dans un contexte naturel relaxant et sain, unique sur toute la Costa del Sol.<\/p>\n<h2>Sentiers \u00e9questres<\/h2>\n<p>Pour les amoureux de la nature, les Sotogrande Hipica proposent l'exp\u00e9rience unique d'une promenade \u00e0 cheval avec un guide \u00e9questre. <\/p>\n<p>Vous n'aurez pas besoin de connaissances sp\u00e9cifiques en \u00e9quitation, en effet tous les chevaux de la route sont dociles, habitu\u00e9s \u00e0 cette activit\u00e9 et adapt\u00e9s \u00e0 tous les niveaux d'\u00e9quitation.<\/p>\n<p>Une promenade \u00e0 cheval dans l'environnement naturel de Sotogrande est une exp\u00e9rience inoubliable. Renseignez-vous sur nos options d'excursions de plusieurs jours ou d'excursions \u00e0 la plage, ainsi que sur nos formules sp\u00e9ciales pour les groupes.<\/p>\n<h2>Balade \u00e0 poney<\/h2>\n<p>Les plus jeunes peuvent \u00e9galement profiter des poneys exp\u00e9riment\u00e9s. Le Club \u00e9questre les met \u00e0 la disposition de ses clients pour qu'ils puissent promener leurs petits dans nos installations et leur faire vivre une exp\u00e9rience inoubliable.<\/p>\n<h2>Cours d'\u00e9quitation<\/h2>\n<p>Sotogrande Hipica propose des cours d'\u00e9quitation pour tous les \u00e2ges.<\/p>\n<p><strong>Sotogrande Hipica<\/strong><br \/>\nCentre \u00e9questre de Sotogrande<br \/>\nAntiguo Cortijo de Valderrama<br \/>\nAutov\u00eda A-7 , Km 130<br \/>\n11310 Sotogrande<br \/>\nTel +34 607257334<br \/>\nTel +34 673174070<\/p>","protected":false},"excerpt":{"rendered":"<p>Le centre \u00e9questre de Sotogrande, connu sous le nom de Sotogrande Hipica, est situ\u00e9 dans l'urbanisation de Sotogrande, dans l'ancien Cortijo de Valderrama, pr\u00e8s du Club La Reserva. Il dispose d'installations pour la pratique de toutes les disciplines \u00e9questres, ainsi que d'autres disciplines compl\u00e9mentaires aux sports qui permettent aux visiteurs de profiter de leur temps libre dans un cadre si particulier. ... <a title=\"Sotogrande Hipica\" class=\"read-more\" href=\"https:\/\/www.sotograndeguide.com\/fr\/sotogrande-sports\/sotogrande-hipica\/\" aria-label=\"En savoir plus sur Sotogrande Hipica\">Lire plus<\/a><\/p>","protected":false},"author":1,"featured_media":35776,"parent":110,"menu_order":0,"comment_status":"closed","ping_status":"closed","template":"","meta":{"footnotes":""},"class_list":["post-35775","page","type-page","status-publish","has-post-thumbnail"],"yoast_head":"<!-- This site is optimized with the Yoast SEO Premium plugin v20.5 (Yoast SEO v27.5) - https:\/\/yoast.com\/product\/yoast-seo-premium-wordpress\/ -->\n<title>Sotogrande Hipica<\/title>\n<meta name=\"robots\" content=\"index, follow, max-snippet:-1, max-image-preview:large, max-video-preview:-1\" \/>\n<link rel=\"canonical\" href=\"https:\/\/www.sotograndeguide.com\/fr\/sports-sotogrande\/sotogrande-hipica\/\" \/>\n<meta property=\"og:locale\" content=\"fr_FR\" \/>\n<meta property=\"og:type\" content=\"article\" \/>\n<meta property=\"og:title\" content=\"Sotogrande Hipica\" \/>\n<meta property=\"og:description\" content=\"The Sotogrande Equestrian Center known as the Sotogrande Hipica is located within the Sotogrande Urbanization in the old Cortijo de Valderrama, by the La Reserva Club. It has facilities for the practice of all equestrian disciplines, as well as others complementary to sports that allow visitors to enjoy free time in such a special setting. ... Lire plus\" \/>\n<meta property=\"og:url\" content=\"https:\/\/www.sotograndeguide.com\/fr\/sports-sotogrande\/sotogrande-hipica\/\" \/>\n<meta property=\"og:site_name\" content=\"Sotogrande Guide\" \/>\n<meta property=\"article:publisher\" content=\"https:\/\/www.facebook.com\/sotograndeguide\" \/>\n<meta property=\"og:image\" content=\"https:\/\/www.sotograndeguide.com\/wp-content\/uploads\/2022\/01\/Sotogrande-Hipica.jpg\" \/>\n\t<meta property=\"og:image:width\" content=\"1600\" \/>\n\t<meta property=\"og:image:height\" content=\"1067\" \/>\n\t<meta property=\"og:image:type\" content=\"image\/jpeg\" \/>\n<meta name=\"twitter:card\" content=\"summary_large_image\" \/>\n<meta name=\"twitter:site\" content=\"@sotograndeguide\" \/>\n<meta name=\"twitter:label1\" content=\"Est. reading time\" \/>\n\t<meta name=\"twitter:data1\" content=\"2 minutes\" \/>\n<!-- \/ Yoast SEO Premium plugin. -->","yoast_head_json":{"title":"Sotogrande Hipica","robots":{"index":"index","follow":"follow","max-snippet":"max-snippet:-1","max-image-preview":"max-image-preview:large","max-video-preview":"max-video-preview:-1"},"canonical":"https:\/\/www.sotograndeguide.com\/fr\/sports-sotogrande\/sotogrande-hipica\/","og_locale":"fr_FR","og_type":"article","og_title":"Sotogrande Hipica","og_description":"The Sotogrande Equestrian Center known as the Sotogrande Hipica is located within the Sotogrande Urbanization in the old Cortijo de Valderrama, by the La Reserva Club. It has facilities for the practice of all equestrian disciplines, as well as others complementary to sports that allow visitors to enjoy free time in such a special setting. ... Lire plus","og_url":"https:\/\/www.sotograndeguide.com\/fr\/sports-sotogrande\/sotogrande-hipica\/","og_site_name":"Sotogrande Guide","article_publisher":"https:\/\/www.facebook.com\/sotograndeguide","og_image":[{"width":1600,"height":1067,"url":"https:\/\/www.sotograndeguide.com\/wp-content\/uploads\/2022\/01\/Sotogrande-Hipica.jpg","type":"image\/jpeg"}],"twitter_card":"summary_large_image","twitter_site":"@sotograndeguide","twitter_misc":{"Est. reading time":"2 minutes"},"schema":{"@context":"https:\/\/schema.org","@graph":[{"@type":"WebPage","@id":"https:\/\/www.sotograndeguide.com\/sotogrande-sports\/sotogrande-hipica\/","url":"https:\/\/www.sotograndeguide.com\/sotogrande-sports\/sotogrande-hipica\/","name":"Sotogrande Hipica","isPartOf":{"@id":"https:\/\/www.sotograndeguide.com\/#website"},"primaryImageOfPage":{"@id":"https:\/\/www.sotograndeguide.com\/sotogrande-sports\/sotogrande-hipica\/#primaryimage"},"image":{"@id":"https:\/\/www.sotograndeguide.com\/sotogrande-sports\/sotogrande-hipica\/#primaryimage"},"thumbnailUrl":"https:\/\/www.sotograndeguide.com\/wp-content\/uploads\/2022\/01\/Sotogrande-Hipica.jpg","datePublished":"2022-01-18T20:45:04+00:00","breadcrumb":{"@id":"https:\/\/www.sotograndeguide.com\/sotogrande-sports\/sotogrande-hipica\/#breadcrumb"},"inLanguage":"fr-FR","potentialAction":[{"@type":"ReadAction","target":["https:\/\/www.sotograndeguide.com\/sotogrande-sports\/sotogrande-hipica\/"]}]},{"@type":"ImageObject","inLanguage":"fr-FR","@id":"https:\/\/www.sotograndeguide.com\/sotogrande-sports\/sotogrande-hipica\/#primaryimage","url":"https:\/\/www.sotograndeguide.com\/wp-content\/uploads\/2022\/01\/Sotogrande-Hipica.jpg","contentUrl":"https:\/\/www.sotograndeguide.com\/wp-content\/uploads\/2022\/01\/Sotogrande-Hipica.jpg","width":1600,"height":1067,"caption":"Sotogrande Hipica"},{"@type":"BreadcrumbList","@id":"https:\/\/www.sotograndeguide.com\/sotogrande-sports\/sotogrande-hipica\/#breadcrumb","itemListElement":[{"@type":"ListItem","position":1,"name":"Home","item":"https:\/\/www.sotograndeguide.com\/"},{"@type":"ListItem","position":2,"name":"Sotogrande Sports","item":"https:\/\/www.sotograndeguide.com\/sotogrande-sports\/"},{"@type":"ListItem","position":3,"name":"Sotogrande Hipica"}]},{"@type":"WebSite","@id":"https:\/\/www.sotograndeguide.com\/#website","url":"https:\/\/www.sotograndeguide.com\/","name":"Guide de Sotogrande","description":"Nouvelles, conseils, \u00e9v\u00e9nements et critiques","publisher":{"@id":"https:\/\/www.sotograndeguide.com\/#organization"},"potentialAction":[{"@type":"SearchAction","target":{"@type":"EntryPoint","urlTemplate":"https:\/\/www.sotograndeguide.com\/?s={search_term_string}"},"query-input":{"@type":"PropertyValueSpecification","valueRequired":true,"valueName":"search_term_string"}}],"inLanguage":"fr-FR"},{"@type":"Organization","@id":"https:\/\/www.sotograndeguide.com\/#organization","name":"Guide de Sotogrande","url":"https:\/\/www.sotograndeguide.com\/","logo":{"@type":"ImageObject","inLanguage":"fr-FR","@id":"https:\/\/www.sotograndeguide.com\/#\/schema\/logo\/image\/","url":"https:\/\/www.sotograndeguide.com\/wp-content\/uploads\/2017\/03\/Sotogrande-Logo-GUIDE.png","contentUrl":"https:\/\/www.sotograndeguide.com\/wp-content\/uploads\/2017\/03\/Sotogrande-Logo-GUIDE.png","width":300,"height":300,"caption":"Sotogrande Guide"},"image":{"@id":"https:\/\/www.sotograndeguide.com\/#\/schema\/logo\/image\/"},"sameAs":["https:\/\/www.facebook.com\/sotograndeguide","https:\/\/x.com\/sotograndeguide","https:\/\/www.tiktok.com\/@sotograndeguide","https:\/\/www.youtube.com\/@SotograndeGuide"]}]}},"jetpack_sharing_enabled":true,"_links":{"self":[{"href":"https:\/\/www.sotograndeguide.com\/fr\/wp-json\/wp\/v2\/pages\/35775","targetHints":{"allow":["GET"]}}],"collection":[{"href":"https:\/\/www.sotograndeguide.com\/fr\/wp-json\/wp\/v2\/pages"}],"about":[{"href":"https:\/\/www.sotograndeguide.com\/fr\/wp-json\/wp\/v2\/types\/page"}],"author":[{"embeddable":true,"href":"https:\/\/www.sotograndeguide.com\/fr\/wp-json\/wp\/v2\/users\/1"}],"replies":[{"embeddable":true,"href":"https:\/\/www.sotograndeguide.com\/fr\/wp-json\/wp\/v2\/comments?post=35775"}],"version-history":[{"count":0,"href":"https:\/\/www.sotograndeguide.com\/fr\/wp-json\/wp\/v2\/pages\/35775\/revisions"}],"up":[{"embeddable":true,"href":"https:\/\/www.sotograndeguide.com\/fr\/wp-json\/wp\/v2\/pages\/110"}],"wp:featuredmedia":[{"embeddable":true,"href":"https:\/\/www.sotograndeguide.com\/fr\/wp-json\/wp\/v2\/media\/35776"}],"wp:attachment":[{"href":"https:\/\/www.sotograndeguide.com\/fr\/wp-json\/wp\/v2\/media?parent=35775"}],"curies":[{"name":"wp","href":"https:\/\/api.w.org\/{rel}","templated":true}]}}