{"id":35755,"date":"2021-10-31T09:21:36","date_gmt":"2021-10-31T09:21:36","guid":{"rendered":"https:\/\/www.sotograndeguide.com\/?page_id=35755"},"modified":"2023-10-02T07:48:57","modified_gmt":"2023-10-02T07:48:57","slug":"la-abadia","status":"publish","type":"page","link":"https:\/\/www.sotograndeguide.com\/fr\/sotogrande-restaurants\/la-abadia\/","title":{"rendered":"La Abadia"},"content":{"rendered":"<p><img decoding=\"async\" src=\"https:\/\/www.sotograndeguide.com\/wp-content\/uploads\/2021\/10\/La-Abadia.jpg\" alt=\"La Abadia\" width=\"576\" height=\"1024\" class=\"aligncenter size-full wp-image-35757\" srcset=\"https:\/\/www.sotograndeguide.com\/wp-content\/uploads\/2021\/10\/La-Abadia.jpg 576w, https:\/\/www.sotograndeguide.com\/wp-content\/uploads\/2021\/10\/La-Abadia-169x300.jpg 169w\" sizes=\"(max-width: 576px) 100vw, 576px\" \/><\/p>\n<p>La Abadia est une brasserie situ\u00e9e juste derri\u00e8re la Pharmacie dans le quartier commercial Plaza Blanca (derri\u00e8re les Galerias Panigua). Ouvert en septembre 2021, ce nouveau lieu propose 40 bi\u00e8res diff\u00e9rentes ainsi que des petites tapas. La Abadia est ouvert du jeudi au dimanche de 19h \u00e0 1h du matin.<\/p>\n<div id='gallery-1' class='gallery galleryid-35755 gallery-columns-2 gallery-size-large'><figure class='gallery-item'>\n\t\t\t<div class='gallery-icon landscape'>\n\t\t\t\t<a href='https:\/\/www.sotograndeguide.com\/wp-content\/uploads\/2021\/10\/A2146B53-3DA9-438F-93C0-E92BDE40DAB3.jpg'><img decoding=\"async\" width=\"828\" height=\"552\" src=\"https:\/\/www.sotograndeguide.com\/wp-content\/uploads\/2021\/10\/A2146B53-3DA9-438F-93C0-E92BDE40DAB3.jpg\" class=\"attachment-large size-large\" alt=\"Association culturelle La Abadia Sotogrande\" srcset=\"https:\/\/www.sotograndeguide.com\/wp-content\/uploads\/2021\/10\/A2146B53-3DA9-438F-93C0-E92BDE40DAB3.jpg 828w, https:\/\/www.sotograndeguide.com\/wp-content\/uploads\/2021\/10\/A2146B53-3DA9-438F-93C0-E92BDE40DAB3-300x200.jpg 300w, https:\/\/www.sotograndeguide.com\/wp-content\/uploads\/2021\/10\/A2146B53-3DA9-438F-93C0-E92BDE40DAB3-768x512.jpg 768w\" sizes=\"(max-width: 828px) 100vw, 828px\" \/><\/a>\n\t\t\t<\/div><\/figure><figure class='gallery-item'>\n\t\t\t<div class='gallery-icon landscape'>\n\t\t\t\t<a href='https:\/\/www.sotograndeguide.com\/wp-content\/uploads\/2021\/10\/Tapas-and-Beers-at-La-Abadia-in-Sotogrande-1.jpg'><img decoding=\"async\" width=\"1024\" height=\"683\" src=\"https:\/\/www.sotograndeguide.com\/wp-content\/uploads\/2021\/10\/Tapas-and-Beers-at-La-Abadia-in-Sotogrande-1.jpg\" class=\"attachment-large size-large\" alt=\"Tapas et bi\u00e8res \u00e0 La Abadia \u00e0 Sotogrande\" srcset=\"https:\/\/www.sotograndeguide.com\/wp-content\/uploads\/2021\/10\/Tapas-and-Beers-at-La-Abadia-in-Sotogrande-1.jpg 1024w, https:\/\/www.sotograndeguide.com\/wp-content\/uploads\/2021\/10\/Tapas-and-Beers-at-La-Abadia-in-Sotogrande-1-300x200.jpg 300w, https:\/\/www.sotograndeguide.com\/wp-content\/uploads\/2021\/10\/Tapas-and-Beers-at-La-Abadia-in-Sotogrande-1-768x512.jpg 768w\" sizes=\"(max-width: 1024px) 100vw, 1024px\" \/><\/a>\n\t\t\t<\/div><\/figure><figure class='gallery-item'>\n\t\t\t<div class='gallery-icon landscape'>\n\t\t\t\t<a href='https:\/\/www.sotograndeguide.com\/wp-content\/uploads\/2021\/10\/98F73420-B239-460E-807B-D042B18AC915.jpg'><img decoding=\"async\" width=\"828\" height=\"620\" src=\"https:\/\/www.sotograndeguide.com\/wp-content\/uploads\/2021\/10\/98F73420-B239-460E-807B-D042B18AC915.jpg\" class=\"attachment-large size-large\" alt=\"Bi\u00e8re La Abadia Sotogrande\" srcset=\"https:\/\/www.sotograndeguide.com\/wp-content\/uploads\/2021\/10\/98F73420-B239-460E-807B-D042B18AC915.jpg 828w, https:\/\/www.sotograndeguide.com\/wp-content\/uploads\/2021\/10\/98F73420-B239-460E-807B-D042B18AC915-300x225.jpg 300w, https:\/\/www.sotograndeguide.com\/wp-content\/uploads\/2021\/10\/98F73420-B239-460E-807B-D042B18AC915-768x575.jpg 768w\" sizes=\"(max-width: 828px) 100vw, 828px\" \/><\/a>\n\t\t\t<\/div><\/figure><figure class='gallery-item'>\n\t\t\t<div class='gallery-icon landscape'>\n\t\t\t\t<a href='https:\/\/www.sotograndeguide.com\/wp-content\/uploads\/2021\/10\/B8A92D36-A4B0-4945-8365-9AA346A56653.jpg'><img decoding=\"async\" width=\"828\" height=\"552\" src=\"https:\/\/www.sotograndeguide.com\/wp-content\/uploads\/2021\/10\/B8A92D36-A4B0-4945-8365-9AA346A56653.jpg\" class=\"attachment-large size-large\" alt=\"Tapas et bi\u00e8res \u00e0 La Abadia \u00e0 Sotogrande\" srcset=\"https:\/\/www.sotograndeguide.com\/wp-content\/uploads\/2021\/10\/B8A92D36-A4B0-4945-8365-9AA346A56653.jpg 828w, https:\/\/www.sotograndeguide.com\/wp-content\/uploads\/2021\/10\/B8A92D36-A4B0-4945-8365-9AA346A56653-300x200.jpg 300w, https:\/\/www.sotograndeguide.com\/wp-content\/uploads\/2021\/10\/B8A92D36-A4B0-4945-8365-9AA346A56653-768x512.jpg 768w\" sizes=\"(max-width: 828px) 100vw, 828px\" \/><\/a>\n\t\t\t<\/div><\/figure><figure class='gallery-item'>\n\t\t\t<div class='gallery-icon landscape'>\n\t\t\t\t<a href='https:\/\/www.sotograndeguide.com\/wp-content\/uploads\/2021\/10\/AC1AB412-F148-4716-B7FC-EEF40AD07465.jpg'><img decoding=\"async\" width=\"828\" height=\"560\" src=\"https:\/\/www.sotograndeguide.com\/wp-content\/uploads\/2021\/10\/AC1AB412-F148-4716-B7FC-EEF40AD07465.jpg\" class=\"attachment-large size-large\" alt=\"Jardin \u00e0 bi\u00e8res \u00e0 Sotogrande\" srcset=\"https:\/\/www.sotograndeguide.com\/wp-content\/uploads\/2021\/10\/AC1AB412-F148-4716-B7FC-EEF40AD07465.jpg 828w, https:\/\/www.sotograndeguide.com\/wp-content\/uploads\/2021\/10\/AC1AB412-F148-4716-B7FC-EEF40AD07465-300x203.jpg 300w, https:\/\/www.sotograndeguide.com\/wp-content\/uploads\/2021\/10\/AC1AB412-F148-4716-B7FC-EEF40AD07465-768x519.jpg 768w\" sizes=\"(max-width: 828px) 100vw, 828px\" \/><\/a>\n\t\t\t<\/div><\/figure><figure class='gallery-item'>\n\t\t\t<div class='gallery-icon landscape'>\n\t\t\t\t<a href='https:\/\/www.sotograndeguide.com\/wp-content\/uploads\/2021\/10\/Beer-in-Sotogrande.jpg'><img decoding=\"async\" width=\"828\" height=\"620\" src=\"https:\/\/www.sotograndeguide.com\/wp-content\/uploads\/2021\/10\/Beer-in-Sotogrande.jpg\" class=\"attachment-large size-large\" alt=\"Bi\u00e8re \u00e0 Sotogrande\" srcset=\"https:\/\/www.sotograndeguide.com\/wp-content\/uploads\/2021\/10\/Beer-in-Sotogrande.jpg 828w, https:\/\/www.sotograndeguide.com\/wp-content\/uploads\/2021\/10\/Beer-in-Sotogrande-300x225.jpg 300w, https:\/\/www.sotograndeguide.com\/wp-content\/uploads\/2021\/10\/Beer-in-Sotogrande-768x575.jpg 768w\" sizes=\"(max-width: 828px) 100vw, 828px\" \/><\/a>\n\t\t\t<\/div><\/figure>\n\t\t<\/div>\n\n<p><strong>La Abadia Beer Garden<\/strong><br \/>\nAdresse : Av. de Paniagua, 11310 Sotogrande, C\u00e1diz<br \/>\nHeures d'ouverture : Jeudi \u00e0 lundi 19:00 - 01:00<br \/>\nT\u00e9l\u00e9phone : <a href=\"tel:+34608107714\">608107714<\/a><\/p>\n<p><img decoding=\"async\" src=\"https:\/\/www.sotograndeguide.com\/wp-content\/uploads\/2021\/10\/La-Abadia-Sotogrande-Beer-Garden.jpg\" alt=\"La Abadia Sotogrande Beer Garden\" width=\"720\" height=\"960\" class=\"aligncenter size-full wp-image-35756\" srcset=\"https:\/\/www.sotograndeguide.com\/wp-content\/uploads\/2021\/10\/La-Abadia-Sotogrande-Beer-Garden.jpg 720w, https:\/\/www.sotograndeguide.com\/wp-content\/uploads\/2021\/10\/La-Abadia-Sotogrande-Beer-Garden-225x300.jpg 225w\" sizes=\"(max-width: 720px) 100vw, 720px\" \/><\/p>","protected":false},"excerpt":{"rendered":"<p>La Abadia est une brasserie situ\u00e9e juste derri\u00e8re la Pharmacie dans le quartier commercial Plaza Blanca (derri\u00e8re les Galerias Panigua). Ouvert en septembre 2021, ce nouveau lieu propose 40 bi\u00e8res diff\u00e9rentes ainsi que des petites tapas. La Abadia est ouverte du jeudi au dimanche de 19h \u00e0 1h du matin. La Abadia Beer Garden Adresse : Av. de ... <a title=\"La Abadia\" class=\"read-more\" href=\"https:\/\/www.sotograndeguide.com\/fr\/sotogrande-restaurants\/la-abadia\/\" aria-label=\"En savoir plus sur La Abadia\">Lire plus<\/a><\/p>","protected":false},"author":1,"featured_media":35765,"parent":91,"menu_order":0,"comment_status":"closed","ping_status":"closed","template":"","meta":{"footnotes":""},"class_list":["post-35755","page","type-page","status-publish","has-post-thumbnail"],"yoast_head":"<!-- This site is optimized with the Yoast SEO Premium plugin v20.5 (Yoast SEO v27.5) - https:\/\/yoast.com\/product\/yoast-seo-premium-wordpress\/ -->\n<title>La Abadia<\/title>\n<meta name=\"robots\" content=\"index, follow, max-snippet:-1, max-image-preview:large, max-video-preview:-1\" \/>\n<link rel=\"canonical\" href=\"https:\/\/www.sotograndeguide.com\/fr\/restaurants-de-sotogrande\/la-abadia\/\" \/>\n<meta property=\"og:locale\" content=\"fr_FR\" \/>\n<meta property=\"og:type\" content=\"article\" \/>\n<meta property=\"og:title\" content=\"La Abadia\" \/>\n<meta property=\"og:description\" content=\"La Abadia is a beer garden located just behind the Pharmacy in the commercial development Plaza Blanca (behind Galerias Panigua). Opened in September 2021, this new venue offers 40 different beers as well as small tapas. La Abadia is open from Thursday to Sunday from 7pm to 1am. La Abadia Beer Garden Address: Av. de ... Lire plus\" \/>\n<meta property=\"og:url\" content=\"https:\/\/www.sotograndeguide.com\/fr\/restaurants-de-sotogrande\/la-abadia\/\" \/>\n<meta property=\"og:site_name\" content=\"Sotogrande Guide\" \/>\n<meta property=\"article:publisher\" content=\"https:\/\/www.facebook.com\/sotograndeguide\" \/>\n<meta property=\"article:modified_time\" content=\"2023-10-02T07:48:57+00:00\" \/>\n<meta property=\"og:image\" content=\"https:\/\/www.sotograndeguide.com\/wp-content\/uploads\/2021\/10\/Tapas-and-Beers-at-La-Abadia-in-Sotogrande-1.jpg\" \/>\n\t<meta property=\"og:image:width\" content=\"1024\" \/>\n\t<meta property=\"og:image:height\" content=\"683\" \/>\n\t<meta property=\"og:image:type\" content=\"image\/jpeg\" \/>\n<meta name=\"twitter:card\" content=\"summary_large_image\" \/>\n<meta name=\"twitter:site\" content=\"@sotograndeguide\" \/>\n<meta name=\"twitter:label1\" content=\"Est. reading time\" \/>\n\t<meta name=\"twitter:data1\" content=\"1 minute\" \/>\n<!-- \/ Yoast SEO Premium plugin. -->","yoast_head_json":{"title":"La Abadia","robots":{"index":"index","follow":"follow","max-snippet":"max-snippet:-1","max-image-preview":"max-image-preview:large","max-video-preview":"max-video-preview:-1"},"canonical":"https:\/\/www.sotograndeguide.com\/fr\/restaurants-de-sotogrande\/la-abadia\/","og_locale":"fr_FR","og_type":"article","og_title":"La Abadia","og_description":"La Abadia is a beer garden located just behind the Pharmacy in the commercial development Plaza Blanca (behind Galerias Panigua). Opened in September 2021, this new venue offers 40 different beers as well as small tapas. La Abadia is open from Thursday to Sunday from 7pm to 1am. La Abadia Beer Garden Address: Av. de ... Lire plus","og_url":"https:\/\/www.sotograndeguide.com\/fr\/restaurants-de-sotogrande\/la-abadia\/","og_site_name":"Sotogrande Guide","article_publisher":"https:\/\/www.facebook.com\/sotograndeguide","article_modified_time":"2023-10-02T07:48:57+00:00","og_image":[{"width":1024,"height":683,"url":"https:\/\/www.sotograndeguide.com\/wp-content\/uploads\/2021\/10\/Tapas-and-Beers-at-La-Abadia-in-Sotogrande-1.jpg","type":"image\/jpeg"}],"twitter_card":"summary_large_image","twitter_site":"@sotograndeguide","twitter_misc":{"Est. reading time":"1 minute"},"schema":{"@context":"https:\/\/schema.org","@graph":[{"@type":"WebPage","@id":"https:\/\/www.sotograndeguide.com\/sotogrande-restaurants\/la-abadia\/","url":"https:\/\/www.sotograndeguide.com\/sotogrande-restaurants\/la-abadia\/","name":"La Abadia","isPartOf":{"@id":"https:\/\/www.sotograndeguide.com\/#website"},"primaryImageOfPage":{"@id":"https:\/\/www.sotograndeguide.com\/sotogrande-restaurants\/la-abadia\/#primaryimage"},"image":{"@id":"https:\/\/www.sotograndeguide.com\/sotogrande-restaurants\/la-abadia\/#primaryimage"},"thumbnailUrl":"https:\/\/www.sotograndeguide.com\/wp-content\/uploads\/2021\/10\/Tapas-and-Beers-at-La-Abadia-in-Sotogrande-1.jpg","datePublished":"2021-10-31T09:21:36+00:00","dateModified":"2023-10-02T07:48:57+00:00","breadcrumb":{"@id":"https:\/\/www.sotograndeguide.com\/sotogrande-restaurants\/la-abadia\/#breadcrumb"},"inLanguage":"fr-FR","potentialAction":[{"@type":"ReadAction","target":["https:\/\/www.sotograndeguide.com\/sotogrande-restaurants\/la-abadia\/"]}]},{"@type":"ImageObject","inLanguage":"fr-FR","@id":"https:\/\/www.sotograndeguide.com\/sotogrande-restaurants\/la-abadia\/#primaryimage","url":"https:\/\/www.sotograndeguide.com\/wp-content\/uploads\/2021\/10\/Tapas-and-Beers-at-La-Abadia-in-Sotogrande-1.jpg","contentUrl":"https:\/\/www.sotograndeguide.com\/wp-content\/uploads\/2021\/10\/Tapas-and-Beers-at-La-Abadia-in-Sotogrande-1.jpg","width":1024,"height":683,"caption":"Tapas and Beers at La Abadia in Sotogrande"},{"@type":"BreadcrumbList","@id":"https:\/\/www.sotograndeguide.com\/sotogrande-restaurants\/la-abadia\/#breadcrumb","itemListElement":[{"@type":"ListItem","position":1,"name":"Home","item":"https:\/\/www.sotograndeguide.com\/"},{"@type":"ListItem","position":2,"name":"Sotogrande Restaurants","item":"https:\/\/www.sotograndeguide.com\/sotogrande-restaurants\/"},{"@type":"ListItem","position":3,"name":"La Abadia"}]},{"@type":"WebSite","@id":"https:\/\/www.sotograndeguide.com\/#website","url":"https:\/\/www.sotograndeguide.com\/","name":"Guide de Sotogrande","description":"Nouvelles, conseils, \u00e9v\u00e9nements et critiques","publisher":{"@id":"https:\/\/www.sotograndeguide.com\/#organization"},"potentialAction":[{"@type":"SearchAction","target":{"@type":"EntryPoint","urlTemplate":"https:\/\/www.sotograndeguide.com\/?s={search_term_string}"},"query-input":{"@type":"PropertyValueSpecification","valueRequired":true,"valueName":"search_term_string"}}],"inLanguage":"fr-FR"},{"@type":"Organization","@id":"https:\/\/www.sotograndeguide.com\/#organization","name":"Guide de Sotogrande","url":"https:\/\/www.sotograndeguide.com\/","logo":{"@type":"ImageObject","inLanguage":"fr-FR","@id":"https:\/\/www.sotograndeguide.com\/#\/schema\/logo\/image\/","url":"https:\/\/www.sotograndeguide.com\/wp-content\/uploads\/2017\/03\/Sotogrande-Logo-GUIDE.png","contentUrl":"https:\/\/www.sotograndeguide.com\/wp-content\/uploads\/2017\/03\/Sotogrande-Logo-GUIDE.png","width":300,"height":300,"caption":"Sotogrande Guide"},"image":{"@id":"https:\/\/www.sotograndeguide.com\/#\/schema\/logo\/image\/"},"sameAs":["https:\/\/www.facebook.com\/sotograndeguide","https:\/\/x.com\/sotograndeguide","https:\/\/www.tiktok.com\/@sotograndeguide","https:\/\/www.youtube.com\/@SotograndeGuide"]}]}},"jetpack_sharing_enabled":true,"_links":{"self":[{"href":"https:\/\/www.sotograndeguide.com\/fr\/wp-json\/wp\/v2\/pages\/35755","targetHints":{"allow":["GET"]}}],"collection":[{"href":"https:\/\/www.sotograndeguide.com\/fr\/wp-json\/wp\/v2\/pages"}],"about":[{"href":"https:\/\/www.sotograndeguide.com\/fr\/wp-json\/wp\/v2\/types\/page"}],"author":[{"embeddable":true,"href":"https:\/\/www.sotograndeguide.com\/fr\/wp-json\/wp\/v2\/users\/1"}],"replies":[{"embeddable":true,"href":"https:\/\/www.sotograndeguide.com\/fr\/wp-json\/wp\/v2\/comments?post=35755"}],"version-history":[{"count":0,"href":"https:\/\/www.sotograndeguide.com\/fr\/wp-json\/wp\/v2\/pages\/35755\/revisions"}],"up":[{"embeddable":true,"href":"https:\/\/www.sotograndeguide.com\/fr\/wp-json\/wp\/v2\/pages\/91"}],"wp:featuredmedia":[{"embeddable":true,"href":"https:\/\/www.sotograndeguide.com\/fr\/wp-json\/wp\/v2\/media\/35765"}],"wp:attachment":[{"href":"https:\/\/www.sotograndeguide.com\/fr\/wp-json\/wp\/v2\/media?parent=35755"}],"curies":[{"name":"wp","href":"https:\/\/api.w.org\/{rel}","templated":true}]}}