{"id":35722,"date":"2021-10-16T13:36:30","date_gmt":"2021-10-16T13:36:30","guid":{"rendered":"https:\/\/www.sotograndeguide.com\/?page_id=35722"},"modified":"2021-10-16T13:36:30","modified_gmt":"2021-10-16T13:36:30","slug":"gem-space-co-working","status":"publish","type":"page","link":"https:\/\/www.sotograndeguide.com\/fr\/gem-space-co-working\/","title":{"rendered":"Gem Space Co-Working"},"content":{"rendered":"<p>Gem Space Co-working Sotogrande est un espace de co-working qui propose des bureaux mensuels, des hot desks quotidiens, des salles de r\u00e9union, des bureaux virtuels ainsi que des bureaux priv\u00e9s.<\/p>\n<p><img decoding=\"async\" class=\"aligncenter size-large wp-image-35727\" src=\"https:\/\/www.sotograndeguide.com\/wp-content\/uploads\/2021\/10\/Gem-Space-Co-working-Sotogrande-7-1024x1024.jpeg\" alt=\"Gem Space Co-working Sotogrande Louer un bureau\" width=\"1024\" height=\"1024\" srcset=\"https:\/\/www.sotograndeguide.com\/wp-content\/uploads\/2021\/10\/Gem-Space-Co-working-Sotogrande-7-1024x1024.jpeg 1024w, https:\/\/www.sotograndeguide.com\/wp-content\/uploads\/2021\/10\/Gem-Space-Co-working-Sotogrande-7-300x300.jpeg 300w, https:\/\/www.sotograndeguide.com\/wp-content\/uploads\/2021\/10\/Gem-Space-Co-working-Sotogrande-7-150x150.jpeg 150w, https:\/\/www.sotograndeguide.com\/wp-content\/uploads\/2021\/10\/Gem-Space-Co-working-Sotogrande-7-768x768.jpeg 768w, https:\/\/www.sotograndeguide.com\/wp-content\/uploads\/2021\/10\/Gem-Space-Co-working-Sotogrande-7.jpeg 1058w\" sizes=\"(max-width: 1024px) 100vw, 1024px\" \/><img decoding=\"async\" class=\"aligncenter size-large wp-image-35728\" src=\"https:\/\/www.sotograndeguide.com\/wp-content\/uploads\/2021\/10\/Gem-Space-Co-working-Sotogrande-1-682x1024.jpeg\" alt=\"Centre d&#039;affaires Gem Space Co-working Sotogrande\" width=\"682\" height=\"1024\" srcset=\"https:\/\/www.sotograndeguide.com\/wp-content\/uploads\/2021\/10\/Gem-Space-Co-working-Sotogrande-1-682x1024.jpeg 682w, https:\/\/www.sotograndeguide.com\/wp-content\/uploads\/2021\/10\/Gem-Space-Co-working-Sotogrande-1-200x300.jpeg 200w, https:\/\/www.sotograndeguide.com\/wp-content\/uploads\/2021\/10\/Gem-Space-Co-working-Sotogrande-1-768x1154.jpeg 768w, https:\/\/www.sotograndeguide.com\/wp-content\/uploads\/2021\/10\/Gem-Space-Co-working-Sotogrande-1-1022x1536.jpeg 1022w, https:\/\/www.sotograndeguide.com\/wp-content\/uploads\/2021\/10\/Gem-Space-Co-working-Sotogrande-1-1363x2048.jpeg 1363w, https:\/\/www.sotograndeguide.com\/wp-content\/uploads\/2021\/10\/Gem-Space-Co-working-Sotogrande-1-scaled.jpeg 1704w\" sizes=\"(max-width: 682px) 100vw, 682px\" \/><img decoding=\"async\" class=\"aligncenter size-large wp-image-35729\" src=\"https:\/\/www.sotograndeguide.com\/wp-content\/uploads\/2021\/10\/Gem-Space-Co-working-Sotogrande-2-682x1024.jpeg\" alt=\"Gem Space Co-working Sotogrande Bureau virtuel\" width=\"682\" height=\"1024\" srcset=\"https:\/\/www.sotograndeguide.com\/wp-content\/uploads\/2021\/10\/Gem-Space-Co-working-Sotogrande-2-682x1024.jpeg 682w, https:\/\/www.sotograndeguide.com\/wp-content\/uploads\/2021\/10\/Gem-Space-Co-working-Sotogrande-2-200x300.jpeg 200w, https:\/\/www.sotograndeguide.com\/wp-content\/uploads\/2021\/10\/Gem-Space-Co-working-Sotogrande-2-768x1154.jpeg 768w, https:\/\/www.sotograndeguide.com\/wp-content\/uploads\/2021\/10\/Gem-Space-Co-working-Sotogrande-2-1022x1536.jpeg 1022w, https:\/\/www.sotograndeguide.com\/wp-content\/uploads\/2021\/10\/Gem-Space-Co-working-Sotogrande-2-1363x2048.jpeg 1363w, https:\/\/www.sotograndeguide.com\/wp-content\/uploads\/2021\/10\/Gem-Space-Co-working-Sotogrande-2-scaled.jpeg 1704w\" sizes=\"(max-width: 682px) 100vw, 682px\" \/><img decoding=\"async\" class=\"aligncenter size-large wp-image-35730\" src=\"https:\/\/www.sotograndeguide.com\/wp-content\/uploads\/2021\/10\/Gem-Space-Co-working-Sotogrande-3-1024x682.jpeg\" alt=\"Gem Space Co-working Sotogrande Hot Desks\" width=\"1024\" height=\"682\" srcset=\"https:\/\/www.sotograndeguide.com\/wp-content\/uploads\/2021\/10\/Gem-Space-Co-working-Sotogrande-3-1024x682.jpeg 1024w, https:\/\/www.sotograndeguide.com\/wp-content\/uploads\/2021\/10\/Gem-Space-Co-working-Sotogrande-3-300x200.jpeg 300w, https:\/\/www.sotograndeguide.com\/wp-content\/uploads\/2021\/10\/Gem-Space-Co-working-Sotogrande-3-768x511.jpeg 768w, https:\/\/www.sotograndeguide.com\/wp-content\/uploads\/2021\/10\/Gem-Space-Co-working-Sotogrande-3-1536x1022.jpeg 1536w, https:\/\/www.sotograndeguide.com\/wp-content\/uploads\/2021\/10\/Gem-Space-Co-working-Sotogrande-3-2048x1363.jpeg 2048w\" sizes=\"(max-width: 1024px) 100vw, 1024px\" \/><img decoding=\"async\" class=\"aligncenter size-large wp-image-35731\" src=\"https:\/\/www.sotograndeguide.com\/wp-content\/uploads\/2021\/10\/Gem-Space-Co-working-Sotogrande-4-1024x682.jpeg\" alt=\"Gem Space Co-working Sotogrande\" width=\"1024\" height=\"682\" srcset=\"https:\/\/www.sotograndeguide.com\/wp-content\/uploads\/2021\/10\/Gem-Space-Co-working-Sotogrande-4-1024x682.jpeg 1024w, https:\/\/www.sotograndeguide.com\/wp-content\/uploads\/2021\/10\/Gem-Space-Co-working-Sotogrande-4-300x200.jpeg 300w, https:\/\/www.sotograndeguide.com\/wp-content\/uploads\/2021\/10\/Gem-Space-Co-working-Sotogrande-4-768x511.jpeg 768w, https:\/\/www.sotograndeguide.com\/wp-content\/uploads\/2021\/10\/Gem-Space-Co-working-Sotogrande-4-1536x1022.jpeg 1536w, https:\/\/www.sotograndeguide.com\/wp-content\/uploads\/2021\/10\/Gem-Space-Co-working-Sotogrande-4-2048x1363.jpeg 2048w\" sizes=\"(max-width: 1024px) 100vw, 1024px\" \/><\/p>\n<p><strong>Gem Space Co-Working<\/strong><br \/>\nAdresse : Calle Manuel Gavil\u00e1n, 19, Pueblo Nuevo de Guadiaro<br \/>\nT\u00e9l\u00e9phone : <a href=\"tel:+34662457435\">662457435<\/a><\/p>","protected":false},"excerpt":{"rendered":"<p>Gem Space Co-working Sotogrande est un espace de co-working qui propose des bureaux mensuels, des hot desks quotidiens, des salles de r\u00e9union, des bureaux virtuels ainsi que des bureaux priv\u00e9s. Gem Space Co-Working Adresse : Calle Manuel Gavil\u00e1n, 19, Pueblo Nuevo de Guadiaro T\u00e9l\u00e9phone : 662457435<\/p>","protected":false},"author":1,"featured_media":35725,"parent":0,"menu_order":0,"comment_status":"closed","ping_status":"closed","template":"","meta":{"footnotes":""},"class_list":["post-35722","page","type-page","status-publish","has-post-thumbnail"],"yoast_head":"<!-- This site is optimized with the Yoast SEO Premium plugin v20.5 (Yoast SEO v27.5) - https:\/\/yoast.com\/product\/yoast-seo-premium-wordpress\/ -->\n<title>Gem Space Co-Working<\/title>\n<meta name=\"robots\" content=\"index, follow, max-snippet:-1, max-image-preview:large, max-video-preview:-1\" \/>\n<link rel=\"canonical\" href=\"https:\/\/www.sotograndeguide.com\/fr\/gem-space-co-working\/\" \/>\n<meta property=\"og:locale\" content=\"fr_FR\" \/>\n<meta property=\"og:type\" content=\"article\" \/>\n<meta property=\"og:title\" content=\"Gem Space Co-Working\" \/>\n<meta property=\"og:description\" content=\"Gem Space Co-working Sotogrande is a co-working space that offers monthly desks, daily hot desks, meeting rooms, virtual offices as well as private offices. Gem Space Co-Working Address: Calle Manuel Gavil\u00e1n, 19, Pueblo Nuevo de Guadiaro Telephone: 662457435\" \/>\n<meta property=\"og:url\" content=\"https:\/\/www.sotograndeguide.com\/fr\/gem-space-co-working\/\" \/>\n<meta property=\"og:site_name\" content=\"Sotogrande Guide\" \/>\n<meta property=\"article:publisher\" content=\"https:\/\/www.facebook.com\/sotograndeguide\" \/>\n<meta property=\"og:image\" content=\"https:\/\/www.sotograndeguide.com\/wp-content\/uploads\/2021\/10\/Gem-Space-Co-working-Sotogrande-6.jpeg\" \/>\n\t<meta property=\"og:image:width\" content=\"1800\" \/>\n\t<meta property=\"og:image:height\" content=\"1198\" \/>\n\t<meta property=\"og:image:type\" content=\"image\/jpeg\" \/>\n<meta name=\"twitter:card\" content=\"summary_large_image\" \/>\n<meta name=\"twitter:site\" content=\"@sotograndeguide\" \/>\n<!-- \/ Yoast SEO Premium plugin. -->","yoast_head_json":{"title":"Gem Space Co-Working","robots":{"index":"index","follow":"follow","max-snippet":"max-snippet:-1","max-image-preview":"max-image-preview:large","max-video-preview":"max-video-preview:-1"},"canonical":"https:\/\/www.sotograndeguide.com\/fr\/gem-space-co-working\/","og_locale":"fr_FR","og_type":"article","og_title":"Gem Space Co-Working","og_description":"Gem Space Co-working Sotogrande is a co-working space that offers monthly desks, daily hot desks, meeting rooms, virtual offices as well as private offices. Gem Space Co-Working Address: Calle Manuel Gavil\u00e1n, 19, Pueblo Nuevo de Guadiaro Telephone: 662457435","og_url":"https:\/\/www.sotograndeguide.com\/fr\/gem-space-co-working\/","og_site_name":"Sotogrande Guide","article_publisher":"https:\/\/www.facebook.com\/sotograndeguide","og_image":[{"width":1800,"height":1198,"url":"https:\/\/www.sotograndeguide.com\/wp-content\/uploads\/2021\/10\/Gem-Space-Co-working-Sotogrande-6.jpeg","type":"image\/jpeg"}],"twitter_card":"summary_large_image","twitter_site":"@sotograndeguide","schema":{"@context":"https:\/\/schema.org","@graph":[{"@type":"WebPage","@id":"https:\/\/www.sotograndeguide.com\/gem-space-co-working\/","url":"https:\/\/www.sotograndeguide.com\/gem-space-co-working\/","name":"Gem Space Co-Working","isPartOf":{"@id":"https:\/\/www.sotograndeguide.com\/#website"},"primaryImageOfPage":{"@id":"https:\/\/www.sotograndeguide.com\/gem-space-co-working\/#primaryimage"},"image":{"@id":"https:\/\/www.sotograndeguide.com\/gem-space-co-working\/#primaryimage"},"thumbnailUrl":"https:\/\/www.sotograndeguide.com\/wp-content\/uploads\/2021\/10\/Gem-Space-Co-working-Sotogrande-6.jpeg","datePublished":"2021-10-16T13:36:30+00:00","breadcrumb":{"@id":"https:\/\/www.sotograndeguide.com\/gem-space-co-working\/#breadcrumb"},"inLanguage":"fr-FR","potentialAction":[{"@type":"ReadAction","target":["https:\/\/www.sotograndeguide.com\/gem-space-co-working\/"]}]},{"@type":"ImageObject","inLanguage":"fr-FR","@id":"https:\/\/www.sotograndeguide.com\/gem-space-co-working\/#primaryimage","url":"https:\/\/www.sotograndeguide.com\/wp-content\/uploads\/2021\/10\/Gem-Space-Co-working-Sotogrande-6.jpeg","contentUrl":"https:\/\/www.sotograndeguide.com\/wp-content\/uploads\/2021\/10\/Gem-Space-Co-working-Sotogrande-6.jpeg","width":1800,"height":1198,"caption":"Gem Space Co-Working"},{"@type":"BreadcrumbList","@id":"https:\/\/www.sotograndeguide.com\/gem-space-co-working\/#breadcrumb","itemListElement":[{"@type":"ListItem","position":1,"name":"Home","item":"https:\/\/www.sotograndeguide.com\/"},{"@type":"ListItem","position":2,"name":"Gem Space Co-Working"}]},{"@type":"WebSite","@id":"https:\/\/www.sotograndeguide.com\/#website","url":"https:\/\/www.sotograndeguide.com\/","name":"Guide de Sotogrande","description":"Nouvelles, conseils, \u00e9v\u00e9nements et critiques","publisher":{"@id":"https:\/\/www.sotograndeguide.com\/#organization"},"potentialAction":[{"@type":"SearchAction","target":{"@type":"EntryPoint","urlTemplate":"https:\/\/www.sotograndeguide.com\/?s={search_term_string}"},"query-input":{"@type":"PropertyValueSpecification","valueRequired":true,"valueName":"search_term_string"}}],"inLanguage":"fr-FR"},{"@type":"Organization","@id":"https:\/\/www.sotograndeguide.com\/#organization","name":"Guide de Sotogrande","url":"https:\/\/www.sotograndeguide.com\/","logo":{"@type":"ImageObject","inLanguage":"fr-FR","@id":"https:\/\/www.sotograndeguide.com\/#\/schema\/logo\/image\/","url":"https:\/\/www.sotograndeguide.com\/wp-content\/uploads\/2017\/03\/Sotogrande-Logo-GUIDE.png","contentUrl":"https:\/\/www.sotograndeguide.com\/wp-content\/uploads\/2017\/03\/Sotogrande-Logo-GUIDE.png","width":300,"height":300,"caption":"Sotogrande Guide"},"image":{"@id":"https:\/\/www.sotograndeguide.com\/#\/schema\/logo\/image\/"},"sameAs":["https:\/\/www.facebook.com\/sotograndeguide","https:\/\/x.com\/sotograndeguide","https:\/\/www.tiktok.com\/@sotograndeguide","https:\/\/www.youtube.com\/@SotograndeGuide"]}]}},"jetpack_sharing_enabled":true,"_links":{"self":[{"href":"https:\/\/www.sotograndeguide.com\/fr\/wp-json\/wp\/v2\/pages\/35722","targetHints":{"allow":["GET"]}}],"collection":[{"href":"https:\/\/www.sotograndeguide.com\/fr\/wp-json\/wp\/v2\/pages"}],"about":[{"href":"https:\/\/www.sotograndeguide.com\/fr\/wp-json\/wp\/v2\/types\/page"}],"author":[{"embeddable":true,"href":"https:\/\/www.sotograndeguide.com\/fr\/wp-json\/wp\/v2\/users\/1"}],"replies":[{"embeddable":true,"href":"https:\/\/www.sotograndeguide.com\/fr\/wp-json\/wp\/v2\/comments?post=35722"}],"version-history":[{"count":0,"href":"https:\/\/www.sotograndeguide.com\/fr\/wp-json\/wp\/v2\/pages\/35722\/revisions"}],"wp:featuredmedia":[{"embeddable":true,"href":"https:\/\/www.sotograndeguide.com\/fr\/wp-json\/wp\/v2\/media\/35725"}],"wp:attachment":[{"href":"https:\/\/www.sotograndeguide.com\/fr\/wp-json\/wp\/v2\/media?parent=35722"}],"curies":[{"name":"wp","href":"https:\/\/api.w.org\/{rel}","templated":true}]}}