{"id":35541,"date":"2020-11-22T09:20:40","date_gmt":"2020-11-22T09:20:40","guid":{"rendered":"https:\/\/www.sotograndeguide.com\/?page_id=35541"},"modified":"2020-11-22T09:20:40","modified_gmt":"2020-11-22T09:20:40","slug":"yogafit-sotogrande","status":"publish","type":"page","link":"https:\/\/www.sotograndeguide.com\/fr\/sotogrande-sports\/yogafit-sotogrande\/","title":{"rendered":"Yogafit Sotogrande"},"content":{"rendered":"<p>Si vous cherchez du yoga \u00e0 Sotogrande, vous voulez Yogafit de Daisy Robins, un professeur de yoga Vinyasa Flow de 200h, bas\u00e9 \u00e0 Sotogrande et en ligne. A travers ses cours de yoga en groupe et ses sessions priv\u00e9es, elle vise \u00e0 vous offrir une retraite de votre vie quotidienne ! Quel que soit votre \u00e2ge, votre taille ou votre niveau de forme, Yogafit s'adresse \u00e0 TOUS. Yogafit se concentre sur le renforcement, la tonification, la flexibilit\u00e9 et la forme physique, ainsi que sur l'apprentissage de la pleine conscience, des anciennes philosophies yogiques et du pranayama (respiration). Il s'agit d'un yoga amical, et je souhaite accueillir tout le monde dans mes cours. Concentrer son attention sur ce que l'on vit au moment pr\u00e9sent sans se juger. Les gens ne pensent pas souvent que le yoga est un entra\u00eenement cardiovasculaire, mais le flux dynamique du Vinyasa le permet. Le mouvement continu cr\u00e9e de la chaleur, vous aide \u00e0 br\u00fbler des calories et peut am\u00e9liorer la sant\u00e9 cardiovasculaire et respiratoire. Que vous souhaitiez perdre du poids ou que vous fassiez de votre sant\u00e9 une priorit\u00e9, le Vinyasa peut \u00eatre un excellent entra\u00eenement physique.<\/p>\n<p>Pour plus d'informations ou pour s'inscrire \u00e0 un cours<br \/>\nT\u00e9l\u00e9phone\/WhatsApp : <a href=\"tel:+34711035331\">711035331<\/a><\/p>","protected":false},"excerpt":{"rendered":"<p>Si vous cherchez du yoga \u00e0 Sotogrande, vous voulez Yogafit de Daisy Robins, un professeur de yoga Vinyasa Flow de 200h, bas\u00e9 \u00e0 Sotogrande et en ligne. A travers ses cours de yoga en groupe et ses sessions priv\u00e9es, elle vise \u00e0 vous offrir une retraite de votre vie quotidienne ! Quel que soit votre \u00e2ge, votre taille ou votre niveau de forme, Yogafit ... <a title=\"Yogafit Sotogrande\" class=\"read-more\" href=\"https:\/\/www.sotograndeguide.com\/fr\/sotogrande-sports\/yogafit-sotogrande\/\" aria-label=\"En savoir plus sur Yogafit Sotogrande\">Lire plus<\/a><\/p>","protected":false},"author":1,"featured_media":35542,"parent":110,"menu_order":0,"comment_status":"closed","ping_status":"closed","template":"","meta":{"footnotes":""},"class_list":["post-35541","page","type-page","status-publish","has-post-thumbnail"],"yoast_head":"<!-- This site is optimized with the Yoast SEO Premium plugin v20.5 (Yoast SEO v27.4) - https:\/\/yoast.com\/product\/yoast-seo-premium-wordpress\/ -->\n<title>Yogafit Sotogrande<\/title>\n<meta name=\"robots\" content=\"index, follow, max-snippet:-1, max-image-preview:large, max-video-preview:-1\" \/>\n<link rel=\"canonical\" href=\"https:\/\/www.sotograndeguide.com\/fr\/sports-sotogrande\/yogafit-sotogrande\/\" \/>\n<meta property=\"og:locale\" content=\"fr_FR\" \/>\n<meta property=\"og:type\" content=\"article\" \/>\n<meta property=\"og:title\" content=\"Yogafit Sotogrande\" \/>\n<meta property=\"og:description\" content=\"If you are looking for Yoga in Sotogrande, you want Yogafit by Daisy Robins, a 200hr Vinyasa Flow yoga teacher, based in Sotogrande and online. Through her group yoga classes, and private sessions she aims to offer you a retreat from your day to day life! No matter your age, size, or fitness level, Yogafit ... Lire plus\" \/>\n<meta property=\"og:url\" content=\"https:\/\/www.sotograndeguide.com\/fr\/sports-sotogrande\/yogafit-sotogrande\/\" \/>\n<meta property=\"og:site_name\" content=\"Sotogrande Guide\" \/>\n<meta property=\"article:publisher\" content=\"https:\/\/www.facebook.com\/sotograndeguide\" \/>\n<meta property=\"og:image\" content=\"https:\/\/www.sotograndeguide.com\/wp-content\/uploads\/2020\/11\/Yogafit-Sotogrande.jpg\" \/>\n\t<meta property=\"og:image:width\" content=\"1457\" \/>\n\t<meta property=\"og:image:height\" content=\"972\" \/>\n\t<meta property=\"og:image:type\" content=\"image\/jpeg\" \/>\n<meta name=\"twitter:card\" content=\"summary_large_image\" \/>\n<meta name=\"twitter:site\" content=\"@sotograndeguide\" \/>\n<meta name=\"twitter:label1\" content=\"Est. reading time\" \/>\n\t<meta name=\"twitter:data1\" content=\"1 minute\" \/>\n<!-- \/ Yoast SEO Premium plugin. -->","yoast_head_json":{"title":"Yogafit Sotogrande","robots":{"index":"index","follow":"follow","max-snippet":"max-snippet:-1","max-image-preview":"max-image-preview:large","max-video-preview":"max-video-preview:-1"},"canonical":"https:\/\/www.sotograndeguide.com\/fr\/sports-sotogrande\/yogafit-sotogrande\/","og_locale":"fr_FR","og_type":"article","og_title":"Yogafit Sotogrande","og_description":"If you are looking for Yoga in Sotogrande, you want Yogafit by Daisy Robins, a 200hr Vinyasa Flow yoga teacher, based in Sotogrande and online. Through her group yoga classes, and private sessions she aims to offer you a retreat from your day to day life! No matter your age, size, or fitness level, Yogafit ... Lire plus","og_url":"https:\/\/www.sotograndeguide.com\/fr\/sports-sotogrande\/yogafit-sotogrande\/","og_site_name":"Sotogrande Guide","article_publisher":"https:\/\/www.facebook.com\/sotograndeguide","og_image":[{"width":1457,"height":972,"url":"https:\/\/www.sotograndeguide.com\/wp-content\/uploads\/2020\/11\/Yogafit-Sotogrande.jpg","type":"image\/jpeg"}],"twitter_card":"summary_large_image","twitter_site":"@sotograndeguide","twitter_misc":{"Est. reading time":"1 minute"},"schema":{"@context":"https:\/\/schema.org","@graph":[{"@type":"WebPage","@id":"https:\/\/www.sotograndeguide.com\/sotogrande-sports\/yogafit-sotogrande\/","url":"https:\/\/www.sotograndeguide.com\/sotogrande-sports\/yogafit-sotogrande\/","name":"Yogafit Sotogrande","isPartOf":{"@id":"https:\/\/www.sotograndeguide.com\/#website"},"primaryImageOfPage":{"@id":"https:\/\/www.sotograndeguide.com\/sotogrande-sports\/yogafit-sotogrande\/#primaryimage"},"image":{"@id":"https:\/\/www.sotograndeguide.com\/sotogrande-sports\/yogafit-sotogrande\/#primaryimage"},"thumbnailUrl":"https:\/\/www.sotograndeguide.com\/wp-content\/uploads\/2020\/11\/Yogafit-Sotogrande.jpg","datePublished":"2020-11-22T09:20:40+00:00","breadcrumb":{"@id":"https:\/\/www.sotograndeguide.com\/sotogrande-sports\/yogafit-sotogrande\/#breadcrumb"},"inLanguage":"fr-FR","potentialAction":[{"@type":"ReadAction","target":["https:\/\/www.sotograndeguide.com\/sotogrande-sports\/yogafit-sotogrande\/"]}]},{"@type":"ImageObject","inLanguage":"fr-FR","@id":"https:\/\/www.sotograndeguide.com\/sotogrande-sports\/yogafit-sotogrande\/#primaryimage","url":"https:\/\/www.sotograndeguide.com\/wp-content\/uploads\/2020\/11\/Yogafit-Sotogrande.jpg","contentUrl":"https:\/\/www.sotograndeguide.com\/wp-content\/uploads\/2020\/11\/Yogafit-Sotogrande.jpg","width":1457,"height":972,"caption":"Yogafit Sotogrande"},{"@type":"BreadcrumbList","@id":"https:\/\/www.sotograndeguide.com\/sotogrande-sports\/yogafit-sotogrande\/#breadcrumb","itemListElement":[{"@type":"ListItem","position":1,"name":"Home","item":"https:\/\/www.sotograndeguide.com\/"},{"@type":"ListItem","position":2,"name":"Sotogrande Sports","item":"https:\/\/www.sotograndeguide.com\/sotogrande-sports\/"},{"@type":"ListItem","position":3,"name":"Yogafit Sotogrande"}]},{"@type":"WebSite","@id":"https:\/\/www.sotograndeguide.com\/#website","url":"https:\/\/www.sotograndeguide.com\/","name":"Guide de Sotogrande","description":"Nouvelles, conseils, \u00e9v\u00e9nements et critiques","publisher":{"@id":"https:\/\/www.sotograndeguide.com\/#organization"},"potentialAction":[{"@type":"SearchAction","target":{"@type":"EntryPoint","urlTemplate":"https:\/\/www.sotograndeguide.com\/?s={search_term_string}"},"query-input":{"@type":"PropertyValueSpecification","valueRequired":true,"valueName":"search_term_string"}}],"inLanguage":"fr-FR"},{"@type":"Organization","@id":"https:\/\/www.sotograndeguide.com\/#organization","name":"Guide de Sotogrande","url":"https:\/\/www.sotograndeguide.com\/","logo":{"@type":"ImageObject","inLanguage":"fr-FR","@id":"https:\/\/www.sotograndeguide.com\/#\/schema\/logo\/image\/","url":"https:\/\/www.sotograndeguide.com\/wp-content\/uploads\/2017\/03\/Sotogrande-Logo-GUIDE.png","contentUrl":"https:\/\/www.sotograndeguide.com\/wp-content\/uploads\/2017\/03\/Sotogrande-Logo-GUIDE.png","width":300,"height":300,"caption":"Sotogrande Guide"},"image":{"@id":"https:\/\/www.sotograndeguide.com\/#\/schema\/logo\/image\/"},"sameAs":["https:\/\/www.facebook.com\/sotograndeguide","https:\/\/x.com\/sotograndeguide","https:\/\/www.tiktok.com\/@sotograndeguide","https:\/\/www.youtube.com\/@SotograndeGuide"]}]}},"jetpack_sharing_enabled":true,"_links":{"self":[{"href":"https:\/\/www.sotograndeguide.com\/fr\/wp-json\/wp\/v2\/pages\/35541","targetHints":{"allow":["GET"]}}],"collection":[{"href":"https:\/\/www.sotograndeguide.com\/fr\/wp-json\/wp\/v2\/pages"}],"about":[{"href":"https:\/\/www.sotograndeguide.com\/fr\/wp-json\/wp\/v2\/types\/page"}],"author":[{"embeddable":true,"href":"https:\/\/www.sotograndeguide.com\/fr\/wp-json\/wp\/v2\/users\/1"}],"replies":[{"embeddable":true,"href":"https:\/\/www.sotograndeguide.com\/fr\/wp-json\/wp\/v2\/comments?post=35541"}],"version-history":[{"count":0,"href":"https:\/\/www.sotograndeguide.com\/fr\/wp-json\/wp\/v2\/pages\/35541\/revisions"}],"up":[{"embeddable":true,"href":"https:\/\/www.sotograndeguide.com\/fr\/wp-json\/wp\/v2\/pages\/110"}],"wp:featuredmedia":[{"embeddable":true,"href":"https:\/\/www.sotograndeguide.com\/fr\/wp-json\/wp\/v2\/media\/35542"}],"wp:attachment":[{"href":"https:\/\/www.sotograndeguide.com\/fr\/wp-json\/wp\/v2\/media?parent=35541"}],"curies":[{"name":"wp","href":"https:\/\/api.w.org\/{rel}","templated":true}]}}