{"id":35423,"date":"2019-09-21T10:53:22","date_gmt":"2019-09-21T10:53:22","guid":{"rendered":"https:\/\/www.sotograndeguide.com\/?page_id=35423"},"modified":"2023-04-17T08:27:26","modified_gmt":"2023-04-17T08:27:26","slug":"ergo-kuchen-sotogrande","status":"publish","type":"page","link":"https:\/\/www.sotograndeguide.com\/fr\/ergo-kuchen-sotogrande\/","title":{"rendered":"Ergo K\u00fcchen Sotogrande"},"content":{"rendered":"<p>Ergo K\u00fcchen Sotogrande propose de nombreuses suggestions et id\u00e9es qui vous aideront \u00e0 r\u00e9aliser la cuisine de vos r\u00eaves. D\u00e9couvrez la vari\u00e9t\u00e9 de la collection actuelle d'ergok\u00fcchen et les possibilit\u00e9s de conception. Leurs cuisines \u00e9largissent les espaces de votre vie, que vous souhaitiez utiliser votre cuisine pour cuisiner, vous divertir ou comme point de rencontre.<\/p>\n<p><strong>Ergo K\u00fcchen Sotogrande<\/strong><br \/>\nAdresse : Calle Dorada, 30, 11311, Pueblo Nuevo de Guadiaro, C\u00e1diz<br \/>\nT\u00e9l\u00e9phone : <a href=\"tel:+34956355727\">956355727<\/a><\/p>","protected":false},"excerpt":{"rendered":"<p>Ergo K\u00fcchen Sotogrande propose de nombreuses suggestions et id\u00e9es qui vous aideront \u00e0 r\u00e9aliser la cuisine de vos r\u00eaves. D\u00e9couvrez la vari\u00e9t\u00e9 de la collection actuelle d'ergok\u00fcchen et les possibilit\u00e9s de conception. Leurs cuisines \u00e9largissent les espaces de votre vie, que vous souhaitiez utiliser votre cuisine pour cuisiner, vous divertir ou comme point de rencontre. Ergo ... <a title=\"Ergo K\u00fcchen Sotogrande\" class=\"read-more\" href=\"https:\/\/www.sotograndeguide.com\/fr\/ergo-kuchen-sotogrande\/\" aria-label=\"En savoir plus sur Ergo K\u00fcchen Sotogrande\">Lire plus<\/a><\/p>","protected":false},"author":1,"featured_media":35425,"parent":0,"menu_order":0,"comment_status":"closed","ping_status":"closed","template":"","meta":{"footnotes":""},"class_list":["post-35423","page","type-page","status-publish","has-post-thumbnail"],"yoast_head":"<!-- This site is optimized with the Yoast SEO Premium plugin v20.5 (Yoast SEO v27.5) - https:\/\/yoast.com\/product\/yoast-seo-premium-wordpress\/ -->\n<title>Ergo K\u00fcchen Sotogrande<\/title>\n<meta name=\"description\" content=\"Ergo K\u00fcchen Sotogrande is your modern design kitchen store located in Pueblo Nuevo de Guadiaro, Sotogrande. Choose from kitchens of all sizes and styles.\" \/>\n<meta name=\"robots\" content=\"index, follow, max-snippet:-1, max-image-preview:large, max-video-preview:-1\" \/>\n<link rel=\"canonical\" href=\"https:\/\/www.sotograndeguide.com\/fr\/ergo-kuchen-sotogrande\/\" \/>\n<meta property=\"og:locale\" content=\"fr_FR\" \/>\n<meta property=\"og:type\" content=\"article\" \/>\n<meta property=\"og:title\" content=\"Ergo K\u00fcchen Sotogrande\" \/>\n<meta property=\"og:description\" content=\"Ergo K\u00fcchen Sotogrande is your modern design kitchen store located in Pueblo Nuevo de Guadiaro, Sotogrande. Choose from kitchens of all sizes and styles.\" \/>\n<meta property=\"og:url\" content=\"https:\/\/www.sotograndeguide.com\/fr\/ergo-kuchen-sotogrande\/\" \/>\n<meta property=\"og:site_name\" content=\"Sotogrande Guide\" \/>\n<meta property=\"article:publisher\" content=\"https:\/\/www.facebook.com\/sotograndeguide\" \/>\n<meta property=\"article:modified_time\" content=\"2023-04-17T08:27:26+00:00\" \/>\n<meta property=\"og:image\" content=\"https:\/\/www.sotograndeguide.com\/wp-content\/uploads\/2019\/09\/Ergo-K\u00fcchen-Sotogrande.jpg\" \/>\n\t<meta property=\"og:image:width\" content=\"3268\" \/>\n\t<meta property=\"og:image:height\" content=\"1854\" \/>\n\t<meta property=\"og:image:type\" content=\"image\/jpeg\" \/>\n<meta name=\"twitter:card\" content=\"summary_large_image\" \/>\n<meta name=\"twitter:site\" content=\"@sotograndeguide\" \/>\n<meta name=\"twitter:label1\" content=\"Est. reading time\" \/>\n\t<meta name=\"twitter:data1\" content=\"1 minute\" \/>\n<!-- \/ Yoast SEO Premium plugin. -->","yoast_head_json":{"title":"Ergo K\u00fcchen Sotogrande","description":"Ergo K\u00fcchen Sotogrande est votre magasin de cuisines au design moderne situ\u00e9 \u00e0 Pueblo Nuevo de Guadiaro, Sotogrande. Choisissez parmi des cuisines de toutes tailles et de tous styles.","robots":{"index":"index","follow":"follow","max-snippet":"max-snippet:-1","max-image-preview":"max-image-preview:large","max-video-preview":"max-video-preview:-1"},"canonical":"https:\/\/www.sotograndeguide.com\/fr\/ergo-kuchen-sotogrande\/","og_locale":"fr_FR","og_type":"article","og_title":"Ergo K\u00fcchen Sotogrande","og_description":"Ergo K\u00fcchen Sotogrande is your modern design kitchen store located in Pueblo Nuevo de Guadiaro, Sotogrande. Choose from kitchens of all sizes and styles.","og_url":"https:\/\/www.sotograndeguide.com\/fr\/ergo-kuchen-sotogrande\/","og_site_name":"Sotogrande Guide","article_publisher":"https:\/\/www.facebook.com\/sotograndeguide","article_modified_time":"2023-04-17T08:27:26+00:00","og_image":[{"width":3268,"height":1854,"url":"https:\/\/www.sotograndeguide.com\/wp-content\/uploads\/2019\/09\/Ergo-K\u00fcchen-Sotogrande.jpg","type":"image\/jpeg"}],"twitter_card":"summary_large_image","twitter_site":"@sotograndeguide","twitter_misc":{"Est. reading time":"1 minute"},"schema":{"@context":"https:\/\/schema.org","@graph":[{"@type":"WebPage","@id":"https:\/\/www.sotograndeguide.com\/ergo-kuchen-sotogrande\/","url":"https:\/\/www.sotograndeguide.com\/ergo-kuchen-sotogrande\/","name":"Ergo K\u00fcchen Sotogrande","isPartOf":{"@id":"https:\/\/www.sotograndeguide.com\/#website"},"primaryImageOfPage":{"@id":"https:\/\/www.sotograndeguide.com\/ergo-kuchen-sotogrande\/#primaryimage"},"image":{"@id":"https:\/\/www.sotograndeguide.com\/ergo-kuchen-sotogrande\/#primaryimage"},"thumbnailUrl":"https:\/\/www.sotograndeguide.com\/wp-content\/uploads\/2019\/09\/Ergo-K\u00fcchen-Sotogrande.jpg","datePublished":"2019-09-21T10:53:22+00:00","dateModified":"2023-04-17T08:27:26+00:00","description":"Ergo K\u00fcchen Sotogrande est votre magasin de cuisines au design moderne situ\u00e9 \u00e0 Pueblo Nuevo de Guadiaro, Sotogrande. Choisissez parmi des cuisines de toutes tailles et de tous styles.","breadcrumb":{"@id":"https:\/\/www.sotograndeguide.com\/ergo-kuchen-sotogrande\/#breadcrumb"},"inLanguage":"fr-FR","potentialAction":[{"@type":"ReadAction","target":["https:\/\/www.sotograndeguide.com\/ergo-kuchen-sotogrande\/"]}]},{"@type":"ImageObject","inLanguage":"fr-FR","@id":"https:\/\/www.sotograndeguide.com\/ergo-kuchen-sotogrande\/#primaryimage","url":"https:\/\/www.sotograndeguide.com\/wp-content\/uploads\/2019\/09\/Ergo-K\u00fcchen-Sotogrande.jpg","contentUrl":"https:\/\/www.sotograndeguide.com\/wp-content\/uploads\/2019\/09\/Ergo-K\u00fcchen-Sotogrande.jpg","width":3268,"height":1854,"caption":"Ergo K\u00fcchen Sotogrande"},{"@type":"BreadcrumbList","@id":"https:\/\/www.sotograndeguide.com\/ergo-kuchen-sotogrande\/#breadcrumb","itemListElement":[{"@type":"ListItem","position":1,"name":"Home","item":"https:\/\/www.sotograndeguide.com\/"},{"@type":"ListItem","position":2,"name":"Ergo K\u00fcchen Sotogrande"}]},{"@type":"WebSite","@id":"https:\/\/www.sotograndeguide.com\/#website","url":"https:\/\/www.sotograndeguide.com\/","name":"Guide de Sotogrande","description":"Nouvelles, conseils, \u00e9v\u00e9nements et critiques","publisher":{"@id":"https:\/\/www.sotograndeguide.com\/#organization"},"potentialAction":[{"@type":"SearchAction","target":{"@type":"EntryPoint","urlTemplate":"https:\/\/www.sotograndeguide.com\/?s={search_term_string}"},"query-input":{"@type":"PropertyValueSpecification","valueRequired":true,"valueName":"search_term_string"}}],"inLanguage":"fr-FR"},{"@type":"Organization","@id":"https:\/\/www.sotograndeguide.com\/#organization","name":"Guide de Sotogrande","url":"https:\/\/www.sotograndeguide.com\/","logo":{"@type":"ImageObject","inLanguage":"fr-FR","@id":"https:\/\/www.sotograndeguide.com\/#\/schema\/logo\/image\/","url":"https:\/\/www.sotograndeguide.com\/wp-content\/uploads\/2017\/03\/Sotogrande-Logo-GUIDE.png","contentUrl":"https:\/\/www.sotograndeguide.com\/wp-content\/uploads\/2017\/03\/Sotogrande-Logo-GUIDE.png","width":300,"height":300,"caption":"Sotogrande Guide"},"image":{"@id":"https:\/\/www.sotograndeguide.com\/#\/schema\/logo\/image\/"},"sameAs":["https:\/\/www.facebook.com\/sotograndeguide","https:\/\/x.com\/sotograndeguide","https:\/\/www.tiktok.com\/@sotograndeguide","https:\/\/www.youtube.com\/@SotograndeGuide"]}]}},"jetpack_sharing_enabled":true,"_links":{"self":[{"href":"https:\/\/www.sotograndeguide.com\/fr\/wp-json\/wp\/v2\/pages\/35423","targetHints":{"allow":["GET"]}}],"collection":[{"href":"https:\/\/www.sotograndeguide.com\/fr\/wp-json\/wp\/v2\/pages"}],"about":[{"href":"https:\/\/www.sotograndeguide.com\/fr\/wp-json\/wp\/v2\/types\/page"}],"author":[{"embeddable":true,"href":"https:\/\/www.sotograndeguide.com\/fr\/wp-json\/wp\/v2\/users\/1"}],"replies":[{"embeddable":true,"href":"https:\/\/www.sotograndeguide.com\/fr\/wp-json\/wp\/v2\/comments?post=35423"}],"version-history":[{"count":0,"href":"https:\/\/www.sotograndeguide.com\/fr\/wp-json\/wp\/v2\/pages\/35423\/revisions"}],"wp:featuredmedia":[{"embeddable":true,"href":"https:\/\/www.sotograndeguide.com\/fr\/wp-json\/wp\/v2\/media\/35425"}],"wp:attachment":[{"href":"https:\/\/www.sotograndeguide.com\/fr\/wp-json\/wp\/v2\/media?parent=35423"}],"curies":[{"name":"wp","href":"https:\/\/api.w.org\/{rel}","templated":true}]}}