{"id":35274,"date":"2019-07-05T22:49:51","date_gmt":"2019-07-05T22:49:51","guid":{"rendered":"https:\/\/www.sotograndeguide.com\/?page_id=35274"},"modified":"2019-07-07T08:18:43","modified_gmt":"2019-07-07T08:18:43","slug":"eccolo-gelato","status":"publish","type":"page","link":"https:\/\/www.sotograndeguide.com\/fr\/sotogrande-restaurants\/eccolo-gelato\/","title":{"rendered":"Eccolo Gelato"},"content":{"rendered":"<p>Eccolo Gelato est le seul et unique magasin de glaces italiennes de Sotogrande qui propose des ingr\u00e9dients naturels et des options saines. Situ\u00e9 dans le port de Sotogrande, c'est l'endroit id\u00e9al pour un dessert amusant et sain au go\u00fbt d\u00e9licieux. Tous les ingr\u00e9dients sont naturels et beaucoup sont m\u00eame biologiques. Pour ceux qui ont la chance d'\u00eatre \u00e0 Sotogrande pendant l'\u00e9t\u00e9, vous pouvez \u00e9galement trouver les glaces d'Eccolo Gelato dans leur food truck \u00e0 l'adresse suivante <a href=\"https:\/\/www.sotograndeguide.com\/fr\/plages-de-sotogrande\/la-plage-le-club-la-reserva\/\">La plage du club La Reserva<\/a>. <\/p>\n<p>Type : Salon de cr\u00e8me glac\u00e9e et caf\u00e9<br \/>\nAdresse : Plaza del Agua, Edificio E, Local 4, 11310 Puerto Sotogrande<br \/>\nT\u00e9l\u00e9phone : <a href=\"tel:+34680500500\">680500500<\/a><\/p>","protected":false},"excerpt":{"rendered":"<p>Eccolo Gelato est le seul et unique magasin de glaces italiennes de Sotogrande qui propose des ingr\u00e9dients naturels et des options saines. Situ\u00e9 dans le port de Sotogrande, c'est l'endroit id\u00e9al pour un dessert amusant et sain au go\u00fbt d\u00e9licieux. Tous les ingr\u00e9dients sont naturels et beaucoup sont m\u00eame biologiques. Pour ceux qui ont la chance d'\u00eatre \u00e0 Sotogrande pendant ... <a title=\"Eccolo Gelato\" class=\"read-more\" href=\"https:\/\/www.sotograndeguide.com\/fr\/sotogrande-restaurants\/eccolo-gelato\/\" aria-label=\"En savoir plus sur Eccolo Gelato\">Lire plus<\/a><\/p>","protected":false},"author":1,"featured_media":35280,"parent":91,"menu_order":0,"comment_status":"closed","ping_status":"closed","template":"","meta":{"footnotes":""},"class_list":["post-35274","page","type-page","status-publish","has-post-thumbnail"],"yoast_head":"<!-- This site is optimized with the Yoast SEO Premium plugin v20.5 (Yoast SEO v27.4) - https:\/\/yoast.com\/product\/yoast-seo-premium-wordpress\/ -->\n<title>Eccolo Gelato Sotogrande \ud83c\udf66 Ice Cream Shop - Sotogrande Guide<\/title>\n<meta name=\"description\" content=\"Eccolo Gelato is the one and only Italian Ice Cream shop in Sotogrande that serves natural ingredients with healthy options.\" \/>\n<meta name=\"robots\" content=\"index, follow, max-snippet:-1, max-image-preview:large, max-video-preview:-1\" \/>\n<link rel=\"canonical\" href=\"https:\/\/www.sotograndeguide.com\/fr\/restaurants-de-sotogrande\/eccolo-gelato\/\" \/>\n<meta property=\"og:locale\" content=\"fr_FR\" \/>\n<meta property=\"og:type\" content=\"article\" \/>\n<meta property=\"og:title\" content=\"Eccolo Gelato\" \/>\n<meta property=\"og:description\" content=\"Eccolo Gelato is the one and only Italian Ice Cream shop in Sotogrande that serves natural ingredients with healthy options.\" \/>\n<meta property=\"og:url\" content=\"https:\/\/www.sotograndeguide.com\/fr\/restaurants-de-sotogrande\/eccolo-gelato\/\" \/>\n<meta property=\"og:site_name\" content=\"Sotogrande Guide\" \/>\n<meta property=\"article:publisher\" content=\"https:\/\/www.facebook.com\/sotograndeguide\" \/>\n<meta property=\"article:modified_time\" content=\"2019-07-07T08:18:43+00:00\" \/>\n<meta property=\"og:image\" content=\"https:\/\/www.sotograndeguide.com\/wp-content\/uploads\/2019\/07\/Eccolo-Gelato-Sotogrande.jpeg\" \/>\n\t<meta property=\"og:image:width\" content=\"1024\" \/>\n\t<meta property=\"og:image:height\" content=\"768\" \/>\n\t<meta property=\"og:image:type\" content=\"image\/jpeg\" \/>\n<meta name=\"twitter:card\" content=\"summary_large_image\" \/>\n<meta name=\"twitter:site\" content=\"@sotograndeguide\" \/>\n<!-- \/ Yoast SEO Premium plugin. -->","yoast_head_json":{"title":"Eccolo Gelato Sotogrande \ud83c\udf66 Magasin de glaces - Guide Sotogrande","description":"Eccolo Gelato est le seul et unique magasin de glaces italiennes de Sotogrande qui propose des ingr\u00e9dients naturels et des options saines.","robots":{"index":"index","follow":"follow","max-snippet":"max-snippet:-1","max-image-preview":"max-image-preview:large","max-video-preview":"max-video-preview:-1"},"canonical":"https:\/\/www.sotograndeguide.com\/fr\/restaurants-de-sotogrande\/eccolo-gelato\/","og_locale":"fr_FR","og_type":"article","og_title":"Eccolo Gelato","og_description":"Eccolo Gelato is the one and only Italian Ice Cream shop in Sotogrande that serves natural ingredients with healthy options.","og_url":"https:\/\/www.sotograndeguide.com\/fr\/restaurants-de-sotogrande\/eccolo-gelato\/","og_site_name":"Sotogrande Guide","article_publisher":"https:\/\/www.facebook.com\/sotograndeguide","article_modified_time":"2019-07-07T08:18:43+00:00","og_image":[{"width":1024,"height":768,"url":"https:\/\/www.sotograndeguide.com\/wp-content\/uploads\/2019\/07\/Eccolo-Gelato-Sotogrande.jpeg","type":"image\/jpeg"}],"twitter_card":"summary_large_image","twitter_site":"@sotograndeguide","schema":{"@context":"https:\/\/schema.org","@graph":[{"@type":"WebPage","@id":"https:\/\/www.sotograndeguide.com\/sotogrande-restaurants\/eccolo-gelato\/","url":"https:\/\/www.sotograndeguide.com\/sotogrande-restaurants\/eccolo-gelato\/","name":"Eccolo Gelato Sotogrande \ud83c\udf66 Magasin de glaces - Guide Sotogrande","isPartOf":{"@id":"https:\/\/www.sotograndeguide.com\/#website"},"primaryImageOfPage":{"@id":"https:\/\/www.sotograndeguide.com\/sotogrande-restaurants\/eccolo-gelato\/#primaryimage"},"image":{"@id":"https:\/\/www.sotograndeguide.com\/sotogrande-restaurants\/eccolo-gelato\/#primaryimage"},"thumbnailUrl":"https:\/\/www.sotograndeguide.com\/wp-content\/uploads\/2019\/07\/Eccolo-Gelato-Sotogrande.jpeg","datePublished":"2019-07-05T22:49:51+00:00","dateModified":"2019-07-07T08:18:43+00:00","description":"Eccolo Gelato est le seul et unique magasin de glaces italiennes de Sotogrande qui propose des ingr\u00e9dients naturels et des options saines.","breadcrumb":{"@id":"https:\/\/www.sotograndeguide.com\/sotogrande-restaurants\/eccolo-gelato\/#breadcrumb"},"inLanguage":"fr-FR","potentialAction":[{"@type":"ReadAction","target":["https:\/\/www.sotograndeguide.com\/sotogrande-restaurants\/eccolo-gelato\/"]}]},{"@type":"ImageObject","inLanguage":"fr-FR","@id":"https:\/\/www.sotograndeguide.com\/sotogrande-restaurants\/eccolo-gelato\/#primaryimage","url":"https:\/\/www.sotograndeguide.com\/wp-content\/uploads\/2019\/07\/Eccolo-Gelato-Sotogrande.jpeg","contentUrl":"https:\/\/www.sotograndeguide.com\/wp-content\/uploads\/2019\/07\/Eccolo-Gelato-Sotogrande.jpeg","width":1024,"height":768,"caption":"Eccolo Gelato Sotogrande"},{"@type":"BreadcrumbList","@id":"https:\/\/www.sotograndeguide.com\/sotogrande-restaurants\/eccolo-gelato\/#breadcrumb","itemListElement":[{"@type":"ListItem","position":1,"name":"Home","item":"https:\/\/www.sotograndeguide.com\/"},{"@type":"ListItem","position":2,"name":"Sotogrande Restaurants","item":"https:\/\/www.sotograndeguide.com\/sotogrande-restaurants\/"},{"@type":"ListItem","position":3,"name":"Eccolo Gelato"}]},{"@type":"WebSite","@id":"https:\/\/www.sotograndeguide.com\/#website","url":"https:\/\/www.sotograndeguide.com\/","name":"Guide de Sotogrande","description":"Nouvelles, conseils, \u00e9v\u00e9nements et critiques","publisher":{"@id":"https:\/\/www.sotograndeguide.com\/#organization"},"potentialAction":[{"@type":"SearchAction","target":{"@type":"EntryPoint","urlTemplate":"https:\/\/www.sotograndeguide.com\/?s={search_term_string}"},"query-input":{"@type":"PropertyValueSpecification","valueRequired":true,"valueName":"search_term_string"}}],"inLanguage":"fr-FR"},{"@type":"Organization","@id":"https:\/\/www.sotograndeguide.com\/#organization","name":"Guide de Sotogrande","url":"https:\/\/www.sotograndeguide.com\/","logo":{"@type":"ImageObject","inLanguage":"fr-FR","@id":"https:\/\/www.sotograndeguide.com\/#\/schema\/logo\/image\/","url":"https:\/\/www.sotograndeguide.com\/wp-content\/uploads\/2017\/03\/Sotogrande-Logo-GUIDE.png","contentUrl":"https:\/\/www.sotograndeguide.com\/wp-content\/uploads\/2017\/03\/Sotogrande-Logo-GUIDE.png","width":300,"height":300,"caption":"Sotogrande Guide"},"image":{"@id":"https:\/\/www.sotograndeguide.com\/#\/schema\/logo\/image\/"},"sameAs":["https:\/\/www.facebook.com\/sotograndeguide","https:\/\/x.com\/sotograndeguide","https:\/\/www.tiktok.com\/@sotograndeguide","https:\/\/www.youtube.com\/@SotograndeGuide"]}]}},"jetpack_sharing_enabled":true,"_links":{"self":[{"href":"https:\/\/www.sotograndeguide.com\/fr\/wp-json\/wp\/v2\/pages\/35274","targetHints":{"allow":["GET"]}}],"collection":[{"href":"https:\/\/www.sotograndeguide.com\/fr\/wp-json\/wp\/v2\/pages"}],"about":[{"href":"https:\/\/www.sotograndeguide.com\/fr\/wp-json\/wp\/v2\/types\/page"}],"author":[{"embeddable":true,"href":"https:\/\/www.sotograndeguide.com\/fr\/wp-json\/wp\/v2\/users\/1"}],"replies":[{"embeddable":true,"href":"https:\/\/www.sotograndeguide.com\/fr\/wp-json\/wp\/v2\/comments?post=35274"}],"version-history":[{"count":0,"href":"https:\/\/www.sotograndeguide.com\/fr\/wp-json\/wp\/v2\/pages\/35274\/revisions"}],"up":[{"embeddable":true,"href":"https:\/\/www.sotograndeguide.com\/fr\/wp-json\/wp\/v2\/pages\/91"}],"wp:featuredmedia":[{"embeddable":true,"href":"https:\/\/www.sotograndeguide.com\/fr\/wp-json\/wp\/v2\/media\/35280"}],"wp:attachment":[{"href":"https:\/\/www.sotograndeguide.com\/fr\/wp-json\/wp\/v2\/media?parent=35274"}],"curies":[{"name":"wp","href":"https:\/\/api.w.org\/{rel}","templated":true}]}}