{"id":35182,"date":"2019-05-15T15:27:05","date_gmt":"2019-05-15T15:27:05","guid":{"rendered":"https:\/\/www.sotograndeguide.com\/?page_id=35182"},"modified":"2019-05-16T07:15:21","modified_gmt":"2019-05-16T07:15:21","slug":"vie-nocturne-a-sotogrande","status":"publish","type":"page","link":"https:\/\/www.sotograndeguide.com\/fr\/sotogrande-nightlife\/","title":{"rendered":"Vie nocturne \u00e0 Sotogrande"},"content":{"rendered":"<p>La vie nocturne de Sotogrande est plus active pendant les mois d'\u00e9t\u00e9 et m\u00eame dans ce cas, elle est g\u00e9n\u00e9ralement plus d\u00e9tendue et sophistiqu\u00e9e.<\/p>\n<p>En ao\u00fbt, vous pouvez profiter de l'After Polo, un club en plein air ouvert tous les jours de la semaine jusqu'\u00e0 tr\u00e8s tard, qui se tient au Santa Maria Polo Club.<\/p>\n<p>Parmi les autres bars populaires de Sotogrande o\u00f9 la vie nocturne est anim\u00e9e, citons le <a href=\"https:\/\/www.sotograndeguide.com\/fr\/restaurants-de-sotogrande\/le-citron-poilu\/\">Citron poilu \u00e0 Sotogrande<\/a> Port, ainsi que le Midas Bar Restaurant situ\u00e9 juste en dessous de l'a\u00e9roport. <a href=\"https:\/\/www.sotograndeguide.com\/fr\/hotels-sotogrande\/club-maritimo-de-sotogrande\/\">H\u00f4tel Club Maritimo<\/a>.<\/p>\n<p>Les <a href=\"https:\/\/www.sotograndeguide.com\/fr\/plages-de-sotogrande\/chambao\/\">Chambao Beach Bar<\/a> et <a href=\"https:\/\/www.sotograndeguide.com\/fr\/restaurants-de-sotogrande\/trocadero\/\">Trocadero Beach Club<\/a> sont \u00e9galement deux lieux tr\u00e8s pris\u00e9s pour boire un verre, \u00e9couter de la bonne musique et rencontrer des gens du monde entier.<\/p>\n<p>Le reste de l'ann\u00e9e, la r\u00e9gion de Sotogrande est plus d\u00e9tendue, mais il y a de la place pour les touristes. <a href=\"https:\/\/www.sotograndeguide.com\/fr\/vie-nocturne-a-sotogrande\/underclub-torreguadiaro\/\" rel=\"noopener noreferrer\" target=\"_blank\">Sous-club<\/a>Le club de Torreguadiaro est un nouveau club ouvert tout au long de l'ann\u00e9e.<\/p>\n<p>D'autres options pour les mois d'hiver incluent le <a href=\"https:\/\/www.sotograndeguide.com\/fr\/restaurants-de-sotogrande\/ke-bar\/\">Ke Bar<\/a> qui est toujours un port d'escale pour socialiser autour d'un verre.<\/p>","protected":false},"excerpt":{"rendered":"<p>La vie nocturne de Sotogrande est la plus active pendant les mois d'\u00e9t\u00e9 et m\u00eame dans ce cas, elle est g\u00e9n\u00e9ralement d\u00e9tendue et sophistiqu\u00e9e. En ao\u00fbt, vous pourrez profiter de l'After Polo, un club en plein air ouvert tous les jours de la semaine jusqu'\u00e0 tr\u00e8s tard, qui se tient au Santa Maria Polo Club. D'autres bars populaires avec une vie nocturne anim\u00e9e... <a title=\"Vie nocturne \u00e0 Sotogrande\" class=\"read-more\" href=\"https:\/\/www.sotograndeguide.com\/fr\/sotogrande-nightlife\/\" aria-label=\"En savoir plus sur Sotogrande Nightlife\">Lire plus<\/a><\/p>","protected":false},"author":1,"featured_media":35183,"parent":0,"menu_order":0,"comment_status":"closed","ping_status":"closed","template":"","meta":{"footnotes":""},"class_list":["post-35182","page","type-page","status-publish","has-post-thumbnail"],"yoast_head":"<!-- This site is optimized with the Yoast SEO Premium plugin v20.5 (Yoast SEO v27.3) - https:\/\/yoast.com\/product\/yoast-seo-premium-wordpress\/ -->\n<title>Sotogrande Nightlife<\/title>\n<meta name=\"robots\" content=\"index, follow, max-snippet:-1, max-image-preview:large, max-video-preview:-1\" \/>\n<link rel=\"canonical\" href=\"https:\/\/www.sotograndeguide.com\/fr\/vie-nocturne-a-sotogrande\/\" \/>\n<meta property=\"og:locale\" content=\"fr_FR\" \/>\n<meta property=\"og:type\" content=\"article\" \/>\n<meta property=\"og:title\" content=\"Sotogrande Nightlife\" \/>\n<meta property=\"og:description\" content=\"Sotogrande nightlife is most active during the summer months and even then it is usually mostly relaxed and sophisticated. In August you can enjoy the After Polo, which is an open air club open every day of the week until very late held at the Santa Maria Polo Club. Other popular bars with busy nightlife ... Lire plus\" \/>\n<meta property=\"og:url\" content=\"https:\/\/www.sotograndeguide.com\/fr\/vie-nocturne-a-sotogrande\/\" \/>\n<meta property=\"og:site_name\" content=\"Sotogrande Guide\" \/>\n<meta property=\"article:publisher\" content=\"https:\/\/www.facebook.com\/sotograndeguide\" \/>\n<meta property=\"article:modified_time\" content=\"2019-05-16T07:15:21+00:00\" \/>\n<meta property=\"og:image\" content=\"https:\/\/www.sotograndeguide.com\/wp-content\/uploads\/2019\/05\/Sotogrande-Nightlife.jpg\" \/>\n\t<meta property=\"og:image:width\" content=\"1280\" \/>\n\t<meta property=\"og:image:height\" content=\"960\" \/>\n\t<meta property=\"og:image:type\" content=\"image\/jpeg\" \/>\n<meta name=\"twitter:card\" content=\"summary_large_image\" \/>\n<meta name=\"twitter:site\" content=\"@sotograndeguide\" \/>\n<meta name=\"twitter:label1\" content=\"Est. reading time\" \/>\n\t<meta name=\"twitter:data1\" content=\"1 minute\" \/>\n<!-- \/ Yoast SEO Premium plugin. -->","yoast_head_json":{"title":"Vie nocturne \u00e0 Sotogrande","robots":{"index":"index","follow":"follow","max-snippet":"max-snippet:-1","max-image-preview":"max-image-preview:large","max-video-preview":"max-video-preview:-1"},"canonical":"https:\/\/www.sotograndeguide.com\/fr\/vie-nocturne-a-sotogrande\/","og_locale":"fr_FR","og_type":"article","og_title":"Sotogrande Nightlife","og_description":"Sotogrande nightlife is most active during the summer months and even then it is usually mostly relaxed and sophisticated. In August you can enjoy the After Polo, which is an open air club open every day of the week until very late held at the Santa Maria Polo Club. Other popular bars with busy nightlife ... Lire plus","og_url":"https:\/\/www.sotograndeguide.com\/fr\/vie-nocturne-a-sotogrande\/","og_site_name":"Sotogrande Guide","article_publisher":"https:\/\/www.facebook.com\/sotograndeguide","article_modified_time":"2019-05-16T07:15:21+00:00","og_image":[{"width":1280,"height":960,"url":"https:\/\/www.sotograndeguide.com\/wp-content\/uploads\/2019\/05\/Sotogrande-Nightlife.jpg","type":"image\/jpeg"}],"twitter_card":"summary_large_image","twitter_site":"@sotograndeguide","twitter_misc":{"Est. reading time":"1 minute"},"schema":{"@context":"https:\/\/schema.org","@graph":[{"@type":"WebPage","@id":"https:\/\/www.sotograndeguide.com\/sotogrande-nightlife\/","url":"https:\/\/www.sotograndeguide.com\/sotogrande-nightlife\/","name":"Vie nocturne \u00e0 Sotogrande","isPartOf":{"@id":"https:\/\/www.sotograndeguide.com\/#website"},"primaryImageOfPage":{"@id":"https:\/\/www.sotograndeguide.com\/sotogrande-nightlife\/#primaryimage"},"image":{"@id":"https:\/\/www.sotograndeguide.com\/sotogrande-nightlife\/#primaryimage"},"thumbnailUrl":"https:\/\/www.sotograndeguide.com\/wp-content\/uploads\/2019\/05\/Sotogrande-Nightlife.jpg","datePublished":"2019-05-15T15:27:05+00:00","dateModified":"2019-05-16T07:15:21+00:00","breadcrumb":{"@id":"https:\/\/www.sotograndeguide.com\/sotogrande-nightlife\/#breadcrumb"},"inLanguage":"fr-FR","potentialAction":[{"@type":"ReadAction","target":["https:\/\/www.sotograndeguide.com\/sotogrande-nightlife\/"]}]},{"@type":"ImageObject","inLanguage":"fr-FR","@id":"https:\/\/www.sotograndeguide.com\/sotogrande-nightlife\/#primaryimage","url":"https:\/\/www.sotograndeguide.com\/wp-content\/uploads\/2019\/05\/Sotogrande-Nightlife.jpg","contentUrl":"https:\/\/www.sotograndeguide.com\/wp-content\/uploads\/2019\/05\/Sotogrande-Nightlife.jpg","width":1280,"height":960,"caption":"Sotogrande Nightlife"},{"@type":"BreadcrumbList","@id":"https:\/\/www.sotograndeguide.com\/sotogrande-nightlife\/#breadcrumb","itemListElement":[{"@type":"ListItem","position":1,"name":"Home","item":"https:\/\/www.sotograndeguide.com\/"},{"@type":"ListItem","position":2,"name":"Sotogrande Nightlife"}]},{"@type":"WebSite","@id":"https:\/\/www.sotograndeguide.com\/#website","url":"https:\/\/www.sotograndeguide.com\/","name":"Guide de Sotogrande","description":"Nouvelles, conseils, \u00e9v\u00e9nements et critiques","publisher":{"@id":"https:\/\/www.sotograndeguide.com\/#organization"},"potentialAction":[{"@type":"SearchAction","target":{"@type":"EntryPoint","urlTemplate":"https:\/\/www.sotograndeguide.com\/?s={search_term_string}"},"query-input":{"@type":"PropertyValueSpecification","valueRequired":true,"valueName":"search_term_string"}}],"inLanguage":"fr-FR"},{"@type":"Organization","@id":"https:\/\/www.sotograndeguide.com\/#organization","name":"Guide de Sotogrande","url":"https:\/\/www.sotograndeguide.com\/","logo":{"@type":"ImageObject","inLanguage":"fr-FR","@id":"https:\/\/www.sotograndeguide.com\/#\/schema\/logo\/image\/","url":"https:\/\/www.sotograndeguide.com\/wp-content\/uploads\/2017\/03\/Sotogrande-Logo-GUIDE.png","contentUrl":"https:\/\/www.sotograndeguide.com\/wp-content\/uploads\/2017\/03\/Sotogrande-Logo-GUIDE.png","width":300,"height":300,"caption":"Sotogrande Guide"},"image":{"@id":"https:\/\/www.sotograndeguide.com\/#\/schema\/logo\/image\/"},"sameAs":["https:\/\/www.facebook.com\/sotograndeguide","https:\/\/x.com\/sotograndeguide","https:\/\/www.tiktok.com\/@sotograndeguide","https:\/\/www.youtube.com\/@SotograndeGuide"]}]}},"jetpack_sharing_enabled":true,"_links":{"self":[{"href":"https:\/\/www.sotograndeguide.com\/fr\/wp-json\/wp\/v2\/pages\/35182","targetHints":{"allow":["GET"]}}],"collection":[{"href":"https:\/\/www.sotograndeguide.com\/fr\/wp-json\/wp\/v2\/pages"}],"about":[{"href":"https:\/\/www.sotograndeguide.com\/fr\/wp-json\/wp\/v2\/types\/page"}],"author":[{"embeddable":true,"href":"https:\/\/www.sotograndeguide.com\/fr\/wp-json\/wp\/v2\/users\/1"}],"replies":[{"embeddable":true,"href":"https:\/\/www.sotograndeguide.com\/fr\/wp-json\/wp\/v2\/comments?post=35182"}],"version-history":[{"count":0,"href":"https:\/\/www.sotograndeguide.com\/fr\/wp-json\/wp\/v2\/pages\/35182\/revisions"}],"wp:featuredmedia":[{"embeddable":true,"href":"https:\/\/www.sotograndeguide.com\/fr\/wp-json\/wp\/v2\/media\/35183"}],"wp:attachment":[{"href":"https:\/\/www.sotograndeguide.com\/fr\/wp-json\/wp\/v2\/media?parent=35182"}],"curies":[{"name":"wp","href":"https:\/\/api.w.org\/{rel}","templated":true}]}}