{"id":35170,"date":"2019-05-15T13:22:07","date_gmt":"2019-05-15T13:22:07","guid":{"rendered":"https:\/\/www.sotograndeguide.com\/?page_id=35170"},"modified":"2019-05-15T14:46:45","modified_gmt":"2019-05-15T14:46:45","slug":"horaires-des-bus-de-sotogrande","status":"publish","type":"page","link":"https:\/\/www.sotograndeguide.com\/fr\/sotogrande-bus-timetable\/","title":{"rendered":"Horaires des bus de Sotogrande"},"content":{"rendered":"<p>Une ligne de bus dessert la r\u00e9gion de Sotogrande avec des arr\u00eats dans les villes de Torreguadiaro, Guadiaro, San Roque et La L\u00ednea.<\/p>\n<h2>Bus de Sotogrande : de San Roque \u00e0 Torreguadiaro<\/h2>\n<p>Le bus de la ligne verte 01 s'arr\u00eate au Casino Admiral \u00e0 San Roque, Alcaidesa, San Roque Club, Sotogrande, Pueblo Nuevo, San Enrique, Sotogrande Port ainsi qu'\u00e0 Torreguadiaro.<\/p>\n<p><strong><u>Horaire du lundi au vendredi<\/u>:<\/strong><\/p>\n<p>D\u00e9part de la Alameda Alfonso XI (centre ville de San Roque) : 07:30, 09:30, 11:30, 13:30, 17:00, 19:00, 21:00.<br \/>\nD\u00e9part de Cala Sardina : 08:30, 10:30, 12:30, 14:30, 18:00, 20:00, 22:00.<\/p>\n<p><strong><u>Horaires du samedi<\/u>:<\/strong><\/p>\n<p>D\u00e9part de la Alameda Alfonso XI (centre ville de San Roque) : 09:30, 11:30, 13:30, 16:30, 18:30.<br \/>\nD\u00e9part de Cala Sardina : 10h30, 12h30, 14h30, 17h30, 19h30.<\/p>\n<p><strong><u>Horaires des dimanches et jours f\u00e9ri\u00e9s<\/u>:<\/strong><\/p>\n<p>D\u00e9part de la Alameda Alfonso XI (centre ville de San Roque) : 09:30, 11:30, 13:30, 16:30, 18:30.<br \/>\nD\u00e9part de Cala Sardina : 10h30, 12h30, 14h30, 17h30, 19h30.<\/p>\n<p>Le prix des billets est de 0,80 \u20ac pour les billets standard et de 0,70 \u20ac pour les retrait\u00e9s et les personnes handicap\u00e9es.<\/p>\n<h2>Bus de l'a\u00e9roport de M\u00e1laga \u00e0 Sotogrande<\/h2>\n<p>On nous demande souvent : Y a-t-il un bus qui vous emm\u00e8ne de l'a\u00e9roport de Malaga \u00e0 Sotogrande ? Oui, se rendre \u00e0 <strong>Sotogrande depuis l'a\u00e9roport de M\u00e1laga<\/strong> en bus est \u00e9galement possible.<\/p>\n<p>Les <a href=\"https:\/\/booking.avanzabus.com\/web\/index.php\" target=\"_blank\" rel=\"noopener noreferrer\">Compagnie d'autobus Avanza<\/a> suit une route qui part de Sotogrande (par le <a href=\"https:\/\/www.sotograndeguide.com\/fr\/hotels-sotogrande\/hostal-montilla\/\" rel=\"noopener noreferrer\" target=\"_blank\">Auberge Montilla<\/a> et station-service) jusqu'\u00e0 la gare routi\u00e8re de Malaga (centre ville), d'o\u00f9 vous avez plusieurs options de bus pour vous rendre \u00e0 l'a\u00e9roport.<\/p>\n<p>Le trajet dure environ 2 heures et 35 minutes et le prix du billet est d'environ 11 euros (aller simple).<\/p>\n<h2>De Gibraltar \u00e0 Sotogrande en bus<\/h2>\n<p>De nombreuses personnes souhaitent \u00e9galement savoir : Y a-t-il un bus qui relie Gibraltar \u00e0 Sotogrande ? Oui, il existe un service de bus qui relie Sotogrande \u00e0 Gibraltar (avec arr\u00eat \u00e0 La Linea).<\/p>\n<p>La ligne d'autobus M-240 s'arr\u00eate \u00e0 Torreguadiaro, Las Camelias, Montilla, San Enrique, Cruce Guadiaro, Guadiaro, Pueblo Nuevo Guadiaro, Sotogrande Alto, San Roque Club, Casino San Roque, Cuatro Vientos, Cruce Pte. Mayorga, Campamento Centro, Campamento La Guita, La Colonia, Mond\u00e9jar, et la station La L\u00ednea.<\/p>\n<p><img decoding=\"async\" src=\"https:\/\/www.sotograndeguide.com\/wp-content\/uploads\/2019\/05\/Sotogrande-Bus-Timetable-Hours-2.jpg\" alt=\"Sotogrande Horaires des bus Heures La Linea Gibraltar \u00e0 Sotogrande\" width=\"600\" height=\"250\" class=\"alignnone size-full wp-image-35176\" \/><\/p>\n<p><img decoding=\"async\" src=\"https:\/\/www.sotograndeguide.com\/wp-content\/uploads\/2019\/05\/Sotogrande-Bus-Timetable-Hours-1.jpg\" alt=\"Horaires des bus de Sotogrande Heures La Linea Sotogrande \u00e0 Gibraltar\" width=\"600\" height=\"250\" class=\"alignnone size-full wp-image-35177\" \/><\/p>\n<p>Vous avez des questions sur l'une des lignes de bus desservant la r\u00e9gion de Sotograndea ? Posez-les dans notre <a href=\"https:\/\/www.facebook.com\/groups\/sotogrande\/\" rel=\"noopener noreferrer\" target=\"_blank\">Le panneau d'affichage communautaire de Sotogrande sur Facebook<\/a>.<\/p>","protected":false},"excerpt":{"rendered":"<p>Une ligne de bus dessert la r\u00e9gion de Sotogrande avec des arr\u00eats dans les villes de Torreguadiaro, Guadiaro, San Roque et La L\u00ednea. Sotogrande Bus : San Roque to Torreguadiaro Le bus de la ligne verte 01 s'arr\u00eate au Casino Admiral de San Roque, Alcaidesa, San Roque Club, Sotogrande, Pueblo Nuevo, San Enrique, Sotogrande ... <a title=\"Horaires des bus de Sotogrande\" class=\"read-more\" href=\"https:\/\/www.sotograndeguide.com\/fr\/sotogrande-bus-timetable\/\" aria-label=\"En savoir plus sur Horaires des bus de Sotogrande\">Lire plus<\/a><\/p>","protected":false},"author":1,"featured_media":35171,"parent":0,"menu_order":0,"comment_status":"closed","ping_status":"closed","template":"","meta":{"footnotes":""},"class_list":["post-35170","page","type-page","status-publish","has-post-thumbnail"],"yoast_head":"<!-- This site is optimized with the Yoast SEO Premium plugin v20.5 (Yoast SEO v27.4) - https:\/\/yoast.com\/product\/yoast-seo-premium-wordpress\/ -->\n<title>Sotogrande Bus Timetable<\/title>\n<meta name=\"robots\" content=\"index, follow, max-snippet:-1, max-image-preview:large, max-video-preview:-1\" \/>\n<link rel=\"canonical\" href=\"https:\/\/www.sotograndeguide.com\/fr\/horaires-des-bus-de-sotogrande\/\" \/>\n<meta property=\"og:locale\" content=\"fr_FR\" \/>\n<meta property=\"og:type\" content=\"article\" \/>\n<meta property=\"og:title\" content=\"Sotogrande Bus Timetable\" \/>\n<meta property=\"og:description\" content=\"There is a bus route that serves the Sotogrande area with stops in the towns of Torreguadiaro, Guadiaro, San Roque as well as La L\u00ednea. Sotogrande Bus: San Roque to Torreguadiaro The Green Line 01 bus stops off at the Casino Admiral in San Roque, Alcaidesa, San Roque Club, Sotogrande, Pueblo Nuevo, San Enrique, Sotogrande ... Lire plus\" \/>\n<meta property=\"og:url\" content=\"https:\/\/www.sotograndeguide.com\/fr\/horaires-des-bus-de-sotogrande\/\" \/>\n<meta property=\"og:site_name\" content=\"Sotogrande Guide\" \/>\n<meta property=\"article:publisher\" content=\"https:\/\/www.facebook.com\/sotograndeguide\" \/>\n<meta property=\"article:modified_time\" content=\"2019-05-15T14:46:45+00:00\" \/>\n<meta property=\"og:image\" content=\"https:\/\/www.sotograndeguide.com\/wp-content\/uploads\/2019\/05\/Sotogrande-Bus-Timetable.jpg\" \/>\n\t<meta property=\"og:image:width\" content=\"2000\" \/>\n\t<meta property=\"og:image:height\" content=\"1337\" \/>\n\t<meta property=\"og:image:type\" content=\"image\/jpeg\" \/>\n<meta name=\"twitter:card\" content=\"summary_large_image\" \/>\n<meta name=\"twitter:site\" content=\"@sotograndeguide\" \/>\n<meta name=\"twitter:label1\" content=\"Est. reading time\" \/>\n\t<meta name=\"twitter:data1\" content=\"2 minutes\" \/>\n<!-- \/ Yoast SEO Premium plugin. -->","yoast_head_json":{"title":"Horaires des bus de Sotogrande","robots":{"index":"index","follow":"follow","max-snippet":"max-snippet:-1","max-image-preview":"max-image-preview:large","max-video-preview":"max-video-preview:-1"},"canonical":"https:\/\/www.sotograndeguide.com\/fr\/horaires-des-bus-de-sotogrande\/","og_locale":"fr_FR","og_type":"article","og_title":"Sotogrande Bus Timetable","og_description":"There is a bus route that serves the Sotogrande area with stops in the towns of Torreguadiaro, Guadiaro, San Roque as well as La L\u00ednea. Sotogrande Bus: San Roque to Torreguadiaro The Green Line 01 bus stops off at the Casino Admiral in San Roque, Alcaidesa, San Roque Club, Sotogrande, Pueblo Nuevo, San Enrique, Sotogrande ... Lire plus","og_url":"https:\/\/www.sotograndeguide.com\/fr\/horaires-des-bus-de-sotogrande\/","og_site_name":"Sotogrande Guide","article_publisher":"https:\/\/www.facebook.com\/sotograndeguide","article_modified_time":"2019-05-15T14:46:45+00:00","og_image":[{"width":2000,"height":1337,"url":"https:\/\/www.sotograndeguide.com\/wp-content\/uploads\/2019\/05\/Sotogrande-Bus-Timetable.jpg","type":"image\/jpeg"}],"twitter_card":"summary_large_image","twitter_site":"@sotograndeguide","twitter_misc":{"Est. reading time":"2 minutes"},"schema":{"@context":"https:\/\/schema.org","@graph":[{"@type":"WebPage","@id":"https:\/\/www.sotograndeguide.com\/sotogrande-bus-timetable\/","url":"https:\/\/www.sotograndeguide.com\/sotogrande-bus-timetable\/","name":"Horaires des bus de Sotogrande","isPartOf":{"@id":"https:\/\/www.sotograndeguide.com\/#website"},"primaryImageOfPage":{"@id":"https:\/\/www.sotograndeguide.com\/sotogrande-bus-timetable\/#primaryimage"},"image":{"@id":"https:\/\/www.sotograndeguide.com\/sotogrande-bus-timetable\/#primaryimage"},"thumbnailUrl":"https:\/\/www.sotograndeguide.com\/wp-content\/uploads\/2019\/05\/Sotogrande-Bus-Timetable.jpg","datePublished":"2019-05-15T13:22:07+00:00","dateModified":"2019-05-15T14:46:45+00:00","breadcrumb":{"@id":"https:\/\/www.sotograndeguide.com\/sotogrande-bus-timetable\/#breadcrumb"},"inLanguage":"fr-FR","potentialAction":[{"@type":"ReadAction","target":["https:\/\/www.sotograndeguide.com\/sotogrande-bus-timetable\/"]}]},{"@type":"ImageObject","inLanguage":"fr-FR","@id":"https:\/\/www.sotograndeguide.com\/sotogrande-bus-timetable\/#primaryimage","url":"https:\/\/www.sotograndeguide.com\/wp-content\/uploads\/2019\/05\/Sotogrande-Bus-Timetable.jpg","contentUrl":"https:\/\/www.sotograndeguide.com\/wp-content\/uploads\/2019\/05\/Sotogrande-Bus-Timetable.jpg","width":2000,"height":1337,"caption":"Sotogrande Bus Timetable"},{"@type":"BreadcrumbList","@id":"https:\/\/www.sotograndeguide.com\/sotogrande-bus-timetable\/#breadcrumb","itemListElement":[{"@type":"ListItem","position":1,"name":"Home","item":"https:\/\/www.sotograndeguide.com\/"},{"@type":"ListItem","position":2,"name":"Sotogrande Bus Timetable"}]},{"@type":"WebSite","@id":"https:\/\/www.sotograndeguide.com\/#website","url":"https:\/\/www.sotograndeguide.com\/","name":"Guide de Sotogrande","description":"Nouvelles, conseils, \u00e9v\u00e9nements et critiques","publisher":{"@id":"https:\/\/www.sotograndeguide.com\/#organization"},"potentialAction":[{"@type":"SearchAction","target":{"@type":"EntryPoint","urlTemplate":"https:\/\/www.sotograndeguide.com\/?s={search_term_string}"},"query-input":{"@type":"PropertyValueSpecification","valueRequired":true,"valueName":"search_term_string"}}],"inLanguage":"fr-FR"},{"@type":"Organization","@id":"https:\/\/www.sotograndeguide.com\/#organization","name":"Guide de Sotogrande","url":"https:\/\/www.sotograndeguide.com\/","logo":{"@type":"ImageObject","inLanguage":"fr-FR","@id":"https:\/\/www.sotograndeguide.com\/#\/schema\/logo\/image\/","url":"https:\/\/www.sotograndeguide.com\/wp-content\/uploads\/2017\/03\/Sotogrande-Logo-GUIDE.png","contentUrl":"https:\/\/www.sotograndeguide.com\/wp-content\/uploads\/2017\/03\/Sotogrande-Logo-GUIDE.png","width":300,"height":300,"caption":"Sotogrande Guide"},"image":{"@id":"https:\/\/www.sotograndeguide.com\/#\/schema\/logo\/image\/"},"sameAs":["https:\/\/www.facebook.com\/sotograndeguide","https:\/\/x.com\/sotograndeguide","https:\/\/www.tiktok.com\/@sotograndeguide","https:\/\/www.youtube.com\/@SotograndeGuide"]}]}},"jetpack_sharing_enabled":true,"_links":{"self":[{"href":"https:\/\/www.sotograndeguide.com\/fr\/wp-json\/wp\/v2\/pages\/35170","targetHints":{"allow":["GET"]}}],"collection":[{"href":"https:\/\/www.sotograndeguide.com\/fr\/wp-json\/wp\/v2\/pages"}],"about":[{"href":"https:\/\/www.sotograndeguide.com\/fr\/wp-json\/wp\/v2\/types\/page"}],"author":[{"embeddable":true,"href":"https:\/\/www.sotograndeguide.com\/fr\/wp-json\/wp\/v2\/users\/1"}],"replies":[{"embeddable":true,"href":"https:\/\/www.sotograndeguide.com\/fr\/wp-json\/wp\/v2\/comments?post=35170"}],"version-history":[{"count":0,"href":"https:\/\/www.sotograndeguide.com\/fr\/wp-json\/wp\/v2\/pages\/35170\/revisions"}],"wp:featuredmedia":[{"embeddable":true,"href":"https:\/\/www.sotograndeguide.com\/fr\/wp-json\/wp\/v2\/media\/35171"}],"wp:attachment":[{"href":"https:\/\/www.sotograndeguide.com\/fr\/wp-json\/wp\/v2\/media?parent=35170"}],"curies":[{"name":"wp","href":"https:\/\/api.w.org\/{rel}","templated":true}]}}