{"id":35157,"date":"2019-05-15T09:52:43","date_gmt":"2019-05-15T09:52:43","guid":{"rendered":"https:\/\/www.sotograndeguide.com\/?page_id=35157"},"modified":"2019-05-15T09:55:45","modified_gmt":"2019-05-15T09:55:45","slug":"blah-blah-blah-academie-des-langues","status":"publish","type":"page","link":"https:\/\/www.sotograndeguide.com\/fr\/sotogrande-directory\/blah-blah-blah-language-academy\/","title":{"rendered":"Acad\u00e9mie des langues Blah Blah Blah"},"content":{"rendered":"<p>Blah Blah Blah Academy est une \u00e9cole de langues bas\u00e9e \u00e0 Sotogrande.<\/p>\n<p>A l'Acad\u00e9mie Blah Blah Blah, vous avez le choix entre des cours d'espagnol, d'anglais, d'allemand et de fran\u00e7ais. Les cours sont disponibles pour les enfants et les adultes.<\/p>\n<p>Les cours de langues comprennent des cours intensifs, des cours particuliers, des cours de conversation, des cours classiques, des cours flexibles et des cours en ligne.<\/p>\n<p>Les enseignants de la Blah Blah Blah Academy sont des locuteurs natifs, form\u00e9s professionnellement et certifi\u00e9s.<\/p>\n<p>Il existe \u00e9galement des camps d'\u00e9t\u00e9 pour enfants et des cours de langue intensifs de courte dur\u00e9e.<\/p>\n<p><strong>Acad\u00e9mie des langues Blah Blah Blah<\/strong><br \/>\nAdresse : Calle Cantarillo Urbanizacion La Mesana, Bloque 1, Bajo A, 11310 Sotogrande<br \/>\nT\u00e9l\u00e9phone : <a href=\"tel:+34956796341\">956796341<\/a><\/p>","protected":false},"excerpt":{"rendered":"<p>Blah Blah Blah Academy est une \u00e9cole de langues bas\u00e9e \u00e0 Sotogrande. A la Blah Blah Blah Academy, vous avez le choix entre des cours d'espagnol, d'anglais, d'allemand et de fran\u00e7ais. Les cours sont disponibles pour les enfants et les adultes. Les cours de langues comprennent des cours intensifs, des cours particuliers, des cours de conversation, des cours classiques, des cours flexibles et des cours en ligne. <a title=\"Acad\u00e9mie des langues Blah Blah Blah\" class=\"read-more\" href=\"https:\/\/www.sotograndeguide.com\/fr\/sotogrande-directory\/blah-blah-blah-language-academy\/\" aria-label=\"En savoir plus sur Blah Blah Blah Language Academy\">Lire plus<\/a><\/p>","protected":false},"author":1,"featured_media":35159,"parent":35158,"menu_order":0,"comment_status":"closed","ping_status":"closed","template":"","meta":{"footnotes":""},"class_list":["post-35157","page","type-page","status-publish","has-post-thumbnail"],"yoast_head":"<!-- This site is optimized with the Yoast SEO Premium plugin v20.5 (Yoast SEO v27.5) - https:\/\/yoast.com\/product\/yoast-seo-premium-wordpress\/ -->\n<title>Blah Blah Blah Language Academy<\/title>\n<meta name=\"robots\" content=\"index, follow, max-snippet:-1, max-image-preview:large, max-video-preview:-1\" \/>\n<link rel=\"canonical\" href=\"https:\/\/www.sotograndeguide.com\/fr\/annuaire-de-sotogrande\/blah-blah-blah-academie-des-langues\/\" \/>\n<meta property=\"og:locale\" content=\"fr_FR\" \/>\n<meta property=\"og:type\" content=\"article\" \/>\n<meta property=\"og:title\" content=\"Blah Blah Blah Language Academy\" \/>\n<meta property=\"og:description\" content=\"Blah Blah Blah Academy is a language school based in Sotogrande. At the Blah Blah Blah Academy you have the choice of Spanish, English, German and French classes. Courses are available for children as well as adults. The language courses include Intensive Courses, Private Tuition, Conversation Classes, Classic Courses, Flexi Courses as well as Online ... Lire plus\" \/>\n<meta property=\"og:url\" content=\"https:\/\/www.sotograndeguide.com\/fr\/annuaire-de-sotogrande\/blah-blah-blah-academie-des-langues\/\" \/>\n<meta property=\"og:site_name\" content=\"Sotogrande Guide\" \/>\n<meta property=\"article:publisher\" content=\"https:\/\/www.facebook.com\/sotograndeguide\" \/>\n<meta property=\"article:modified_time\" content=\"2019-05-15T09:55:45+00:00\" \/>\n<meta property=\"og:image\" content=\"https:\/\/www.sotograndeguide.com\/wp-content\/uploads\/2019\/05\/Blah-Blah-Blah-Language-School-Sotogrande.jpg\" \/>\n\t<meta property=\"og:image:width\" content=\"2016\" \/>\n\t<meta property=\"og:image:height\" content=\"1512\" \/>\n\t<meta property=\"og:image:type\" content=\"image\/jpeg\" \/>\n<meta name=\"twitter:card\" content=\"summary_large_image\" \/>\n<meta name=\"twitter:site\" content=\"@sotograndeguide\" \/>\n<meta name=\"twitter:label1\" content=\"Est. reading time\" \/>\n\t<meta name=\"twitter:data1\" content=\"1 minute\" \/>\n<!-- \/ Yoast SEO Premium plugin. -->","yoast_head_json":{"title":"Acad\u00e9mie des langues Blah Blah Blah","robots":{"index":"index","follow":"follow","max-snippet":"max-snippet:-1","max-image-preview":"max-image-preview:large","max-video-preview":"max-video-preview:-1"},"canonical":"https:\/\/www.sotograndeguide.com\/fr\/annuaire-de-sotogrande\/blah-blah-blah-academie-des-langues\/","og_locale":"fr_FR","og_type":"article","og_title":"Blah Blah Blah Language Academy","og_description":"Blah Blah Blah Academy is a language school based in Sotogrande. At the Blah Blah Blah Academy you have the choice of Spanish, English, German and French classes. Courses are available for children as well as adults. The language courses include Intensive Courses, Private Tuition, Conversation Classes, Classic Courses, Flexi Courses as well as Online ... Lire plus","og_url":"https:\/\/www.sotograndeguide.com\/fr\/annuaire-de-sotogrande\/blah-blah-blah-academie-des-langues\/","og_site_name":"Sotogrande Guide","article_publisher":"https:\/\/www.facebook.com\/sotograndeguide","article_modified_time":"2019-05-15T09:55:45+00:00","og_image":[{"width":2016,"height":1512,"url":"https:\/\/www.sotograndeguide.com\/wp-content\/uploads\/2019\/05\/Blah-Blah-Blah-Language-School-Sotogrande.jpg","type":"image\/jpeg"}],"twitter_card":"summary_large_image","twitter_site":"@sotograndeguide","twitter_misc":{"Est. reading time":"1 minute"},"schema":{"@context":"https:\/\/schema.org","@graph":[{"@type":"WebPage","@id":"https:\/\/www.sotograndeguide.com\/sotogrande-directory\/blah-blah-blah-language-academy\/","url":"https:\/\/www.sotograndeguide.com\/sotogrande-directory\/blah-blah-blah-language-academy\/","name":"Acad\u00e9mie des langues Blah Blah Blah","isPartOf":{"@id":"https:\/\/www.sotograndeguide.com\/#website"},"primaryImageOfPage":{"@id":"https:\/\/www.sotograndeguide.com\/sotogrande-directory\/blah-blah-blah-language-academy\/#primaryimage"},"image":{"@id":"https:\/\/www.sotograndeguide.com\/sotogrande-directory\/blah-blah-blah-language-academy\/#primaryimage"},"thumbnailUrl":"https:\/\/www.sotograndeguide.com\/wp-content\/uploads\/2019\/05\/Blah-Blah-Blah-Language-School-Sotogrande.jpg","datePublished":"2019-05-15T09:52:43+00:00","dateModified":"2019-05-15T09:55:45+00:00","breadcrumb":{"@id":"https:\/\/www.sotograndeguide.com\/sotogrande-directory\/blah-blah-blah-language-academy\/#breadcrumb"},"inLanguage":"fr-FR","potentialAction":[{"@type":"ReadAction","target":["https:\/\/www.sotograndeguide.com\/sotogrande-directory\/blah-blah-blah-language-academy\/"]}]},{"@type":"ImageObject","inLanguage":"fr-FR","@id":"https:\/\/www.sotograndeguide.com\/sotogrande-directory\/blah-blah-blah-language-academy\/#primaryimage","url":"https:\/\/www.sotograndeguide.com\/wp-content\/uploads\/2019\/05\/Blah-Blah-Blah-Language-School-Sotogrande.jpg","contentUrl":"https:\/\/www.sotograndeguide.com\/wp-content\/uploads\/2019\/05\/Blah-Blah-Blah-Language-School-Sotogrande.jpg","width":2016,"height":1512,"caption":"Blah Blah Blah Language Academy"},{"@type":"BreadcrumbList","@id":"https:\/\/www.sotograndeguide.com\/sotogrande-directory\/blah-blah-blah-language-academy\/#breadcrumb","itemListElement":[{"@type":"ListItem","position":1,"name":"Home","item":"https:\/\/www.sotograndeguide.com\/"},{"@type":"ListItem","position":2,"name":"Sotogrande Directory","item":"https:\/\/www.sotograndeguide.com\/sotogrande-directory\/"},{"@type":"ListItem","position":3,"name":"Blah Blah Blah Language Academy"}]},{"@type":"WebSite","@id":"https:\/\/www.sotograndeguide.com\/#website","url":"https:\/\/www.sotograndeguide.com\/","name":"Guide de Sotogrande","description":"Nouvelles, conseils, \u00e9v\u00e9nements et critiques","publisher":{"@id":"https:\/\/www.sotograndeguide.com\/#organization"},"potentialAction":[{"@type":"SearchAction","target":{"@type":"EntryPoint","urlTemplate":"https:\/\/www.sotograndeguide.com\/?s={search_term_string}"},"query-input":{"@type":"PropertyValueSpecification","valueRequired":true,"valueName":"search_term_string"}}],"inLanguage":"fr-FR"},{"@type":"Organization","@id":"https:\/\/www.sotograndeguide.com\/#organization","name":"Guide de Sotogrande","url":"https:\/\/www.sotograndeguide.com\/","logo":{"@type":"ImageObject","inLanguage":"fr-FR","@id":"https:\/\/www.sotograndeguide.com\/#\/schema\/logo\/image\/","url":"https:\/\/www.sotograndeguide.com\/wp-content\/uploads\/2017\/03\/Sotogrande-Logo-GUIDE.png","contentUrl":"https:\/\/www.sotograndeguide.com\/wp-content\/uploads\/2017\/03\/Sotogrande-Logo-GUIDE.png","width":300,"height":300,"caption":"Sotogrande Guide"},"image":{"@id":"https:\/\/www.sotograndeguide.com\/#\/schema\/logo\/image\/"},"sameAs":["https:\/\/www.facebook.com\/sotograndeguide","https:\/\/x.com\/sotograndeguide","https:\/\/www.tiktok.com\/@sotograndeguide","https:\/\/www.youtube.com\/@SotograndeGuide"]}]}},"jetpack_sharing_enabled":true,"_links":{"self":[{"href":"https:\/\/www.sotograndeguide.com\/fr\/wp-json\/wp\/v2\/pages\/35157","targetHints":{"allow":["GET"]}}],"collection":[{"href":"https:\/\/www.sotograndeguide.com\/fr\/wp-json\/wp\/v2\/pages"}],"about":[{"href":"https:\/\/www.sotograndeguide.com\/fr\/wp-json\/wp\/v2\/types\/page"}],"author":[{"embeddable":true,"href":"https:\/\/www.sotograndeguide.com\/fr\/wp-json\/wp\/v2\/users\/1"}],"replies":[{"embeddable":true,"href":"https:\/\/www.sotograndeguide.com\/fr\/wp-json\/wp\/v2\/comments?post=35157"}],"version-history":[{"count":0,"href":"https:\/\/www.sotograndeguide.com\/fr\/wp-json\/wp\/v2\/pages\/35157\/revisions"}],"up":[{"embeddable":true,"href":"https:\/\/www.sotograndeguide.com\/fr\/wp-json\/wp\/v2\/pages\/35158"}],"wp:featuredmedia":[{"embeddable":true,"href":"https:\/\/www.sotograndeguide.com\/fr\/wp-json\/wp\/v2\/media\/35159"}],"wp:attachment":[{"href":"https:\/\/www.sotograndeguide.com\/fr\/wp-json\/wp\/v2\/media?parent=35157"}],"curies":[{"name":"wp","href":"https:\/\/api.w.org\/{rel}","templated":true}]}}