{"id":35139,"date":"2019-05-06T13:46:05","date_gmt":"2019-05-06T13:46:05","guid":{"rendered":"https:\/\/www.sotograndeguide.com\/?page_id=35139"},"modified":"2019-05-06T13:52:00","modified_gmt":"2019-05-06T13:52:00","slug":"parc-dattractions-jugarnia","status":"publish","type":"page","link":"https:\/\/www.sotograndeguide.com\/fr\/sotogrande-activities\/jugarnia-fun-park\/","title":{"rendered":"Parc d'attractions Jugarnia"},"content":{"rendered":"<p>Jugarnia Sotogrande est un parc ludique pour les enfants et les familles avec des aires de jeux, des trampolines et bien plus encore. Le parc dispose d'un espace ext\u00e9rieur de 1 400 m2 et d'un espace couvert de 100 m2, avec son propre bar-caf\u00e9t\u00e9ria sur place. Le parc de loisirs Jugarnia est situ\u00e9 \u00e0 l'entr\u00e9e du port de Sotogrande. Il est ouvert toute l'ann\u00e9e et son acc\u00e8s est gratuit.<\/p>\n<p><strong>Parc d'attractions Jugarnia<\/strong><br \/>\nAdresse : Puerto Sotogrande 2, 11310, Sotogrande, Espagne<br \/>\nT\u00e9l\u00e9phone : <a href=\"tel:+34638741376\">638741376<\/a><\/p>","protected":false},"excerpt":{"rendered":"<p>Jugarnia Sotogrande est un parc ludique pour les enfants et les familles avec des aires de jeux, des trampolines et bien plus encore. Le parc dispose d'un espace ext\u00e9rieur de 1 400 m2 et d'un espace couvert de 100 m2, avec son propre bar-caf\u00e9t\u00e9ria sur place. Le parc de loisirs Jugarnia est situ\u00e9 \u00e0 l'entr\u00e9e du port de Sotogrande. Il est ouvert toute l'ann\u00e9e et son acc\u00e8s est gratuit. ... <a title=\"Parc d&#039;attractions Jugarnia\" class=\"read-more\" href=\"https:\/\/www.sotograndeguide.com\/fr\/sotogrande-activities\/jugarnia-fun-park\/\" aria-label=\"En savoir plus sur Jugarnia Fun Park\">Lire plus<\/a><\/p>","protected":false},"author":1,"featured_media":35140,"parent":35137,"menu_order":0,"comment_status":"closed","ping_status":"closed","template":"","meta":{"footnotes":""},"class_list":["post-35139","page","type-page","status-publish","has-post-thumbnail"],"yoast_head":"<!-- This site is optimized with the Yoast SEO Premium plugin v20.5 (Yoast SEO v27.5) - https:\/\/yoast.com\/product\/yoast-seo-premium-wordpress\/ -->\n<title>Jugarnia Fun Park<\/title>\n<meta name=\"robots\" content=\"index, follow, max-snippet:-1, max-image-preview:large, max-video-preview:-1\" \/>\n<link rel=\"canonical\" href=\"https:\/\/www.sotograndeguide.com\/fr\/activites-de-sotogrande\/parc-dattractions-jugarnia\/\" \/>\n<meta property=\"og:locale\" content=\"fr_FR\" \/>\n<meta property=\"og:type\" content=\"article\" \/>\n<meta property=\"og:title\" content=\"Jugarnia Fun Park\" \/>\n<meta property=\"og:description\" content=\"Jugarnia Sotogrande is a fun play park for children and families with play areas, trampolines and much more. The park has 1,400 m2 outdoor space and 100 m2 covered with its own bar-cafeteria on site. The Jugarnia fun park is located at the entrance to Sotogrande Port, is open all year and permits free access. ... Lire plus\" \/>\n<meta property=\"og:url\" content=\"https:\/\/www.sotograndeguide.com\/fr\/activites-de-sotogrande\/parc-dattractions-jugarnia\/\" \/>\n<meta property=\"og:site_name\" content=\"Sotogrande Guide\" \/>\n<meta property=\"article:publisher\" content=\"https:\/\/www.facebook.com\/sotograndeguide\" \/>\n<meta property=\"article:modified_time\" content=\"2019-05-06T13:52:00+00:00\" \/>\n<meta property=\"og:image\" content=\"https:\/\/www.sotograndeguide.com\/wp-content\/uploads\/2019\/05\/Jugarnia-Sotogrande.jpg\" \/>\n\t<meta property=\"og:image:width\" content=\"960\" \/>\n\t<meta property=\"og:image:height\" content=\"720\" \/>\n\t<meta property=\"og:image:type\" content=\"image\/jpeg\" \/>\n<meta name=\"twitter:card\" content=\"summary_large_image\" \/>\n<meta name=\"twitter:site\" content=\"@sotograndeguide\" \/>\n<!-- \/ Yoast SEO Premium plugin. -->","yoast_head_json":{"title":"Parc d'attractions Jugarnia","robots":{"index":"index","follow":"follow","max-snippet":"max-snippet:-1","max-image-preview":"max-image-preview:large","max-video-preview":"max-video-preview:-1"},"canonical":"https:\/\/www.sotograndeguide.com\/fr\/activites-de-sotogrande\/parc-dattractions-jugarnia\/","og_locale":"fr_FR","og_type":"article","og_title":"Jugarnia Fun Park","og_description":"Jugarnia Sotogrande is a fun play park for children and families with play areas, trampolines and much more. The park has 1,400 m2 outdoor space and 100 m2 covered with its own bar-cafeteria on site. The Jugarnia fun park is located at the entrance to Sotogrande Port, is open all year and permits free access. ... Lire plus","og_url":"https:\/\/www.sotograndeguide.com\/fr\/activites-de-sotogrande\/parc-dattractions-jugarnia\/","og_site_name":"Sotogrande Guide","article_publisher":"https:\/\/www.facebook.com\/sotograndeguide","article_modified_time":"2019-05-06T13:52:00+00:00","og_image":[{"width":960,"height":720,"url":"https:\/\/www.sotograndeguide.com\/wp-content\/uploads\/2019\/05\/Jugarnia-Sotogrande.jpg","type":"image\/jpeg"}],"twitter_card":"summary_large_image","twitter_site":"@sotograndeguide","schema":{"@context":"https:\/\/schema.org","@graph":[{"@type":"WebPage","@id":"https:\/\/www.sotograndeguide.com\/sotogrande-activities\/jugarnia-fun-park\/","url":"https:\/\/www.sotograndeguide.com\/sotogrande-activities\/jugarnia-fun-park\/","name":"Parc d'attractions Jugarnia","isPartOf":{"@id":"https:\/\/www.sotograndeguide.com\/#website"},"primaryImageOfPage":{"@id":"https:\/\/www.sotograndeguide.com\/sotogrande-activities\/jugarnia-fun-park\/#primaryimage"},"image":{"@id":"https:\/\/www.sotograndeguide.com\/sotogrande-activities\/jugarnia-fun-park\/#primaryimage"},"thumbnailUrl":"https:\/\/www.sotograndeguide.com\/wp-content\/uploads\/2019\/05\/Jugarnia-Sotogrande.jpg","datePublished":"2019-05-06T13:46:05+00:00","dateModified":"2019-05-06T13:52:00+00:00","breadcrumb":{"@id":"https:\/\/www.sotograndeguide.com\/sotogrande-activities\/jugarnia-fun-park\/#breadcrumb"},"inLanguage":"fr-FR","potentialAction":[{"@type":"ReadAction","target":["https:\/\/www.sotograndeguide.com\/sotogrande-activities\/jugarnia-fun-park\/"]}]},{"@type":"ImageObject","inLanguage":"fr-FR","@id":"https:\/\/www.sotograndeguide.com\/sotogrande-activities\/jugarnia-fun-park\/#primaryimage","url":"https:\/\/www.sotograndeguide.com\/wp-content\/uploads\/2019\/05\/Jugarnia-Sotogrande.jpg","contentUrl":"https:\/\/www.sotograndeguide.com\/wp-content\/uploads\/2019\/05\/Jugarnia-Sotogrande.jpg","width":960,"height":720,"caption":"Jugarnia Fun Park Sotogrande"},{"@type":"BreadcrumbList","@id":"https:\/\/www.sotograndeguide.com\/sotogrande-activities\/jugarnia-fun-park\/#breadcrumb","itemListElement":[{"@type":"ListItem","position":1,"name":"Home","item":"https:\/\/www.sotograndeguide.com\/"},{"@type":"ListItem","position":2,"name":"Sotogrande Activities","item":"https:\/\/www.sotograndeguide.com\/sotogrande-activities\/"},{"@type":"ListItem","position":3,"name":"Jugarnia Fun Park"}]},{"@type":"WebSite","@id":"https:\/\/www.sotograndeguide.com\/#website","url":"https:\/\/www.sotograndeguide.com\/","name":"Guide de Sotogrande","description":"Nouvelles, conseils, \u00e9v\u00e9nements et critiques","publisher":{"@id":"https:\/\/www.sotograndeguide.com\/#organization"},"potentialAction":[{"@type":"SearchAction","target":{"@type":"EntryPoint","urlTemplate":"https:\/\/www.sotograndeguide.com\/?s={search_term_string}"},"query-input":{"@type":"PropertyValueSpecification","valueRequired":true,"valueName":"search_term_string"}}],"inLanguage":"fr-FR"},{"@type":"Organization","@id":"https:\/\/www.sotograndeguide.com\/#organization","name":"Guide de Sotogrande","url":"https:\/\/www.sotograndeguide.com\/","logo":{"@type":"ImageObject","inLanguage":"fr-FR","@id":"https:\/\/www.sotograndeguide.com\/#\/schema\/logo\/image\/","url":"https:\/\/www.sotograndeguide.com\/wp-content\/uploads\/2017\/03\/Sotogrande-Logo-GUIDE.png","contentUrl":"https:\/\/www.sotograndeguide.com\/wp-content\/uploads\/2017\/03\/Sotogrande-Logo-GUIDE.png","width":300,"height":300,"caption":"Sotogrande Guide"},"image":{"@id":"https:\/\/www.sotograndeguide.com\/#\/schema\/logo\/image\/"},"sameAs":["https:\/\/www.facebook.com\/sotograndeguide","https:\/\/x.com\/sotograndeguide","https:\/\/www.tiktok.com\/@sotograndeguide","https:\/\/www.youtube.com\/@SotograndeGuide"]}]}},"jetpack_sharing_enabled":true,"_links":{"self":[{"href":"https:\/\/www.sotograndeguide.com\/fr\/wp-json\/wp\/v2\/pages\/35139","targetHints":{"allow":["GET"]}}],"collection":[{"href":"https:\/\/www.sotograndeguide.com\/fr\/wp-json\/wp\/v2\/pages"}],"about":[{"href":"https:\/\/www.sotograndeguide.com\/fr\/wp-json\/wp\/v2\/types\/page"}],"author":[{"embeddable":true,"href":"https:\/\/www.sotograndeguide.com\/fr\/wp-json\/wp\/v2\/users\/1"}],"replies":[{"embeddable":true,"href":"https:\/\/www.sotograndeguide.com\/fr\/wp-json\/wp\/v2\/comments?post=35139"}],"version-history":[{"count":0,"href":"https:\/\/www.sotograndeguide.com\/fr\/wp-json\/wp\/v2\/pages\/35139\/revisions"}],"up":[{"embeddable":true,"href":"https:\/\/www.sotograndeguide.com\/fr\/wp-json\/wp\/v2\/pages\/35137"}],"wp:featuredmedia":[{"embeddable":true,"href":"https:\/\/www.sotograndeguide.com\/fr\/wp-json\/wp\/v2\/media\/35140"}],"wp:attachment":[{"href":"https:\/\/www.sotograndeguide.com\/fr\/wp-json\/wp\/v2\/media?parent=35139"}],"curies":[{"name":"wp","href":"https:\/\/api.w.org\/{rel}","templated":true}]}}