{"id":35107,"date":"2019-04-20T20:46:25","date_gmt":"2019-04-20T20:46:25","guid":{"rendered":"https:\/\/www.sotograndeguide.com\/?page_id=35107"},"modified":"2019-07-28T12:55:30","modified_gmt":"2019-07-28T12:55:30","slug":"don-giovanni","status":"publish","type":"page","link":"https:\/\/www.sotograndeguide.com\/fr\/sotogrande-restaurants\/don-giovanni\/","title":{"rendered":"Don Giovanni"},"content":{"rendered":"<p>Don Giovanni est un nouveau restaurant italien \u00e0 Sotogrande qui a ouvert ses portes en 2018. Il s'agit du troisi\u00e8me \u00e9tablissement ouvert par le groupe Don Giovanni.<\/p>\n<p>Le lieu est situ\u00e9 sur la place en face de l'\u00e9glise de Pueblo Nuevo de Guadiaro ; une zone d\u00e9tendue avec un acc\u00e8s facile au parking.<\/p>\n<p>Ils servent une vari\u00e9t\u00e9 de plats italiens ainsi que d'excellentes pizzas.<\/p>\n<p>Don Giovanni propose \u00e9galement la livraison \u00e0 domicile \u00e0 Sotogrande et dans ses environs.<\/p>\n<p><strong>Don Giovanni<\/strong><br \/>\nCuisine : italienne, pizzeria<br \/>\nAdresse : Plaza Mayor, 10, 11360, Pueblo Nuevo de Guadiaro, Sotogrande, Espagne<br \/>\nT\u00e9l\u00e9phone : <a href=\"tel:+34856043357\">856043357<\/a><\/p>\n<p><strong>Vous \u00eates propri\u00e9taire de ce restaurant ? <a href=\"https:\/\/www.sotograndeguide.com\/fr\/contact\/\" rel=\"noopener noreferrer\" target=\"_blank\">Contactez-nous pour ajouter des photos, des \u00e9v\u00e9nements, des nouvelles ou une description.<\/a>.<\/strong><\/p>","protected":false},"excerpt":{"rendered":"<p>Don Giovanni est un nouveau restaurant italien \u00e0 Sotogrande qui a ouvert ses portes en 2018. Il s'agit du troisi\u00e8me \u00e9tablissement ouvert par le groupe Don Giovanni. Le lieu est situ\u00e9 sur la place en face de l'\u00e9glise de Pueblo Nuevo de Guadiaro ; une zone d\u00e9tendue avec un acc\u00e8s facile au parking. Il sert une vari\u00e9t\u00e9 de plats italiens ainsi que... <a title=\"Don Giovanni\" class=\"read-more\" href=\"https:\/\/www.sotograndeguide.com\/fr\/sotogrande-restaurants\/don-giovanni\/\" aria-label=\"En savoir plus sur Don Giovanni\">Lire plus<\/a><\/p>","protected":false},"author":1,"featured_media":35108,"parent":91,"menu_order":0,"comment_status":"closed","ping_status":"closed","template":"","meta":{"footnotes":""},"class_list":["post-35107","page","type-page","status-publish","has-post-thumbnail"],"yoast_head":"<!-- This site is optimized with the Yoast SEO Premium plugin v20.5 (Yoast SEO v27.3) - https:\/\/yoast.com\/product\/yoast-seo-premium-wordpress\/ -->\n<title>Don Giovanni<\/title>\n<meta name=\"robots\" content=\"index, follow, max-snippet:-1, max-image-preview:large, max-video-preview:-1\" \/>\n<link rel=\"canonical\" href=\"https:\/\/www.sotograndeguide.com\/fr\/restaurants-de-sotogrande\/don-giovanni\/\" \/>\n<meta property=\"og:locale\" content=\"fr_FR\" \/>\n<meta property=\"og:type\" content=\"article\" \/>\n<meta property=\"og:title\" content=\"Don Giovanni\" \/>\n<meta property=\"og:description\" content=\"Don Giovanni is a new Italian restaurant in Sotogrande that opened in 2018. This is the third venue that the Don Giovanni group opens. The venue is located on the square opposite the church in Pueblo Nuevo de Guadiaro; a relaxed area with easy parking access. They serve a variety of Italian dishes as well ... Lire plus\" \/>\n<meta property=\"og:url\" content=\"https:\/\/www.sotograndeguide.com\/fr\/restaurants-de-sotogrande\/don-giovanni\/\" \/>\n<meta property=\"og:site_name\" content=\"Sotogrande Guide\" \/>\n<meta property=\"article:publisher\" content=\"https:\/\/www.facebook.com\/sotograndeguide\" \/>\n<meta property=\"article:modified_time\" content=\"2019-07-28T12:55:30+00:00\" \/>\n<meta property=\"og:image\" content=\"https:\/\/www.sotograndeguide.com\/wp-content\/uploads\/2019\/04\/Don-Giovanni.jpg\" \/>\n\t<meta property=\"og:image:width\" content=\"1440\" \/>\n\t<meta property=\"og:image:height\" content=\"812\" \/>\n\t<meta property=\"og:image:type\" content=\"image\/jpeg\" \/>\n<meta name=\"twitter:card\" content=\"summary_large_image\" \/>\n<meta name=\"twitter:site\" content=\"@sotograndeguide\" \/>\n<!-- \/ Yoast SEO Premium plugin. -->","yoast_head_json":{"title":"Don Giovanni","robots":{"index":"index","follow":"follow","max-snippet":"max-snippet:-1","max-image-preview":"max-image-preview:large","max-video-preview":"max-video-preview:-1"},"canonical":"https:\/\/www.sotograndeguide.com\/fr\/restaurants-de-sotogrande\/don-giovanni\/","og_locale":"fr_FR","og_type":"article","og_title":"Don Giovanni","og_description":"Don Giovanni is a new Italian restaurant in Sotogrande that opened in 2018. This is the third venue that the Don Giovanni group opens. The venue is located on the square opposite the church in Pueblo Nuevo de Guadiaro; a relaxed area with easy parking access. They serve a variety of Italian dishes as well ... Lire plus","og_url":"https:\/\/www.sotograndeguide.com\/fr\/restaurants-de-sotogrande\/don-giovanni\/","og_site_name":"Sotogrande Guide","article_publisher":"https:\/\/www.facebook.com\/sotograndeguide","article_modified_time":"2019-07-28T12:55:30+00:00","og_image":[{"width":1440,"height":812,"url":"https:\/\/www.sotograndeguide.com\/wp-content\/uploads\/2019\/04\/Don-Giovanni.jpg","type":"image\/jpeg"}],"twitter_card":"summary_large_image","twitter_site":"@sotograndeguide","schema":{"@context":"https:\/\/schema.org","@graph":[{"@type":"WebPage","@id":"https:\/\/www.sotograndeguide.com\/sotogrande-restaurants\/don-giovanni\/","url":"https:\/\/www.sotograndeguide.com\/sotogrande-restaurants\/don-giovanni\/","name":"Don Giovanni","isPartOf":{"@id":"https:\/\/www.sotograndeguide.com\/#website"},"primaryImageOfPage":{"@id":"https:\/\/www.sotograndeguide.com\/sotogrande-restaurants\/don-giovanni\/#primaryimage"},"image":{"@id":"https:\/\/www.sotograndeguide.com\/sotogrande-restaurants\/don-giovanni\/#primaryimage"},"thumbnailUrl":"https:\/\/www.sotograndeguide.com\/wp-content\/uploads\/2019\/04\/Don-Giovanni.jpg","datePublished":"2019-04-20T20:46:25+00:00","dateModified":"2019-07-28T12:55:30+00:00","breadcrumb":{"@id":"https:\/\/www.sotograndeguide.com\/sotogrande-restaurants\/don-giovanni\/#breadcrumb"},"inLanguage":"fr-FR","potentialAction":[{"@type":"ReadAction","target":["https:\/\/www.sotograndeguide.com\/sotogrande-restaurants\/don-giovanni\/"]}]},{"@type":"ImageObject","inLanguage":"fr-FR","@id":"https:\/\/www.sotograndeguide.com\/sotogrande-restaurants\/don-giovanni\/#primaryimage","url":"https:\/\/www.sotograndeguide.com\/wp-content\/uploads\/2019\/04\/Don-Giovanni.jpg","contentUrl":"https:\/\/www.sotograndeguide.com\/wp-content\/uploads\/2019\/04\/Don-Giovanni.jpg","width":1440,"height":812,"caption":"Don Giovanni"},{"@type":"BreadcrumbList","@id":"https:\/\/www.sotograndeguide.com\/sotogrande-restaurants\/don-giovanni\/#breadcrumb","itemListElement":[{"@type":"ListItem","position":1,"name":"Home","item":"https:\/\/www.sotograndeguide.com\/"},{"@type":"ListItem","position":2,"name":"Sotogrande Restaurants","item":"https:\/\/www.sotograndeguide.com\/sotogrande-restaurants\/"},{"@type":"ListItem","position":3,"name":"Don Giovanni"}]},{"@type":"WebSite","@id":"https:\/\/www.sotograndeguide.com\/#website","url":"https:\/\/www.sotograndeguide.com\/","name":"Guide de Sotogrande","description":"Nouvelles, conseils, \u00e9v\u00e9nements et critiques","publisher":{"@id":"https:\/\/www.sotograndeguide.com\/#organization"},"potentialAction":[{"@type":"SearchAction","target":{"@type":"EntryPoint","urlTemplate":"https:\/\/www.sotograndeguide.com\/?s={search_term_string}"},"query-input":{"@type":"PropertyValueSpecification","valueRequired":true,"valueName":"search_term_string"}}],"inLanguage":"fr-FR"},{"@type":"Organization","@id":"https:\/\/www.sotograndeguide.com\/#organization","name":"Guide de Sotogrande","url":"https:\/\/www.sotograndeguide.com\/","logo":{"@type":"ImageObject","inLanguage":"fr-FR","@id":"https:\/\/www.sotograndeguide.com\/#\/schema\/logo\/image\/","url":"https:\/\/www.sotograndeguide.com\/wp-content\/uploads\/2017\/03\/Sotogrande-Logo-GUIDE.png","contentUrl":"https:\/\/www.sotograndeguide.com\/wp-content\/uploads\/2017\/03\/Sotogrande-Logo-GUIDE.png","width":300,"height":300,"caption":"Sotogrande Guide"},"image":{"@id":"https:\/\/www.sotograndeguide.com\/#\/schema\/logo\/image\/"},"sameAs":["https:\/\/www.facebook.com\/sotograndeguide","https:\/\/x.com\/sotograndeguide","https:\/\/www.tiktok.com\/@sotograndeguide","https:\/\/www.youtube.com\/@SotograndeGuide"]}]}},"jetpack_sharing_enabled":true,"_links":{"self":[{"href":"https:\/\/www.sotograndeguide.com\/fr\/wp-json\/wp\/v2\/pages\/35107","targetHints":{"allow":["GET"]}}],"collection":[{"href":"https:\/\/www.sotograndeguide.com\/fr\/wp-json\/wp\/v2\/pages"}],"about":[{"href":"https:\/\/www.sotograndeguide.com\/fr\/wp-json\/wp\/v2\/types\/page"}],"author":[{"embeddable":true,"href":"https:\/\/www.sotograndeguide.com\/fr\/wp-json\/wp\/v2\/users\/1"}],"replies":[{"embeddable":true,"href":"https:\/\/www.sotograndeguide.com\/fr\/wp-json\/wp\/v2\/comments?post=35107"}],"version-history":[{"count":0,"href":"https:\/\/www.sotograndeguide.com\/fr\/wp-json\/wp\/v2\/pages\/35107\/revisions"}],"up":[{"embeddable":true,"href":"https:\/\/www.sotograndeguide.com\/fr\/wp-json\/wp\/v2\/pages\/91"}],"wp:featuredmedia":[{"embeddable":true,"href":"https:\/\/www.sotograndeguide.com\/fr\/wp-json\/wp\/v2\/media\/35108"}],"wp:attachment":[{"href":"https:\/\/www.sotograndeguide.com\/fr\/wp-json\/wp\/v2\/media?parent=35107"}],"curies":[{"name":"wp","href":"https:\/\/api.w.org\/{rel}","templated":true}]}}