{"id":35067,"date":"2019-03-31T11:06:12","date_gmt":"2019-03-31T11:06:12","guid":{"rendered":"https:\/\/www.sotograndeguide.com\/?page_id=35067"},"modified":"2023-04-17T10:19:46","modified_gmt":"2023-04-17T10:19:46","slug":"dentistes-sotogrande","status":"publish","type":"page","link":"https:\/\/www.sotograndeguide.com\/fr\/sotogrande-dentists\/","title":{"rendered":"Dentistes Sotogrande"},"content":{"rendered":"<p>Annuaire des dentistes de Sotogrande mis \u00e0 jour avec tous les sp\u00e9cialistes en soins dentaires dans et autour de Sotogrande :<\/p>\n<p style=\"padding: 2px 6px 4px 6px; color: #555555; background-color: #eeeeee; border: #dddddd 2px solid;\"><strong><a href=\"https:\/\/www.instagram.com\/clinicaignacioj\/\" rel=\"noopener\" target=\"_blank\">Clinique Dr Ignacio Jim\u00e9nez<\/a><\/strong><br \/>\nAdresse : Av. los Canos, 48, 11311 Pueblo Nuevo de Guadiaro Av. los Canos, 48, 11311 Pueblo Nuevo de Guadiaro<br \/>\nT\u00e9l\u00e9phone : <a href=\"tel:+34613446914\">613446914<\/a><\/p>\n<p><strong>Le monde des dentistes<\/strong><br \/>\nAdresse : Galer\u00edas Paniagua 38-39, 11310 Sotogrande<br \/>\nT\u00e9l\u00e9phone : <a href=\"tel:+34956795273\">956795273<\/a><\/p>\n<p><strong>Brilliant Dental Dentists <\/strong><br \/>\nAdresse : Urb. San Roque Club, 11360 San Roque<br \/>\nT\u00e9l\u00e9phone : <a href=\"tel:+34956613190\">956613190<\/a><\/p>\n<p><a href=\"https:\/\/www.sotograndeguide.com\/fr\/clinique-smile-more\/\" target=\"_blank\" rel=\"noopener noreferrer\"><strong>Dentistes Smile &amp; More<\/strong><\/a><br \/>\nAdresse : CC Sotomarket, 42-43, 11310 Sotogrande<br \/>\nT\u00e9l\u00e9phone : <a href=\"tel:+34956776182\">956776182<\/a><\/p>\n<p><em>Avons-nous oubli\u00e9 un dentiste ? Vous \u00eates dentiste \u00e0 Sotogrande et vous souhaitez figurer dans notre guide ? <a href=\"https:\/\/www.sotograndeguide.com\/fr\/contact\/\">Prendre contact<\/a>.<\/em><\/p>","protected":false},"excerpt":{"rendered":"<p>Annuaire des dentistes de Sotogrande mis \u00e0 jour avec tous les sp\u00e9cialistes en dentisterie dans et autour de Sotogrande : Cl\u00ednica Dr Ignacio Jim\u00e9nez Adresse : Av. los Canos, 48, 11311 Pueblo Nuevo de Guadiaro T\u00e9l\u00e9phone : 613446914 The Dentists World Adresse : Galer\u00edas Paniagua 38-39, 11310 Sotogrande T\u00e9l\u00e9phone : 956795273 Brilliant Dental Dentists Adresse : Urb. San Roque Club, 11360 San Roque T\u00e9l\u00e9phone : 956613190 Smile &amp; ... <a title=\"Dentistes Sotogrande\" class=\"read-more\" href=\"https:\/\/www.sotograndeguide.com\/fr\/sotogrande-dentists\/\" aria-label=\"En savoir plus sur Dentistes Sotogrande\">Lire plus<\/a><\/p>","protected":false},"author":1,"featured_media":35070,"parent":0,"menu_order":0,"comment_status":"closed","ping_status":"closed","template":"","meta":{"footnotes":""},"class_list":["post-35067","page","type-page","status-publish","has-post-thumbnail"],"yoast_head":"<!-- This site is optimized with the Yoast SEO Premium plugin v20.5 (Yoast SEO v27.4) - https:\/\/yoast.com\/product\/yoast-seo-premium-wordpress\/ -->\n<title>Sotogrande Dentists<\/title>\n<meta name=\"description\" content=\"Sotogrande Dentists directory updated with all the dental specialists in and around Sotogrande: Denstis contact details, specializations and locations.\" \/>\n<meta name=\"robots\" content=\"index, follow, max-snippet:-1, max-image-preview:large, max-video-preview:-1\" \/>\n<link rel=\"canonical\" href=\"https:\/\/www.sotograndeguide.com\/fr\/dentistes-sotogrande\/\" \/>\n<meta property=\"og:locale\" content=\"fr_FR\" \/>\n<meta property=\"og:type\" content=\"article\" \/>\n<meta property=\"og:title\" content=\"Sotogrande Dentists\" \/>\n<meta property=\"og:description\" content=\"Sotogrande Dentists directory updated with all the dental specialists in and around Sotogrande: Denstis contact details, specializations and locations.\" \/>\n<meta property=\"og:url\" content=\"https:\/\/www.sotograndeguide.com\/fr\/dentistes-sotogrande\/\" \/>\n<meta property=\"og:site_name\" content=\"Sotogrande Guide\" \/>\n<meta property=\"article:publisher\" content=\"https:\/\/www.facebook.com\/sotograndeguide\" \/>\n<meta property=\"article:modified_time\" content=\"2023-04-17T10:19:46+00:00\" \/>\n<meta property=\"og:image\" content=\"https:\/\/www.sotograndeguide.com\/wp-content\/uploads\/2019\/03\/Sotogrande-Dentists.jpg\" \/>\n\t<meta property=\"og:image:width\" content=\"3888\" \/>\n\t<meta property=\"og:image:height\" content=\"2592\" \/>\n\t<meta property=\"og:image:type\" content=\"image\/jpeg\" \/>\n<meta name=\"twitter:card\" content=\"summary_large_image\" \/>\n<meta name=\"twitter:site\" content=\"@sotograndeguide\" \/>\n<!-- \/ Yoast SEO Premium plugin. -->","yoast_head_json":{"title":"Dentistes Sotogrande","description":"Annuaire des dentistes de Sotogrande mis \u00e0 jour avec tous les sp\u00e9cialistes en soins dentaires dans et autour de Sotogrande : coordonn\u00e9es, sp\u00e9cialisations et localisation des dentistes.","robots":{"index":"index","follow":"follow","max-snippet":"max-snippet:-1","max-image-preview":"max-image-preview:large","max-video-preview":"max-video-preview:-1"},"canonical":"https:\/\/www.sotograndeguide.com\/fr\/dentistes-sotogrande\/","og_locale":"fr_FR","og_type":"article","og_title":"Sotogrande Dentists","og_description":"Sotogrande Dentists directory updated with all the dental specialists in and around Sotogrande: Denstis contact details, specializations and locations.","og_url":"https:\/\/www.sotograndeguide.com\/fr\/dentistes-sotogrande\/","og_site_name":"Sotogrande Guide","article_publisher":"https:\/\/www.facebook.com\/sotograndeguide","article_modified_time":"2023-04-17T10:19:46+00:00","og_image":[{"width":3888,"height":2592,"url":"https:\/\/www.sotograndeguide.com\/wp-content\/uploads\/2019\/03\/Sotogrande-Dentists.jpg","type":"image\/jpeg"}],"twitter_card":"summary_large_image","twitter_site":"@sotograndeguide","schema":{"@context":"https:\/\/schema.org","@graph":[{"@type":"WebPage","@id":"https:\/\/www.sotograndeguide.com\/sotogrande-dentists\/","url":"https:\/\/www.sotograndeguide.com\/sotogrande-dentists\/","name":"Dentistes Sotogrande","isPartOf":{"@id":"https:\/\/www.sotograndeguide.com\/#website"},"primaryImageOfPage":{"@id":"https:\/\/www.sotograndeguide.com\/sotogrande-dentists\/#primaryimage"},"image":{"@id":"https:\/\/www.sotograndeguide.com\/sotogrande-dentists\/#primaryimage"},"thumbnailUrl":"https:\/\/www.sotograndeguide.com\/wp-content\/uploads\/2019\/03\/Sotogrande-Dentists.jpg","datePublished":"2019-03-31T11:06:12+00:00","dateModified":"2023-04-17T10:19:46+00:00","description":"Annuaire des dentistes de Sotogrande mis \u00e0 jour avec tous les sp\u00e9cialistes en soins dentaires dans et autour de Sotogrande : coordonn\u00e9es, sp\u00e9cialisations et localisation des dentistes.","breadcrumb":{"@id":"https:\/\/www.sotograndeguide.com\/sotogrande-dentists\/#breadcrumb"},"inLanguage":"fr-FR","potentialAction":[{"@type":"ReadAction","target":["https:\/\/www.sotograndeguide.com\/sotogrande-dentists\/"]}]},{"@type":"ImageObject","inLanguage":"fr-FR","@id":"https:\/\/www.sotograndeguide.com\/sotogrande-dentists\/#primaryimage","url":"https:\/\/www.sotograndeguide.com\/wp-content\/uploads\/2019\/03\/Sotogrande-Dentists.jpg","contentUrl":"https:\/\/www.sotograndeguide.com\/wp-content\/uploads\/2019\/03\/Sotogrande-Dentists.jpg","width":3888,"height":2592,"caption":"Sotogrande Dentists"},{"@type":"BreadcrumbList","@id":"https:\/\/www.sotograndeguide.com\/sotogrande-dentists\/#breadcrumb","itemListElement":[{"@type":"ListItem","position":1,"name":"Home","item":"https:\/\/www.sotograndeguide.com\/"},{"@type":"ListItem","position":2,"name":"Sotogrande Dentists"}]},{"@type":"WebSite","@id":"https:\/\/www.sotograndeguide.com\/#website","url":"https:\/\/www.sotograndeguide.com\/","name":"Guide de Sotogrande","description":"Nouvelles, conseils, \u00e9v\u00e9nements et critiques","publisher":{"@id":"https:\/\/www.sotograndeguide.com\/#organization"},"potentialAction":[{"@type":"SearchAction","target":{"@type":"EntryPoint","urlTemplate":"https:\/\/www.sotograndeguide.com\/?s={search_term_string}"},"query-input":{"@type":"PropertyValueSpecification","valueRequired":true,"valueName":"search_term_string"}}],"inLanguage":"fr-FR"},{"@type":"Organization","@id":"https:\/\/www.sotograndeguide.com\/#organization","name":"Guide de Sotogrande","url":"https:\/\/www.sotograndeguide.com\/","logo":{"@type":"ImageObject","inLanguage":"fr-FR","@id":"https:\/\/www.sotograndeguide.com\/#\/schema\/logo\/image\/","url":"https:\/\/www.sotograndeguide.com\/wp-content\/uploads\/2017\/03\/Sotogrande-Logo-GUIDE.png","contentUrl":"https:\/\/www.sotograndeguide.com\/wp-content\/uploads\/2017\/03\/Sotogrande-Logo-GUIDE.png","width":300,"height":300,"caption":"Sotogrande Guide"},"image":{"@id":"https:\/\/www.sotograndeguide.com\/#\/schema\/logo\/image\/"},"sameAs":["https:\/\/www.facebook.com\/sotograndeguide","https:\/\/x.com\/sotograndeguide","https:\/\/www.tiktok.com\/@sotograndeguide","https:\/\/www.youtube.com\/@SotograndeGuide"]}]}},"jetpack_sharing_enabled":true,"_links":{"self":[{"href":"https:\/\/www.sotograndeguide.com\/fr\/wp-json\/wp\/v2\/pages\/35067","targetHints":{"allow":["GET"]}}],"collection":[{"href":"https:\/\/www.sotograndeguide.com\/fr\/wp-json\/wp\/v2\/pages"}],"about":[{"href":"https:\/\/www.sotograndeguide.com\/fr\/wp-json\/wp\/v2\/types\/page"}],"author":[{"embeddable":true,"href":"https:\/\/www.sotograndeguide.com\/fr\/wp-json\/wp\/v2\/users\/1"}],"replies":[{"embeddable":true,"href":"https:\/\/www.sotograndeguide.com\/fr\/wp-json\/wp\/v2\/comments?post=35067"}],"version-history":[{"count":0,"href":"https:\/\/www.sotograndeguide.com\/fr\/wp-json\/wp\/v2\/pages\/35067\/revisions"}],"wp:featuredmedia":[{"embeddable":true,"href":"https:\/\/www.sotograndeguide.com\/fr\/wp-json\/wp\/v2\/media\/35070"}],"wp:attachment":[{"href":"https:\/\/www.sotograndeguide.com\/fr\/wp-json\/wp\/v2\/media?parent=35067"}],"curies":[{"name":"wp","href":"https:\/\/api.w.org\/{rel}","templated":true}]}}