{"id":35042,"date":"2019-03-23T17:03:49","date_gmt":"2019-03-23T17:03:49","guid":{"rendered":"https:\/\/www.sotograndeguide.com\/?page_id=35042"},"modified":"2019-03-23T17:08:47","modified_gmt":"2019-03-23T17:08:47","slug":"carte-de-sotogrande","status":"publish","type":"page","link":"https:\/\/www.sotograndeguide.com\/fr\/sotogrande-map\/","title":{"rendered":"Sotogrande (carte)"},"content":{"rendered":"<p>Voici une carte de Sotogrande pour vous aider \u00e0 planifier votre voyage ou votre prochaine journ\u00e9e \u00e0 Sotogrande et dans les environs. Sur le c\u00f4t\u00e9 gauche de la carte (au-dessus de l'AP7) vous avez Sotogrande Alto, La Reserva et sur le c\u00f4t\u00e9 droit (en dessous de l'AP7) vous avez Sotogrande Costa et Sotogrande Marina (et le port de Sotogrande). <\/p>\n<p><iframe src=\"https:\/\/www.google.com\/maps\/embed?pb=!1m10!1m8!1m3!1d12863.471523816313!2d-5.32603025!3d36.2912555!3m2!1i1024!2i768!4f13.1!5e0!3m2!1sen!2ses!4v1553359293538\" width=\"900\" height=\"675\" frameborder=\"0\" style=\"border:0\" allowfullscreen><\/iframe><\/p>\n<p>Vous pouvez zoomer sur les zones de Sotogrande et m\u00eame l'utiliser comme un plan de ville. La carte peut \u00e9galement indiquer les directions routi\u00e8res vers et depuis Sotogrande ainsi que les distances entre Sotogrande et l'a\u00e9roport ou d'autres attractions touristiques de la Costa del Sol.<\/p>","protected":false},"excerpt":{"rendered":"<p>Voici une carte de Sotogrande pour vous aider \u00e0 planifier votre voyage ou votre prochaine journ\u00e9e \u00e0 Sotogrande et dans les environs. Sur le c\u00f4t\u00e9 gauche de la carte (au-dessus de l'AP7) vous avez Sotogrande Alto, La Reserva et sur le c\u00f4t\u00e9 droit (en dessous de l'AP7) vous avez Sotogrande Costa et Sotogrande Marina (et Sotogrande ... <a title=\"Sotogrande (carte)\" class=\"read-more\" href=\"https:\/\/www.sotograndeguide.com\/fr\/sotogrande-map\/\" aria-label=\"En savoir plus sur Carte de Sotogrande\">Lire plus<\/a><\/p>","protected":false},"author":1,"featured_media":35043,"parent":0,"menu_order":0,"comment_status":"closed","ping_status":"closed","template":"","meta":{"footnotes":""},"class_list":["post-35042","page","type-page","status-publish","has-post-thumbnail"],"yoast_head":"<!-- This site is optimized with the Yoast SEO Premium plugin v20.5 (Yoast SEO v27.4) - https:\/\/yoast.com\/product\/yoast-seo-premium-wordpress\/ -->\n<title>Free Sotogrande Map For Tourists &amp; Residents - Sotogrande Guide<\/title>\n<meta name=\"description\" content=\"Free Sotogrande Map for tourists and residents with interactive options to find distances to and from Sotogrande as well as a street view of the resort.\" \/>\n<meta name=\"robots\" content=\"index, follow, max-snippet:-1, max-image-preview:large, max-video-preview:-1\" \/>\n<link rel=\"canonical\" href=\"https:\/\/www.sotograndeguide.com\/fr\/carte-de-sotogrande\/\" \/>\n<meta property=\"og:locale\" content=\"fr_FR\" \/>\n<meta property=\"og:type\" content=\"article\" \/>\n<meta property=\"og:title\" content=\"Sotogrande Map\" \/>\n<meta property=\"og:description\" content=\"Free Sotogrande Map for tourists and residents with interactive options to find distances to and from Sotogrande as well as a street view of the resort.\" \/>\n<meta property=\"og:url\" content=\"https:\/\/www.sotograndeguide.com\/fr\/carte-de-sotogrande\/\" \/>\n<meta property=\"og:site_name\" content=\"Sotogrande Guide\" \/>\n<meta property=\"article:publisher\" content=\"https:\/\/www.facebook.com\/sotograndeguide\" \/>\n<meta property=\"article:modified_time\" content=\"2019-03-23T17:08:47+00:00\" \/>\n<meta property=\"og:image\" content=\"https:\/\/www.sotograndeguide.com\/wp-content\/uploads\/2019\/03\/sotogrande-map.jpg\" \/>\n\t<meta property=\"og:image:width\" content=\"1920\" \/>\n\t<meta property=\"og:image:height\" content=\"1080\" \/>\n\t<meta property=\"og:image:type\" content=\"image\/jpeg\" \/>\n<meta name=\"twitter:card\" content=\"summary_large_image\" \/>\n<meta name=\"twitter:site\" content=\"@sotograndeguide\" \/>\n<meta name=\"twitter:label1\" content=\"Est. reading time\" \/>\n\t<meta name=\"twitter:data1\" content=\"1 minute\" \/>\n<!-- \/ Yoast SEO Premium plugin. -->","yoast_head_json":{"title":"Carte gratuite de Sotogrande pour les touristes et les r\u00e9sidents - Sotogrande Guide","description":"Carte gratuite de Sotogrande pour les touristes et les r\u00e9sidents avec des options interactives pour trouver les distances vers et depuis Sotogrande ainsi qu'une vue de la rue de la station.","robots":{"index":"index","follow":"follow","max-snippet":"max-snippet:-1","max-image-preview":"max-image-preview:large","max-video-preview":"max-video-preview:-1"},"canonical":"https:\/\/www.sotograndeguide.com\/fr\/carte-de-sotogrande\/","og_locale":"fr_FR","og_type":"article","og_title":"Sotogrande Map","og_description":"Free Sotogrande Map for tourists and residents with interactive options to find distances to and from Sotogrande as well as a street view of the resort.","og_url":"https:\/\/www.sotograndeguide.com\/fr\/carte-de-sotogrande\/","og_site_name":"Sotogrande Guide","article_publisher":"https:\/\/www.facebook.com\/sotograndeguide","article_modified_time":"2019-03-23T17:08:47+00:00","og_image":[{"width":1920,"height":1080,"url":"https:\/\/www.sotograndeguide.com\/wp-content\/uploads\/2019\/03\/sotogrande-map.jpg","type":"image\/jpeg"}],"twitter_card":"summary_large_image","twitter_site":"@sotograndeguide","twitter_misc":{"Est. reading time":"1 minute"},"schema":{"@context":"https:\/\/schema.org","@graph":[{"@type":"WebPage","@id":"https:\/\/www.sotograndeguide.com\/sotogrande-map\/","url":"https:\/\/www.sotograndeguide.com\/sotogrande-map\/","name":"Carte gratuite de Sotogrande pour les touristes et les r\u00e9sidents - Sotogrande Guide","isPartOf":{"@id":"https:\/\/www.sotograndeguide.com\/#website"},"primaryImageOfPage":{"@id":"https:\/\/www.sotograndeguide.com\/sotogrande-map\/#primaryimage"},"image":{"@id":"https:\/\/www.sotograndeguide.com\/sotogrande-map\/#primaryimage"},"thumbnailUrl":"https:\/\/www.sotograndeguide.com\/wp-content\/uploads\/2019\/03\/sotogrande-map.jpg","datePublished":"2019-03-23T17:03:49+00:00","dateModified":"2019-03-23T17:08:47+00:00","description":"Carte gratuite de Sotogrande pour les touristes et les r\u00e9sidents avec des options interactives pour trouver les distances vers et depuis Sotogrande ainsi qu'une vue de la rue de la station.","breadcrumb":{"@id":"https:\/\/www.sotograndeguide.com\/sotogrande-map\/#breadcrumb"},"inLanguage":"fr-FR","potentialAction":[{"@type":"ReadAction","target":["https:\/\/www.sotograndeguide.com\/sotogrande-map\/"]}]},{"@type":"ImageObject","inLanguage":"fr-FR","@id":"https:\/\/www.sotograndeguide.com\/sotogrande-map\/#primaryimage","url":"https:\/\/www.sotograndeguide.com\/wp-content\/uploads\/2019\/03\/sotogrande-map.jpg","contentUrl":"https:\/\/www.sotograndeguide.com\/wp-content\/uploads\/2019\/03\/sotogrande-map.jpg","width":1920,"height":1080,"caption":"Sotogrande Map"},{"@type":"BreadcrumbList","@id":"https:\/\/www.sotograndeguide.com\/sotogrande-map\/#breadcrumb","itemListElement":[{"@type":"ListItem","position":1,"name":"Home","item":"https:\/\/www.sotograndeguide.com\/"},{"@type":"ListItem","position":2,"name":"Sotogrande Map"}]},{"@type":"WebSite","@id":"https:\/\/www.sotograndeguide.com\/#website","url":"https:\/\/www.sotograndeguide.com\/","name":"Guide de Sotogrande","description":"Nouvelles, conseils, \u00e9v\u00e9nements et critiques","publisher":{"@id":"https:\/\/www.sotograndeguide.com\/#organization"},"potentialAction":[{"@type":"SearchAction","target":{"@type":"EntryPoint","urlTemplate":"https:\/\/www.sotograndeguide.com\/?s={search_term_string}"},"query-input":{"@type":"PropertyValueSpecification","valueRequired":true,"valueName":"search_term_string"}}],"inLanguage":"fr-FR"},{"@type":"Organization","@id":"https:\/\/www.sotograndeguide.com\/#organization","name":"Guide de Sotogrande","url":"https:\/\/www.sotograndeguide.com\/","logo":{"@type":"ImageObject","inLanguage":"fr-FR","@id":"https:\/\/www.sotograndeguide.com\/#\/schema\/logo\/image\/","url":"https:\/\/www.sotograndeguide.com\/wp-content\/uploads\/2017\/03\/Sotogrande-Logo-GUIDE.png","contentUrl":"https:\/\/www.sotograndeguide.com\/wp-content\/uploads\/2017\/03\/Sotogrande-Logo-GUIDE.png","width":300,"height":300,"caption":"Sotogrande Guide"},"image":{"@id":"https:\/\/www.sotograndeguide.com\/#\/schema\/logo\/image\/"},"sameAs":["https:\/\/www.facebook.com\/sotograndeguide","https:\/\/x.com\/sotograndeguide","https:\/\/www.tiktok.com\/@sotograndeguide","https:\/\/www.youtube.com\/@SotograndeGuide"]}]}},"jetpack_sharing_enabled":true,"_links":{"self":[{"href":"https:\/\/www.sotograndeguide.com\/fr\/wp-json\/wp\/v2\/pages\/35042","targetHints":{"allow":["GET"]}}],"collection":[{"href":"https:\/\/www.sotograndeguide.com\/fr\/wp-json\/wp\/v2\/pages"}],"about":[{"href":"https:\/\/www.sotograndeguide.com\/fr\/wp-json\/wp\/v2\/types\/page"}],"author":[{"embeddable":true,"href":"https:\/\/www.sotograndeguide.com\/fr\/wp-json\/wp\/v2\/users\/1"}],"replies":[{"embeddable":true,"href":"https:\/\/www.sotograndeguide.com\/fr\/wp-json\/wp\/v2\/comments?post=35042"}],"version-history":[{"count":0,"href":"https:\/\/www.sotograndeguide.com\/fr\/wp-json\/wp\/v2\/pages\/35042\/revisions"}],"wp:featuredmedia":[{"embeddable":true,"href":"https:\/\/www.sotograndeguide.com\/fr\/wp-json\/wp\/v2\/media\/35043"}],"wp:attachment":[{"href":"https:\/\/www.sotograndeguide.com\/fr\/wp-json\/wp\/v2\/media?parent=35042"}],"curies":[{"name":"wp","href":"https:\/\/api.w.org\/{rel}","templated":true}]}}