{"id":35013,"date":"2019-03-13T20:44:08","date_gmt":"2019-03-13T20:44:08","guid":{"rendered":"https:\/\/www.sotograndeguide.com\/?page_id=35013"},"modified":"2023-04-17T08:36:28","modified_gmt":"2023-04-17T08:36:28","slug":"foret-dalma","status":"publish","type":"page","link":"https:\/\/www.sotograndeguide.com\/fr\/sotogrande-schools\/alma-forest\/","title":{"rendered":"For\u00eat d'Alma"},"content":{"rendered":"<p>Alma Forest School est une nouvelle \u00e9cole qui a ouvert ses portes dans la r\u00e9gion de Sotogrande en 2019.<\/p>\n<p>Apr\u00e8s un d\u00e9marrage r\u00e9ussi, Alma Forest a annonc\u00e9 qu'elle s'\u00e9tendait \u00e0 l'\u00e9cole primaire et proposait un enseignement pour les enfants de moins de 18 ans. <strong>les enfants jusqu'\u00e0 l'\u00e2ge de 9 ans<\/strong> (4e ann\u00e9e au Royaume-Uni), des classes suppl\u00e9mentaires \u00e9tant ajout\u00e9es les ann\u00e9es suivantes.<\/p>\n<p>La nouvelle \u00e9cole prend le nom de <em>\u00c9cole de la for\u00eat<\/em> qui vise \u00e0 favoriser l'apprentissage de l'enfant dans un espace naturel.<\/p>\n<p>L'\u00e9cole est situ\u00e9e pr\u00e8s de Sotogrande et de San Roque, dans le parc naturel de Pinar Del Rey.<\/p>\n<p><strong>For\u00eat d'Alma<\/strong><br \/>\nAdresse : San Enrique de Guadiaro, San Roque, Cadix<br \/>\nT\u00e9l\u00e9phone : <a href=\"tel:+34646596155\">646596155<\/a><\/p>","protected":false},"excerpt":{"rendered":"<p>Alma Forest School est une nouvelle \u00e9cole qui a ouvert ses portes dans la r\u00e9gion de Sotogrande en 2019. Apr\u00e8s un d\u00e9marrage r\u00e9ussi, Alma Forest a maintenant annonc\u00e9 qu'elle s'\u00e9tendait \u00e0 l'\u00e9cole primaire et offrait un enseignement aux enfants jusqu'\u00e0 l'\u00e2ge de 9 ans (UK Year 4), avec des classes suppl\u00e9mentaires ajout\u00e9es les ann\u00e9es suivantes. La nouvelle \u00e9cole ... <a title=\"For\u00eat d&#039;Alma\" class=\"read-more\" href=\"https:\/\/www.sotograndeguide.com\/fr\/sotogrande-schools\/alma-forest\/\" aria-label=\"En savoir plus sur Alma Forest\">Lire plus<\/a><\/p>","protected":false},"author":1,"featured_media":35014,"parent":66,"menu_order":0,"comment_status":"closed","ping_status":"closed","template":"","meta":{"footnotes":""},"class_list":["post-35013","page","type-page","status-publish","has-post-thumbnail"],"yoast_head":"<!-- This site is optimized with the Yoast SEO Premium plugin v20.5 (Yoast SEO v27.4) - https:\/\/yoast.com\/product\/yoast-seo-premium-wordpress\/ -->\n<title>Alma Forest<\/title>\n<meta name=\"robots\" content=\"index, follow, max-snippet:-1, max-image-preview:large, max-video-preview:-1\" \/>\n<link rel=\"canonical\" href=\"https:\/\/www.sotograndeguide.com\/fr\/ecoles-de-sotogrande\/foret-dalma\/\" \/>\n<meta property=\"og:locale\" content=\"fr_FR\" \/>\n<meta property=\"og:type\" content=\"article\" \/>\n<meta property=\"og:title\" content=\"Alma Forest\" \/>\n<meta property=\"og:description\" content=\"Alma Forest School is a new school that opened in the Sotogrande area in 2019. After a successful start, Alma Forest has now announced that they are expanding into primary school and offering education for children up to the age 9 (UK Year 4) with additional classes being added in subsequent years. The new school ... Lire plus\" \/>\n<meta property=\"og:url\" content=\"https:\/\/www.sotograndeguide.com\/fr\/ecoles-de-sotogrande\/foret-dalma\/\" \/>\n<meta property=\"og:site_name\" content=\"Sotogrande Guide\" \/>\n<meta property=\"article:publisher\" content=\"https:\/\/www.facebook.com\/sotograndeguide\" \/>\n<meta property=\"article:modified_time\" content=\"2023-04-17T08:36:28+00:00\" \/>\n<meta property=\"og:image\" content=\"https:\/\/www.sotograndeguide.com\/wp-content\/uploads\/2019\/03\/Alma-Forest.jpg\" \/>\n\t<meta property=\"og:image:width\" content=\"1793\" \/>\n\t<meta property=\"og:image:height\" content=\"1196\" \/>\n\t<meta property=\"og:image:type\" content=\"image\/jpeg\" \/>\n<meta name=\"twitter:card\" content=\"summary_large_image\" \/>\n<meta name=\"twitter:site\" content=\"@sotograndeguide\" \/>\n<meta name=\"twitter:label1\" content=\"Est. reading time\" \/>\n\t<meta name=\"twitter:data1\" content=\"1 minute\" \/>\n<!-- \/ Yoast SEO Premium plugin. -->","yoast_head_json":{"title":"For\u00eat d'Alma","robots":{"index":"index","follow":"follow","max-snippet":"max-snippet:-1","max-image-preview":"max-image-preview:large","max-video-preview":"max-video-preview:-1"},"canonical":"https:\/\/www.sotograndeguide.com\/fr\/ecoles-de-sotogrande\/foret-dalma\/","og_locale":"fr_FR","og_type":"article","og_title":"Alma Forest","og_description":"Alma Forest School is a new school that opened in the Sotogrande area in 2019. After a successful start, Alma Forest has now announced that they are expanding into primary school and offering education for children up to the age 9 (UK Year 4) with additional classes being added in subsequent years. The new school ... Lire plus","og_url":"https:\/\/www.sotograndeguide.com\/fr\/ecoles-de-sotogrande\/foret-dalma\/","og_site_name":"Sotogrande Guide","article_publisher":"https:\/\/www.facebook.com\/sotograndeguide","article_modified_time":"2023-04-17T08:36:28+00:00","og_image":[{"width":1793,"height":1196,"url":"https:\/\/www.sotograndeguide.com\/wp-content\/uploads\/2019\/03\/Alma-Forest.jpg","type":"image\/jpeg"}],"twitter_card":"summary_large_image","twitter_site":"@sotograndeguide","twitter_misc":{"Est. reading time":"1 minute"},"schema":{"@context":"https:\/\/schema.org","@graph":[{"@type":"WebPage","@id":"https:\/\/www.sotograndeguide.com\/sotogrande-schools\/alma-forest\/","url":"https:\/\/www.sotograndeguide.com\/sotogrande-schools\/alma-forest\/","name":"For\u00eat d'Alma","isPartOf":{"@id":"https:\/\/www.sotograndeguide.com\/#website"},"primaryImageOfPage":{"@id":"https:\/\/www.sotograndeguide.com\/sotogrande-schools\/alma-forest\/#primaryimage"},"image":{"@id":"https:\/\/www.sotograndeguide.com\/sotogrande-schools\/alma-forest\/#primaryimage"},"thumbnailUrl":"https:\/\/www.sotograndeguide.com\/wp-content\/uploads\/2019\/03\/Alma-Forest.jpg","datePublished":"2019-03-13T20:44:08+00:00","dateModified":"2023-04-17T08:36:28+00:00","breadcrumb":{"@id":"https:\/\/www.sotograndeguide.com\/sotogrande-schools\/alma-forest\/#breadcrumb"},"inLanguage":"fr-FR","potentialAction":[{"@type":"ReadAction","target":["https:\/\/www.sotograndeguide.com\/sotogrande-schools\/alma-forest\/"]}]},{"@type":"ImageObject","inLanguage":"fr-FR","@id":"https:\/\/www.sotograndeguide.com\/sotogrande-schools\/alma-forest\/#primaryimage","url":"https:\/\/www.sotograndeguide.com\/wp-content\/uploads\/2019\/03\/Alma-Forest.jpg","contentUrl":"https:\/\/www.sotograndeguide.com\/wp-content\/uploads\/2019\/03\/Alma-Forest.jpg","width":1793,"height":1196,"caption":"Alma Forest"},{"@type":"BreadcrumbList","@id":"https:\/\/www.sotograndeguide.com\/sotogrande-schools\/alma-forest\/#breadcrumb","itemListElement":[{"@type":"ListItem","position":1,"name":"Home","item":"https:\/\/www.sotograndeguide.com\/"},{"@type":"ListItem","position":2,"name":"Sotogrande Schools","item":"https:\/\/www.sotograndeguide.com\/sotogrande-schools\/"},{"@type":"ListItem","position":3,"name":"Alma Forest"}]},{"@type":"WebSite","@id":"https:\/\/www.sotograndeguide.com\/#website","url":"https:\/\/www.sotograndeguide.com\/","name":"Guide de Sotogrande","description":"Nouvelles, conseils, \u00e9v\u00e9nements et critiques","publisher":{"@id":"https:\/\/www.sotograndeguide.com\/#organization"},"potentialAction":[{"@type":"SearchAction","target":{"@type":"EntryPoint","urlTemplate":"https:\/\/www.sotograndeguide.com\/?s={search_term_string}"},"query-input":{"@type":"PropertyValueSpecification","valueRequired":true,"valueName":"search_term_string"}}],"inLanguage":"fr-FR"},{"@type":"Organization","@id":"https:\/\/www.sotograndeguide.com\/#organization","name":"Guide de Sotogrande","url":"https:\/\/www.sotograndeguide.com\/","logo":{"@type":"ImageObject","inLanguage":"fr-FR","@id":"https:\/\/www.sotograndeguide.com\/#\/schema\/logo\/image\/","url":"https:\/\/www.sotograndeguide.com\/wp-content\/uploads\/2017\/03\/Sotogrande-Logo-GUIDE.png","contentUrl":"https:\/\/www.sotograndeguide.com\/wp-content\/uploads\/2017\/03\/Sotogrande-Logo-GUIDE.png","width":300,"height":300,"caption":"Sotogrande Guide"},"image":{"@id":"https:\/\/www.sotograndeguide.com\/#\/schema\/logo\/image\/"},"sameAs":["https:\/\/www.facebook.com\/sotograndeguide","https:\/\/x.com\/sotograndeguide","https:\/\/www.tiktok.com\/@sotograndeguide","https:\/\/www.youtube.com\/@SotograndeGuide"]}]}},"jetpack_sharing_enabled":true,"_links":{"self":[{"href":"https:\/\/www.sotograndeguide.com\/fr\/wp-json\/wp\/v2\/pages\/35013","targetHints":{"allow":["GET"]}}],"collection":[{"href":"https:\/\/www.sotograndeguide.com\/fr\/wp-json\/wp\/v2\/pages"}],"about":[{"href":"https:\/\/www.sotograndeguide.com\/fr\/wp-json\/wp\/v2\/types\/page"}],"author":[{"embeddable":true,"href":"https:\/\/www.sotograndeguide.com\/fr\/wp-json\/wp\/v2\/users\/1"}],"replies":[{"embeddable":true,"href":"https:\/\/www.sotograndeguide.com\/fr\/wp-json\/wp\/v2\/comments?post=35013"}],"version-history":[{"count":0,"href":"https:\/\/www.sotograndeguide.com\/fr\/wp-json\/wp\/v2\/pages\/35013\/revisions"}],"up":[{"embeddable":true,"href":"https:\/\/www.sotograndeguide.com\/fr\/wp-json\/wp\/v2\/pages\/66"}],"wp:featuredmedia":[{"embeddable":true,"href":"https:\/\/www.sotograndeguide.com\/fr\/wp-json\/wp\/v2\/media\/35014"}],"wp:attachment":[{"href":"https:\/\/www.sotograndeguide.com\/fr\/wp-json\/wp\/v2\/media?parent=35013"}],"curies":[{"name":"wp","href":"https:\/\/api.w.org\/{rel}","templated":true}]}}