{"id":34971,"date":"2019-01-28T21:04:18","date_gmt":"2019-01-28T21:04:18","guid":{"rendered":"https:\/\/www.sotograndeguide.com\/?page_id=34971"},"modified":"2019-07-07T20:01:04","modified_gmt":"2019-07-07T20:01:04","slug":"hostal-montilla","status":"publish","type":"page","link":"https:\/\/www.sotograndeguide.com\/fr\/sotogrande-hotels\/hostal-montilla\/","title":{"rendered":"Hostal Montilla"},"content":{"rendered":"<p>Les <a href=\"https:\/\/www.booking.com\/hotel\/es\/hostal-montilla.html?aid=1233189&amp;no_rooms=1&amp;group_adults=1&amp;label=sotograndeguide\" target=\"_blank\" rel=\"noopener noreferrer\">Hostal Montilla<\/a> est situ\u00e9 juste \u00e0 c\u00f4t\u00e9 de l'autoroute A-7, \u00e0 l'entr\u00e9e de Torreguadiaro, \u00e0 distance de marche du port de Sotogrande.<\/p>\n<p>Il s'agit d'un h\u00f4tel de base \u00e0 la d\u00e9coration fonctionnelle. Toutes les chambres sont \u00e9quip\u00e9es de la climatisation, d'une t\u00e9l\u00e9vision et d'une salle de bains privative.<\/p>\n<p>L'Hostal Montilla est \u00e9galement id\u00e9alement situ\u00e9 \u00e0 proximit\u00e9 de l'h\u00f4tel de ville. <a href=\"https:\/\/www.sotograndeguide.com\/fr\/sotogrande-polo\/\">Santa Maria Polo Club<\/a>.<\/p>\n<p>L'h\u00f4tel dispose \u00e9galement d'un bar et d'un restaurant qui sert une cuisine espagnole typique.<\/p>\n<p><a href=\"https:\/\/www.booking.com\/hotel\/es\/hostal-montilla.html?aid=1233189&amp;no_rooms=1&amp;group_adults=1&amp;label=sotograndeguide\" target=\"_blank\" rel=\"noopener noreferrer\">V\u00e9rifier les meilleurs tarifs \u00e0 l'Hostal Montilla<\/a>.<br \/>\n<a href=\"https:\/\/www.sotograndeguide.com\/fr\/hotels-sotogrande\/\">D\u00e9couvrez d'autres h\u00f4tels dans et autour de Sotogrande<\/a>.<br \/>\n<a href=\"https:\/\/www.sotograndeguide.com\/fr\/concierge-de-sotogrande\/\" target=\"_blank\" rel=\"noopener noreferrer\">Vous avez des questions sur cet h\u00f4tel ? Parlez au concierge de Sotogrande<\/a>.<\/p>\n<p><strong>Hostal Montilla<\/strong><br \/>\nAdresse : Ctra. nacional, 340, 11312 Torreguadiaro, C\u00e1diz : Ctra. nacional, 340, 11312 Torreguadiaro, C\u00e1diz<br \/>\nT\u00e9l\u00e9phone : <a href=\"tel:+34956615837\">956615837<\/a><\/p>","protected":false},"excerpt":{"rendered":"<p>L'Hostal Montilla est situ\u00e9 juste \u00e0 c\u00f4t\u00e9 de l'autoroute A-7, \u00e0 l'entr\u00e9e de Torreguadiaro, \u00e0 distance de marche du port de Sotogrande. Il s'agit d'un \u00e9tablissement de base \u00e0 la d\u00e9coration fonctionnelle. Toutes les chambres disposent de la climatisation, d'une t\u00e9l\u00e9vision et d'une salle de bains privative. L'Hostal Montilla est id\u00e9alement situ\u00e9 \u00e0 proximit\u00e9 du club de polo Santa Maria. Il y a \u00e9galement un bar et... <a title=\"Hostal Montilla\" class=\"read-more\" href=\"https:\/\/www.sotograndeguide.com\/fr\/sotogrande-hotels\/hostal-montilla\/\" aria-label=\"En savoir plus sur Hostal Montilla\">Lire plus<\/a><\/p>","protected":false},"author":1,"featured_media":34973,"parent":94,"menu_order":0,"comment_status":"closed","ping_status":"closed","template":"","meta":{"footnotes":""},"class_list":["post-34971","page","type-page","status-publish","has-post-thumbnail"],"yoast_head":"<!-- This site is optimized with the Yoast SEO Premium plugin v20.5 (Yoast SEO v27.3) - https:\/\/yoast.com\/product\/yoast-seo-premium-wordpress\/ -->\n<title>Hostal Montilla - Sotogrande Guide \ud83d\udca5 Cheap Hostel in Sotogrande<\/title>\n<meta name=\"description\" content=\"Hostal Montilla is a cheap hostel located walking distance from Sotogrande Port, just at the exit of the AP-7 motorway direction Torreguadiaro.\" \/>\n<meta name=\"robots\" content=\"index, follow, max-snippet:-1, max-image-preview:large, max-video-preview:-1\" \/>\n<link rel=\"canonical\" href=\"https:\/\/www.sotograndeguide.com\/fr\/hotels-sotogrande\/hostal-montilla\/\" \/>\n<meta property=\"og:locale\" content=\"fr_FR\" \/>\n<meta property=\"og:type\" content=\"article\" \/>\n<meta property=\"og:title\" content=\"Hostal Montilla\" \/>\n<meta property=\"og:description\" content=\"Hostal Montilla is a cheap hostel located walking distance from Sotogrande Port, just at the exit of the AP-7 motorway direction Torreguadiaro.\" \/>\n<meta property=\"og:url\" content=\"https:\/\/www.sotograndeguide.com\/fr\/hotels-sotogrande\/hostal-montilla\/\" \/>\n<meta property=\"og:site_name\" content=\"Sotogrande Guide\" \/>\n<meta property=\"article:publisher\" content=\"https:\/\/www.facebook.com\/sotograndeguide\" \/>\n<meta property=\"article:modified_time\" content=\"2019-07-07T20:01:04+00:00\" \/>\n<meta property=\"og:image\" content=\"https:\/\/www.sotograndeguide.com\/wp-content\/uploads\/2019\/01\/Hostal-Montilla.jpg\" \/>\n\t<meta property=\"og:image:width\" content=\"1024\" \/>\n\t<meta property=\"og:image:height\" content=\"683\" \/>\n\t<meta property=\"og:image:type\" content=\"image\/jpeg\" \/>\n<meta name=\"twitter:card\" content=\"summary_large_image\" \/>\n<meta name=\"twitter:site\" content=\"@sotograndeguide\" \/>\n<!-- \/ Yoast SEO Premium plugin. -->","yoast_head_json":{"title":"Hostal Montilla - Sotogrande Guide \ud83d\udca5 Cheap Hostel in Sotogrande","description":"Hostal Montilla est une auberge bon march\u00e9 situ\u00e9e \u00e0 distance de marche du port de Sotogrande, \u00e0 la sortie de l'autoroute AP-7 en direction de Torreguadiaro.","robots":{"index":"index","follow":"follow","max-snippet":"max-snippet:-1","max-image-preview":"max-image-preview:large","max-video-preview":"max-video-preview:-1"},"canonical":"https:\/\/www.sotograndeguide.com\/fr\/hotels-sotogrande\/hostal-montilla\/","og_locale":"fr_FR","og_type":"article","og_title":"Hostal Montilla","og_description":"Hostal Montilla is a cheap hostel located walking distance from Sotogrande Port, just at the exit of the AP-7 motorway direction Torreguadiaro.","og_url":"https:\/\/www.sotograndeguide.com\/fr\/hotels-sotogrande\/hostal-montilla\/","og_site_name":"Sotogrande Guide","article_publisher":"https:\/\/www.facebook.com\/sotograndeguide","article_modified_time":"2019-07-07T20:01:04+00:00","og_image":[{"width":1024,"height":683,"url":"https:\/\/www.sotograndeguide.com\/wp-content\/uploads\/2019\/01\/Hostal-Montilla.jpg","type":"image\/jpeg"}],"twitter_card":"summary_large_image","twitter_site":"@sotograndeguide","schema":{"@context":"https:\/\/schema.org","@graph":[{"@type":"WebPage","@id":"https:\/\/www.sotograndeguide.com\/sotogrande-hotels\/hostal-montilla\/","url":"https:\/\/www.sotograndeguide.com\/sotogrande-hotels\/hostal-montilla\/","name":"Hostal Montilla - Sotogrande Guide \ud83d\udca5 Cheap Hostel in Sotogrande","isPartOf":{"@id":"https:\/\/www.sotograndeguide.com\/#website"},"primaryImageOfPage":{"@id":"https:\/\/www.sotograndeguide.com\/sotogrande-hotels\/hostal-montilla\/#primaryimage"},"image":{"@id":"https:\/\/www.sotograndeguide.com\/sotogrande-hotels\/hostal-montilla\/#primaryimage"},"thumbnailUrl":"https:\/\/www.sotograndeguide.com\/wp-content\/uploads\/2019\/01\/Hostal-Montilla.jpg","datePublished":"2019-01-28T21:04:18+00:00","dateModified":"2019-07-07T20:01:04+00:00","description":"Hostal Montilla est une auberge bon march\u00e9 situ\u00e9e \u00e0 distance de marche du port de Sotogrande, \u00e0 la sortie de l'autoroute AP-7 en direction de Torreguadiaro.","breadcrumb":{"@id":"https:\/\/www.sotograndeguide.com\/sotogrande-hotels\/hostal-montilla\/#breadcrumb"},"inLanguage":"fr-FR","potentialAction":[{"@type":"ReadAction","target":["https:\/\/www.sotograndeguide.com\/sotogrande-hotels\/hostal-montilla\/"]}]},{"@type":"ImageObject","inLanguage":"fr-FR","@id":"https:\/\/www.sotograndeguide.com\/sotogrande-hotels\/hostal-montilla\/#primaryimage","url":"https:\/\/www.sotograndeguide.com\/wp-content\/uploads\/2019\/01\/Hostal-Montilla.jpg","contentUrl":"https:\/\/www.sotograndeguide.com\/wp-content\/uploads\/2019\/01\/Hostal-Montilla.jpg","width":1024,"height":683,"caption":"Hostal Montilla"},{"@type":"BreadcrumbList","@id":"https:\/\/www.sotograndeguide.com\/sotogrande-hotels\/hostal-montilla\/#breadcrumb","itemListElement":[{"@type":"ListItem","position":1,"name":"Home","item":"https:\/\/www.sotograndeguide.com\/"},{"@type":"ListItem","position":2,"name":"Sotogrande Hotels","item":"https:\/\/www.sotograndeguide.com\/sotogrande-hotels\/"},{"@type":"ListItem","position":3,"name":"Hostal Montilla"}]},{"@type":"WebSite","@id":"https:\/\/www.sotograndeguide.com\/#website","url":"https:\/\/www.sotograndeguide.com\/","name":"Guide de Sotogrande","description":"Nouvelles, conseils, \u00e9v\u00e9nements et critiques","publisher":{"@id":"https:\/\/www.sotograndeguide.com\/#organization"},"potentialAction":[{"@type":"SearchAction","target":{"@type":"EntryPoint","urlTemplate":"https:\/\/www.sotograndeguide.com\/?s={search_term_string}"},"query-input":{"@type":"PropertyValueSpecification","valueRequired":true,"valueName":"search_term_string"}}],"inLanguage":"fr-FR"},{"@type":"Organization","@id":"https:\/\/www.sotograndeguide.com\/#organization","name":"Guide de Sotogrande","url":"https:\/\/www.sotograndeguide.com\/","logo":{"@type":"ImageObject","inLanguage":"fr-FR","@id":"https:\/\/www.sotograndeguide.com\/#\/schema\/logo\/image\/","url":"https:\/\/www.sotograndeguide.com\/wp-content\/uploads\/2017\/03\/Sotogrande-Logo-GUIDE.png","contentUrl":"https:\/\/www.sotograndeguide.com\/wp-content\/uploads\/2017\/03\/Sotogrande-Logo-GUIDE.png","width":300,"height":300,"caption":"Sotogrande Guide"},"image":{"@id":"https:\/\/www.sotograndeguide.com\/#\/schema\/logo\/image\/"},"sameAs":["https:\/\/www.facebook.com\/sotograndeguide","https:\/\/x.com\/sotograndeguide","https:\/\/www.tiktok.com\/@sotograndeguide","https:\/\/www.youtube.com\/@SotograndeGuide"]}]}},"jetpack_sharing_enabled":true,"_links":{"self":[{"href":"https:\/\/www.sotograndeguide.com\/fr\/wp-json\/wp\/v2\/pages\/34971","targetHints":{"allow":["GET"]}}],"collection":[{"href":"https:\/\/www.sotograndeguide.com\/fr\/wp-json\/wp\/v2\/pages"}],"about":[{"href":"https:\/\/www.sotograndeguide.com\/fr\/wp-json\/wp\/v2\/types\/page"}],"author":[{"embeddable":true,"href":"https:\/\/www.sotograndeguide.com\/fr\/wp-json\/wp\/v2\/users\/1"}],"replies":[{"embeddable":true,"href":"https:\/\/www.sotograndeguide.com\/fr\/wp-json\/wp\/v2\/comments?post=34971"}],"version-history":[{"count":0,"href":"https:\/\/www.sotograndeguide.com\/fr\/wp-json\/wp\/v2\/pages\/34971\/revisions"}],"up":[{"embeddable":true,"href":"https:\/\/www.sotograndeguide.com\/fr\/wp-json\/wp\/v2\/pages\/94"}],"wp:featuredmedia":[{"embeddable":true,"href":"https:\/\/www.sotograndeguide.com\/fr\/wp-json\/wp\/v2\/media\/34973"}],"wp:attachment":[{"href":"https:\/\/www.sotograndeguide.com\/fr\/wp-json\/wp\/v2\/media?parent=34971"}],"curies":[{"name":"wp","href":"https:\/\/api.w.org\/{rel}","templated":true}]}}