{"id":34968,"date":"2019-01-28T20:59:20","date_gmt":"2019-01-28T20:59:20","guid":{"rendered":"https:\/\/www.sotograndeguide.com\/?page_id=34968"},"modified":"2019-07-07T20:04:29","modified_gmt":"2019-07-07T20:04:29","slug":"hostal-drago","status":"publish","type":"page","link":"https:\/\/www.sotograndeguide.com\/fr\/sotogrande-hotels\/hostal-drago\/","title":{"rendered":"Hostal Drago"},"content":{"rendered":"<p>Les <a href=\"https:\/\/www.booking.com\/hotel\/es\/hostal-drago.html?aid=1233189&amp;no_rooms=1&amp;group_adults=1&amp;label=sotograndeguide\" target=\"_blank\" rel=\"noopener noreferrer\">Hostal Drago<\/a> est situ\u00e9 dans le village de Pueblo Nuevo de Guadiaro, entre Sotogrande Costa et Sotogrande Alto.<\/p>\n<p>Il s'agit d'une auberge simple qui offre tous les \u00e9quipements de base, notamment le Wi-Fi gratuit et des t\u00e9l\u00e9visions \u00e0 \u00e9cran plat.<\/p>\n<p>Il est id\u00e9alement situ\u00e9 \u00e0 quelques pas d'innombrables bars et restaurants et dispose \u00e9galement de son propre bar-restaurant, qui sert une cuisine m\u00e9diterran\u00e9enne traditionnelle.<\/p>\n<p>Vous visitez Sotogrande avec un budget limit\u00e9 ? L'Hostal Drago est le choix id\u00e9al. Cette auberge est \u00e9galement proche des populaires <a href=\"https:\/\/www.sotograndeguide.com\/fr\/golf-de-sotogrande\/la-canada-golf\/\">La Ca\u00f1ada Golf Club<\/a>.<\/p>\n<p><a href=\"https:\/\/www.booking.com\/hotel\/es\/hostal-drago.html?aid=1233189&amp;no_rooms=1&amp;group_adults=1&amp;label=sotograndeguide\" target=\"_blank\" rel=\"noopener noreferrer\">V\u00e9rifier les meilleurs tarifs \u00e0 l'Hostal Drago<\/a>.<br \/>\n<a href=\"https:\/\/www.sotograndeguide.com\/fr\/hotels-sotogrande\/\">D\u00e9couvrez d'autres h\u00f4tels dans et autour de Sotogrande<\/a>.<br \/>\n<a href=\"https:\/\/www.sotograndeguide.com\/fr\/concierge-de-sotogrande\/\" target=\"_blank\" rel=\"noopener noreferrer\">Vous avez des questions sur cet h\u00f4tel ? Parlez au concierge de Sotogrande<\/a>.<\/p>\n<p><strong>Hostal Drago<\/strong><br \/>\nAdresse : Plaza It\u00e1lica, 4, 11311 Pueblo Nuevo de Guadiaro, Cadix<br \/>\nT\u00e9l\u00e9phone : <a href=\"tel:+34956794320\">956794320<\/a><\/p>","protected":false},"excerpt":{"rendered":"<p>L'Hostal Drago est situ\u00e9 dans le village de Pueblo Nuevo de Guadiaro, entre Sotogrande Costa et Sotogrande Alto. Il s'agit d'une auberge simple qui offre tous les \u00e9quipements de base, notamment le Wi-Fi gratuit et des t\u00e9l\u00e9visions \u00e0 \u00e9cran plat. Elle est id\u00e9alement situ\u00e9e \u00e0 quelques minutes de marche d'innombrables bars et restaurants et dispose \u00e9galement de son propre bar-restaurant dans ... <a title=\"Hostal Drago\" class=\"read-more\" href=\"https:\/\/www.sotograndeguide.com\/fr\/sotogrande-hotels\/hostal-drago\/\" aria-label=\"En savoir plus sur Hostal Drago\">Lire plus<\/a><\/p>","protected":false},"author":1,"featured_media":34969,"parent":94,"menu_order":0,"comment_status":"closed","ping_status":"closed","template":"","meta":{"footnotes":""},"class_list":["post-34968","page","type-page","status-publish","has-post-thumbnail"],"yoast_head":"<!-- This site is optimized with the Yoast SEO Premium plugin v20.5 (Yoast SEO v27.5) - https:\/\/yoast.com\/product\/yoast-seo-premium-wordpress\/ -->\n<title>Hostal Drago - Sotogrande Guide \u2705 Bargain Priced Hotel in Sotogrande<\/title>\n<meta name=\"description\" content=\"Hostal Drago in Sotogrande is conveniently located in the town of Pueblo Nuevo de Guadiaro, walking distance to bars, cafes, shops and restaurants.\" \/>\n<meta name=\"robots\" content=\"index, follow, max-snippet:-1, max-image-preview:large, max-video-preview:-1\" \/>\n<link rel=\"canonical\" href=\"https:\/\/www.sotograndeguide.com\/fr\/hotels-sotogrande\/hostal-drago\/\" \/>\n<meta property=\"og:locale\" content=\"fr_FR\" \/>\n<meta property=\"og:type\" content=\"article\" \/>\n<meta property=\"og:title\" content=\"Hostal Drago\" \/>\n<meta property=\"og:description\" content=\"Hostal Drago in Sotogrande is conveniently located in the town of Pueblo Nuevo de Guadiaro, walking distance to bars, cafes, shops and restaurants.\" \/>\n<meta property=\"og:url\" content=\"https:\/\/www.sotograndeguide.com\/fr\/hotels-sotogrande\/hostal-drago\/\" \/>\n<meta property=\"og:site_name\" content=\"Sotogrande Guide\" \/>\n<meta property=\"article:publisher\" content=\"https:\/\/www.facebook.com\/sotograndeguide\" \/>\n<meta property=\"article:modified_time\" content=\"2019-07-07T20:04:29+00:00\" \/>\n<meta property=\"og:image\" content=\"https:\/\/www.sotograndeguide.com\/wp-content\/uploads\/2019\/01\/Hostal-Drago.jpg\" \/>\n\t<meta property=\"og:image:width\" content=\"2048\" \/>\n\t<meta property=\"og:image:height\" content=\"1362\" \/>\n\t<meta property=\"og:image:type\" content=\"image\/jpeg\" \/>\n<meta name=\"twitter:card\" content=\"summary_large_image\" \/>\n<meta name=\"twitter:site\" content=\"@sotograndeguide\" \/>\n<meta name=\"twitter:label1\" content=\"Est. reading time\" \/>\n\t<meta name=\"twitter:data1\" content=\"1 minute\" \/>\n<!-- \/ Yoast SEO Premium plugin. -->","yoast_head_json":{"title":"Hostal Drago - Sotogrande Guide \u2705 H\u00f4tel \u00e0 bas prix \u00e0 Sotogrande","description":"L'Hostal Drago \u00e0 Sotogrande est id\u00e9alement situ\u00e9 dans la ville de Pueblo Nuevo de Guadiaro, \u00e0 distance de marche des bars, caf\u00e9s, boutiques et restaurants.","robots":{"index":"index","follow":"follow","max-snippet":"max-snippet:-1","max-image-preview":"max-image-preview:large","max-video-preview":"max-video-preview:-1"},"canonical":"https:\/\/www.sotograndeguide.com\/fr\/hotels-sotogrande\/hostal-drago\/","og_locale":"fr_FR","og_type":"article","og_title":"Hostal Drago","og_description":"Hostal Drago in Sotogrande is conveniently located in the town of Pueblo Nuevo de Guadiaro, walking distance to bars, cafes, shops and restaurants.","og_url":"https:\/\/www.sotograndeguide.com\/fr\/hotels-sotogrande\/hostal-drago\/","og_site_name":"Sotogrande Guide","article_publisher":"https:\/\/www.facebook.com\/sotograndeguide","article_modified_time":"2019-07-07T20:04:29+00:00","og_image":[{"width":2048,"height":1362,"url":"https:\/\/www.sotograndeguide.com\/wp-content\/uploads\/2019\/01\/Hostal-Drago.jpg","type":"image\/jpeg"}],"twitter_card":"summary_large_image","twitter_site":"@sotograndeguide","twitter_misc":{"Est. reading time":"1 minute"},"schema":{"@context":"https:\/\/schema.org","@graph":[{"@type":"WebPage","@id":"https:\/\/www.sotograndeguide.com\/sotogrande-hotels\/hostal-drago\/","url":"https:\/\/www.sotograndeguide.com\/sotogrande-hotels\/hostal-drago\/","name":"Hostal Drago - Sotogrande Guide \u2705 H\u00f4tel \u00e0 bas prix \u00e0 Sotogrande","isPartOf":{"@id":"https:\/\/www.sotograndeguide.com\/#website"},"primaryImageOfPage":{"@id":"https:\/\/www.sotograndeguide.com\/sotogrande-hotels\/hostal-drago\/#primaryimage"},"image":{"@id":"https:\/\/www.sotograndeguide.com\/sotogrande-hotels\/hostal-drago\/#primaryimage"},"thumbnailUrl":"https:\/\/www.sotograndeguide.com\/wp-content\/uploads\/2019\/01\/Hostal-Drago.jpg","datePublished":"2019-01-28T20:59:20+00:00","dateModified":"2019-07-07T20:04:29+00:00","description":"L'Hostal Drago \u00e0 Sotogrande est id\u00e9alement situ\u00e9 dans la ville de Pueblo Nuevo de Guadiaro, \u00e0 distance de marche des bars, caf\u00e9s, boutiques et restaurants.","breadcrumb":{"@id":"https:\/\/www.sotograndeguide.com\/sotogrande-hotels\/hostal-drago\/#breadcrumb"},"inLanguage":"fr-FR","potentialAction":[{"@type":"ReadAction","target":["https:\/\/www.sotograndeguide.com\/sotogrande-hotels\/hostal-drago\/"]}]},{"@type":"ImageObject","inLanguage":"fr-FR","@id":"https:\/\/www.sotograndeguide.com\/sotogrande-hotels\/hostal-drago\/#primaryimage","url":"https:\/\/www.sotograndeguide.com\/wp-content\/uploads\/2019\/01\/Hostal-Drago.jpg","contentUrl":"https:\/\/www.sotograndeguide.com\/wp-content\/uploads\/2019\/01\/Hostal-Drago.jpg","width":2048,"height":1362,"caption":"Hostal Drago"},{"@type":"BreadcrumbList","@id":"https:\/\/www.sotograndeguide.com\/sotogrande-hotels\/hostal-drago\/#breadcrumb","itemListElement":[{"@type":"ListItem","position":1,"name":"Home","item":"https:\/\/www.sotograndeguide.com\/"},{"@type":"ListItem","position":2,"name":"Sotogrande Hotels","item":"https:\/\/www.sotograndeguide.com\/sotogrande-hotels\/"},{"@type":"ListItem","position":3,"name":"Hostal Drago"}]},{"@type":"WebSite","@id":"https:\/\/www.sotograndeguide.com\/#website","url":"https:\/\/www.sotograndeguide.com\/","name":"Guide de Sotogrande","description":"Nouvelles, conseils, \u00e9v\u00e9nements et critiques","publisher":{"@id":"https:\/\/www.sotograndeguide.com\/#organization"},"potentialAction":[{"@type":"SearchAction","target":{"@type":"EntryPoint","urlTemplate":"https:\/\/www.sotograndeguide.com\/?s={search_term_string}"},"query-input":{"@type":"PropertyValueSpecification","valueRequired":true,"valueName":"search_term_string"}}],"inLanguage":"fr-FR"},{"@type":"Organization","@id":"https:\/\/www.sotograndeguide.com\/#organization","name":"Guide de Sotogrande","url":"https:\/\/www.sotograndeguide.com\/","logo":{"@type":"ImageObject","inLanguage":"fr-FR","@id":"https:\/\/www.sotograndeguide.com\/#\/schema\/logo\/image\/","url":"https:\/\/www.sotograndeguide.com\/wp-content\/uploads\/2017\/03\/Sotogrande-Logo-GUIDE.png","contentUrl":"https:\/\/www.sotograndeguide.com\/wp-content\/uploads\/2017\/03\/Sotogrande-Logo-GUIDE.png","width":300,"height":300,"caption":"Sotogrande Guide"},"image":{"@id":"https:\/\/www.sotograndeguide.com\/#\/schema\/logo\/image\/"},"sameAs":["https:\/\/www.facebook.com\/sotograndeguide","https:\/\/x.com\/sotograndeguide","https:\/\/www.tiktok.com\/@sotograndeguide","https:\/\/www.youtube.com\/@SotograndeGuide"]}]}},"jetpack_sharing_enabled":true,"_links":{"self":[{"href":"https:\/\/www.sotograndeguide.com\/fr\/wp-json\/wp\/v2\/pages\/34968","targetHints":{"allow":["GET"]}}],"collection":[{"href":"https:\/\/www.sotograndeguide.com\/fr\/wp-json\/wp\/v2\/pages"}],"about":[{"href":"https:\/\/www.sotograndeguide.com\/fr\/wp-json\/wp\/v2\/types\/page"}],"author":[{"embeddable":true,"href":"https:\/\/www.sotograndeguide.com\/fr\/wp-json\/wp\/v2\/users\/1"}],"replies":[{"embeddable":true,"href":"https:\/\/www.sotograndeguide.com\/fr\/wp-json\/wp\/v2\/comments?post=34968"}],"version-history":[{"count":0,"href":"https:\/\/www.sotograndeguide.com\/fr\/wp-json\/wp\/v2\/pages\/34968\/revisions"}],"up":[{"embeddable":true,"href":"https:\/\/www.sotograndeguide.com\/fr\/wp-json\/wp\/v2\/pages\/94"}],"wp:featuredmedia":[{"embeddable":true,"href":"https:\/\/www.sotograndeguide.com\/fr\/wp-json\/wp\/v2\/media\/34969"}],"wp:attachment":[{"href":"https:\/\/www.sotograndeguide.com\/fr\/wp-json\/wp\/v2\/media?parent=34968"}],"curies":[{"name":"wp","href":"https:\/\/api.w.org\/{rel}","templated":true}]}}