{"id":34942,"date":"2019-01-27T15:35:52","date_gmt":"2019-01-27T15:35:52","guid":{"rendered":"https:\/\/www.sotograndeguide.com\/?page_id=34942"},"modified":"2019-07-12T21:01:11","modified_gmt":"2019-07-12T21:01:11","slug":"la-plage-le-club-la-reserva","status":"publish","type":"page","link":"https:\/\/www.sotograndeguide.com\/fr\/sotogrande-beaches\/the-beach-la-reserva-club\/","title":{"rendered":"La plage, La Reserva Club"},"content":{"rendered":"<p>La plage de La Reserva Club Sotogrande est la premi\u00e8re plage priv\u00e9e d'Espagne.<\/p>\n<p>Ouvert en juillet 2018, ce paradis artificiel est situ\u00e9 dans les collines de La Reserva \u00e0 Sotogrande.<\/p>\n<p>La plage s'\u00e9tend sur 2 800 m\u00e8tres carr\u00e9s de sable avec pr\u00e8s de 200 chaises longues pour profiter de la journ\u00e9e avec un service complet de serveurs.<\/p>\n<p>Il y a \u00e9galement une piscine r\u00e9serv\u00e9e aux adultes et une partie de la plage r\u00e9serv\u00e9e aux jeunes.<\/p>\n<p>Pour couronner le tout, vous pouvez \u00e9galement pratiquer des sports nautiques sur le lagon de 17 000 m\u00e8tres carr\u00e9s. Des kayaks et des planches \u00e0 pagaie ainsi que des v\u00e9los aquatiques Mirage Eclipse et des planches de SUP, c'est ici que l'on s'amuse.<\/p>\n<p><iframe title=\"La plage La Reserva Club\" width=\"1200\" height=\"675\" src=\"https:\/\/www.youtube.com\/embed\/YrFMh1ifcgw?feature=oembed\" frameborder=\"0\" allow=\"accelerometer; autoplay; clipboard-write; encrypted-media; gyroscope; picture-in-picture\" allowfullscreen><\/iframe><\/p>\n<h2>La plage, La Reserva Club Galerie de photos<\/h2>\n<div id='gallery-1' class='gallery galleryid-34942 gallery-columns-3 gallery-size-large'><figure class='gallery-item'>\n\t\t\t<div class='gallery-icon landscape'>\n\t\t\t\t<a href='https:\/\/www.sotograndeguide.com\/wp-content\/uploads\/2018\/08\/The-Beach-La-Reserva-Club-Sotogrande-1.jpg'><img decoding=\"async\" width=\"1024\" height=\"683\" src=\"https:\/\/www.sotograndeguide.com\/wp-content\/uploads\/2018\/08\/The-Beach-La-Reserva-Club-Sotogrande-1-1024x683.jpg\" class=\"attachment-large size-large\" alt=\"La plage, La Reserva Club, Sotogrande\" srcset=\"https:\/\/www.sotograndeguide.com\/wp-content\/uploads\/2018\/08\/The-Beach-La-Reserva-Club-Sotogrande-1-1024x683.jpg 1024w, https:\/\/www.sotograndeguide.com\/wp-content\/uploads\/2018\/08\/The-Beach-La-Reserva-Club-Sotogrande-1-300x200.jpg 300w, https:\/\/www.sotograndeguide.com\/wp-content\/uploads\/2018\/08\/The-Beach-La-Reserva-Club-Sotogrande-1-768x512.jpg 768w, https:\/\/www.sotograndeguide.com\/wp-content\/uploads\/2018\/08\/The-Beach-La-Reserva-Club-Sotogrande-1.jpg 1680w\" sizes=\"(max-width: 1024px) 100vw, 1024px\" \/><\/a>\n\t\t\t<\/div><\/figure><figure class='gallery-item'>\n\t\t\t<div class='gallery-icon landscape'>\n\t\t\t\t<a href='https:\/\/www.sotograndeguide.com\/wp-content\/uploads\/2018\/08\/The-Beach-La-Reserva-Club-Sotogrande-4.jpg'><img decoding=\"async\" width=\"1024\" height=\"696\" src=\"https:\/\/www.sotograndeguide.com\/wp-content\/uploads\/2018\/08\/The-Beach-La-Reserva-Club-Sotogrande-4-1024x696.jpg\" class=\"attachment-large size-large\" alt=\"La plage, La Reserva Club, Sotogrande\" srcset=\"https:\/\/www.sotograndeguide.com\/wp-content\/uploads\/2018\/08\/The-Beach-La-Reserva-Club-Sotogrande-4-1024x696.jpg 1024w, https:\/\/www.sotograndeguide.com\/wp-content\/uploads\/2018\/08\/The-Beach-La-Reserva-Club-Sotogrande-4-300x204.jpg 300w, https:\/\/www.sotograndeguide.com\/wp-content\/uploads\/2018\/08\/The-Beach-La-Reserva-Club-Sotogrande-4-768x522.jpg 768w, https:\/\/www.sotograndeguide.com\/wp-content\/uploads\/2018\/08\/The-Beach-La-Reserva-Club-Sotogrande-4.jpg 1422w\" sizes=\"(max-width: 1024px) 100vw, 1024px\" \/><\/a>\n\t\t\t<\/div><\/figure><figure class='gallery-item'>\n\t\t\t<div class='gallery-icon landscape'>\n\t\t\t\t<a href='https:\/\/www.sotograndeguide.com\/wp-content\/uploads\/2018\/08\/The-Beach-La-Reserva-Club-Sotogrande-2.jpg'><img decoding=\"async\" width=\"1024\" height=\"683\" src=\"https:\/\/www.sotograndeguide.com\/wp-content\/uploads\/2018\/08\/The-Beach-La-Reserva-Club-Sotogrande-2-1024x683.jpg\" class=\"attachment-large size-large\" alt=\"La plage, La Reserva Club, Sotogrande\" srcset=\"https:\/\/www.sotograndeguide.com\/wp-content\/uploads\/2018\/08\/The-Beach-La-Reserva-Club-Sotogrande-2-1024x683.jpg 1024w, https:\/\/www.sotograndeguide.com\/wp-content\/uploads\/2018\/08\/The-Beach-La-Reserva-Club-Sotogrande-2-300x200.jpg 300w, https:\/\/www.sotograndeguide.com\/wp-content\/uploads\/2018\/08\/The-Beach-La-Reserva-Club-Sotogrande-2-768x512.jpg 768w, https:\/\/www.sotograndeguide.com\/wp-content\/uploads\/2018\/08\/The-Beach-La-Reserva-Club-Sotogrande-2.jpg 1800w\" sizes=\"(max-width: 1024px) 100vw, 1024px\" \/><\/a>\n\t\t\t<\/div><\/figure>\n\t\t<\/div>\n\n<h2>Heures d'ouverture du Beach La Reserva Club <\/h2>\n<p><strong>Juillet et ao\u00fbt : 11:00 - 20:00<\/strong><\/p>\n<p>En juillet et ao\u00fbt, la plage est ouverte 7 jours par semaine.<\/p>\n<p>Plage : 11:00-19:00<br \/>\nPiscine pour adultes : 11h00-19h00<br \/>\nSport Lagoon : 11:00-19:30<br \/>\nRestaurant : 12:30-17:30<br \/>\nSpa : 12:00-20:00<br \/>\nMagasin : 11:00-20:00<\/p>\n<p><strong>01 septembre - 14 septembre : 11:00-20:00<\/strong><\/p>\n<p>En septembre, la plage est ouverte 7 jours sur 7.<\/p>\n<p>Plage : 11:00-19:00<br \/>\nSport Lagoon : 11:00-19:30<br \/>\nPiscine pour adultes : 11h00-19h00<br \/>\nRestaurant : 12:00-16:00<br \/>\nSpa : 12:00-18:00<br \/>\nMagasin : 11:00-20:00<br \/>\nRetraite : Ferm\u00e9<\/p>\n<p><strong>15 septembre - 3o septembre : 11:00-20:00<\/strong><\/p>\n<p>En septembre, la plage est ouverte 7 jours sur 7.<\/p>\n<p>Plage : 11:00-19:00<br \/>\nSport Lagoon : 11:00-19:00<br \/>\nRestaurant : 12:00-16:00<br \/>\nMagasin : 11:00-20:00<br \/>\nSpa : 12:00-18:00<br \/>\nPiscine pour adultes : Ferm\u00e9e<br \/>\nRetraite : Ferm\u00e9<\/p>\n<p><strong>01 octobre - 31 octobre : 12:00-18:00<\/strong><\/p>\n<p>En octobre, la plage est ouverte du mercredi au dimanche.<\/p>\n<p>Plage familiale : 12:00-18:00<br \/>\nSport Lagoon : 12:00-18:00<br \/>\nRestaurant : 12:00-17:00<br \/>\nMagasin : 12:00-18:00<br \/>\nSpa : 12:00-18:00<br \/>\nPiscine pour adultes : Ferm\u00e9e<br \/>\nPlage pour enfants : Ferm\u00e9e<br \/>\nRetraite : Ferm\u00e9<\/p>\n<p>Les prix des transats sur la plage sont de 40 \u20ac par personne et de 60 \u20ac pour ceux de la piscine r\u00e9serv\u00e9e aux adultes.<\/p>\n<p><strong>La plage<\/strong><br \/>\nAdresse : Av\/ La Reserva, s\/n, 11310, Sotogrande : Av\/ La Reserva, s\/n, 11310, Sotogrande<br \/>\nT\u00e9l\u00e9phone : <a href=\"tel:+34956785252\">956785252<\/a><\/p>","protected":false},"excerpt":{"rendered":"<p>La plage de La Reserva Club Sotogrande est la premi\u00e8re plage priv\u00e9e d'Espagne. Ouvert en juillet 2018, ce paradis artificiel est situ\u00e9 dans les collines de La Reserva \u00e0 Sotogrande. The Beach dispose de 2 800 m\u00e8tres carr\u00e9s de plage de sable avec pr\u00e8s de 200 chaises longues pour profiter de la journ\u00e9e avec un service de serveur complet. Il y a ... <a title=\"La plage, La Reserva Club\" class=\"read-more\" href=\"https:\/\/www.sotograndeguide.com\/fr\/sotogrande-beaches\/the-beach-la-reserva-club\/\" aria-label=\"En savoir plus sur The Beach, La Reserva Club\">Lire plus<\/a><\/p>","protected":false},"author":1,"featured_media":34623,"parent":85,"menu_order":0,"comment_status":"closed","ping_status":"closed","template":"","meta":{"footnotes":""},"class_list":["post-34942","page","type-page","status-publish","has-post-thumbnail"],"yoast_head":"<!-- This site is optimized with the Yoast SEO Premium plugin v20.5 (Yoast SEO v27.5) - https:\/\/yoast.com\/product\/yoast-seo-premium-wordpress\/ -->\n<title>The Beach, La Reserva Club<\/title>\n<meta name=\"robots\" content=\"index, follow, max-snippet:-1, max-image-preview:large, max-video-preview:-1\" \/>\n<link rel=\"canonical\" href=\"https:\/\/www.sotograndeguide.com\/fr\/plages-de-sotogrande\/la-plage-le-club-la-reserva\/\" \/>\n<meta property=\"og:locale\" content=\"fr_FR\" \/>\n<meta property=\"og:type\" content=\"article\" \/>\n<meta property=\"og:title\" content=\"The Beach, La Reserva Club\" \/>\n<meta property=\"og:description\" content=\"The Beach at La Reserva Club Sotogrande is the first private beach in Spain. Opened in July of 2018, this artificial paradise is located in the hills of La Reserva in Sotogrande. The Beach boasts 2,800 square metres of sandy beach with nearly 200 sun beds to enjoy the day with full waiter service. There ... Lire plus\" \/>\n<meta property=\"og:url\" content=\"https:\/\/www.sotograndeguide.com\/fr\/plages-de-sotogrande\/la-plage-le-club-la-reserva\/\" \/>\n<meta property=\"og:site_name\" content=\"Sotogrande Guide\" \/>\n<meta property=\"article:publisher\" content=\"https:\/\/www.facebook.com\/sotograndeguide\" \/>\n<meta property=\"article:modified_time\" content=\"2019-07-12T21:01:11+00:00\" \/>\n<meta property=\"og:image\" content=\"https:\/\/www.sotograndeguide.com\/wp-content\/uploads\/2018\/08\/The-Beach-La-Reserva-Club-Sotogrande-3.jpg\" \/>\n\t<meta property=\"og:image:width\" content=\"1170\" \/>\n\t<meta property=\"og:image:height\" content=\"643\" \/>\n\t<meta property=\"og:image:type\" content=\"image\/jpeg\" \/>\n<meta name=\"twitter:card\" content=\"summary_large_image\" \/>\n<meta name=\"twitter:site\" content=\"@sotograndeguide\" \/>\n<meta name=\"twitter:label1\" content=\"Est. reading time\" \/>\n\t<meta name=\"twitter:data1\" content=\"1 minute\" \/>\n<!-- \/ Yoast SEO Premium plugin. -->","yoast_head_json":{"title":"La plage, La Reserva Club","robots":{"index":"index","follow":"follow","max-snippet":"max-snippet:-1","max-image-preview":"max-image-preview:large","max-video-preview":"max-video-preview:-1"},"canonical":"https:\/\/www.sotograndeguide.com\/fr\/plages-de-sotogrande\/la-plage-le-club-la-reserva\/","og_locale":"fr_FR","og_type":"article","og_title":"The Beach, La Reserva Club","og_description":"The Beach at La Reserva Club Sotogrande is the first private beach in Spain. Opened in July of 2018, this artificial paradise is located in the hills of La Reserva in Sotogrande. The Beach boasts 2,800 square metres of sandy beach with nearly 200 sun beds to enjoy the day with full waiter service. There ... Lire plus","og_url":"https:\/\/www.sotograndeguide.com\/fr\/plages-de-sotogrande\/la-plage-le-club-la-reserva\/","og_site_name":"Sotogrande Guide","article_publisher":"https:\/\/www.facebook.com\/sotograndeguide","article_modified_time":"2019-07-12T21:01:11+00:00","og_image":[{"width":1170,"height":643,"url":"https:\/\/www.sotograndeguide.com\/wp-content\/uploads\/2018\/08\/The-Beach-La-Reserva-Club-Sotogrande-3.jpg","type":"image\/jpeg"}],"twitter_card":"summary_large_image","twitter_site":"@sotograndeguide","twitter_misc":{"Est. reading time":"1 minute"},"schema":{"@context":"https:\/\/schema.org","@graph":[{"@type":"WebPage","@id":"https:\/\/www.sotograndeguide.com\/sotogrande-beaches\/the-beach-la-reserva-club\/","url":"https:\/\/www.sotograndeguide.com\/sotogrande-beaches\/the-beach-la-reserva-club\/","name":"La plage, La Reserva Club","isPartOf":{"@id":"https:\/\/www.sotograndeguide.com\/#website"},"primaryImageOfPage":{"@id":"https:\/\/www.sotograndeguide.com\/sotogrande-beaches\/the-beach-la-reserva-club\/#primaryimage"},"image":{"@id":"https:\/\/www.sotograndeguide.com\/sotogrande-beaches\/the-beach-la-reserva-club\/#primaryimage"},"thumbnailUrl":"https:\/\/www.sotograndeguide.com\/wp-content\/uploads\/2018\/08\/The-Beach-La-Reserva-Club-Sotogrande-3.jpg","datePublished":"2019-01-27T15:35:52+00:00","dateModified":"2019-07-12T21:01:11+00:00","breadcrumb":{"@id":"https:\/\/www.sotograndeguide.com\/sotogrande-beaches\/the-beach-la-reserva-club\/#breadcrumb"},"inLanguage":"fr-FR","potentialAction":[{"@type":"ReadAction","target":["https:\/\/www.sotograndeguide.com\/sotogrande-beaches\/the-beach-la-reserva-club\/"]}]},{"@type":"ImageObject","inLanguage":"fr-FR","@id":"https:\/\/www.sotograndeguide.com\/sotogrande-beaches\/the-beach-la-reserva-club\/#primaryimage","url":"https:\/\/www.sotograndeguide.com\/wp-content\/uploads\/2018\/08\/The-Beach-La-Reserva-Club-Sotogrande-3.jpg","contentUrl":"https:\/\/www.sotograndeguide.com\/wp-content\/uploads\/2018\/08\/The-Beach-La-Reserva-Club-Sotogrande-3.jpg","width":1170,"height":643,"caption":"The Beach, La Reserva Club, Sotogrande"},{"@type":"BreadcrumbList","@id":"https:\/\/www.sotograndeguide.com\/sotogrande-beaches\/the-beach-la-reserva-club\/#breadcrumb","itemListElement":[{"@type":"ListItem","position":1,"name":"Home","item":"https:\/\/www.sotograndeguide.com\/"},{"@type":"ListItem","position":2,"name":"Sotogrande Beaches","item":"https:\/\/www.sotograndeguide.com\/sotogrande-beaches\/"},{"@type":"ListItem","position":3,"name":"The Beach, La Reserva Club"}]},{"@type":"WebSite","@id":"https:\/\/www.sotograndeguide.com\/#website","url":"https:\/\/www.sotograndeguide.com\/","name":"Guide de Sotogrande","description":"Nouvelles, conseils, \u00e9v\u00e9nements et critiques","publisher":{"@id":"https:\/\/www.sotograndeguide.com\/#organization"},"potentialAction":[{"@type":"SearchAction","target":{"@type":"EntryPoint","urlTemplate":"https:\/\/www.sotograndeguide.com\/?s={search_term_string}"},"query-input":{"@type":"PropertyValueSpecification","valueRequired":true,"valueName":"search_term_string"}}],"inLanguage":"fr-FR"},{"@type":"Organization","@id":"https:\/\/www.sotograndeguide.com\/#organization","name":"Guide de Sotogrande","url":"https:\/\/www.sotograndeguide.com\/","logo":{"@type":"ImageObject","inLanguage":"fr-FR","@id":"https:\/\/www.sotograndeguide.com\/#\/schema\/logo\/image\/","url":"https:\/\/www.sotograndeguide.com\/wp-content\/uploads\/2017\/03\/Sotogrande-Logo-GUIDE.png","contentUrl":"https:\/\/www.sotograndeguide.com\/wp-content\/uploads\/2017\/03\/Sotogrande-Logo-GUIDE.png","width":300,"height":300,"caption":"Sotogrande Guide"},"image":{"@id":"https:\/\/www.sotograndeguide.com\/#\/schema\/logo\/image\/"},"sameAs":["https:\/\/www.facebook.com\/sotograndeguide","https:\/\/x.com\/sotograndeguide","https:\/\/www.tiktok.com\/@sotograndeguide","https:\/\/www.youtube.com\/@SotograndeGuide"]}]}},"jetpack_sharing_enabled":true,"_links":{"self":[{"href":"https:\/\/www.sotograndeguide.com\/fr\/wp-json\/wp\/v2\/pages\/34942","targetHints":{"allow":["GET"]}}],"collection":[{"href":"https:\/\/www.sotograndeguide.com\/fr\/wp-json\/wp\/v2\/pages"}],"about":[{"href":"https:\/\/www.sotograndeguide.com\/fr\/wp-json\/wp\/v2\/types\/page"}],"author":[{"embeddable":true,"href":"https:\/\/www.sotograndeguide.com\/fr\/wp-json\/wp\/v2\/users\/1"}],"replies":[{"embeddable":true,"href":"https:\/\/www.sotograndeguide.com\/fr\/wp-json\/wp\/v2\/comments?post=34942"}],"version-history":[{"count":0,"href":"https:\/\/www.sotograndeguide.com\/fr\/wp-json\/wp\/v2\/pages\/34942\/revisions"}],"up":[{"embeddable":true,"href":"https:\/\/www.sotograndeguide.com\/fr\/wp-json\/wp\/v2\/pages\/85"}],"wp:featuredmedia":[{"embeddable":true,"href":"https:\/\/www.sotograndeguide.com\/fr\/wp-json\/wp\/v2\/media\/34623"}],"wp:attachment":[{"href":"https:\/\/www.sotograndeguide.com\/fr\/wp-json\/wp\/v2\/media?parent=34942"}],"curies":[{"name":"wp","href":"https:\/\/api.w.org\/{rel}","templated":true}]}}