{"id":34906,"date":"2019-01-15T21:09:32","date_gmt":"2019-01-15T21:09:32","guid":{"rendered":"https:\/\/www.sotograndeguide.com\/?page_id=34906"},"modified":"2019-05-21T20:43:09","modified_gmt":"2019-05-21T20:43:09","slug":"foodisiac-sotogrande","status":"publish","type":"page","link":"https:\/\/www.sotograndeguide.com\/fr\/sotogrande-restaurants\/foodisiac-sotogrande\/","title":{"rendered":"Foodisiac Sotogrande"},"content":{"rendered":"<p>Foodisiac, situ\u00e9 dans la marina de Sotogrande, est un nouveau restaurant cr\u00e9\u00e9 par Laurence et Adina Forcione. S'adressant aux \"gourmands\", ce nouveau lieu propose des petits d\u00e9jeuners, des d\u00e9jeuners et des d\u00eeners. C'est un restaurant o\u00f9 l'on peut trouver une touche moderne \u00e0 la cuisine traditionnelle, du gazpacho aux moules fran\u00e7aises avec des frites de pommes de terre. Les produits propos\u00e9s sont sains et locaux.<\/p>\n<p>Foodisiac apporte la haute cuisine au c\u0153ur de la Marina de Sotogrande. Bien qu'il soit profond\u00e9ment enracin\u00e9 dans les meilleures traditions de la M\u00e9diterran\u00e9e, le Foodisiac y ajoute des influences du monde entier. Vous d\u00e9gusterez un d\u00eener raffin\u00e9 en admirant la vue sur la marina de Sotogrande et en savourant un vin somptueux choisi dans la carte des vins \u00e9clectique de l'\u00e9tablissement.<\/p>\n<p>Le restaurant adopte avec enthousiasme les merveilleux produits d'Andalousie, tout en explorant au-del\u00e0 de cette splendide r\u00e9gion. Il propose des plats \u00e9l\u00e9gamment pr\u00e9par\u00e9s avec une touche de modernit\u00e9 sur la cuisine traditionnelle. Mais il ne s'agit pas seulement d'un restaurant gastronomique ou d'un rendez-vous nocturne pour les gourmands. L'\u00e9tablissement est \u00e9galement un lieu id\u00e9al pour le petit-d\u00e9jeuner, o\u00f9 vous pourrez d\u00e9guster de d\u00e9licieux croissants fra\u00eechement sortis de la boulangerie.<\/p>\n<p>Vous y trouverez des caf\u00e9s mono-origine sp\u00e9cialement s\u00e9lectionn\u00e9s, et les aficionados aimeront sans doute le d\u00e9licieux espresso bio du Honduras, le somptueux cappuccino br\u00e9silien et le caf\u00e9 \u00e9thiopien filtr\u00e9 avec pr\u00e9cision de Foodisiac.<\/p>\n<div id='gallery-1' class='gallery galleryid-34906 gallery-columns-4 gallery-size-large'><figure class='gallery-item'>\n\t\t\t<div class='gallery-icon portrait'>\n\t\t\t\t<a href='https:\/\/www.sotograndeguide.com\/wp-content\/uploads\/2019\/04\/Foodisiac_Sotogrande_Cheesecake.jpg'><img decoding=\"async\" width=\"768\" height=\"1024\" src=\"https:\/\/www.sotograndeguide.com\/wp-content\/uploads\/2019\/04\/Foodisiac_Sotogrande_Cheesecake-768x1024.jpg\" class=\"attachment-large size-large\" alt=\"Le g\u00e2teau au fromage de Foodisiac\" srcset=\"https:\/\/www.sotograndeguide.com\/wp-content\/uploads\/2019\/04\/Foodisiac_Sotogrande_Cheesecake.jpg 768w, https:\/\/www.sotograndeguide.com\/wp-content\/uploads\/2019\/04\/Foodisiac_Sotogrande_Cheesecake-225x300.jpg 225w\" sizes=\"(max-width: 768px) 100vw, 768px\" \/><\/a>\n\t\t\t<\/div><\/figure><figure class='gallery-item'>\n\t\t\t<div class='gallery-icon portrait'>\n\t\t\t\t<a href='https:\/\/www.sotograndeguide.com\/wp-content\/uploads\/2019\/04\/Foodisiac_Sotogrande_Best_Burger.jpg'><img decoding=\"async\" width=\"768\" height=\"1024\" src=\"https:\/\/www.sotograndeguide.com\/wp-content\/uploads\/2019\/04\/Foodisiac_Sotogrande_Best_Burger-768x1024.jpg\" class=\"attachment-large size-large\" alt=\"De d\u00e9licieux burgers chez Foodisiac\" srcset=\"https:\/\/www.sotograndeguide.com\/wp-content\/uploads\/2019\/04\/Foodisiac_Sotogrande_Best_Burger.jpg 768w, https:\/\/www.sotograndeguide.com\/wp-content\/uploads\/2019\/04\/Foodisiac_Sotogrande_Best_Burger-225x300.jpg 225w\" sizes=\"(max-width: 768px) 100vw, 768px\" \/><\/a>\n\t\t\t<\/div><\/figure><figure class='gallery-item'>\n\t\t\t<div class='gallery-icon portrait'>\n\t\t\t\t<a href='https:\/\/www.sotograndeguide.com\/wp-content\/uploads\/2019\/04\/Foodisiac_Sotogrande_Croissant.jpg'><img decoding=\"async\" width=\"768\" height=\"1024\" src=\"https:\/\/www.sotograndeguide.com\/wp-content\/uploads\/2019\/04\/Foodisiac_Sotogrande_Croissant-768x1024.jpg\" class=\"attachment-large size-large\" alt=\"Croissants maison chez Foodisiac\" srcset=\"https:\/\/www.sotograndeguide.com\/wp-content\/uploads\/2019\/04\/Foodisiac_Sotogrande_Croissant.jpg 768w, https:\/\/www.sotograndeguide.com\/wp-content\/uploads\/2019\/04\/Foodisiac_Sotogrande_Croissant-225x300.jpg 225w\" sizes=\"(max-width: 768px) 100vw, 768px\" \/><\/a>\n\t\t\t<\/div><\/figure><figure class='gallery-item'>\n\t\t\t<div class='gallery-icon portrait'>\n\t\t\t\t<a href='https:\/\/www.sotograndeguide.com\/wp-content\/uploads\/2019\/04\/Foodisiac_Sotogrande_Risoto.jpg'><img decoding=\"async\" width=\"769\" height=\"1024\" src=\"https:\/\/www.sotograndeguide.com\/wp-content\/uploads\/2019\/04\/Foodisiac_Sotogrande_Risoto-769x1024.jpg\" class=\"attachment-large size-large\" alt=\"Risoto\" srcset=\"https:\/\/www.sotograndeguide.com\/wp-content\/uploads\/2019\/04\/Foodisiac_Sotogrande_Risoto.jpg 769w, https:\/\/www.sotograndeguide.com\/wp-content\/uploads\/2019\/04\/Foodisiac_Sotogrande_Risoto-225x300.jpg 225w, https:\/\/www.sotograndeguide.com\/wp-content\/uploads\/2019\/04\/Foodisiac_Sotogrande_Risoto-768x1023.jpg 768w\" sizes=\"(max-width: 769px) 100vw, 769px\" \/><\/a>\n\t\t\t<\/div><\/figure>\n\t\t<\/div>\n\n<p>Cuisine : internationale, m\u00e9diterran\u00e9enne<br \/>\nAdresse : Ribera del Marlin 25 Marina del Puerto de Sotogrande, 11310, Sotogrande<br \/>\nT\u00e9l\u00e9phone : <a href=\"tel:+34856399163\">856399163<\/a><\/p>","protected":false},"excerpt":{"rendered":"<p>Foodisiac, situ\u00e9 dans la marina de Sotogrande, est un nouveau restaurant cr\u00e9\u00e9 par Laurence et Adina Forcione. S'adressant aux \"gourmands\", ce nouveau lieu propose des petits d\u00e9jeuners, des d\u00e9jeuners et des d\u00eeners. C'est un restaurant o\u00f9 l'on peut trouver une touche moderne \u00e0 la cuisine traditionnelle, du gazpacho aux moules fran\u00e7aises avec des frites de pommes de terre. Le restaurant se targue d'\u00eatre ... <a title=\"Foodisiac Sotogrande\" class=\"read-more\" href=\"https:\/\/www.sotograndeguide.com\/fr\/sotogrande-restaurants\/foodisiac-sotogrande\/\" aria-label=\"En savoir plus sur Foodisiac Sotogrande\">Lire plus<\/a><\/p>","protected":false},"author":1,"featured_media":34907,"parent":91,"menu_order":0,"comment_status":"closed","ping_status":"closed","template":"","meta":{"footnotes":""},"class_list":["post-34906","page","type-page","status-publish","has-post-thumbnail"],"yoast_head":"<!-- This site is optimized with the Yoast SEO Premium plugin v20.5 (Yoast SEO v27.4) - https:\/\/yoast.com\/product\/yoast-seo-premium-wordpress\/ -->\n<title>Foodisiac Sotogrande<\/title>\n<meta name=\"description\" content=\"Foodisiac in Sotogrande is a hip new restaurant, cafe and organic bread shop located in the Sotogrande Marina, open daily from early to late.\" \/>\n<meta name=\"robots\" content=\"index, follow, max-snippet:-1, max-image-preview:large, max-video-preview:-1\" \/>\n<link rel=\"canonical\" href=\"https:\/\/www.sotograndeguide.com\/fr\/restaurants-de-sotogrande\/foodisiac-sotogrande\/\" \/>\n<meta property=\"og:locale\" content=\"fr_FR\" \/>\n<meta property=\"og:type\" content=\"article\" \/>\n<meta property=\"og:title\" content=\"Foodisiac Sotogrande\" \/>\n<meta property=\"og:description\" content=\"Foodisiac in Sotogrande is a hip new restaurant, cafe and organic bread shop located in the Sotogrande Marina, open daily from early to late.\" \/>\n<meta property=\"og:url\" content=\"https:\/\/www.sotograndeguide.com\/fr\/restaurants-de-sotogrande\/foodisiac-sotogrande\/\" \/>\n<meta property=\"og:site_name\" content=\"Sotogrande Guide\" \/>\n<meta property=\"article:publisher\" content=\"https:\/\/www.facebook.com\/sotograndeguide\" \/>\n<meta property=\"article:modified_time\" content=\"2019-05-21T20:43:09+00:00\" \/>\n<meta property=\"og:image\" content=\"https:\/\/www.sotograndeguide.com\/wp-content\/uploads\/2019\/01\/Foodisiac.jpg\" \/>\n\t<meta property=\"og:image:width\" content=\"960\" \/>\n\t<meta property=\"og:image:height\" content=\"640\" \/>\n\t<meta property=\"og:image:type\" content=\"image\/jpeg\" \/>\n<meta name=\"twitter:card\" content=\"summary_large_image\" \/>\n<meta name=\"twitter:site\" content=\"@sotograndeguide\" \/>\n<meta name=\"twitter:label1\" content=\"Est. reading time\" \/>\n\t<meta name=\"twitter:data1\" content=\"1 minute\" \/>\n<!-- \/ Yoast SEO Premium plugin. -->","yoast_head_json":{"title":"Foodisiac Sotogrande","description":"Foodisiac \u00e0 Sotogrande est un nouveau restaurant, caf\u00e9 et boulangerie biologique branch\u00e9 situ\u00e9 dans le port de plaisance de Sotogrande, ouvert tous les jours de t\u00f4t \u00e0 tard.","robots":{"index":"index","follow":"follow","max-snippet":"max-snippet:-1","max-image-preview":"max-image-preview:large","max-video-preview":"max-video-preview:-1"},"canonical":"https:\/\/www.sotograndeguide.com\/fr\/restaurants-de-sotogrande\/foodisiac-sotogrande\/","og_locale":"fr_FR","og_type":"article","og_title":"Foodisiac Sotogrande","og_description":"Foodisiac in Sotogrande is a hip new restaurant, cafe and organic bread shop located in the Sotogrande Marina, open daily from early to late.","og_url":"https:\/\/www.sotograndeguide.com\/fr\/restaurants-de-sotogrande\/foodisiac-sotogrande\/","og_site_name":"Sotogrande Guide","article_publisher":"https:\/\/www.facebook.com\/sotograndeguide","article_modified_time":"2019-05-21T20:43:09+00:00","og_image":[{"width":960,"height":640,"url":"https:\/\/www.sotograndeguide.com\/wp-content\/uploads\/2019\/01\/Foodisiac.jpg","type":"image\/jpeg"}],"twitter_card":"summary_large_image","twitter_site":"@sotograndeguide","twitter_misc":{"Est. reading time":"1 minute"},"schema":{"@context":"https:\/\/schema.org","@graph":[{"@type":"WebPage","@id":"https:\/\/www.sotograndeguide.com\/sotogrande-restaurants\/foodisiac-sotogrande\/","url":"https:\/\/www.sotograndeguide.com\/sotogrande-restaurants\/foodisiac-sotogrande\/","name":"Foodisiac Sotogrande","isPartOf":{"@id":"https:\/\/www.sotograndeguide.com\/#website"},"primaryImageOfPage":{"@id":"https:\/\/www.sotograndeguide.com\/sotogrande-restaurants\/foodisiac-sotogrande\/#primaryimage"},"image":{"@id":"https:\/\/www.sotograndeguide.com\/sotogrande-restaurants\/foodisiac-sotogrande\/#primaryimage"},"thumbnailUrl":"https:\/\/www.sotograndeguide.com\/wp-content\/uploads\/2019\/01\/Foodisiac.jpg","datePublished":"2019-01-15T21:09:32+00:00","dateModified":"2019-05-21T20:43:09+00:00","description":"Foodisiac \u00e0 Sotogrande est un nouveau restaurant, caf\u00e9 et boulangerie biologique branch\u00e9 situ\u00e9 dans le port de plaisance de Sotogrande, ouvert tous les jours de t\u00f4t \u00e0 tard.","breadcrumb":{"@id":"https:\/\/www.sotograndeguide.com\/sotogrande-restaurants\/foodisiac-sotogrande\/#breadcrumb"},"inLanguage":"fr-FR","potentialAction":[{"@type":"ReadAction","target":["https:\/\/www.sotograndeguide.com\/sotogrande-restaurants\/foodisiac-sotogrande\/"]}]},{"@type":"ImageObject","inLanguage":"fr-FR","@id":"https:\/\/www.sotograndeguide.com\/sotogrande-restaurants\/foodisiac-sotogrande\/#primaryimage","url":"https:\/\/www.sotograndeguide.com\/wp-content\/uploads\/2019\/01\/Foodisiac.jpg","contentUrl":"https:\/\/www.sotograndeguide.com\/wp-content\/uploads\/2019\/01\/Foodisiac.jpg","width":960,"height":640,"caption":"Foodisiac Sotogrande"},{"@type":"BreadcrumbList","@id":"https:\/\/www.sotograndeguide.com\/sotogrande-restaurants\/foodisiac-sotogrande\/#breadcrumb","itemListElement":[{"@type":"ListItem","position":1,"name":"Home","item":"https:\/\/www.sotograndeguide.com\/"},{"@type":"ListItem","position":2,"name":"Sotogrande Restaurants","item":"https:\/\/www.sotograndeguide.com\/sotogrande-restaurants\/"},{"@type":"ListItem","position":3,"name":"Foodisiac Sotogrande"}]},{"@type":"WebSite","@id":"https:\/\/www.sotograndeguide.com\/#website","url":"https:\/\/www.sotograndeguide.com\/","name":"Guide de Sotogrande","description":"Nouvelles, conseils, \u00e9v\u00e9nements et critiques","publisher":{"@id":"https:\/\/www.sotograndeguide.com\/#organization"},"potentialAction":[{"@type":"SearchAction","target":{"@type":"EntryPoint","urlTemplate":"https:\/\/www.sotograndeguide.com\/?s={search_term_string}"},"query-input":{"@type":"PropertyValueSpecification","valueRequired":true,"valueName":"search_term_string"}}],"inLanguage":"fr-FR"},{"@type":"Organization","@id":"https:\/\/www.sotograndeguide.com\/#organization","name":"Guide de Sotogrande","url":"https:\/\/www.sotograndeguide.com\/","logo":{"@type":"ImageObject","inLanguage":"fr-FR","@id":"https:\/\/www.sotograndeguide.com\/#\/schema\/logo\/image\/","url":"https:\/\/www.sotograndeguide.com\/wp-content\/uploads\/2017\/03\/Sotogrande-Logo-GUIDE.png","contentUrl":"https:\/\/www.sotograndeguide.com\/wp-content\/uploads\/2017\/03\/Sotogrande-Logo-GUIDE.png","width":300,"height":300,"caption":"Sotogrande Guide"},"image":{"@id":"https:\/\/www.sotograndeguide.com\/#\/schema\/logo\/image\/"},"sameAs":["https:\/\/www.facebook.com\/sotograndeguide","https:\/\/x.com\/sotograndeguide","https:\/\/www.tiktok.com\/@sotograndeguide","https:\/\/www.youtube.com\/@SotograndeGuide"]}]}},"jetpack_sharing_enabled":true,"_links":{"self":[{"href":"https:\/\/www.sotograndeguide.com\/fr\/wp-json\/wp\/v2\/pages\/34906","targetHints":{"allow":["GET"]}}],"collection":[{"href":"https:\/\/www.sotograndeguide.com\/fr\/wp-json\/wp\/v2\/pages"}],"about":[{"href":"https:\/\/www.sotograndeguide.com\/fr\/wp-json\/wp\/v2\/types\/page"}],"author":[{"embeddable":true,"href":"https:\/\/www.sotograndeguide.com\/fr\/wp-json\/wp\/v2\/users\/1"}],"replies":[{"embeddable":true,"href":"https:\/\/www.sotograndeguide.com\/fr\/wp-json\/wp\/v2\/comments?post=34906"}],"version-history":[{"count":0,"href":"https:\/\/www.sotograndeguide.com\/fr\/wp-json\/wp\/v2\/pages\/34906\/revisions"}],"up":[{"embeddable":true,"href":"https:\/\/www.sotograndeguide.com\/fr\/wp-json\/wp\/v2\/pages\/91"}],"wp:featuredmedia":[{"embeddable":true,"href":"https:\/\/www.sotograndeguide.com\/fr\/wp-json\/wp\/v2\/media\/34907"}],"wp:attachment":[{"href":"https:\/\/www.sotograndeguide.com\/fr\/wp-json\/wp\/v2\/media?parent=34906"}],"curies":[{"name":"wp","href":"https:\/\/api.w.org\/{rel}","templated":true}]}}