{"id":34826,"date":"2018-11-18T22:18:25","date_gmt":"2018-11-18T22:18:25","guid":{"rendered":"https:\/\/www.sotograndeguide.com\/?page_id=34826"},"modified":"2020-01-16T09:53:20","modified_gmt":"2020-01-16T09:53:20","slug":"ecole-internationale-de-sotogrande","status":"publish","type":"page","link":"https:\/\/www.sotograndeguide.com\/fr\/sotogrande-schools\/sotogrande-international-school\/","title":{"rendered":"\u00c9cole internationale de Sotogrande"},"content":{"rendered":"<p>La Sotogrande International School (SIS) est un internat et un externat international priv\u00e9 situ\u00e9 \u00e0 Sotogrande, dans le sud de l'Espagne. L'\u00e9cole suit le programme de l'IB de 3 \u00e0 18 ans et abrite une communaut\u00e9 d'apprentissage passionn\u00e9e qui inspire et encourage l'apprentissage et la compr\u00e9hension interculturelle, en promouvant l'\u00e9ducation comme une force pour le bien dans le monde.<\/p>\n<p>Les r\u00e9sultats acad\u00e9miques sont constamment excellents, les \u00e9l\u00e8ves du PPCS et du dipl\u00f4me obtenant des scores bien sup\u00e9rieurs \u00e0 la moyenne mondiale ann\u00e9e apr\u00e8s ann\u00e9e. Gr\u00e2ce \u00e0 l'impressionnante moyenne de 34,2 points obtenue en 2019, 90% des \u00e9l\u00e8ves ont \u00e9t\u00e9 plac\u00e9s dans l'universit\u00e9 de leur premier choix.<\/p>\n<p><img decoding=\"async\" class=\"alignnone wp-image-35471 size-full\" src=\"https:\/\/www.sotograndeguide.com\/wp-content\/uploads\/2020\/01\/Sotogrande-School-Aerial-Photo.jpg\" alt=\"Photo a\u00e9rienne de l&#039;\u00e9cole de Sotogrande\" width=\"1800\" height=\"1247\" srcset=\"https:\/\/www.sotograndeguide.com\/wp-content\/uploads\/2020\/01\/Sotogrande-School-Aerial-Photo.jpg 1800w, https:\/\/www.sotograndeguide.com\/wp-content\/uploads\/2020\/01\/Sotogrande-School-Aerial-Photo-300x208.jpg 300w, https:\/\/www.sotograndeguide.com\/wp-content\/uploads\/2020\/01\/Sotogrande-School-Aerial-Photo-1024x709.jpg 1024w, https:\/\/www.sotograndeguide.com\/wp-content\/uploads\/2020\/01\/Sotogrande-School-Aerial-Photo-768x532.jpg 768w, https:\/\/www.sotograndeguide.com\/wp-content\/uploads\/2020\/01\/Sotogrande-School-Aerial-Photo-1536x1064.jpg 1536w, https:\/\/www.sotograndeguide.com\/wp-content\/uploads\/2020\/01\/Sotogrande-School-Aerial-Photo-150x105.jpg 150w\" sizes=\"(max-width: 1800px) 100vw, 1800px\" \/><\/p>\n<p>Sotogrande International accueille actuellement plus de 1 000 \u00e9l\u00e8ves de plus de 50 nationalit\u00e9s diff\u00e9rentes. Dans le cadre des programmes de l'IB, des enseignants qualifi\u00e9s au niveau international dispensent une \u00e9ducation stimulante, enrichissante et rigoureuse sur le plan acad\u00e9mique. Des programmes sp\u00e9cialis\u00e9s dans le golf, le tennis et la musique permettent aux \u00e9l\u00e8ves talentueux d'exceller.<\/p>\n<div id='gallery-1' class='gallery galleryid-34826 gallery-columns-3 gallery-size-large'><figure class='gallery-item'>\n\t\t\t<div class='gallery-icon landscape'>\n\t\t\t\t<a href='https:\/\/www.sotograndeguide.com\/wp-content\/uploads\/2020\/01\/Children-at-Sotogrande-International-School.jpg'><img decoding=\"async\" width=\"1024\" height=\"683\" src=\"https:\/\/www.sotograndeguide.com\/wp-content\/uploads\/2020\/01\/Children-at-Sotogrande-International-School-1024x683.jpg\" class=\"attachment-large size-large\" alt=\"Les enfants de l&#039;\u00e9cole internationale de Sotogrande\" srcset=\"https:\/\/www.sotograndeguide.com\/wp-content\/uploads\/2020\/01\/Children-at-Sotogrande-International-School-1024x683.jpg 1024w, https:\/\/www.sotograndeguide.com\/wp-content\/uploads\/2020\/01\/Children-at-Sotogrande-International-School-300x200.jpg 300w, https:\/\/www.sotograndeguide.com\/wp-content\/uploads\/2020\/01\/Children-at-Sotogrande-International-School-768x512.jpg 768w, https:\/\/www.sotograndeguide.com\/wp-content\/uploads\/2020\/01\/Children-at-Sotogrande-International-School-1536x1024.jpg 1536w, https:\/\/www.sotograndeguide.com\/wp-content\/uploads\/2020\/01\/Children-at-Sotogrande-International-School.jpg 1900w\" sizes=\"(max-width: 1024px) 100vw, 1024px\" \/><\/a>\n\t\t\t<\/div><\/figure><figure class='gallery-item'>\n\t\t\t<div class='gallery-icon landscape'>\n\t\t\t\t<a href='https:\/\/www.sotograndeguide.com\/wp-content\/uploads\/2020\/01\/Exterior-Sotogrande-School.jpg'><img decoding=\"async\" width=\"1024\" height=\"681\" src=\"https:\/\/www.sotograndeguide.com\/wp-content\/uploads\/2020\/01\/Exterior-Sotogrande-School-1024x681.jpg\" class=\"attachment-large size-large\" alt=\"Ext\u00e9rieur de l&#039;\u00e9cole Sotogrande\" srcset=\"https:\/\/www.sotograndeguide.com\/wp-content\/uploads\/2020\/01\/Exterior-Sotogrande-School-1024x681.jpg 1024w, https:\/\/www.sotograndeguide.com\/wp-content\/uploads\/2020\/01\/Exterior-Sotogrande-School-300x200.jpg 300w, https:\/\/www.sotograndeguide.com\/wp-content\/uploads\/2020\/01\/Exterior-Sotogrande-School-768x511.jpg 768w, https:\/\/www.sotograndeguide.com\/wp-content\/uploads\/2020\/01\/Exterior-Sotogrande-School.jpg 1500w\" sizes=\"(max-width: 1024px) 100vw, 1024px\" \/><\/a>\n\t\t\t<\/div><\/figure><figure class='gallery-item'>\n\t\t\t<div class='gallery-icon landscape'>\n\t\t\t\t<a href='https:\/\/www.sotograndeguide.com\/wp-content\/uploads\/2020\/01\/IB-High-School-Graduation.jpg'><img decoding=\"async\" width=\"1024\" height=\"681\" src=\"https:\/\/www.sotograndeguide.com\/wp-content\/uploads\/2020\/01\/IB-High-School-Graduation-1024x681.jpg\" class=\"attachment-large size-large\" alt=\"Dipl\u00f4me de fin d&#039;\u00e9tudes secondaires de l&#039;IB\" srcset=\"https:\/\/www.sotograndeguide.com\/wp-content\/uploads\/2020\/01\/IB-High-School-Graduation-1024x681.jpg 1024w, https:\/\/www.sotograndeguide.com\/wp-content\/uploads\/2020\/01\/IB-High-School-Graduation-300x200.jpg 300w, https:\/\/www.sotograndeguide.com\/wp-content\/uploads\/2020\/01\/IB-High-School-Graduation-768x511.jpg 768w, https:\/\/www.sotograndeguide.com\/wp-content\/uploads\/2020\/01\/IB-High-School-Graduation-1536x1022.jpg 1536w, https:\/\/www.sotograndeguide.com\/wp-content\/uploads\/2020\/01\/IB-High-School-Graduation.jpg 1623w\" sizes=\"(max-width: 1024px) 100vw, 1024px\" \/><\/a>\n\t\t\t<\/div><\/figure><figure class='gallery-item'>\n\t\t\t<div class='gallery-icon landscape'>\n\t\t\t\t<a href='https:\/\/www.sotograndeguide.com\/wp-content\/uploads\/2020\/01\/IB-Students-Sotogrande.jpg'><img decoding=\"async\" width=\"1024\" height=\"683\" src=\"https:\/\/www.sotograndeguide.com\/wp-content\/uploads\/2020\/01\/IB-Students-Sotogrande-1024x683.jpg\" class=\"attachment-large size-large\" alt=\"\u00c9l\u00e8ves de l&#039;IB \u00e0 Sotogrande\" srcset=\"https:\/\/www.sotograndeguide.com\/wp-content\/uploads\/2020\/01\/IB-Students-Sotogrande-1024x683.jpg 1024w, https:\/\/www.sotograndeguide.com\/wp-content\/uploads\/2020\/01\/IB-Students-Sotogrande-300x200.jpg 300w, https:\/\/www.sotograndeguide.com\/wp-content\/uploads\/2020\/01\/IB-Students-Sotogrande-768x512.jpg 768w, https:\/\/www.sotograndeguide.com\/wp-content\/uploads\/2020\/01\/IB-Students-Sotogrande-1536x1024.jpg 1536w, https:\/\/www.sotograndeguide.com\/wp-content\/uploads\/2020\/01\/IB-Students-Sotogrande.jpg 1620w\" sizes=\"(max-width: 1024px) 100vw, 1024px\" \/><\/a>\n\t\t\t<\/div><\/figure><figure class='gallery-item'>\n\t\t\t<div class='gallery-icon landscape'>\n\t\t\t\t<a href='https:\/\/www.sotograndeguide.com\/wp-content\/uploads\/2020\/01\/Primary-School-Sotogrande.jpg'><img decoding=\"async\" width=\"1024\" height=\"683\" src=\"https:\/\/www.sotograndeguide.com\/wp-content\/uploads\/2020\/01\/Primary-School-Sotogrande-1024x683.jpg\" class=\"attachment-large size-large\" alt=\"\u00c9cole primaire de Sotogrande\" srcset=\"https:\/\/www.sotograndeguide.com\/wp-content\/uploads\/2020\/01\/Primary-School-Sotogrande-1024x683.jpg 1024w, https:\/\/www.sotograndeguide.com\/wp-content\/uploads\/2020\/01\/Primary-School-Sotogrande-300x200.jpg 300w, https:\/\/www.sotograndeguide.com\/wp-content\/uploads\/2020\/01\/Primary-School-Sotogrande-768x512.jpg 768w, https:\/\/www.sotograndeguide.com\/wp-content\/uploads\/2020\/01\/Primary-School-Sotogrande-1536x1024.jpg 1536w, https:\/\/www.sotograndeguide.com\/wp-content\/uploads\/2020\/01\/Primary-School-Sotogrande.jpg 1620w\" sizes=\"(max-width: 1024px) 100vw, 1024px\" \/><\/a>\n\t\t\t<\/div><\/figure><figure class='gallery-item'>\n\t\t\t<div class='gallery-icon landscape'>\n\t\t\t\t<a href='https:\/\/www.sotograndeguide.com\/wp-content\/uploads\/2020\/01\/Science-Laboratory-at-Sotogrande-International-School.jpg'><img decoding=\"async\" width=\"1024\" height=\"683\" src=\"https:\/\/www.sotograndeguide.com\/wp-content\/uploads\/2020\/01\/Science-Laboratory-at-Sotogrande-International-School-1024x683.jpg\" class=\"attachment-large size-large\" alt=\"\" srcset=\"https:\/\/www.sotograndeguide.com\/wp-content\/uploads\/2020\/01\/Science-Laboratory-at-Sotogrande-International-School-1024x683.jpg 1024w, https:\/\/www.sotograndeguide.com\/wp-content\/uploads\/2020\/01\/Science-Laboratory-at-Sotogrande-International-School-300x200.jpg 300w, https:\/\/www.sotograndeguide.com\/wp-content\/uploads\/2020\/01\/Science-Laboratory-at-Sotogrande-International-School-768x512.jpg 768w, https:\/\/www.sotograndeguide.com\/wp-content\/uploads\/2020\/01\/Science-Laboratory-at-Sotogrande-International-School-1536x1024.jpg 1536w, https:\/\/www.sotograndeguide.com\/wp-content\/uploads\/2020\/01\/Science-Laboratory-at-Sotogrande-International-School.jpg 1620w\" sizes=\"(max-width: 1024px) 100vw, 1024px\" \/><\/a>\n\t\t\t<\/div><\/figure><figure class='gallery-item'>\n\t\t\t<div class='gallery-icon landscape'>\n\t\t\t\t<a href='https:\/\/www.sotograndeguide.com\/wp-content\/uploads\/2020\/01\/Sotogrande-School-Graduation.jpg'><img decoding=\"async\" width=\"1024\" height=\"681\" src=\"https:\/\/www.sotograndeguide.com\/wp-content\/uploads\/2020\/01\/Sotogrande-School-Graduation-1024x681.jpg\" class=\"attachment-large size-large\" alt=\"Remise des dipl\u00f4mes de l&#039;\u00e9cole de Sotogrande\" srcset=\"https:\/\/www.sotograndeguide.com\/wp-content\/uploads\/2020\/01\/Sotogrande-School-Graduation-1024x681.jpg 1024w, https:\/\/www.sotograndeguide.com\/wp-content\/uploads\/2020\/01\/Sotogrande-School-Graduation-300x200.jpg 300w, https:\/\/www.sotograndeguide.com\/wp-content\/uploads\/2020\/01\/Sotogrande-School-Graduation-768x511.jpg 768w, https:\/\/www.sotograndeguide.com\/wp-content\/uploads\/2020\/01\/Sotogrande-School-Graduation-1536x1022.jpg 1536w, https:\/\/www.sotograndeguide.com\/wp-content\/uploads\/2020\/01\/Sotogrande-School-Graduation.jpg 1623w\" sizes=\"(max-width: 1024px) 100vw, 1024px\" \/><\/a>\n\t\t\t<\/div><\/figure><figure class='gallery-item'>\n\t\t\t<div class='gallery-icon landscape'>\n\t\t\t\t<a href='https:\/\/www.sotograndeguide.com\/wp-content\/uploads\/2020\/01\/Sports-at-Sotogrande-School-Spain.jpg'><img decoding=\"async\" width=\"1024\" height=\"683\" src=\"https:\/\/www.sotograndeguide.com\/wp-content\/uploads\/2020\/01\/Sports-at-Sotogrande-School-Spain-1024x683.jpg\" class=\"attachment-large size-large\" alt=\"Sports \u00e0 l&#039;\u00e9cole de Sotogrande Espagne\" srcset=\"https:\/\/www.sotograndeguide.com\/wp-content\/uploads\/2020\/01\/Sports-at-Sotogrande-School-Spain-1024x683.jpg 1024w, https:\/\/www.sotograndeguide.com\/wp-content\/uploads\/2020\/01\/Sports-at-Sotogrande-School-Spain-300x200.jpg 300w, https:\/\/www.sotograndeguide.com\/wp-content\/uploads\/2020\/01\/Sports-at-Sotogrande-School-Spain-768x512.jpg 768w, https:\/\/www.sotograndeguide.com\/wp-content\/uploads\/2020\/01\/Sports-at-Sotogrande-School-Spain-1536x1024.jpg 1536w, https:\/\/www.sotograndeguide.com\/wp-content\/uploads\/2020\/01\/Sports-at-Sotogrande-School-Spain.jpg 1620w\" sizes=\"(max-width: 1024px) 100vw, 1024px\" \/><\/a>\n\t\t\t<\/div><\/figure><figure class='gallery-item'>\n\t\t\t<div class='gallery-icon landscape'>\n\t\t\t\t<a href='https:\/\/www.sotograndeguide.com\/wp-content\/uploads\/2020\/01\/Theatre-Play-at-Sotogrand-International-School.jpg'><img decoding=\"async\" width=\"1024\" height=\"647\" src=\"https:\/\/www.sotograndeguide.com\/wp-content\/uploads\/2020\/01\/Theatre-Play-at-Sotogrand-International-School-1024x647.jpg\" class=\"attachment-large size-large\" alt=\"Pi\u00e8ce de th\u00e9\u00e2tre \u00e0 l&#039;\u00e9cole internationale Sotogrand\" srcset=\"https:\/\/www.sotograndeguide.com\/wp-content\/uploads\/2020\/01\/Theatre-Play-at-Sotogrand-International-School-1024x647.jpg 1024w, https:\/\/www.sotograndeguide.com\/wp-content\/uploads\/2020\/01\/Theatre-Play-at-Sotogrand-International-School-300x190.jpg 300w, https:\/\/www.sotograndeguide.com\/wp-content\/uploads\/2020\/01\/Theatre-Play-at-Sotogrand-International-School-768x485.jpg 768w, https:\/\/www.sotograndeguide.com\/wp-content\/uploads\/2020\/01\/Theatre-Play-at-Sotogrand-International-School-1536x971.jpg 1536w, https:\/\/www.sotograndeguide.com\/wp-content\/uploads\/2020\/01\/Theatre-Play-at-Sotogrand-International-School.jpg 1709w\" sizes=\"(max-width: 1024px) 100vw, 1024px\" \/><\/a>\n\t\t\t<\/div><\/figure>\n\t\t<\/div>\n\n<p>En tant qu'Apple Distinguished School, l'utilisation de la technologie est int\u00e9gr\u00e9e de mani\u00e8re cr\u00e9ative dans le programme scolaire pour tous les \u00e9l\u00e8ves d\u00e8s l'\u00e2ge de 3 ans, tandis que le programme F1 in Schools et le d\u00e9fi hyperbare offrent aux \u00e9l\u00e8ves un moyen passionnant d'apprendre les mati\u00e8res li\u00e9es aux sciences, \u00e0 la technologie, \u00e0 l'ing\u00e9nierie et aux math\u00e9matiques (STEM). Les \u00e9l\u00e8ves sont encourag\u00e9s \u00e0 penser de mani\u00e8re ind\u00e9pendante et critique, \u00e0 d\u00e9velopper leurs int\u00e9r\u00eats, leurs dons et leurs talents uniques et \u00e0 profiter des opportunit\u00e9s qui leur sont offertes pour donner le meilleur d'eux-m\u00eames.<\/p>\n<p>L'internat international de Sotogrande est une communaut\u00e9 chaleureuse et dynamique, o\u00f9 le personnel s'efforce de prendre soin de chaque \u00e9l\u00e8ve et d'en tirer le meilleur parti. Le soutien scolaire dont b\u00e9n\u00e9ficient les \u00e9l\u00e8ves se refl\u00e8te dans les r\u00e9sultats aux examens du dipl\u00f4me de l'IB. Au cours des deux derni\u00e8res ann\u00e9es, les \u00e9l\u00e8ves les plus performants \u00e9taient tous deux internes, l'un d'entre eux ayant obtenu la note maximale de 45 points de l'IB.<\/p>\n<p><iframe title=\"\u00c9cole internationale de Sotogrande\" width=\"1200\" height=\"675\" src=\"https:\/\/www.youtube.com\/embed\/5OtzQW2U15U?feature=oembed\" frameborder=\"0\" allow=\"accelerometer; autoplay; clipboard-write; encrypted-media; gyroscope; picture-in-picture\" allowfullscreen><\/iframe><\/p>\n<p>Directeur : M. James Kearney<br \/>\nCoordinatrice du dipl\u00f4me : H\u00e9l\u00e8ne Caillet<br \/>\nCoordinatrice du PPCS : Bel\u00e9n Gonz\u00e1lez<br \/>\nCoordinateur du PP : Andrea Bennett<br \/>\nAssociations : IB, ECIS, CIS, NEASC, NABSS, ACADE<\/p>\n<p><strong>\u00c9cole internationale de Sotogrande<\/strong><br \/>\nAdresse : Avenida Reserva, s\/n, 11310 Sotogrande, C\u00e1diz : Avenida Reserva, s\/n, 11310 Sotogrande, C\u00e1diz<br \/>\nT\u00e9l\u00e9phone : <a href=\"tel:+34956795902\">956795902<\/a><\/p>","protected":false},"excerpt":{"rendered":"<p>La Sotogrande International School (SIS) est un internat et un externat international priv\u00e9 situ\u00e9 \u00e0 Sotogrande, dans le sud de l'Espagne. L'\u00e9cole suit le programme de l'IB de 3 \u00e0 18 ans et abrite une communaut\u00e9 d'apprentissage passionn\u00e9e qui inspire et encourage l'apprentissage et la compr\u00e9hension interculturelle, en promouvant l'\u00e9ducation comme une force pour le bien dans le monde. Les r\u00e9sultats scolaires sont ... <a title=\"\u00c9cole internationale de Sotogrande\" class=\"read-more\" href=\"https:\/\/www.sotograndeguide.com\/fr\/sotogrande-schools\/sotogrande-international-school\/\" aria-label=\"En savoir plus sur \u00c9cole internationale de Sotogrande\">Lire plus<\/a><\/p>","protected":false},"author":1,"featured_media":34843,"parent":66,"menu_order":0,"comment_status":"closed","ping_status":"closed","template":"","meta":{"footnotes":""},"class_list":["post-34826","page","type-page","status-publish","has-post-thumbnail"],"yoast_head":"<!-- This site is optimized with the Yoast SEO Premium plugin v20.5 (Yoast SEO v27.4) - https:\/\/yoast.com\/product\/yoast-seo-premium-wordpress\/ -->\n<title>Sotogrande International School<\/title>\n<meta name=\"description\" content=\"Sotogrande International School (SIS) is a private international boarding and day school based in Sotogrande, southern Spain.\" \/>\n<meta name=\"robots\" content=\"index, follow, max-snippet:-1, max-image-preview:large, max-video-preview:-1\" \/>\n<link rel=\"canonical\" href=\"https:\/\/www.sotograndeguide.com\/fr\/ecoles-de-sotogrande\/ecole-internationale-de-sotogrande\/\" \/>\n<meta property=\"og:locale\" content=\"fr_FR\" \/>\n<meta property=\"og:type\" content=\"article\" \/>\n<meta property=\"og:title\" content=\"Sotogrande International School\" \/>\n<meta property=\"og:description\" content=\"Sotogrande International School (SIS) is a private international boarding and day school based in Sotogrande, southern Spain.\" \/>\n<meta property=\"og:url\" content=\"https:\/\/www.sotograndeguide.com\/fr\/ecoles-de-sotogrande\/ecole-internationale-de-sotogrande\/\" \/>\n<meta property=\"og:site_name\" content=\"Sotogrande Guide\" \/>\n<meta property=\"article:publisher\" content=\"https:\/\/www.facebook.com\/sotograndeguide\" \/>\n<meta property=\"article:modified_time\" content=\"2020-01-16T09:53:20+00:00\" \/>\n<meta property=\"og:image\" content=\"https:\/\/www.sotograndeguide.com\/wp-content\/uploads\/2018\/11\/Schools-in-Sotogrande-4.jpg\" \/>\n\t<meta property=\"og:image:width\" content=\"960\" \/>\n\t<meta property=\"og:image:height\" content=\"600\" \/>\n\t<meta property=\"og:image:type\" content=\"image\/jpeg\" \/>\n<meta name=\"twitter:card\" content=\"summary_large_image\" \/>\n<meta name=\"twitter:site\" content=\"@sotograndeguide\" \/>\n<meta name=\"twitter:label1\" content=\"Est. reading time\" \/>\n\t<meta name=\"twitter:data1\" content=\"2 minutes\" \/>\n<!-- \/ Yoast SEO Premium plugin. -->","yoast_head_json":{"title":"\u00c9cole internationale de Sotogrande","description":"L'\u00e9cole internationale de Sotogrande (SIS) est un internat et un externat international priv\u00e9 situ\u00e9 \u00e0 Sotogrande, dans le sud de l'Espagne.","robots":{"index":"index","follow":"follow","max-snippet":"max-snippet:-1","max-image-preview":"max-image-preview:large","max-video-preview":"max-video-preview:-1"},"canonical":"https:\/\/www.sotograndeguide.com\/fr\/ecoles-de-sotogrande\/ecole-internationale-de-sotogrande\/","og_locale":"fr_FR","og_type":"article","og_title":"Sotogrande International School","og_description":"Sotogrande International School (SIS) is a private international boarding and day school based in Sotogrande, southern Spain.","og_url":"https:\/\/www.sotograndeguide.com\/fr\/ecoles-de-sotogrande\/ecole-internationale-de-sotogrande\/","og_site_name":"Sotogrande Guide","article_publisher":"https:\/\/www.facebook.com\/sotograndeguide","article_modified_time":"2020-01-16T09:53:20+00:00","og_image":[{"width":960,"height":600,"url":"https:\/\/www.sotograndeguide.com\/wp-content\/uploads\/2018\/11\/Schools-in-Sotogrande-4.jpg","type":"image\/jpeg"}],"twitter_card":"summary_large_image","twitter_site":"@sotograndeguide","twitter_misc":{"Est. reading time":"2 minutes"},"schema":{"@context":"https:\/\/schema.org","@graph":[{"@type":"WebPage","@id":"https:\/\/www.sotograndeguide.com\/sotogrande-schools\/sotogrande-international-school\/","url":"https:\/\/www.sotograndeguide.com\/sotogrande-schools\/sotogrande-international-school\/","name":"\u00c9cole internationale de Sotogrande","isPartOf":{"@id":"https:\/\/www.sotograndeguide.com\/#website"},"primaryImageOfPage":{"@id":"https:\/\/www.sotograndeguide.com\/sotogrande-schools\/sotogrande-international-school\/#primaryimage"},"image":{"@id":"https:\/\/www.sotograndeguide.com\/sotogrande-schools\/sotogrande-international-school\/#primaryimage"},"thumbnailUrl":"https:\/\/www.sotograndeguide.com\/wp-content\/uploads\/2018\/11\/Schools-in-Sotogrande-4.jpg","datePublished":"2018-11-18T22:18:25+00:00","dateModified":"2020-01-16T09:53:20+00:00","description":"L'\u00e9cole internationale de Sotogrande (SIS) est un internat et un externat international priv\u00e9 situ\u00e9 \u00e0 Sotogrande, dans le sud de l'Espagne.","breadcrumb":{"@id":"https:\/\/www.sotograndeguide.com\/sotogrande-schools\/sotogrande-international-school\/#breadcrumb"},"inLanguage":"fr-FR","potentialAction":[{"@type":"ReadAction","target":["https:\/\/www.sotograndeguide.com\/sotogrande-schools\/sotogrande-international-school\/"]}]},{"@type":"ImageObject","inLanguage":"fr-FR","@id":"https:\/\/www.sotograndeguide.com\/sotogrande-schools\/sotogrande-international-school\/#primaryimage","url":"https:\/\/www.sotograndeguide.com\/wp-content\/uploads\/2018\/11\/Schools-in-Sotogrande-4.jpg","contentUrl":"https:\/\/www.sotograndeguide.com\/wp-content\/uploads\/2018\/11\/Schools-in-Sotogrande-4.jpg","width":960,"height":600,"caption":"Sotogrande International School"},{"@type":"BreadcrumbList","@id":"https:\/\/www.sotograndeguide.com\/sotogrande-schools\/sotogrande-international-school\/#breadcrumb","itemListElement":[{"@type":"ListItem","position":1,"name":"Home","item":"https:\/\/www.sotograndeguide.com\/"},{"@type":"ListItem","position":2,"name":"Sotogrande Schools","item":"https:\/\/www.sotograndeguide.com\/sotogrande-schools\/"},{"@type":"ListItem","position":3,"name":"Sotogrande International School"}]},{"@type":"WebSite","@id":"https:\/\/www.sotograndeguide.com\/#website","url":"https:\/\/www.sotograndeguide.com\/","name":"Guide de Sotogrande","description":"Nouvelles, conseils, \u00e9v\u00e9nements et critiques","publisher":{"@id":"https:\/\/www.sotograndeguide.com\/#organization"},"potentialAction":[{"@type":"SearchAction","target":{"@type":"EntryPoint","urlTemplate":"https:\/\/www.sotograndeguide.com\/?s={search_term_string}"},"query-input":{"@type":"PropertyValueSpecification","valueRequired":true,"valueName":"search_term_string"}}],"inLanguage":"fr-FR"},{"@type":"Organization","@id":"https:\/\/www.sotograndeguide.com\/#organization","name":"Guide de Sotogrande","url":"https:\/\/www.sotograndeguide.com\/","logo":{"@type":"ImageObject","inLanguage":"fr-FR","@id":"https:\/\/www.sotograndeguide.com\/#\/schema\/logo\/image\/","url":"https:\/\/www.sotograndeguide.com\/wp-content\/uploads\/2017\/03\/Sotogrande-Logo-GUIDE.png","contentUrl":"https:\/\/www.sotograndeguide.com\/wp-content\/uploads\/2017\/03\/Sotogrande-Logo-GUIDE.png","width":300,"height":300,"caption":"Sotogrande Guide"},"image":{"@id":"https:\/\/www.sotograndeguide.com\/#\/schema\/logo\/image\/"},"sameAs":["https:\/\/www.facebook.com\/sotograndeguide","https:\/\/x.com\/sotograndeguide","https:\/\/www.tiktok.com\/@sotograndeguide","https:\/\/www.youtube.com\/@SotograndeGuide"]}]}},"jetpack_sharing_enabled":true,"_links":{"self":[{"href":"https:\/\/www.sotograndeguide.com\/fr\/wp-json\/wp\/v2\/pages\/34826","targetHints":{"allow":["GET"]}}],"collection":[{"href":"https:\/\/www.sotograndeguide.com\/fr\/wp-json\/wp\/v2\/pages"}],"about":[{"href":"https:\/\/www.sotograndeguide.com\/fr\/wp-json\/wp\/v2\/types\/page"}],"author":[{"embeddable":true,"href":"https:\/\/www.sotograndeguide.com\/fr\/wp-json\/wp\/v2\/users\/1"}],"replies":[{"embeddable":true,"href":"https:\/\/www.sotograndeguide.com\/fr\/wp-json\/wp\/v2\/comments?post=34826"}],"version-history":[{"count":0,"href":"https:\/\/www.sotograndeguide.com\/fr\/wp-json\/wp\/v2\/pages\/34826\/revisions"}],"up":[{"embeddable":true,"href":"https:\/\/www.sotograndeguide.com\/fr\/wp-json\/wp\/v2\/pages\/66"}],"wp:featuredmedia":[{"embeddable":true,"href":"https:\/\/www.sotograndeguide.com\/fr\/wp-json\/wp\/v2\/media\/34843"}],"wp:attachment":[{"href":"https:\/\/www.sotograndeguide.com\/fr\/wp-json\/wp\/v2\/media?parent=34826"}],"curies":[{"name":"wp","href":"https:\/\/api.w.org\/{rel}","templated":true}]}}