{"id":34825,"date":"2018-11-18T22:17:42","date_gmt":"2018-11-18T22:17:42","guid":{"rendered":"https:\/\/www.sotograndeguide.com\/?page_id=34825"},"modified":"2019-07-07T19:56:10","modified_gmt":"2019-07-07T19:56:10","slug":"ecole-primaire-internationale-cameron","status":"publish","type":"page","link":"https:\/\/www.sotograndeguide.com\/fr\/sotogrande-schools\/cameron-international-primary-school\/","title":{"rendered":"\u00c9cole primaire internationale Cameron"},"content":{"rendered":"<p>L'\u00e9cole primaire internationale Cameron se trouve \u00e0 cinq minutes en voiture du c\u0153ur de Sotogrande. L'\u00e9cole est situ\u00e9e dans le d\u00e9veloppement commercial de San Roque Club, juste \u00e0 c\u00f4t\u00e9 de la route N-340. <\/p>\n<p>Cameron International Primary School (CIPS) offre un enseignement primaire en anglais et en espagnol. L'\u00e9cole accueille actuellement les enfants des classes pr\u00e9paratoires (3-5 ans) et de l'\u00e9cole primaire (5-14 ans).<\/p>\n<p><iframe title=\"\u00c9cole primaire internationale Cameron\" width=\"1200\" height=\"675\" src=\"https:\/\/www.youtube.com\/embed\/TsIHUB3Hfpg?feature=oembed\" frameborder=\"0\" allow=\"accelerometer; autoplay; clipboard-write; encrypted-media; gyroscope; picture-in-picture\" allowfullscreen><\/iframe><\/p>\n<p><strong>\u00c9cole primaire internationale Cameron<\/strong><br \/>\nAdresse : Calle Mesilla del Diente, San Roque Commercial Centre<br \/>\nT\u00e9l\u00e9phone : <a href=\"tel:+34956797078\">956797078<\/a><\/p>","protected":false},"excerpt":{"rendered":"<p>L'\u00e9cole primaire internationale Cameron se trouve \u00e0 cinq minutes en voiture du c\u0153ur de Sotogrande. L'\u00e9cole est situ\u00e9e dans le d\u00e9veloppement commercial de San Roque Club, juste \u00e0 c\u00f4t\u00e9 de la route N-340. La Cameron International Primary School (CIPS) offre un enseignement primaire en anglais et en espagnol. L'\u00e9cole accueille actuellement ... <a title=\"\u00c9cole primaire internationale Cameron\" class=\"read-more\" href=\"https:\/\/www.sotograndeguide.com\/fr\/sotogrande-schools\/cameron-international-primary-school\/\" aria-label=\"En savoir plus sur Cameron International Primary School\">Lire plus<\/a><\/p>","protected":false},"author":1,"featured_media":34846,"parent":66,"menu_order":0,"comment_status":"closed","ping_status":"closed","template":"","meta":{"footnotes":""},"class_list":["post-34825","page","type-page","status-publish","has-post-thumbnail"],"yoast_head":"<!-- This site is optimized with the Yoast SEO Premium plugin v20.5 (Yoast SEO v27.5) - https:\/\/yoast.com\/product\/yoast-seo-premium-wordpress\/ -->\n<title>Cameron International Primary School<\/title>\n<meta name=\"robots\" content=\"index, follow, max-snippet:-1, max-image-preview:large, max-video-preview:-1\" \/>\n<link rel=\"canonical\" href=\"https:\/\/www.sotograndeguide.com\/fr\/ecoles-de-sotogrande\/ecole-primaire-internationale-cameron\/\" \/>\n<meta property=\"og:locale\" content=\"fr_FR\" \/>\n<meta property=\"og:type\" content=\"article\" \/>\n<meta property=\"og:title\" content=\"Cameron International Primary School\" \/>\n<meta property=\"og:description\" content=\"Cameron International Primary School is just a five minutes drive from the heart of Sotogrande. The school is located in the commercial development of San Roque Club, just off the N-340 road. Cameron International Primary School or CIPS as it is known as offers primary education in both English and Spanish. The school currently caters ... Lire plus\" \/>\n<meta property=\"og:url\" content=\"https:\/\/www.sotograndeguide.com\/fr\/ecoles-de-sotogrande\/ecole-primaire-internationale-cameron\/\" \/>\n<meta property=\"og:site_name\" content=\"Sotogrande Guide\" \/>\n<meta property=\"article:publisher\" content=\"https:\/\/www.facebook.com\/sotograndeguide\" \/>\n<meta property=\"article:modified_time\" content=\"2019-07-07T19:56:10+00:00\" \/>\n<meta property=\"og:image\" content=\"https:\/\/www.sotograndeguide.com\/wp-content\/uploads\/2018\/11\/Schools-in-Sotogrande-1.jpg\" \/>\n\t<meta property=\"og:image:width\" content=\"960\" \/>\n\t<meta property=\"og:image:height\" content=\"600\" \/>\n\t<meta property=\"og:image:type\" content=\"image\/jpeg\" \/>\n<meta name=\"twitter:card\" content=\"summary_large_image\" \/>\n<meta name=\"twitter:site\" content=\"@sotograndeguide\" \/>\n<!-- \/ Yoast SEO Premium plugin. -->","yoast_head_json":{"title":"\u00c9cole primaire internationale Cameron","robots":{"index":"index","follow":"follow","max-snippet":"max-snippet:-1","max-image-preview":"max-image-preview:large","max-video-preview":"max-video-preview:-1"},"canonical":"https:\/\/www.sotograndeguide.com\/fr\/ecoles-de-sotogrande\/ecole-primaire-internationale-cameron\/","og_locale":"fr_FR","og_type":"article","og_title":"Cameron International Primary School","og_description":"Cameron International Primary School is just a five minutes drive from the heart of Sotogrande. The school is located in the commercial development of San Roque Club, just off the N-340 road. Cameron International Primary School or CIPS as it is known as offers primary education in both English and Spanish. The school currently caters ... Lire plus","og_url":"https:\/\/www.sotograndeguide.com\/fr\/ecoles-de-sotogrande\/ecole-primaire-internationale-cameron\/","og_site_name":"Sotogrande Guide","article_publisher":"https:\/\/www.facebook.com\/sotograndeguide","article_modified_time":"2019-07-07T19:56:10+00:00","og_image":[{"width":960,"height":600,"url":"https:\/\/www.sotograndeguide.com\/wp-content\/uploads\/2018\/11\/Schools-in-Sotogrande-1.jpg","type":"image\/jpeg"}],"twitter_card":"summary_large_image","twitter_site":"@sotograndeguide","schema":{"@context":"https:\/\/schema.org","@graph":[{"@type":"WebPage","@id":"https:\/\/www.sotograndeguide.com\/sotogrande-schools\/cameron-international-primary-school\/","url":"https:\/\/www.sotograndeguide.com\/sotogrande-schools\/cameron-international-primary-school\/","name":"\u00c9cole primaire internationale Cameron","isPartOf":{"@id":"https:\/\/www.sotograndeguide.com\/#website"},"primaryImageOfPage":{"@id":"https:\/\/www.sotograndeguide.com\/sotogrande-schools\/cameron-international-primary-school\/#primaryimage"},"image":{"@id":"https:\/\/www.sotograndeguide.com\/sotogrande-schools\/cameron-international-primary-school\/#primaryimage"},"thumbnailUrl":"https:\/\/www.sotograndeguide.com\/wp-content\/uploads\/2018\/11\/Schools-in-Sotogrande-1.jpg","datePublished":"2018-11-18T22:17:42+00:00","dateModified":"2019-07-07T19:56:10+00:00","breadcrumb":{"@id":"https:\/\/www.sotograndeguide.com\/sotogrande-schools\/cameron-international-primary-school\/#breadcrumb"},"inLanguage":"fr-FR","potentialAction":[{"@type":"ReadAction","target":["https:\/\/www.sotograndeguide.com\/sotogrande-schools\/cameron-international-primary-school\/"]}]},{"@type":"ImageObject","inLanguage":"fr-FR","@id":"https:\/\/www.sotograndeguide.com\/sotogrande-schools\/cameron-international-primary-school\/#primaryimage","url":"https:\/\/www.sotograndeguide.com\/wp-content\/uploads\/2018\/11\/Schools-in-Sotogrande-1.jpg","contentUrl":"https:\/\/www.sotograndeguide.com\/wp-content\/uploads\/2018\/11\/Schools-in-Sotogrande-1.jpg","width":960,"height":600,"caption":"Cameron International Primary School"},{"@type":"BreadcrumbList","@id":"https:\/\/www.sotograndeguide.com\/sotogrande-schools\/cameron-international-primary-school\/#breadcrumb","itemListElement":[{"@type":"ListItem","position":1,"name":"Home","item":"https:\/\/www.sotograndeguide.com\/"},{"@type":"ListItem","position":2,"name":"Sotogrande Schools","item":"https:\/\/www.sotograndeguide.com\/sotogrande-schools\/"},{"@type":"ListItem","position":3,"name":"Cameron International Primary School"}]},{"@type":"WebSite","@id":"https:\/\/www.sotograndeguide.com\/#website","url":"https:\/\/www.sotograndeguide.com\/","name":"Guide de Sotogrande","description":"Nouvelles, conseils, \u00e9v\u00e9nements et critiques","publisher":{"@id":"https:\/\/www.sotograndeguide.com\/#organization"},"potentialAction":[{"@type":"SearchAction","target":{"@type":"EntryPoint","urlTemplate":"https:\/\/www.sotograndeguide.com\/?s={search_term_string}"},"query-input":{"@type":"PropertyValueSpecification","valueRequired":true,"valueName":"search_term_string"}}],"inLanguage":"fr-FR"},{"@type":"Organization","@id":"https:\/\/www.sotograndeguide.com\/#organization","name":"Guide de Sotogrande","url":"https:\/\/www.sotograndeguide.com\/","logo":{"@type":"ImageObject","inLanguage":"fr-FR","@id":"https:\/\/www.sotograndeguide.com\/#\/schema\/logo\/image\/","url":"https:\/\/www.sotograndeguide.com\/wp-content\/uploads\/2017\/03\/Sotogrande-Logo-GUIDE.png","contentUrl":"https:\/\/www.sotograndeguide.com\/wp-content\/uploads\/2017\/03\/Sotogrande-Logo-GUIDE.png","width":300,"height":300,"caption":"Sotogrande Guide"},"image":{"@id":"https:\/\/www.sotograndeguide.com\/#\/schema\/logo\/image\/"},"sameAs":["https:\/\/www.facebook.com\/sotograndeguide","https:\/\/x.com\/sotograndeguide","https:\/\/www.tiktok.com\/@sotograndeguide","https:\/\/www.youtube.com\/@SotograndeGuide"]}]}},"jetpack_sharing_enabled":true,"_links":{"self":[{"href":"https:\/\/www.sotograndeguide.com\/fr\/wp-json\/wp\/v2\/pages\/34825","targetHints":{"allow":["GET"]}}],"collection":[{"href":"https:\/\/www.sotograndeguide.com\/fr\/wp-json\/wp\/v2\/pages"}],"about":[{"href":"https:\/\/www.sotograndeguide.com\/fr\/wp-json\/wp\/v2\/types\/page"}],"author":[{"embeddable":true,"href":"https:\/\/www.sotograndeguide.com\/fr\/wp-json\/wp\/v2\/users\/1"}],"replies":[{"embeddable":true,"href":"https:\/\/www.sotograndeguide.com\/fr\/wp-json\/wp\/v2\/comments?post=34825"}],"version-history":[{"count":0,"href":"https:\/\/www.sotograndeguide.com\/fr\/wp-json\/wp\/v2\/pages\/34825\/revisions"}],"up":[{"embeddable":true,"href":"https:\/\/www.sotograndeguide.com\/fr\/wp-json\/wp\/v2\/pages\/66"}],"wp:featuredmedia":[{"embeddable":true,"href":"https:\/\/www.sotograndeguide.com\/fr\/wp-json\/wp\/v2\/media\/34846"}],"wp:attachment":[{"href":"https:\/\/www.sotograndeguide.com\/fr\/wp-json\/wp\/v2\/media?parent=34825"}],"curies":[{"name":"wp","href":"https:\/\/api.w.org\/{rel}","templated":true}]}}