{"id":34531,"date":"2018-05-24T11:39:46","date_gmt":"2018-05-24T11:39:46","guid":{"rendered":"https:\/\/www.sotograndeguide.com\/?page_id=34531"},"modified":"2019-05-21T20:41:12","modified_gmt":"2019-05-21T20:41:12","slug":"benesse","status":"publish","type":"page","link":"https:\/\/www.sotograndeguide.com\/fr\/sotogrande-restaurants\/benesse\/","title":{"rendered":"Benesse"},"content":{"rendered":"<p>Benesse est un nouveau Bistro bar et restaurant \u00e0 Sotogrande, lanc\u00e9 en mai 2018.<\/p>\n<p>Chez Benesse, on sert des galettes de sarrasin sans gluten, des smoothie bowls, des petits d\u00e9jeuners prolong\u00e9s ou des d\u00e9jeuners rapides, ainsi que des d\u00eeners.<\/p>\n<p>Benesses Sotogrande propose d\u00e9sormais un \"menu del dia\" abordable pour le d\u00e9jeuner en semaine.<\/p>\n<p><strong>Benesse Sotogrande<\/strong><br \/>\nCuisine : internationale<br \/>\nAdresse : Centro Comercial Sotomarket, Local 3C, 11310 Sotogrande, San Roque, C\u00e1diz<br \/>\nT\u00e9l\u00e9phone : <a href=\"tel:+34646941011\">646941011<\/a><\/p>\n<p><strong>Vous \u00eates propri\u00e9taire de ce restaurant ? <a href=\"https:\/\/www.sotograndeguide.com\/fr\/contact\/\" rel=\"noopener noreferrer\" target=\"_blank\">Contactez-nous pour ajouter des photos, des \u00e9v\u00e9nements, des nouvelles ou une description.<\/a>.<\/strong><\/p>","protected":false},"excerpt":{"rendered":"<p>Benesse est un nouveau Bistro bar et restaurant \u00e0 Sotogrande, lanc\u00e9 en mai 2018. Chez Benesse, on sert des galettes, faites de sarrasin sans gluten, ainsi que des smoothie bowls et des petits d\u00e9jeuners prolong\u00e9s ou des d\u00e9jeuners rapides, ainsi que des d\u00eeners. Benesses Sotogrande propose d\u00e9sormais un menu du jour abordable en semaine. Benesse Sotogrande ... <a title=\"Benesse\" class=\"read-more\" href=\"https:\/\/www.sotograndeguide.com\/fr\/sotogrande-restaurants\/benesse\/\" aria-label=\"En savoir plus sur Benesse\">Lire plus<\/a><\/p>","protected":false},"author":1,"featured_media":34534,"parent":91,"menu_order":0,"comment_status":"closed","ping_status":"closed","template":"","meta":{"footnotes":""},"class_list":["post-34531","page","type-page","status-publish","has-post-thumbnail"],"yoast_head":"<!-- This site is optimized with the Yoast SEO Premium plugin v20.5 (Yoast SEO v27.4) - https:\/\/yoast.com\/product\/yoast-seo-premium-wordpress\/ -->\n<title>Benesse<\/title>\n<meta name=\"robots\" content=\"index, follow, max-snippet:-1, max-image-preview:large, max-video-preview:-1\" \/>\n<link rel=\"canonical\" href=\"https:\/\/www.sotograndeguide.com\/fr\/restaurants-de-sotogrande\/benesse\/\" \/>\n<meta property=\"og:locale\" content=\"fr_FR\" \/>\n<meta property=\"og:type\" content=\"article\" \/>\n<meta property=\"og:title\" content=\"Benesse\" \/>\n<meta property=\"og:description\" content=\"Benesse is a new Bistro bar and restaurant in Sotogrande, launched in May 2018. At Benesse they serve Galettes, made of gluten free buckwheat as well as smoothie bowls and extended breakfast or fast lunches as well as dinner. Benesses Sotogrande is now serving an affordable &#8220;menu del dia&#8221; lunch menu during weekdays. Benesse Sotogrande ... Lire plus\" \/>\n<meta property=\"og:url\" content=\"https:\/\/www.sotograndeguide.com\/fr\/restaurants-de-sotogrande\/benesse\/\" \/>\n<meta property=\"og:site_name\" content=\"Sotogrande Guide\" \/>\n<meta property=\"article:publisher\" content=\"https:\/\/www.facebook.com\/sotograndeguide\" \/>\n<meta property=\"article:modified_time\" content=\"2019-05-21T20:41:12+00:00\" \/>\n<meta property=\"og:image\" content=\"https:\/\/www.sotograndeguide.com\/wp-content\/uploads\/2018\/05\/Benesse.jpg\" \/>\n\t<meta property=\"og:image:width\" content=\"960\" \/>\n\t<meta property=\"og:image:height\" content=\"640\" \/>\n\t<meta property=\"og:image:type\" content=\"image\/jpeg\" \/>\n<meta name=\"twitter:card\" content=\"summary_large_image\" \/>\n<meta name=\"twitter:site\" content=\"@sotograndeguide\" \/>\n<!-- \/ Yoast SEO Premium plugin. -->","yoast_head_json":{"title":"Benesse","robots":{"index":"index","follow":"follow","max-snippet":"max-snippet:-1","max-image-preview":"max-image-preview:large","max-video-preview":"max-video-preview:-1"},"canonical":"https:\/\/www.sotograndeguide.com\/fr\/restaurants-de-sotogrande\/benesse\/","og_locale":"fr_FR","og_type":"article","og_title":"Benesse","og_description":"Benesse is a new Bistro bar and restaurant in Sotogrande, launched in May 2018. At Benesse they serve Galettes, made of gluten free buckwheat as well as smoothie bowls and extended breakfast or fast lunches as well as dinner. Benesses Sotogrande is now serving an affordable &#8220;menu del dia&#8221; lunch menu during weekdays. Benesse Sotogrande ... Lire plus","og_url":"https:\/\/www.sotograndeguide.com\/fr\/restaurants-de-sotogrande\/benesse\/","og_site_name":"Sotogrande Guide","article_publisher":"https:\/\/www.facebook.com\/sotograndeguide","article_modified_time":"2019-05-21T20:41:12+00:00","og_image":[{"width":960,"height":640,"url":"https:\/\/www.sotograndeguide.com\/wp-content\/uploads\/2018\/05\/Benesse.jpg","type":"image\/jpeg"}],"twitter_card":"summary_large_image","twitter_site":"@sotograndeguide","schema":{"@context":"https:\/\/schema.org","@graph":[{"@type":"WebPage","@id":"https:\/\/www.sotograndeguide.com\/sotogrande-restaurants\/benesse\/","url":"https:\/\/www.sotograndeguide.com\/sotogrande-restaurants\/benesse\/","name":"Benesse","isPartOf":{"@id":"https:\/\/www.sotograndeguide.com\/#website"},"primaryImageOfPage":{"@id":"https:\/\/www.sotograndeguide.com\/sotogrande-restaurants\/benesse\/#primaryimage"},"image":{"@id":"https:\/\/www.sotograndeguide.com\/sotogrande-restaurants\/benesse\/#primaryimage"},"thumbnailUrl":"https:\/\/www.sotograndeguide.com\/wp-content\/uploads\/2018\/05\/Benesse.jpg","datePublished":"2018-05-24T11:39:46+00:00","dateModified":"2019-05-21T20:41:12+00:00","breadcrumb":{"@id":"https:\/\/www.sotograndeguide.com\/sotogrande-restaurants\/benesse\/#breadcrumb"},"inLanguage":"fr-FR","potentialAction":[{"@type":"ReadAction","target":["https:\/\/www.sotograndeguide.com\/sotogrande-restaurants\/benesse\/"]}]},{"@type":"ImageObject","inLanguage":"fr-FR","@id":"https:\/\/www.sotograndeguide.com\/sotogrande-restaurants\/benesse\/#primaryimage","url":"https:\/\/www.sotograndeguide.com\/wp-content\/uploads\/2018\/05\/Benesse.jpg","contentUrl":"https:\/\/www.sotograndeguide.com\/wp-content\/uploads\/2018\/05\/Benesse.jpg","width":960,"height":640,"caption":"Benesse"},{"@type":"BreadcrumbList","@id":"https:\/\/www.sotograndeguide.com\/sotogrande-restaurants\/benesse\/#breadcrumb","itemListElement":[{"@type":"ListItem","position":1,"name":"Home","item":"https:\/\/www.sotograndeguide.com\/"},{"@type":"ListItem","position":2,"name":"Sotogrande Restaurants","item":"https:\/\/www.sotograndeguide.com\/sotogrande-restaurants\/"},{"@type":"ListItem","position":3,"name":"Benesse"}]},{"@type":"WebSite","@id":"https:\/\/www.sotograndeguide.com\/#website","url":"https:\/\/www.sotograndeguide.com\/","name":"Guide de Sotogrande","description":"Nouvelles, conseils, \u00e9v\u00e9nements et critiques","publisher":{"@id":"https:\/\/www.sotograndeguide.com\/#organization"},"potentialAction":[{"@type":"SearchAction","target":{"@type":"EntryPoint","urlTemplate":"https:\/\/www.sotograndeguide.com\/?s={search_term_string}"},"query-input":{"@type":"PropertyValueSpecification","valueRequired":true,"valueName":"search_term_string"}}],"inLanguage":"fr-FR"},{"@type":"Organization","@id":"https:\/\/www.sotograndeguide.com\/#organization","name":"Guide de Sotogrande","url":"https:\/\/www.sotograndeguide.com\/","logo":{"@type":"ImageObject","inLanguage":"fr-FR","@id":"https:\/\/www.sotograndeguide.com\/#\/schema\/logo\/image\/","url":"https:\/\/www.sotograndeguide.com\/wp-content\/uploads\/2017\/03\/Sotogrande-Logo-GUIDE.png","contentUrl":"https:\/\/www.sotograndeguide.com\/wp-content\/uploads\/2017\/03\/Sotogrande-Logo-GUIDE.png","width":300,"height":300,"caption":"Sotogrande Guide"},"image":{"@id":"https:\/\/www.sotograndeguide.com\/#\/schema\/logo\/image\/"},"sameAs":["https:\/\/www.facebook.com\/sotograndeguide","https:\/\/x.com\/sotograndeguide","https:\/\/www.tiktok.com\/@sotograndeguide","https:\/\/www.youtube.com\/@SotograndeGuide"]}]}},"jetpack_sharing_enabled":true,"_links":{"self":[{"href":"https:\/\/www.sotograndeguide.com\/fr\/wp-json\/wp\/v2\/pages\/34531","targetHints":{"allow":["GET"]}}],"collection":[{"href":"https:\/\/www.sotograndeguide.com\/fr\/wp-json\/wp\/v2\/pages"}],"about":[{"href":"https:\/\/www.sotograndeguide.com\/fr\/wp-json\/wp\/v2\/types\/page"}],"author":[{"embeddable":true,"href":"https:\/\/www.sotograndeguide.com\/fr\/wp-json\/wp\/v2\/users\/1"}],"replies":[{"embeddable":true,"href":"https:\/\/www.sotograndeguide.com\/fr\/wp-json\/wp\/v2\/comments?post=34531"}],"version-history":[{"count":0,"href":"https:\/\/www.sotograndeguide.com\/fr\/wp-json\/wp\/v2\/pages\/34531\/revisions"}],"up":[{"embeddable":true,"href":"https:\/\/www.sotograndeguide.com\/fr\/wp-json\/wp\/v2\/pages\/91"}],"wp:featuredmedia":[{"embeddable":true,"href":"https:\/\/www.sotograndeguide.com\/fr\/wp-json\/wp\/v2\/media\/34534"}],"wp:attachment":[{"href":"https:\/\/www.sotograndeguide.com\/fr\/wp-json\/wp\/v2\/media?parent=34531"}],"curies":[{"name":"wp","href":"https:\/\/api.w.org\/{rel}","templated":true}]}}