{"id":33895,"date":"2018-01-06T20:34:07","date_gmt":"2018-01-06T20:34:07","guid":{"rendered":"https:\/\/www.sotograndeguide.com\/?page_id=33895"},"modified":"2018-05-13T11:40:47","modified_gmt":"2018-05-13T11:40:47","slug":"sotoprint","status":"publish","type":"page","link":"https:\/\/www.sotograndeguide.com\/fr\/sotogrande-professional-services\/sotoprint\/","title":{"rendered":"Sotoprint"},"content":{"rendered":"<p>Sotoprint propose des services de conception publicitaire, d'impression num\u00e9rique, de lettrage, de num\u00e9risation, de photographie, d'impression textile, de broderie, de cadeaux personnalis\u00e9s, de tapis d'entreprise et bien plus encore.<\/p>\n<p><strong>Sotoprint<\/strong><br \/>\nAdresse : Calle Sierra Bermeja, 71B, 11311, Pueblo Nuevo de Guadiaro, C\u00e1diz<br \/>\nT\u00e9l\u00e9phone : <a href=\"tel:+34956695502\">956695502<\/a><\/p>","protected":false},"excerpt":{"rendered":"<p>Sotoprint propose des services de conception publicitaire, d'impression num\u00e9rique, de lettrage, de num\u00e9risation, de photographie, d'impression textile, de broderie, de cadeaux personnalis\u00e9s, de tapis d'entreprise et plus encore. Adresse de Sotoprint : Calle Sierra Bermeja, 71B, 11311, Pueblo Nuevo de Guadiaro, Cadix T\u00e9l\u00e9phone : 956695502<\/p>","protected":false},"author":1,"featured_media":33899,"parent":33892,"menu_order":0,"comment_status":"closed","ping_status":"closed","template":"","meta":{"footnotes":""},"class_list":["post-33895","page","type-page","status-publish","has-post-thumbnail"],"yoast_head":"<!-- This site is optimized with the Yoast SEO Premium plugin v20.5 (Yoast SEO v27.5) - https:\/\/yoast.com\/product\/yoast-seo-premium-wordpress\/ -->\n<title>Sotoprint<\/title>\n<meta name=\"robots\" content=\"index, follow, max-snippet:-1, max-image-preview:large, max-video-preview:-1\" \/>\n<link rel=\"canonical\" href=\"https:\/\/www.sotograndeguide.com\/fr\/services-professionnels-de-sotogrande\/sotoprint\/\" \/>\n<meta property=\"og:locale\" content=\"fr_FR\" \/>\n<meta property=\"og:type\" content=\"article\" \/>\n<meta property=\"og:title\" content=\"Sotoprint\" \/>\n<meta property=\"og:description\" content=\"Sotoprint offers Advertising Design, Digital Printing, Lettering, Digitization, Photography, Textile Printing, Embroidery, Personalized Gift, Corporate Rugs and More. Sotoprint Address: Calle Sierra Bermeja, 71B, 11311, Pueblo Nuevo de Guadiaro, C\u00e1diz Telephone: 956695502\" \/>\n<meta property=\"og:url\" content=\"https:\/\/www.sotograndeguide.com\/fr\/services-professionnels-de-sotogrande\/sotoprint\/\" \/>\n<meta property=\"og:site_name\" content=\"Sotogrande Guide\" \/>\n<meta property=\"article:publisher\" content=\"https:\/\/www.facebook.com\/sotograndeguide\" \/>\n<meta property=\"article:modified_time\" content=\"2018-05-13T11:40:47+00:00\" \/>\n<meta property=\"og:image\" content=\"https:\/\/www.sotograndeguide.com\/wp-content\/uploads\/2018\/01\/933098_1280.jpg\" \/>\n\t<meta property=\"og:image:width\" content=\"1280\" \/>\n\t<meta property=\"og:image:height\" content=\"853\" \/>\n\t<meta property=\"og:image:type\" content=\"image\/jpeg\" \/>\n<meta name=\"twitter:card\" content=\"summary_large_image\" \/>\n<meta name=\"twitter:site\" content=\"@sotograndeguide\" \/>\n<!-- \/ Yoast SEO Premium plugin. -->","yoast_head_json":{"title":"Sotoprint","robots":{"index":"index","follow":"follow","max-snippet":"max-snippet:-1","max-image-preview":"max-image-preview:large","max-video-preview":"max-video-preview:-1"},"canonical":"https:\/\/www.sotograndeguide.com\/fr\/services-professionnels-de-sotogrande\/sotoprint\/","og_locale":"fr_FR","og_type":"article","og_title":"Sotoprint","og_description":"Sotoprint offers Advertising Design, Digital Printing, Lettering, Digitization, Photography, Textile Printing, Embroidery, Personalized Gift, Corporate Rugs and More. Sotoprint Address: Calle Sierra Bermeja, 71B, 11311, Pueblo Nuevo de Guadiaro, C\u00e1diz Telephone: 956695502","og_url":"https:\/\/www.sotograndeguide.com\/fr\/services-professionnels-de-sotogrande\/sotoprint\/","og_site_name":"Sotogrande Guide","article_publisher":"https:\/\/www.facebook.com\/sotograndeguide","article_modified_time":"2018-05-13T11:40:47+00:00","og_image":[{"width":1280,"height":853,"url":"https:\/\/www.sotograndeguide.com\/wp-content\/uploads\/2018\/01\/933098_1280.jpg","type":"image\/jpeg"}],"twitter_card":"summary_large_image","twitter_site":"@sotograndeguide","schema":{"@context":"https:\/\/schema.org","@graph":[{"@type":"WebPage","@id":"https:\/\/www.sotograndeguide.com\/sotogrande-professional-services\/sotoprint\/","url":"https:\/\/www.sotograndeguide.com\/sotogrande-professional-services\/sotoprint\/","name":"Sotoprint","isPartOf":{"@id":"https:\/\/www.sotograndeguide.com\/#website"},"primaryImageOfPage":{"@id":"https:\/\/www.sotograndeguide.com\/sotogrande-professional-services\/sotoprint\/#primaryimage"},"image":{"@id":"https:\/\/www.sotograndeguide.com\/sotogrande-professional-services\/sotoprint\/#primaryimage"},"thumbnailUrl":"https:\/\/www.sotograndeguide.com\/wp-content\/uploads\/2018\/01\/933098_1280.jpg","datePublished":"2018-01-06T20:34:07+00:00","dateModified":"2018-05-13T11:40:47+00:00","breadcrumb":{"@id":"https:\/\/www.sotograndeguide.com\/sotogrande-professional-services\/sotoprint\/#breadcrumb"},"inLanguage":"fr-FR","potentialAction":[{"@type":"ReadAction","target":["https:\/\/www.sotograndeguide.com\/sotogrande-professional-services\/sotoprint\/"]}]},{"@type":"ImageObject","inLanguage":"fr-FR","@id":"https:\/\/www.sotograndeguide.com\/sotogrande-professional-services\/sotoprint\/#primaryimage","url":"https:\/\/www.sotograndeguide.com\/wp-content\/uploads\/2018\/01\/933098_1280.jpg","contentUrl":"https:\/\/www.sotograndeguide.com\/wp-content\/uploads\/2018\/01\/933098_1280.jpg","width":1280,"height":853,"caption":"Sotoprint"},{"@type":"BreadcrumbList","@id":"https:\/\/www.sotograndeguide.com\/sotogrande-professional-services\/sotoprint\/#breadcrumb","itemListElement":[{"@type":"ListItem","position":1,"name":"Home","item":"https:\/\/www.sotograndeguide.com\/"},{"@type":"ListItem","position":2,"name":"Sotogrande Professional Services","item":"https:\/\/www.sotograndeguide.com\/sotogrande-professional-services\/"},{"@type":"ListItem","position":3,"name":"Sotoprint"}]},{"@type":"WebSite","@id":"https:\/\/www.sotograndeguide.com\/#website","url":"https:\/\/www.sotograndeguide.com\/","name":"Guide de Sotogrande","description":"Nouvelles, conseils, \u00e9v\u00e9nements et critiques","publisher":{"@id":"https:\/\/www.sotograndeguide.com\/#organization"},"potentialAction":[{"@type":"SearchAction","target":{"@type":"EntryPoint","urlTemplate":"https:\/\/www.sotograndeguide.com\/?s={search_term_string}"},"query-input":{"@type":"PropertyValueSpecification","valueRequired":true,"valueName":"search_term_string"}}],"inLanguage":"fr-FR"},{"@type":"Organization","@id":"https:\/\/www.sotograndeguide.com\/#organization","name":"Guide de Sotogrande","url":"https:\/\/www.sotograndeguide.com\/","logo":{"@type":"ImageObject","inLanguage":"fr-FR","@id":"https:\/\/www.sotograndeguide.com\/#\/schema\/logo\/image\/","url":"https:\/\/www.sotograndeguide.com\/wp-content\/uploads\/2017\/03\/Sotogrande-Logo-GUIDE.png","contentUrl":"https:\/\/www.sotograndeguide.com\/wp-content\/uploads\/2017\/03\/Sotogrande-Logo-GUIDE.png","width":300,"height":300,"caption":"Sotogrande Guide"},"image":{"@id":"https:\/\/www.sotograndeguide.com\/#\/schema\/logo\/image\/"},"sameAs":["https:\/\/www.facebook.com\/sotograndeguide","https:\/\/x.com\/sotograndeguide","https:\/\/www.tiktok.com\/@sotograndeguide","https:\/\/www.youtube.com\/@SotograndeGuide"]}]}},"jetpack_sharing_enabled":true,"_links":{"self":[{"href":"https:\/\/www.sotograndeguide.com\/fr\/wp-json\/wp\/v2\/pages\/33895","targetHints":{"allow":["GET"]}}],"collection":[{"href":"https:\/\/www.sotograndeguide.com\/fr\/wp-json\/wp\/v2\/pages"}],"about":[{"href":"https:\/\/www.sotograndeguide.com\/fr\/wp-json\/wp\/v2\/types\/page"}],"author":[{"embeddable":true,"href":"https:\/\/www.sotograndeguide.com\/fr\/wp-json\/wp\/v2\/users\/1"}],"replies":[{"embeddable":true,"href":"https:\/\/www.sotograndeguide.com\/fr\/wp-json\/wp\/v2\/comments?post=33895"}],"version-history":[{"count":0,"href":"https:\/\/www.sotograndeguide.com\/fr\/wp-json\/wp\/v2\/pages\/33895\/revisions"}],"up":[{"embeddable":true,"href":"https:\/\/www.sotograndeguide.com\/fr\/wp-json\/wp\/v2\/pages\/33892"}],"wp:featuredmedia":[{"embeddable":true,"href":"https:\/\/www.sotograndeguide.com\/fr\/wp-json\/wp\/v2\/media\/33899"}],"wp:attachment":[{"href":"https:\/\/www.sotograndeguide.com\/fr\/wp-json\/wp\/v2\/media?parent=33895"}],"curies":[{"name":"wp","href":"https:\/\/api.w.org\/{rel}","templated":true}]}}