{"id":33867,"date":"2018-01-01T11:28:46","date_gmt":"2018-01-01T11:28:46","guid":{"rendered":"https:\/\/www.sotograndeguide.com\/?page_id=33867"},"modified":"2018-05-13T11:12:57","modified_gmt":"2018-05-13T11:12:57","slug":"bahia-limon-chiringochill","status":"publish","type":"page","link":"https:\/\/www.sotograndeguide.com\/fr\/sotogrande-beaches\/bahia-limon-chiringochill\/","title":{"rendered":"Bahia Limon Chiringochill"},"content":{"rendered":"<p>Le club de plage Bahia Limon est une destination de plage tr\u00e8s populaire juste \u00e0 c\u00f4t\u00e9 de Sotogrande, sur la plage de Torreguadiaro.<\/p>\n<p><strong>Bahia Limon Chiringochill<\/strong><br \/>\nAdresse : Playa de Torreguadiaro, 11312, Sotogrande, Espagne<br \/>\nT\u00e9l\u00e9phone : <a href=\"tel:+34671610234\">671610234<\/a><\/p>","protected":false},"excerpt":{"rendered":"<p>Le club de plage Bahia Limon est une destination tr\u00e8s populaire juste \u00e0 c\u00f4t\u00e9 de Sotogrande, sur la plage de Torreguadiaro. Bahia Limon Chiringochill Adresse : Playa de Torreguadiaro, 11312, Sotogrande, Espagne T\u00e9l\u00e9phone : 671610234<\/p>","protected":false},"author":1,"featured_media":33871,"parent":85,"menu_order":0,"comment_status":"closed","ping_status":"closed","template":"","meta":{"footnotes":""},"class_list":["post-33867","page","type-page","status-publish","has-post-thumbnail"],"yoast_head":"<!-- This site is optimized with the Yoast SEO Premium plugin v20.5 (Yoast SEO v27.4) - https:\/\/yoast.com\/product\/yoast-seo-premium-wordpress\/ -->\n<title>Bahia Limon Chiringochill<\/title>\n<meta name=\"robots\" content=\"index, follow, max-snippet:-1, max-image-preview:large, max-video-preview:-1\" \/>\n<link rel=\"canonical\" href=\"https:\/\/www.sotograndeguide.com\/fr\/plages-de-sotogrande\/bahia-limon-chiringochill\/\" \/>\n<meta property=\"og:locale\" content=\"fr_FR\" \/>\n<meta property=\"og:type\" content=\"article\" \/>\n<meta property=\"og:title\" content=\"Bahia Limon Chiringochill\" \/>\n<meta property=\"og:description\" content=\"The beach club Bahia Limon is a very popular beach destination just next to Sotogrande on the beach of Torreguadiaro. Bahia Limon Chiringochill Address: Playa de Torreguadiaro, 11312, Sotogrande, Spain Telephone: 671610234\" \/>\n<meta property=\"og:url\" content=\"https:\/\/www.sotograndeguide.com\/fr\/plages-de-sotogrande\/bahia-limon-chiringochill\/\" \/>\n<meta property=\"og:site_name\" content=\"Sotogrande Guide\" \/>\n<meta property=\"article:publisher\" content=\"https:\/\/www.facebook.com\/sotograndeguide\" \/>\n<meta property=\"article:modified_time\" content=\"2018-05-13T11:12:57+00:00\" \/>\n<meta property=\"og:image\" content=\"https:\/\/www.sotograndeguide.com\/wp-content\/uploads\/2018\/01\/Bahia-Limon-Chiringochill.jpg\" \/>\n\t<meta property=\"og:image:width\" content=\"960\" \/>\n\t<meta property=\"og:image:height\" content=\"640\" \/>\n\t<meta property=\"og:image:type\" content=\"image\/jpeg\" \/>\n<meta name=\"twitter:card\" content=\"summary_large_image\" \/>\n<meta name=\"twitter:site\" content=\"@sotograndeguide\" \/>\n<!-- \/ Yoast SEO Premium plugin. -->","yoast_head_json":{"title":"Bahia Limon Chiringochill","robots":{"index":"index","follow":"follow","max-snippet":"max-snippet:-1","max-image-preview":"max-image-preview:large","max-video-preview":"max-video-preview:-1"},"canonical":"https:\/\/www.sotograndeguide.com\/fr\/plages-de-sotogrande\/bahia-limon-chiringochill\/","og_locale":"fr_FR","og_type":"article","og_title":"Bahia Limon Chiringochill","og_description":"The beach club Bahia Limon is a very popular beach destination just next to Sotogrande on the beach of Torreguadiaro. Bahia Limon Chiringochill Address: Playa de Torreguadiaro, 11312, Sotogrande, Spain Telephone: 671610234","og_url":"https:\/\/www.sotograndeguide.com\/fr\/plages-de-sotogrande\/bahia-limon-chiringochill\/","og_site_name":"Sotogrande Guide","article_publisher":"https:\/\/www.facebook.com\/sotograndeguide","article_modified_time":"2018-05-13T11:12:57+00:00","og_image":[{"width":960,"height":640,"url":"https:\/\/www.sotograndeguide.com\/wp-content\/uploads\/2018\/01\/Bahia-Limon-Chiringochill.jpg","type":"image\/jpeg"}],"twitter_card":"summary_large_image","twitter_site":"@sotograndeguide","schema":{"@context":"https:\/\/schema.org","@graph":[{"@type":"WebPage","@id":"https:\/\/www.sotograndeguide.com\/sotogrande-beaches\/bahia-limon-chiringochill\/","url":"https:\/\/www.sotograndeguide.com\/sotogrande-beaches\/bahia-limon-chiringochill\/","name":"Bahia Limon Chiringochill","isPartOf":{"@id":"https:\/\/www.sotograndeguide.com\/#website"},"primaryImageOfPage":{"@id":"https:\/\/www.sotograndeguide.com\/sotogrande-beaches\/bahia-limon-chiringochill\/#primaryimage"},"image":{"@id":"https:\/\/www.sotograndeguide.com\/sotogrande-beaches\/bahia-limon-chiringochill\/#primaryimage"},"thumbnailUrl":"https:\/\/www.sotograndeguide.com\/wp-content\/uploads\/2018\/01\/Bahia-Limon-Chiringochill.jpg","datePublished":"2018-01-01T11:28:46+00:00","dateModified":"2018-05-13T11:12:57+00:00","breadcrumb":{"@id":"https:\/\/www.sotograndeguide.com\/sotogrande-beaches\/bahia-limon-chiringochill\/#breadcrumb"},"inLanguage":"fr-FR","potentialAction":[{"@type":"ReadAction","target":["https:\/\/www.sotograndeguide.com\/sotogrande-beaches\/bahia-limon-chiringochill\/"]}]},{"@type":"ImageObject","inLanguage":"fr-FR","@id":"https:\/\/www.sotograndeguide.com\/sotogrande-beaches\/bahia-limon-chiringochill\/#primaryimage","url":"https:\/\/www.sotograndeguide.com\/wp-content\/uploads\/2018\/01\/Bahia-Limon-Chiringochill.jpg","contentUrl":"https:\/\/www.sotograndeguide.com\/wp-content\/uploads\/2018\/01\/Bahia-Limon-Chiringochill.jpg","width":960,"height":640,"caption":"Bahia Limon Chiringochill"},{"@type":"BreadcrumbList","@id":"https:\/\/www.sotograndeguide.com\/sotogrande-beaches\/bahia-limon-chiringochill\/#breadcrumb","itemListElement":[{"@type":"ListItem","position":1,"name":"Home","item":"https:\/\/www.sotograndeguide.com\/"},{"@type":"ListItem","position":2,"name":"Sotogrande Beaches","item":"https:\/\/www.sotograndeguide.com\/sotogrande-beaches\/"},{"@type":"ListItem","position":3,"name":"Bahia Limon Chiringochill"}]},{"@type":"WebSite","@id":"https:\/\/www.sotograndeguide.com\/#website","url":"https:\/\/www.sotograndeguide.com\/","name":"Guide de Sotogrande","description":"Nouvelles, conseils, \u00e9v\u00e9nements et critiques","publisher":{"@id":"https:\/\/www.sotograndeguide.com\/#organization"},"potentialAction":[{"@type":"SearchAction","target":{"@type":"EntryPoint","urlTemplate":"https:\/\/www.sotograndeguide.com\/?s={search_term_string}"},"query-input":{"@type":"PropertyValueSpecification","valueRequired":true,"valueName":"search_term_string"}}],"inLanguage":"fr-FR"},{"@type":"Organization","@id":"https:\/\/www.sotograndeguide.com\/#organization","name":"Guide de Sotogrande","url":"https:\/\/www.sotograndeguide.com\/","logo":{"@type":"ImageObject","inLanguage":"fr-FR","@id":"https:\/\/www.sotograndeguide.com\/#\/schema\/logo\/image\/","url":"https:\/\/www.sotograndeguide.com\/wp-content\/uploads\/2017\/03\/Sotogrande-Logo-GUIDE.png","contentUrl":"https:\/\/www.sotograndeguide.com\/wp-content\/uploads\/2017\/03\/Sotogrande-Logo-GUIDE.png","width":300,"height":300,"caption":"Sotogrande Guide"},"image":{"@id":"https:\/\/www.sotograndeguide.com\/#\/schema\/logo\/image\/"},"sameAs":["https:\/\/www.facebook.com\/sotograndeguide","https:\/\/x.com\/sotograndeguide","https:\/\/www.tiktok.com\/@sotograndeguide","https:\/\/www.youtube.com\/@SotograndeGuide"]}]}},"jetpack_sharing_enabled":true,"_links":{"self":[{"href":"https:\/\/www.sotograndeguide.com\/fr\/wp-json\/wp\/v2\/pages\/33867","targetHints":{"allow":["GET"]}}],"collection":[{"href":"https:\/\/www.sotograndeguide.com\/fr\/wp-json\/wp\/v2\/pages"}],"about":[{"href":"https:\/\/www.sotograndeguide.com\/fr\/wp-json\/wp\/v2\/types\/page"}],"author":[{"embeddable":true,"href":"https:\/\/www.sotograndeguide.com\/fr\/wp-json\/wp\/v2\/users\/1"}],"replies":[{"embeddable":true,"href":"https:\/\/www.sotograndeguide.com\/fr\/wp-json\/wp\/v2\/comments?post=33867"}],"version-history":[{"count":0,"href":"https:\/\/www.sotograndeguide.com\/fr\/wp-json\/wp\/v2\/pages\/33867\/revisions"}],"up":[{"embeddable":true,"href":"https:\/\/www.sotograndeguide.com\/fr\/wp-json\/wp\/v2\/pages\/85"}],"wp:featuredmedia":[{"embeddable":true,"href":"https:\/\/www.sotograndeguide.com\/fr\/wp-json\/wp\/v2\/media\/33871"}],"wp:attachment":[{"href":"https:\/\/www.sotograndeguide.com\/fr\/wp-json\/wp\/v2\/media?parent=33867"}],"curies":[{"name":"wp","href":"https:\/\/api.w.org\/{rel}","templated":true}]}}