{"id":33864,"date":"2018-01-01T11:26:45","date_gmt":"2018-01-01T11:26:45","guid":{"rendered":"https:\/\/www.sotograndeguide.com\/?page_id=33864"},"modified":"2019-07-07T19:58:27","modified_gmt":"2019-07-07T19:58:27","slug":"bunker-beach-club","status":"publish","type":"page","link":"https:\/\/www.sotograndeguide.com\/fr\/sotogrande-beaches\/bunker-beach-club\/","title":{"rendered":"Bunker Beach Club"},"content":{"rendered":"<p>Le Bunker Beach Club de Sotogrande est un club de plage typique de style chiringuito. Il propose une cuisine m\u00e9diterran\u00e9enne et offre une vue imprenable sur l'Afrique et le rocher de Gibraltar. Il est situ\u00e9 sur une plage vierge de la station baln\u00e9aire de Sotogrande.<\/p>\n<p><strong>Bunker Beach Club Sotogrande<\/strong><br \/>\nAdresse : Playa de Guadalquit\u00f3n, Sotogrande 11310<br \/>\nT\u00e9l\u00e9phone : <a href=\"tel:+34744404241\">744404241<\/a><\/p>","protected":false},"excerpt":{"rendered":"<p>Le Bunker Beach Club de Sotogrande est un club de plage typique de style chiringuito. Il propose une cuisine m\u00e9diterran\u00e9enne et offre une vue imprenable sur l'Afrique et le rocher de Gibraltar. Il est situ\u00e9 sur une plage vierge de la station baln\u00e9aire de Sotogrande. Bunker Beach Club Sotogrande Adresse : Playa de Guadalquit\u00f3n, Sotogrande 11310 T\u00e9l\u00e9phone : 744404241<\/p>","protected":false},"author":1,"featured_media":33869,"parent":85,"menu_order":0,"comment_status":"closed","ping_status":"closed","template":"","meta":{"footnotes":""},"class_list":["post-33864","page","type-page","status-publish","has-post-thumbnail"],"yoast_head":"<!-- This site is optimized with the Yoast SEO Premium plugin v20.5 (Yoast SEO v27.5) - https:\/\/yoast.com\/product\/yoast-seo-premium-wordpress\/ -->\n<title>Bunker Beach Club<\/title>\n<meta name=\"robots\" content=\"index, follow, max-snippet:-1, max-image-preview:large, max-video-preview:-1\" \/>\n<link rel=\"canonical\" href=\"https:\/\/www.sotograndeguide.com\/fr\/plages-de-sotogrande\/bunker-beach-club\/\" \/>\n<meta property=\"og:locale\" content=\"fr_FR\" \/>\n<meta property=\"og:type\" content=\"article\" \/>\n<meta property=\"og:title\" content=\"Bunker Beach Club\" \/>\n<meta property=\"og:description\" content=\"The Bunker Beach Club in Sotogrande is a typical chiringuito style beach club. They offer Mediterranean cuisine and amazing views to Africa and the rock of Gibraltar. Located on a virgin beach in the Sotogrande resort. Bunker Beach Club Sotogrande Address: Playa de Guadalquit\u00f3n, Sotogrande 11310 Telephone: 744404241\" \/>\n<meta property=\"og:url\" content=\"https:\/\/www.sotograndeguide.com\/fr\/plages-de-sotogrande\/bunker-beach-club\/\" \/>\n<meta property=\"og:site_name\" content=\"Sotogrande Guide\" \/>\n<meta property=\"article:publisher\" content=\"https:\/\/www.facebook.com\/sotograndeguide\" \/>\n<meta property=\"article:modified_time\" content=\"2019-07-07T19:58:27+00:00\" \/>\n<meta property=\"og:image\" content=\"https:\/\/www.sotograndeguide.com\/wp-content\/uploads\/2018\/01\/Bunker-Beach-Club-Sotogrande.jpg\" \/>\n\t<meta property=\"og:image:width\" content=\"960\" \/>\n\t<meta property=\"og:image:height\" content=\"640\" \/>\n\t<meta property=\"og:image:type\" content=\"image\/jpeg\" \/>\n<meta name=\"twitter:card\" content=\"summary_large_image\" \/>\n<meta name=\"twitter:site\" content=\"@sotograndeguide\" \/>\n<!-- \/ Yoast SEO Premium plugin. -->","yoast_head_json":{"title":"Bunker Beach Club","robots":{"index":"index","follow":"follow","max-snippet":"max-snippet:-1","max-image-preview":"max-image-preview:large","max-video-preview":"max-video-preview:-1"},"canonical":"https:\/\/www.sotograndeguide.com\/fr\/plages-de-sotogrande\/bunker-beach-club\/","og_locale":"fr_FR","og_type":"article","og_title":"Bunker Beach Club","og_description":"The Bunker Beach Club in Sotogrande is a typical chiringuito style beach club. They offer Mediterranean cuisine and amazing views to Africa and the rock of Gibraltar. Located on a virgin beach in the Sotogrande resort. Bunker Beach Club Sotogrande Address: Playa de Guadalquit\u00f3n, Sotogrande 11310 Telephone: 744404241","og_url":"https:\/\/www.sotograndeguide.com\/fr\/plages-de-sotogrande\/bunker-beach-club\/","og_site_name":"Sotogrande Guide","article_publisher":"https:\/\/www.facebook.com\/sotograndeguide","article_modified_time":"2019-07-07T19:58:27+00:00","og_image":[{"width":960,"height":640,"url":"https:\/\/www.sotograndeguide.com\/wp-content\/uploads\/2018\/01\/Bunker-Beach-Club-Sotogrande.jpg","type":"image\/jpeg"}],"twitter_card":"summary_large_image","twitter_site":"@sotograndeguide","schema":{"@context":"https:\/\/schema.org","@graph":[{"@type":"WebPage","@id":"https:\/\/www.sotograndeguide.com\/sotogrande-beaches\/bunker-beach-club\/","url":"https:\/\/www.sotograndeguide.com\/sotogrande-beaches\/bunker-beach-club\/","name":"Bunker Beach Club","isPartOf":{"@id":"https:\/\/www.sotograndeguide.com\/#website"},"primaryImageOfPage":{"@id":"https:\/\/www.sotograndeguide.com\/sotogrande-beaches\/bunker-beach-club\/#primaryimage"},"image":{"@id":"https:\/\/www.sotograndeguide.com\/sotogrande-beaches\/bunker-beach-club\/#primaryimage"},"thumbnailUrl":"https:\/\/www.sotograndeguide.com\/wp-content\/uploads\/2018\/01\/Bunker-Beach-Club-Sotogrande.jpg","datePublished":"2018-01-01T11:26:45+00:00","dateModified":"2019-07-07T19:58:27+00:00","breadcrumb":{"@id":"https:\/\/www.sotograndeguide.com\/sotogrande-beaches\/bunker-beach-club\/#breadcrumb"},"inLanguage":"fr-FR","potentialAction":[{"@type":"ReadAction","target":["https:\/\/www.sotograndeguide.com\/sotogrande-beaches\/bunker-beach-club\/"]}]},{"@type":"ImageObject","inLanguage":"fr-FR","@id":"https:\/\/www.sotograndeguide.com\/sotogrande-beaches\/bunker-beach-club\/#primaryimage","url":"https:\/\/www.sotograndeguide.com\/wp-content\/uploads\/2018\/01\/Bunker-Beach-Club-Sotogrande.jpg","contentUrl":"https:\/\/www.sotograndeguide.com\/wp-content\/uploads\/2018\/01\/Bunker-Beach-Club-Sotogrande.jpg","width":960,"height":640,"caption":"Bunker Beach Club Sotogrande"},{"@type":"BreadcrumbList","@id":"https:\/\/www.sotograndeguide.com\/sotogrande-beaches\/bunker-beach-club\/#breadcrumb","itemListElement":[{"@type":"ListItem","position":1,"name":"Home","item":"https:\/\/www.sotograndeguide.com\/"},{"@type":"ListItem","position":2,"name":"Sotogrande Beaches","item":"https:\/\/www.sotograndeguide.com\/sotogrande-beaches\/"},{"@type":"ListItem","position":3,"name":"Bunker Beach Club"}]},{"@type":"WebSite","@id":"https:\/\/www.sotograndeguide.com\/#website","url":"https:\/\/www.sotograndeguide.com\/","name":"Guide de Sotogrande","description":"Nouvelles, conseils, \u00e9v\u00e9nements et critiques","publisher":{"@id":"https:\/\/www.sotograndeguide.com\/#organization"},"potentialAction":[{"@type":"SearchAction","target":{"@type":"EntryPoint","urlTemplate":"https:\/\/www.sotograndeguide.com\/?s={search_term_string}"},"query-input":{"@type":"PropertyValueSpecification","valueRequired":true,"valueName":"search_term_string"}}],"inLanguage":"fr-FR"},{"@type":"Organization","@id":"https:\/\/www.sotograndeguide.com\/#organization","name":"Guide de Sotogrande","url":"https:\/\/www.sotograndeguide.com\/","logo":{"@type":"ImageObject","inLanguage":"fr-FR","@id":"https:\/\/www.sotograndeguide.com\/#\/schema\/logo\/image\/","url":"https:\/\/www.sotograndeguide.com\/wp-content\/uploads\/2017\/03\/Sotogrande-Logo-GUIDE.png","contentUrl":"https:\/\/www.sotograndeguide.com\/wp-content\/uploads\/2017\/03\/Sotogrande-Logo-GUIDE.png","width":300,"height":300,"caption":"Sotogrande Guide"},"image":{"@id":"https:\/\/www.sotograndeguide.com\/#\/schema\/logo\/image\/"},"sameAs":["https:\/\/www.facebook.com\/sotograndeguide","https:\/\/x.com\/sotograndeguide","https:\/\/www.tiktok.com\/@sotograndeguide","https:\/\/www.youtube.com\/@SotograndeGuide"]}]}},"jetpack_sharing_enabled":true,"_links":{"self":[{"href":"https:\/\/www.sotograndeguide.com\/fr\/wp-json\/wp\/v2\/pages\/33864","targetHints":{"allow":["GET"]}}],"collection":[{"href":"https:\/\/www.sotograndeguide.com\/fr\/wp-json\/wp\/v2\/pages"}],"about":[{"href":"https:\/\/www.sotograndeguide.com\/fr\/wp-json\/wp\/v2\/types\/page"}],"author":[{"embeddable":true,"href":"https:\/\/www.sotograndeguide.com\/fr\/wp-json\/wp\/v2\/users\/1"}],"replies":[{"embeddable":true,"href":"https:\/\/www.sotograndeguide.com\/fr\/wp-json\/wp\/v2\/comments?post=33864"}],"version-history":[{"count":0,"href":"https:\/\/www.sotograndeguide.com\/fr\/wp-json\/wp\/v2\/pages\/33864\/revisions"}],"up":[{"embeddable":true,"href":"https:\/\/www.sotograndeguide.com\/fr\/wp-json\/wp\/v2\/pages\/85"}],"wp:featuredmedia":[{"embeddable":true,"href":"https:\/\/www.sotograndeguide.com\/fr\/wp-json\/wp\/v2\/media\/33869"}],"wp:attachment":[{"href":"https:\/\/www.sotograndeguide.com\/fr\/wp-json\/wp\/v2\/media?parent=33864"}],"curies":[{"name":"wp","href":"https:\/\/api.w.org\/{rel}","templated":true}]}}