{"id":33785,"date":"2018-01-01T10:43:54","date_gmt":"2018-01-01T10:43:54","guid":{"rendered":"https:\/\/www.sotograndeguide.com\/?page_id=33785"},"modified":"2018-05-13T11:17:19","modified_gmt":"2018-05-13T11:17:19","slug":"plage-de-gigis","status":"publish","type":"page","link":"https:\/\/www.sotograndeguide.com\/fr\/sotogrande-beaches\/gigis-beach\/","title":{"rendered":"Plage de Gigi"},"content":{"rendered":"<p>Le bar de plage Gigi's Beach est situ\u00e9 pr\u00e8s de l'embarcad\u00e8re du port de Sotogrande. Il s'agit d'un club de plage d\u00e9contract\u00e9 avec des chaises longues et des parasols \u00e0 franges.<\/p>\n<p><strong>Plage de Gigi<\/strong><br \/>\nAdresse : Paseo del Mar S\/N, Sotogrande Beach, 11310, Sotogrande, Espagne<br \/>\nT\u00e9l\u00e9phone : <a href=\"tel:+34637538889\">637538889<\/a><\/p>","protected":false},"excerpt":{"rendered":"<p>Le bar de plage Gigi's Beach est situ\u00e9 pr\u00e8s de l'embarcad\u00e8re du port de Sotogrande. Il s'agit d'un club de plage d\u00e9contract\u00e9 avec des chaises longues et des parasols \u00e0 franges. Gigi's Beach Adresse : Paseo del Mar S\/N, Sotogrande Beach, 11310, Sotogrande, Espagne T\u00e9l\u00e9phone : 637538889<\/p>","protected":false},"author":1,"featured_media":33853,"parent":85,"menu_order":0,"comment_status":"closed","ping_status":"closed","template":"","meta":{"footnotes":""},"class_list":["post-33785","page","type-page","status-publish","has-post-thumbnail"],"yoast_head":"<!-- This site is optimized with the Yoast SEO Premium plugin v20.5 (Yoast SEO v27.5) - https:\/\/yoast.com\/product\/yoast-seo-premium-wordpress\/ -->\n<title>Gigi&#039;s Beach<\/title>\n<meta name=\"robots\" content=\"index, follow, max-snippet:-1, max-image-preview:large, max-video-preview:-1\" \/>\n<link rel=\"canonical\" href=\"https:\/\/www.sotograndeguide.com\/fr\/plages-de-sotogrande\/plage-de-gigis\/\" \/>\n<meta property=\"og:locale\" content=\"fr_FR\" \/>\n<meta property=\"og:type\" content=\"article\" \/>\n<meta property=\"og:title\" content=\"Gigi&#039;s Beach\" \/>\n<meta property=\"og:description\" content=\"The beach bar Gigi&#8217;s Beach is located near the mooring of Sotogrande Port. Easy going beach club with sun loungers and fringed umbrellas. Gigi&#8217;s Beach Address: Paseo del Mar S\/N, Sotogrande Beach, 11310, Sotogrande, Spain Telephone: 637538889\" \/>\n<meta property=\"og:url\" content=\"https:\/\/www.sotograndeguide.com\/fr\/plages-de-sotogrande\/plage-de-gigis\/\" \/>\n<meta property=\"og:site_name\" content=\"Sotogrande Guide\" \/>\n<meta property=\"article:publisher\" content=\"https:\/\/www.facebook.com\/sotograndeguide\" \/>\n<meta property=\"article:modified_time\" content=\"2018-05-13T11:17:19+00:00\" \/>\n<meta property=\"og:image\" content=\"https:\/\/www.sotograndeguide.com\/wp-content\/uploads\/2018\/01\/Gigis-Beach.jpg\" \/>\n\t<meta property=\"og:image:width\" content=\"960\" \/>\n\t<meta property=\"og:image:height\" content=\"640\" \/>\n\t<meta property=\"og:image:type\" content=\"image\/jpeg\" \/>\n<meta name=\"twitter:card\" content=\"summary_large_image\" \/>\n<meta name=\"twitter:site\" content=\"@sotograndeguide\" \/>\n<!-- \/ Yoast SEO Premium plugin. -->","yoast_head_json":{"title":"Plage de Gigi","robots":{"index":"index","follow":"follow","max-snippet":"max-snippet:-1","max-image-preview":"max-image-preview:large","max-video-preview":"max-video-preview:-1"},"canonical":"https:\/\/www.sotograndeguide.com\/fr\/plages-de-sotogrande\/plage-de-gigis\/","og_locale":"fr_FR","og_type":"article","og_title":"Gigi's Beach","og_description":"The beach bar Gigi&#8217;s Beach is located near the mooring of Sotogrande Port. Easy going beach club with sun loungers and fringed umbrellas. Gigi&#8217;s Beach Address: Paseo del Mar S\/N, Sotogrande Beach, 11310, Sotogrande, Spain Telephone: 637538889","og_url":"https:\/\/www.sotograndeguide.com\/fr\/plages-de-sotogrande\/plage-de-gigis\/","og_site_name":"Sotogrande Guide","article_publisher":"https:\/\/www.facebook.com\/sotograndeguide","article_modified_time":"2018-05-13T11:17:19+00:00","og_image":[{"width":960,"height":640,"url":"https:\/\/www.sotograndeguide.com\/wp-content\/uploads\/2018\/01\/Gigis-Beach.jpg","type":"image\/jpeg"}],"twitter_card":"summary_large_image","twitter_site":"@sotograndeguide","schema":{"@context":"https:\/\/schema.org","@graph":[{"@type":"WebPage","@id":"https:\/\/www.sotograndeguide.com\/sotogrande-beaches\/gigis-beach\/","url":"https:\/\/www.sotograndeguide.com\/sotogrande-beaches\/gigis-beach\/","name":"Plage de Gigi","isPartOf":{"@id":"https:\/\/www.sotograndeguide.com\/#website"},"primaryImageOfPage":{"@id":"https:\/\/www.sotograndeguide.com\/sotogrande-beaches\/gigis-beach\/#primaryimage"},"image":{"@id":"https:\/\/www.sotograndeguide.com\/sotogrande-beaches\/gigis-beach\/#primaryimage"},"thumbnailUrl":"https:\/\/www.sotograndeguide.com\/wp-content\/uploads\/2018\/01\/Gigis-Beach.jpg","datePublished":"2018-01-01T10:43:54+00:00","dateModified":"2018-05-13T11:17:19+00:00","breadcrumb":{"@id":"https:\/\/www.sotograndeguide.com\/sotogrande-beaches\/gigis-beach\/#breadcrumb"},"inLanguage":"fr-FR","potentialAction":[{"@type":"ReadAction","target":["https:\/\/www.sotograndeguide.com\/sotogrande-beaches\/gigis-beach\/"]}]},{"@type":"ImageObject","inLanguage":"fr-FR","@id":"https:\/\/www.sotograndeguide.com\/sotogrande-beaches\/gigis-beach\/#primaryimage","url":"https:\/\/www.sotograndeguide.com\/wp-content\/uploads\/2018\/01\/Gigis-Beach.jpg","contentUrl":"https:\/\/www.sotograndeguide.com\/wp-content\/uploads\/2018\/01\/Gigis-Beach.jpg","width":960,"height":640,"caption":"Gigi's Beach Sotogrande"},{"@type":"BreadcrumbList","@id":"https:\/\/www.sotograndeguide.com\/sotogrande-beaches\/gigis-beach\/#breadcrumb","itemListElement":[{"@type":"ListItem","position":1,"name":"Home","item":"https:\/\/www.sotograndeguide.com\/"},{"@type":"ListItem","position":2,"name":"Sotogrande Beaches","item":"https:\/\/www.sotograndeguide.com\/sotogrande-beaches\/"},{"@type":"ListItem","position":3,"name":"Gigi&#8217;s Beach"}]},{"@type":"WebSite","@id":"https:\/\/www.sotograndeguide.com\/#website","url":"https:\/\/www.sotograndeguide.com\/","name":"Guide de Sotogrande","description":"Nouvelles, conseils, \u00e9v\u00e9nements et critiques","publisher":{"@id":"https:\/\/www.sotograndeguide.com\/#organization"},"potentialAction":[{"@type":"SearchAction","target":{"@type":"EntryPoint","urlTemplate":"https:\/\/www.sotograndeguide.com\/?s={search_term_string}"},"query-input":{"@type":"PropertyValueSpecification","valueRequired":true,"valueName":"search_term_string"}}],"inLanguage":"fr-FR"},{"@type":"Organization","@id":"https:\/\/www.sotograndeguide.com\/#organization","name":"Guide de Sotogrande","url":"https:\/\/www.sotograndeguide.com\/","logo":{"@type":"ImageObject","inLanguage":"fr-FR","@id":"https:\/\/www.sotograndeguide.com\/#\/schema\/logo\/image\/","url":"https:\/\/www.sotograndeguide.com\/wp-content\/uploads\/2017\/03\/Sotogrande-Logo-GUIDE.png","contentUrl":"https:\/\/www.sotograndeguide.com\/wp-content\/uploads\/2017\/03\/Sotogrande-Logo-GUIDE.png","width":300,"height":300,"caption":"Sotogrande Guide"},"image":{"@id":"https:\/\/www.sotograndeguide.com\/#\/schema\/logo\/image\/"},"sameAs":["https:\/\/www.facebook.com\/sotograndeguide","https:\/\/x.com\/sotograndeguide","https:\/\/www.tiktok.com\/@sotograndeguide","https:\/\/www.youtube.com\/@SotograndeGuide"]}]}},"jetpack_sharing_enabled":true,"_links":{"self":[{"href":"https:\/\/www.sotograndeguide.com\/fr\/wp-json\/wp\/v2\/pages\/33785","targetHints":{"allow":["GET"]}}],"collection":[{"href":"https:\/\/www.sotograndeguide.com\/fr\/wp-json\/wp\/v2\/pages"}],"about":[{"href":"https:\/\/www.sotograndeguide.com\/fr\/wp-json\/wp\/v2\/types\/page"}],"author":[{"embeddable":true,"href":"https:\/\/www.sotograndeguide.com\/fr\/wp-json\/wp\/v2\/users\/1"}],"replies":[{"embeddable":true,"href":"https:\/\/www.sotograndeguide.com\/fr\/wp-json\/wp\/v2\/comments?post=33785"}],"version-history":[{"count":0,"href":"https:\/\/www.sotograndeguide.com\/fr\/wp-json\/wp\/v2\/pages\/33785\/revisions"}],"up":[{"embeddable":true,"href":"https:\/\/www.sotograndeguide.com\/fr\/wp-json\/wp\/v2\/pages\/85"}],"wp:featuredmedia":[{"embeddable":true,"href":"https:\/\/www.sotograndeguide.com\/fr\/wp-json\/wp\/v2\/media\/33853"}],"wp:attachment":[{"href":"https:\/\/www.sotograndeguide.com\/fr\/wp-json\/wp\/v2\/media?parent=33785"}],"curies":[{"name":"wp","href":"https:\/\/api.w.org\/{rel}","templated":true}]}}