{"id":33779,"date":"2018-01-01T10:31:41","date_gmt":"2018-01-01T10:31:41","guid":{"rendered":"https:\/\/www.sotograndeguide.com\/?page_id=33779"},"modified":"2019-07-05T22:59:22","modified_gmt":"2019-07-05T22:59:22","slug":"chambao","status":"publish","type":"page","link":"https:\/\/www.sotograndeguide.com\/fr\/sotogrande-beaches\/chambao\/","title":{"rendered":"Chambao"},"content":{"rendered":"<p>Chaque \u00e9t\u00e9, la plage de Torreguadiaro accueille le club de plage Chambao. C'est l'un des bars de plage les plus modernes de la r\u00e9gion, avec une touche d'Ibiza. Ne manquez pas les DJ et les cocktails.<\/p>\n<p><strong>Chambao Beach Bar<\/strong><br \/>\nAdresse : Playa de Torreguadiaro, 11312, Torreguadiaro, Espagne<br \/>\nT\u00e9l\u00e9phone : <a href=\"tel:+34657800333\">657800333<\/a><\/p>","protected":false},"excerpt":{"rendered":"<p>Chaque \u00e9t\u00e9, la plage de Torreguadiaro accueille le club de plage Chambao. C'est l'un des bars de plage les plus modernes de la r\u00e9gion, avec une touche d'Ibiza. Ne manquez pas les DJ et les cocktails. Chambao Beach Bar Adresse : Playa de Torreguadiaro, 11312, Torreguadiaro, Espagne T\u00e9l\u00e9phone : 657800333<\/p>","protected":false},"author":1,"featured_media":33847,"parent":85,"menu_order":0,"comment_status":"closed","ping_status":"closed","template":"","meta":{"footnotes":""},"class_list":["post-33779","page","type-page","status-publish","has-post-thumbnail"],"yoast_head":"<!-- This site is optimized with the Yoast SEO Premium plugin v20.5 (Yoast SEO v27.5) - https:\/\/yoast.com\/product\/yoast-seo-premium-wordpress\/ -->\n<title>Chambao Sotogrande \u00b7 Beach Bar &amp; Restaurant - Sotogrande Guide<\/title>\n<meta name=\"description\" content=\"Chambao Sotogrande is one of the most popular beach bars and beach clubs in Sotogrande. Located on the Torreguadiaro beach.\" \/>\n<meta name=\"robots\" content=\"index, follow, max-snippet:-1, max-image-preview:large, max-video-preview:-1\" \/>\n<link rel=\"canonical\" href=\"https:\/\/www.sotograndeguide.com\/fr\/plages-de-sotogrande\/chambao\/\" \/>\n<meta property=\"og:locale\" content=\"fr_FR\" \/>\n<meta property=\"og:type\" content=\"article\" \/>\n<meta property=\"og:title\" content=\"Chambao\" \/>\n<meta property=\"og:description\" content=\"Chambao Sotogrande is one of the most popular beach bars and beach clubs in Sotogrande. Located on the Torreguadiaro beach.\" \/>\n<meta property=\"og:url\" content=\"https:\/\/www.sotograndeguide.com\/fr\/plages-de-sotogrande\/chambao\/\" \/>\n<meta property=\"og:site_name\" content=\"Sotogrande Guide\" \/>\n<meta property=\"article:publisher\" content=\"https:\/\/www.facebook.com\/sotograndeguide\" \/>\n<meta property=\"article:modified_time\" content=\"2019-07-05T22:59:22+00:00\" \/>\n<meta property=\"og:image\" content=\"https:\/\/www.sotograndeguide.com\/wp-content\/uploads\/2018\/01\/Chambao.jpg\" \/>\n\t<meta property=\"og:image:width\" content=\"960\" \/>\n\t<meta property=\"og:image:height\" content=\"640\" \/>\n\t<meta property=\"og:image:type\" content=\"image\/jpeg\" \/>\n<meta name=\"twitter:card\" content=\"summary_large_image\" \/>\n<meta name=\"twitter:site\" content=\"@sotograndeguide\" \/>\n<!-- \/ Yoast SEO Premium plugin. -->","yoast_head_json":{"title":"Chambao Sotogrande - Bar et restaurant de plage - Guide Sotogrande","description":"Le Chambao Sotogrande est l'un des bars et clubs de plage les plus populaires de Sotogrande. Il est situ\u00e9 sur la plage de Torreguadiaro.","robots":{"index":"index","follow":"follow","max-snippet":"max-snippet:-1","max-image-preview":"max-image-preview:large","max-video-preview":"max-video-preview:-1"},"canonical":"https:\/\/www.sotograndeguide.com\/fr\/plages-de-sotogrande\/chambao\/","og_locale":"fr_FR","og_type":"article","og_title":"Chambao","og_description":"Chambao Sotogrande is one of the most popular beach bars and beach clubs in Sotogrande. Located on the Torreguadiaro beach.","og_url":"https:\/\/www.sotograndeguide.com\/fr\/plages-de-sotogrande\/chambao\/","og_site_name":"Sotogrande Guide","article_publisher":"https:\/\/www.facebook.com\/sotograndeguide","article_modified_time":"2019-07-05T22:59:22+00:00","og_image":[{"width":960,"height":640,"url":"https:\/\/www.sotograndeguide.com\/wp-content\/uploads\/2018\/01\/Chambao.jpg","type":"image\/jpeg"}],"twitter_card":"summary_large_image","twitter_site":"@sotograndeguide","schema":{"@context":"https:\/\/schema.org","@graph":[{"@type":"WebPage","@id":"https:\/\/www.sotograndeguide.com\/sotogrande-beaches\/chambao\/","url":"https:\/\/www.sotograndeguide.com\/sotogrande-beaches\/chambao\/","name":"Chambao Sotogrande - Bar et restaurant de plage - Guide Sotogrande","isPartOf":{"@id":"https:\/\/www.sotograndeguide.com\/#website"},"primaryImageOfPage":{"@id":"https:\/\/www.sotograndeguide.com\/sotogrande-beaches\/chambao\/#primaryimage"},"image":{"@id":"https:\/\/www.sotograndeguide.com\/sotogrande-beaches\/chambao\/#primaryimage"},"thumbnailUrl":"https:\/\/www.sotograndeguide.com\/wp-content\/uploads\/2018\/01\/Chambao.jpg","datePublished":"2018-01-01T10:31:41+00:00","dateModified":"2019-07-05T22:59:22+00:00","description":"Le Chambao Sotogrande est l'un des bars et clubs de plage les plus populaires de Sotogrande. Il est situ\u00e9 sur la plage de Torreguadiaro.","breadcrumb":{"@id":"https:\/\/www.sotograndeguide.com\/sotogrande-beaches\/chambao\/#breadcrumb"},"inLanguage":"fr-FR","potentialAction":[{"@type":"ReadAction","target":["https:\/\/www.sotograndeguide.com\/sotogrande-beaches\/chambao\/"]}]},{"@type":"ImageObject","inLanguage":"fr-FR","@id":"https:\/\/www.sotograndeguide.com\/sotogrande-beaches\/chambao\/#primaryimage","url":"https:\/\/www.sotograndeguide.com\/wp-content\/uploads\/2018\/01\/Chambao.jpg","contentUrl":"https:\/\/www.sotograndeguide.com\/wp-content\/uploads\/2018\/01\/Chambao.jpg","width":960,"height":640,"caption":"Chambao Sotogrande"},{"@type":"BreadcrumbList","@id":"https:\/\/www.sotograndeguide.com\/sotogrande-beaches\/chambao\/#breadcrumb","itemListElement":[{"@type":"ListItem","position":1,"name":"Home","item":"https:\/\/www.sotograndeguide.com\/"},{"@type":"ListItem","position":2,"name":"Sotogrande Beaches","item":"https:\/\/www.sotograndeguide.com\/sotogrande-beaches\/"},{"@type":"ListItem","position":3,"name":"Chambao"}]},{"@type":"WebSite","@id":"https:\/\/www.sotograndeguide.com\/#website","url":"https:\/\/www.sotograndeguide.com\/","name":"Guide de Sotogrande","description":"Nouvelles, conseils, \u00e9v\u00e9nements et critiques","publisher":{"@id":"https:\/\/www.sotograndeguide.com\/#organization"},"potentialAction":[{"@type":"SearchAction","target":{"@type":"EntryPoint","urlTemplate":"https:\/\/www.sotograndeguide.com\/?s={search_term_string}"},"query-input":{"@type":"PropertyValueSpecification","valueRequired":true,"valueName":"search_term_string"}}],"inLanguage":"fr-FR"},{"@type":"Organization","@id":"https:\/\/www.sotograndeguide.com\/#organization","name":"Guide de Sotogrande","url":"https:\/\/www.sotograndeguide.com\/","logo":{"@type":"ImageObject","inLanguage":"fr-FR","@id":"https:\/\/www.sotograndeguide.com\/#\/schema\/logo\/image\/","url":"https:\/\/www.sotograndeguide.com\/wp-content\/uploads\/2017\/03\/Sotogrande-Logo-GUIDE.png","contentUrl":"https:\/\/www.sotograndeguide.com\/wp-content\/uploads\/2017\/03\/Sotogrande-Logo-GUIDE.png","width":300,"height":300,"caption":"Sotogrande Guide"},"image":{"@id":"https:\/\/www.sotograndeguide.com\/#\/schema\/logo\/image\/"},"sameAs":["https:\/\/www.facebook.com\/sotograndeguide","https:\/\/x.com\/sotograndeguide","https:\/\/www.tiktok.com\/@sotograndeguide","https:\/\/www.youtube.com\/@SotograndeGuide"]}]}},"jetpack_sharing_enabled":true,"_links":{"self":[{"href":"https:\/\/www.sotograndeguide.com\/fr\/wp-json\/wp\/v2\/pages\/33779","targetHints":{"allow":["GET"]}}],"collection":[{"href":"https:\/\/www.sotograndeguide.com\/fr\/wp-json\/wp\/v2\/pages"}],"about":[{"href":"https:\/\/www.sotograndeguide.com\/fr\/wp-json\/wp\/v2\/types\/page"}],"author":[{"embeddable":true,"href":"https:\/\/www.sotograndeguide.com\/fr\/wp-json\/wp\/v2\/users\/1"}],"replies":[{"embeddable":true,"href":"https:\/\/www.sotograndeguide.com\/fr\/wp-json\/wp\/v2\/comments?post=33779"}],"version-history":[{"count":0,"href":"https:\/\/www.sotograndeguide.com\/fr\/wp-json\/wp\/v2\/pages\/33779\/revisions"}],"up":[{"embeddable":true,"href":"https:\/\/www.sotograndeguide.com\/fr\/wp-json\/wp\/v2\/pages\/85"}],"wp:featuredmedia":[{"embeddable":true,"href":"https:\/\/www.sotograndeguide.com\/fr\/wp-json\/wp\/v2\/media\/33847"}],"wp:attachment":[{"href":"https:\/\/www.sotograndeguide.com\/fr\/wp-json\/wp\/v2\/media?parent=33779"}],"curies":[{"name":"wp","href":"https:\/\/api.w.org\/{rel}","templated":true}]}}