{"id":33715,"date":"2017-12-30T11:16:38","date_gmt":"2017-12-30T11:16:38","guid":{"rendered":"https:\/\/www.sotograndeguide.com\/?page_id=33715"},"modified":"2018-05-13T11:18:20","modified_gmt":"2018-05-13T11:18:20","slug":"la-canada-golf","status":"publish","type":"page","link":"https:\/\/www.sotograndeguide.com\/fr\/sotogrande-golf\/la-canada-golf\/","title":{"rendered":"La Ca\u00f1ada Golf"},"content":{"rendered":"<p>Le Club de Golf La Ca\u00f1ada est un parcours de 18 trous, ouvert tous les jours de l'ann\u00e9e. Le parcours peut \u00eatre jou\u00e9 par tous les temps et est tr\u00e8s populaire tout au long de l'ann\u00e9e. Le practice de La Ca\u00f1ada offre une ligne de d\u00e9part de 5000 m\u00e8tres carr\u00e9s, avec une longueur de 250 m\u00e8tres.<\/p>\n<p>Adresse : Ctra. de Guadiaro, Km 1, 11311 Guadiaro, San Roque, C\u00e1diz, Espagne<br \/>\nT\u00e9l\u00e9phone : <a href=\"tel:+34956794100\">956794100<\/a><\/p>","protected":false},"excerpt":{"rendered":"<p>Le Club de Golf La Ca\u00f1ada est un parcours de 18 trous, ouvert tous les jours de l'ann\u00e9e. Le parcours peut \u00eatre jou\u00e9 par tous les temps et est tr\u00e8s populaire tout au long de l'ann\u00e9e. Le practice de La Ca\u00f1ada offre une ligne de d\u00e9part de 5000 m\u00e8tres carr\u00e9s, avec une longueur de 250 m\u00e8tres. L'adresse est la suivante Ctra. de Guadiaro, Km ... <a title=\"La Ca\u00f1ada Golf\" class=\"read-more\" href=\"https:\/\/www.sotograndeguide.com\/fr\/sotogrande-golf\/la-canada-golf\/\" aria-label=\"En savoir plus sur La Ca\u00f1ada Golf\">Lire plus<\/a><\/p>","protected":false},"author":1,"featured_media":33734,"parent":63,"menu_order":0,"comment_status":"closed","ping_status":"closed","template":"","meta":{"footnotes":""},"class_list":["post-33715","page","type-page","status-publish","has-post-thumbnail"],"yoast_head":"<!-- This site is optimized with the Yoast SEO Premium plugin v20.5 (Yoast SEO v27.5) - https:\/\/yoast.com\/product\/yoast-seo-premium-wordpress\/ -->\n<title>La Ca\u00f1ada Golf<\/title>\n<meta name=\"robots\" content=\"index, follow, max-snippet:-1, max-image-preview:large, max-video-preview:-1\" \/>\n<link rel=\"canonical\" href=\"https:\/\/www.sotograndeguide.com\/fr\/golf-de-sotogrande\/la-canada-golf\/\" \/>\n<meta property=\"og:locale\" content=\"fr_FR\" \/>\n<meta property=\"og:type\" content=\"article\" \/>\n<meta property=\"og:title\" content=\"La Ca\u00f1ada Golf\" \/>\n<meta property=\"og:description\" content=\"The Club de Golf La Ca\u00f1ada is an 18-hole course, open every day of the year. The course can be played in all weather conditions and is hugely popular all year round. The driving range at La Ca\u00f1ada offers a Tee line of 5000 square meters, with 250 meters length. Address: Ctra. de Guadiaro, Km ... Lire plus\" \/>\n<meta property=\"og:url\" content=\"https:\/\/www.sotograndeguide.com\/fr\/golf-de-sotogrande\/la-canada-golf\/\" \/>\n<meta property=\"og:site_name\" content=\"Sotogrande Guide\" \/>\n<meta property=\"article:publisher\" content=\"https:\/\/www.facebook.com\/sotograndeguide\" \/>\n<meta property=\"article:modified_time\" content=\"2018-05-13T11:18:20+00:00\" \/>\n<meta property=\"og:image\" content=\"https:\/\/www.sotograndeguide.com\/wp-content\/uploads\/2017\/12\/Club-de-Golf-La-Ca\u00f1ada.jpg\" \/>\n\t<meta property=\"og:image:width\" content=\"2048\" \/>\n\t<meta property=\"og:image:height\" content=\"1155\" \/>\n\t<meta property=\"og:image:type\" content=\"image\/jpeg\" \/>\n<meta name=\"twitter:card\" content=\"summary_large_image\" \/>\n<meta name=\"twitter:site\" content=\"@sotograndeguide\" \/>\n<!-- \/ Yoast SEO Premium plugin. -->","yoast_head_json":{"title":"La Ca\u00f1ada Golf","robots":{"index":"index","follow":"follow","max-snippet":"max-snippet:-1","max-image-preview":"max-image-preview:large","max-video-preview":"max-video-preview:-1"},"canonical":"https:\/\/www.sotograndeguide.com\/fr\/golf-de-sotogrande\/la-canada-golf\/","og_locale":"fr_FR","og_type":"article","og_title":"La Ca\u00f1ada Golf","og_description":"The Club de Golf La Ca\u00f1ada is an 18-hole course, open every day of the year. The course can be played in all weather conditions and is hugely popular all year round. The driving range at La Ca\u00f1ada offers a Tee line of 5000 square meters, with 250 meters length. Address: Ctra. de Guadiaro, Km ... Lire plus","og_url":"https:\/\/www.sotograndeguide.com\/fr\/golf-de-sotogrande\/la-canada-golf\/","og_site_name":"Sotogrande Guide","article_publisher":"https:\/\/www.facebook.com\/sotograndeguide","article_modified_time":"2018-05-13T11:18:20+00:00","og_image":[{"width":2048,"height":1155,"url":"https:\/\/www.sotograndeguide.com\/wp-content\/uploads\/2017\/12\/Club-de-Golf-La-Ca\u00f1ada.jpg","type":"image\/jpeg"}],"twitter_card":"summary_large_image","twitter_site":"@sotograndeguide","schema":{"@context":"https:\/\/schema.org","@graph":[{"@type":"WebPage","@id":"https:\/\/www.sotograndeguide.com\/sotogrande-golf\/la-canada-golf\/","url":"https:\/\/www.sotograndeguide.com\/sotogrande-golf\/la-canada-golf\/","name":"La Ca\u00f1ada Golf","isPartOf":{"@id":"https:\/\/www.sotograndeguide.com\/#website"},"primaryImageOfPage":{"@id":"https:\/\/www.sotograndeguide.com\/sotogrande-golf\/la-canada-golf\/#primaryimage"},"image":{"@id":"https:\/\/www.sotograndeguide.com\/sotogrande-golf\/la-canada-golf\/#primaryimage"},"thumbnailUrl":"https:\/\/www.sotograndeguide.com\/wp-content\/uploads\/2017\/12\/Club-de-Golf-La-Ca\u00f1ada.jpg","datePublished":"2017-12-30T11:16:38+00:00","dateModified":"2018-05-13T11:18:20+00:00","breadcrumb":{"@id":"https:\/\/www.sotograndeguide.com\/sotogrande-golf\/la-canada-golf\/#breadcrumb"},"inLanguage":"fr-FR","potentialAction":[{"@type":"ReadAction","target":["https:\/\/www.sotograndeguide.com\/sotogrande-golf\/la-canada-golf\/"]}]},{"@type":"ImageObject","inLanguage":"fr-FR","@id":"https:\/\/www.sotograndeguide.com\/sotogrande-golf\/la-canada-golf\/#primaryimage","url":"https:\/\/www.sotograndeguide.com\/wp-content\/uploads\/2017\/12\/Club-de-Golf-La-Ca\u00f1ada.jpg","contentUrl":"https:\/\/www.sotograndeguide.com\/wp-content\/uploads\/2017\/12\/Club-de-Golf-La-Ca\u00f1ada.jpg","width":2048,"height":1155,"caption":"Club de Golf La Ca\u00f1ada"},{"@type":"BreadcrumbList","@id":"https:\/\/www.sotograndeguide.com\/sotogrande-golf\/la-canada-golf\/#breadcrumb","itemListElement":[{"@type":"ListItem","position":1,"name":"Home","item":"https:\/\/www.sotograndeguide.com\/"},{"@type":"ListItem","position":2,"name":"Sotogrande Golf","item":"https:\/\/www.sotograndeguide.com\/sotogrande-golf\/"},{"@type":"ListItem","position":3,"name":"La Ca\u00f1ada Golf"}]},{"@type":"WebSite","@id":"https:\/\/www.sotograndeguide.com\/#website","url":"https:\/\/www.sotograndeguide.com\/","name":"Guide de Sotogrande","description":"Nouvelles, conseils, \u00e9v\u00e9nements et critiques","publisher":{"@id":"https:\/\/www.sotograndeguide.com\/#organization"},"potentialAction":[{"@type":"SearchAction","target":{"@type":"EntryPoint","urlTemplate":"https:\/\/www.sotograndeguide.com\/?s={search_term_string}"},"query-input":{"@type":"PropertyValueSpecification","valueRequired":true,"valueName":"search_term_string"}}],"inLanguage":"fr-FR"},{"@type":"Organization","@id":"https:\/\/www.sotograndeguide.com\/#organization","name":"Guide de Sotogrande","url":"https:\/\/www.sotograndeguide.com\/","logo":{"@type":"ImageObject","inLanguage":"fr-FR","@id":"https:\/\/www.sotograndeguide.com\/#\/schema\/logo\/image\/","url":"https:\/\/www.sotograndeguide.com\/wp-content\/uploads\/2017\/03\/Sotogrande-Logo-GUIDE.png","contentUrl":"https:\/\/www.sotograndeguide.com\/wp-content\/uploads\/2017\/03\/Sotogrande-Logo-GUIDE.png","width":300,"height":300,"caption":"Sotogrande Guide"},"image":{"@id":"https:\/\/www.sotograndeguide.com\/#\/schema\/logo\/image\/"},"sameAs":["https:\/\/www.facebook.com\/sotograndeguide","https:\/\/x.com\/sotograndeguide","https:\/\/www.tiktok.com\/@sotograndeguide","https:\/\/www.youtube.com\/@SotograndeGuide"]}]}},"jetpack_sharing_enabled":true,"_links":{"self":[{"href":"https:\/\/www.sotograndeguide.com\/fr\/wp-json\/wp\/v2\/pages\/33715","targetHints":{"allow":["GET"]}}],"collection":[{"href":"https:\/\/www.sotograndeguide.com\/fr\/wp-json\/wp\/v2\/pages"}],"about":[{"href":"https:\/\/www.sotograndeguide.com\/fr\/wp-json\/wp\/v2\/types\/page"}],"author":[{"embeddable":true,"href":"https:\/\/www.sotograndeguide.com\/fr\/wp-json\/wp\/v2\/users\/1"}],"replies":[{"embeddable":true,"href":"https:\/\/www.sotograndeguide.com\/fr\/wp-json\/wp\/v2\/comments?post=33715"}],"version-history":[{"count":0,"href":"https:\/\/www.sotograndeguide.com\/fr\/wp-json\/wp\/v2\/pages\/33715\/revisions"}],"up":[{"embeddable":true,"href":"https:\/\/www.sotograndeguide.com\/fr\/wp-json\/wp\/v2\/pages\/63"}],"wp:featuredmedia":[{"embeddable":true,"href":"https:\/\/www.sotograndeguide.com\/fr\/wp-json\/wp\/v2\/media\/33734"}],"wp:attachment":[{"href":"https:\/\/www.sotograndeguide.com\/fr\/wp-json\/wp\/v2\/media?parent=33715"}],"curies":[{"name":"wp","href":"https:\/\/api.w.org\/{rel}","templated":true}]}}