{"id":33714,"date":"2017-12-30T11:16:14","date_gmt":"2017-12-30T11:16:14","guid":{"rendered":"https:\/\/www.sotograndeguide.com\/?page_id=33714"},"modified":"2018-05-13T11:19:04","modified_gmt":"2018-05-13T11:19:04","slug":"real-club-de-golf-sotogrande","status":"publish","type":"page","link":"https:\/\/www.sotograndeguide.com\/fr\/sotogrande-golf\/real-club-de-golf-sotogrande\/","title":{"rendered":"Real Club de Golf Sotogrande"},"content":{"rendered":"<p>Le Real Club de Golf Sotogrande a \u00e9t\u00e9 l'un des premiers parcours con\u00e7us par Trent Jones en Europe. Officiellement ouvert en 1964, le Real Club de Golf Sotogrande a re\u00e7u le titre de \"Real\" en 1994 par sa Majest\u00e9 le Roi Juan Carlos I. Le parcours offre un par de 72 et mesure 6 492 m\u00e8tres. <\/p>\n<p>Adresse : Paseo del Parque, s\/n, 11310 Sotogrande, C\u00e1diz, Espagne<br \/>\nT\u00e9l\u00e9phone : <a href=\"tel:+34956785014\">956785014<\/a><\/p>","protected":false},"excerpt":{"rendered":"<p>Le Real Club de Golf Sotogrande a \u00e9t\u00e9 l'un des premiers parcours con\u00e7us par Trent Jones en Europe. Officiellement ouvert en 1964, le Real Club de Golf Sotogrande a re\u00e7u le titre de \"Real\" en 1994 par sa Majest\u00e9 le Roi Juan Carlos I. Le parcours offre un par de 72 et mesure 6 492 m\u00e8tres. L'adresse : ... <a title=\"Real Club de Golf Sotogrande\" class=\"read-more\" href=\"https:\/\/www.sotograndeguide.com\/fr\/sotogrande-golf\/real-club-de-golf-sotogrande\/\" aria-label=\"En savoir plus sur Real Club de Golf Sotogrande\">Lire plus<\/a><\/p>","protected":false},"author":1,"featured_media":33735,"parent":63,"menu_order":0,"comment_status":"closed","ping_status":"closed","template":"","meta":{"footnotes":""},"class_list":["post-33714","page","type-page","status-publish","has-post-thumbnail"],"yoast_head":"<!-- This site is optimized with the Yoast SEO Premium plugin v20.5 (Yoast SEO v27.3) - https:\/\/yoast.com\/product\/yoast-seo-premium-wordpress\/ -->\n<title>Real Club de Golf Sotogrande<\/title>\n<meta name=\"robots\" content=\"index, follow, max-snippet:-1, max-image-preview:large, max-video-preview:-1\" \/>\n<link rel=\"canonical\" href=\"https:\/\/www.sotograndeguide.com\/fr\/golf-de-sotogrande\/real-club-de-golf-sotogrande\/\" \/>\n<meta property=\"og:locale\" content=\"fr_FR\" \/>\n<meta property=\"og:type\" content=\"article\" \/>\n<meta property=\"og:title\" content=\"Real Club de Golf Sotogrande\" \/>\n<meta property=\"og:description\" content=\"The Real Club de Golf Sotogrande was one of the first courses designed by Trent Jones in Europe. Officially opened in 1964 the Real Club de Golf Sotogrande was granted the title of &#8216;Real&#8217; in 1994 by his Majesty King Juan Carlos I. The course offers a par of 72 and measures 6,492 meters. Address: ... Lire plus\" \/>\n<meta property=\"og:url\" content=\"https:\/\/www.sotograndeguide.com\/fr\/golf-de-sotogrande\/real-club-de-golf-sotogrande\/\" \/>\n<meta property=\"og:site_name\" content=\"Sotogrande Guide\" \/>\n<meta property=\"article:publisher\" content=\"https:\/\/www.facebook.com\/sotograndeguide\" \/>\n<meta property=\"article:modified_time\" content=\"2018-05-13T11:19:04+00:00\" \/>\n<meta property=\"og:image\" content=\"https:\/\/www.sotograndeguide.com\/wp-content\/uploads\/2017\/12\/Real-Club-de-Golf-Sotogrande.jpg\" \/>\n\t<meta property=\"og:image:width\" content=\"1920\" \/>\n\t<meta property=\"og:image:height\" content=\"1080\" \/>\n\t<meta property=\"og:image:type\" content=\"image\/jpeg\" \/>\n<meta name=\"twitter:card\" content=\"summary_large_image\" \/>\n<meta name=\"twitter:site\" content=\"@sotograndeguide\" \/>\n<!-- \/ Yoast SEO Premium plugin. -->","yoast_head_json":{"title":"Real Club de Golf Sotogrande","robots":{"index":"index","follow":"follow","max-snippet":"max-snippet:-1","max-image-preview":"max-image-preview:large","max-video-preview":"max-video-preview:-1"},"canonical":"https:\/\/www.sotograndeguide.com\/fr\/golf-de-sotogrande\/real-club-de-golf-sotogrande\/","og_locale":"fr_FR","og_type":"article","og_title":"Real Club de Golf Sotogrande","og_description":"The Real Club de Golf Sotogrande was one of the first courses designed by Trent Jones in Europe. Officially opened in 1964 the Real Club de Golf Sotogrande was granted the title of &#8216;Real&#8217; in 1994 by his Majesty King Juan Carlos I. The course offers a par of 72 and measures 6,492 meters. Address: ... Lire plus","og_url":"https:\/\/www.sotograndeguide.com\/fr\/golf-de-sotogrande\/real-club-de-golf-sotogrande\/","og_site_name":"Sotogrande Guide","article_publisher":"https:\/\/www.facebook.com\/sotograndeguide","article_modified_time":"2018-05-13T11:19:04+00:00","og_image":[{"width":1920,"height":1080,"url":"https:\/\/www.sotograndeguide.com\/wp-content\/uploads\/2017\/12\/Real-Club-de-Golf-Sotogrande.jpg","type":"image\/jpeg"}],"twitter_card":"summary_large_image","twitter_site":"@sotograndeguide","schema":{"@context":"https:\/\/schema.org","@graph":[{"@type":"WebPage","@id":"https:\/\/www.sotograndeguide.com\/sotogrande-golf\/real-club-de-golf-sotogrande\/","url":"https:\/\/www.sotograndeguide.com\/sotogrande-golf\/real-club-de-golf-sotogrande\/","name":"Real Club de Golf Sotogrande","isPartOf":{"@id":"https:\/\/www.sotograndeguide.com\/#website"},"primaryImageOfPage":{"@id":"https:\/\/www.sotograndeguide.com\/sotogrande-golf\/real-club-de-golf-sotogrande\/#primaryimage"},"image":{"@id":"https:\/\/www.sotograndeguide.com\/sotogrande-golf\/real-club-de-golf-sotogrande\/#primaryimage"},"thumbnailUrl":"https:\/\/www.sotograndeguide.com\/wp-content\/uploads\/2017\/12\/Real-Club-de-Golf-Sotogrande.jpg","datePublished":"2017-12-30T11:16:14+00:00","dateModified":"2018-05-13T11:19:04+00:00","breadcrumb":{"@id":"https:\/\/www.sotograndeguide.com\/sotogrande-golf\/real-club-de-golf-sotogrande\/#breadcrumb"},"inLanguage":"fr-FR","potentialAction":[{"@type":"ReadAction","target":["https:\/\/www.sotograndeguide.com\/sotogrande-golf\/real-club-de-golf-sotogrande\/"]}]},{"@type":"ImageObject","inLanguage":"fr-FR","@id":"https:\/\/www.sotograndeguide.com\/sotogrande-golf\/real-club-de-golf-sotogrande\/#primaryimage","url":"https:\/\/www.sotograndeguide.com\/wp-content\/uploads\/2017\/12\/Real-Club-de-Golf-Sotogrande.jpg","contentUrl":"https:\/\/www.sotograndeguide.com\/wp-content\/uploads\/2017\/12\/Real-Club-de-Golf-Sotogrande.jpg","width":1920,"height":1080,"caption":"Real Club de Golf Sotogrande"},{"@type":"BreadcrumbList","@id":"https:\/\/www.sotograndeguide.com\/sotogrande-golf\/real-club-de-golf-sotogrande\/#breadcrumb","itemListElement":[{"@type":"ListItem","position":1,"name":"Home","item":"https:\/\/www.sotograndeguide.com\/"},{"@type":"ListItem","position":2,"name":"Sotogrande Golf","item":"https:\/\/www.sotograndeguide.com\/sotogrande-golf\/"},{"@type":"ListItem","position":3,"name":"Real Club de Golf Sotogrande"}]},{"@type":"WebSite","@id":"https:\/\/www.sotograndeguide.com\/#website","url":"https:\/\/www.sotograndeguide.com\/","name":"Guide de Sotogrande","description":"Nouvelles, conseils, \u00e9v\u00e9nements et critiques","publisher":{"@id":"https:\/\/www.sotograndeguide.com\/#organization"},"potentialAction":[{"@type":"SearchAction","target":{"@type":"EntryPoint","urlTemplate":"https:\/\/www.sotograndeguide.com\/?s={search_term_string}"},"query-input":{"@type":"PropertyValueSpecification","valueRequired":true,"valueName":"search_term_string"}}],"inLanguage":"fr-FR"},{"@type":"Organization","@id":"https:\/\/www.sotograndeguide.com\/#organization","name":"Guide de Sotogrande","url":"https:\/\/www.sotograndeguide.com\/","logo":{"@type":"ImageObject","inLanguage":"fr-FR","@id":"https:\/\/www.sotograndeguide.com\/#\/schema\/logo\/image\/","url":"https:\/\/www.sotograndeguide.com\/wp-content\/uploads\/2017\/03\/Sotogrande-Logo-GUIDE.png","contentUrl":"https:\/\/www.sotograndeguide.com\/wp-content\/uploads\/2017\/03\/Sotogrande-Logo-GUIDE.png","width":300,"height":300,"caption":"Sotogrande Guide"},"image":{"@id":"https:\/\/www.sotograndeguide.com\/#\/schema\/logo\/image\/"},"sameAs":["https:\/\/www.facebook.com\/sotograndeguide","https:\/\/x.com\/sotograndeguide","https:\/\/www.tiktok.com\/@sotograndeguide","https:\/\/www.youtube.com\/@SotograndeGuide"]}]}},"jetpack_sharing_enabled":true,"_links":{"self":[{"href":"https:\/\/www.sotograndeguide.com\/fr\/wp-json\/wp\/v2\/pages\/33714","targetHints":{"allow":["GET"]}}],"collection":[{"href":"https:\/\/www.sotograndeguide.com\/fr\/wp-json\/wp\/v2\/pages"}],"about":[{"href":"https:\/\/www.sotograndeguide.com\/fr\/wp-json\/wp\/v2\/types\/page"}],"author":[{"embeddable":true,"href":"https:\/\/www.sotograndeguide.com\/fr\/wp-json\/wp\/v2\/users\/1"}],"replies":[{"embeddable":true,"href":"https:\/\/www.sotograndeguide.com\/fr\/wp-json\/wp\/v2\/comments?post=33714"}],"version-history":[{"count":0,"href":"https:\/\/www.sotograndeguide.com\/fr\/wp-json\/wp\/v2\/pages\/33714\/revisions"}],"up":[{"embeddable":true,"href":"https:\/\/www.sotograndeguide.com\/fr\/wp-json\/wp\/v2\/pages\/63"}],"wp:featuredmedia":[{"embeddable":true,"href":"https:\/\/www.sotograndeguide.com\/fr\/wp-json\/wp\/v2\/media\/33735"}],"wp:attachment":[{"href":"https:\/\/www.sotograndeguide.com\/fr\/wp-json\/wp\/v2\/media?parent=33714"}],"curies":[{"name":"wp","href":"https:\/\/api.w.org\/{rel}","templated":true}]}}