{"id":33571,"date":"2017-11-15T04:29:04","date_gmt":"2017-11-15T04:29:04","guid":{"rendered":"https:\/\/www.sotograndeguide.com\/?page_id=33571"},"modified":"2019-07-07T20:10:26","modified_gmt":"2019-07-07T20:10:26","slug":"aldiana-alcaidesa","status":"publish","type":"page","link":"https:\/\/www.sotograndeguide.com\/fr\/sotogrande-hotels\/aldiana-alcaidesa\/","title":{"rendered":"Aldiana Alcaidesa"},"content":{"rendered":"<p><a href=\"http:\/\/www.booking.com\/hotel\/es\/aldiana-alcaidesa.html?aid=1233189&amp;no_rooms=1&amp;group_adults=1&amp;label=sotograndeguide\" target=\"_blank\" rel=\"noopener noreferrer\">Aldiana Alcaidesa<\/a> est un grand h\u00f4tel de type station baln\u00e9aire situ\u00e9 \u00e0 La Alcaidesa, \u00e0 cinq minutes de route de Sotogrande.<\/p>\n<p>L'h\u00f4tel se trouve \u00e0 quelques pas des plages les plus spectaculaires de la r\u00e9gion et \u00e0 une courte distance en voiture de Sotogrande et des clubs de golf voisins.<\/p>\n<p>La plupart des chambres sont simples mais disposent d'une connexion Wi-Fi, d'une t\u00e9l\u00e9vision et d'un minibar, et la plupart d'entre elles offrent une vue sur la mer.<\/p>\n<p>Compte tenu de sa situation et de ses \u00e9quipements, cet h\u00f4tel est tr\u00e8s appr\u00e9ci\u00e9 des familles avec enfants.<\/p>\n<p><a href=\"http:\/\/www.booking.com\/hotel\/es\/aldiana-alcaidesa.html?aid=1233189&amp;no_rooms=1&amp;group_adults=1&amp;label=sotograndeguide\" target=\"_blank\" rel=\"noopener noreferrer\">V\u00e9rifier les meilleurs tarifs \u00e0 l'h\u00f4tel Aldiana Alcaidesa Hotel Resort<\/a>.<br \/>\n<a href=\"https:\/\/www.sotograndeguide.com\/fr\/hotels-sotogrande\/\">D\u00e9couvrez d'autres h\u00f4tels dans et autour de Sotogrande<\/a>.<br \/>\n<a href=\"https:\/\/www.sotograndeguide.com\/fr\/concierge-de-sotogrande\/\" target=\"_blank\" rel=\"noopener noreferrer\">Vous avez des questions sur cet h\u00f4tel ? Parlez au concierge de Sotogrande<\/a>.<\/p>\n<p><strong>Aldiana Alcaidesa<\/strong><br \/>\nAdresse : Urb. Alcaidesa La Hacienda, 11315 La L\u00ednea de la Concepci\u00f3n, C\u00e1diz<br \/>\nT\u00e9l\u00e9phone : <a href=\"tel:+34956582700\">956582700<\/a><\/p>","protected":false},"excerpt":{"rendered":"<p>L'Aldiana Alcaidesa est un grand h\u00f4tel de type station baln\u00e9aire situ\u00e9 \u00e0 La Alcaidesa, \u00e0 seulement cinq minutes de route de Sotogrande. L'h\u00f4tel se trouve \u00e0 quelques pas des plages les plus spectaculaires de la r\u00e9gion et \u00e0 une courte distance en voiture de Sotogrande et des clubs de golf voisins. La plupart des chambres sont simples mais disposent d'une connexion Wi-Fi, d'une t\u00e9l\u00e9vision et d'un minibar.... <a title=\"Aldiana Alcaidesa\" class=\"read-more\" href=\"https:\/\/www.sotograndeguide.com\/fr\/sotogrande-hotels\/aldiana-alcaidesa\/\" aria-label=\"En savoir plus sur Aldiana Alcaidesa\">Lire plus<\/a><\/p>","protected":false},"author":1,"featured_media":33615,"parent":94,"menu_order":0,"comment_status":"closed","ping_status":"closed","template":"","meta":{"footnotes":""},"class_list":["post-33571","page","type-page","status-publish","has-post-thumbnail"],"yoast_head":"<!-- This site is optimized with the Yoast SEO Premium plugin v20.5 (Yoast SEO v27.5) - https:\/\/yoast.com\/product\/yoast-seo-premium-wordpress\/ -->\n<title>Aldiana Alcaidesa - Sotogrande Guide \ud83d\udc68\u200d\ud83d\udc69\u200d\ud83d\udc67 Family Friendly Hotel<\/title>\n<meta name=\"description\" content=\"Looking for a family-friendly hotel near Sotogrande? The Aldiana Hotel Resort in Alcaidesa is the popular choice for families with children.\" \/>\n<meta name=\"robots\" content=\"index, follow, max-snippet:-1, max-image-preview:large, max-video-preview:-1\" \/>\n<link rel=\"canonical\" href=\"https:\/\/www.sotograndeguide.com\/fr\/hotels-sotogrande\/aldiana-alcaidesa\/\" \/>\n<meta property=\"og:locale\" content=\"fr_FR\" \/>\n<meta property=\"og:type\" content=\"article\" \/>\n<meta property=\"og:title\" content=\"Aldiana Alcaidesa\" \/>\n<meta property=\"og:description\" content=\"Looking for a family-friendly hotel near Sotogrande? The Aldiana Hotel Resort in Alcaidesa is the popular choice for families with children.\" \/>\n<meta property=\"og:url\" content=\"https:\/\/www.sotograndeguide.com\/fr\/hotels-sotogrande\/aldiana-alcaidesa\/\" \/>\n<meta property=\"og:site_name\" content=\"Sotogrande Guide\" \/>\n<meta property=\"article:publisher\" content=\"https:\/\/www.facebook.com\/sotograndeguide\" \/>\n<meta property=\"article:modified_time\" content=\"2019-07-07T20:10:26+00:00\" \/>\n<meta property=\"og:image\" content=\"https:\/\/www.sotograndeguide.com\/wp-content\/uploads\/2017\/11\/Aldiana-Alcaidesa.jpg\" \/>\n\t<meta property=\"og:image:width\" content=\"800\" \/>\n\t<meta property=\"og:image:height\" content=\"490\" \/>\n\t<meta property=\"og:image:type\" content=\"image\/jpeg\" \/>\n<meta name=\"twitter:card\" content=\"summary_large_image\" \/>\n<meta name=\"twitter:site\" content=\"@sotograndeguide\" \/>\n<meta name=\"twitter:label1\" content=\"Est. reading time\" \/>\n\t<meta name=\"twitter:data1\" content=\"1 minute\" \/>\n<!-- \/ Yoast SEO Premium plugin. -->","yoast_head_json":{"title":"Aldiana Alcaidesa - Guide Sotogrande \ud83d\udc68\u200d\ud83d\udc69\u200d\ud83d\udc67 H\u00f4tel familial","description":"Vous cherchez un h\u00f4tel adapt\u00e9 aux familles pr\u00e8s de Sotogrande ? L'Aldiana Hotel Resort \u00e0 Alcaidesa est un choix populaire pour les familles avec enfants.","robots":{"index":"index","follow":"follow","max-snippet":"max-snippet:-1","max-image-preview":"max-image-preview:large","max-video-preview":"max-video-preview:-1"},"canonical":"https:\/\/www.sotograndeguide.com\/fr\/hotels-sotogrande\/aldiana-alcaidesa\/","og_locale":"fr_FR","og_type":"article","og_title":"Aldiana Alcaidesa","og_description":"Looking for a family-friendly hotel near Sotogrande? The Aldiana Hotel Resort in Alcaidesa is the popular choice for families with children.","og_url":"https:\/\/www.sotograndeguide.com\/fr\/hotels-sotogrande\/aldiana-alcaidesa\/","og_site_name":"Sotogrande Guide","article_publisher":"https:\/\/www.facebook.com\/sotograndeguide","article_modified_time":"2019-07-07T20:10:26+00:00","og_image":[{"width":800,"height":490,"url":"https:\/\/www.sotograndeguide.com\/wp-content\/uploads\/2017\/11\/Aldiana-Alcaidesa.jpg","type":"image\/jpeg"}],"twitter_card":"summary_large_image","twitter_site":"@sotograndeguide","twitter_misc":{"Est. reading time":"1 minute"},"schema":{"@context":"https:\/\/schema.org","@graph":[{"@type":"WebPage","@id":"https:\/\/www.sotograndeguide.com\/sotogrande-hotels\/aldiana-alcaidesa\/","url":"https:\/\/www.sotograndeguide.com\/sotogrande-hotels\/aldiana-alcaidesa\/","name":"Aldiana Alcaidesa - Guide Sotogrande \ud83d\udc68\u200d\ud83d\udc69\u200d\ud83d\udc67 H\u00f4tel familial","isPartOf":{"@id":"https:\/\/www.sotograndeguide.com\/#website"},"primaryImageOfPage":{"@id":"https:\/\/www.sotograndeguide.com\/sotogrande-hotels\/aldiana-alcaidesa\/#primaryimage"},"image":{"@id":"https:\/\/www.sotograndeguide.com\/sotogrande-hotels\/aldiana-alcaidesa\/#primaryimage"},"thumbnailUrl":"https:\/\/www.sotograndeguide.com\/wp-content\/uploads\/2017\/11\/Aldiana-Alcaidesa.jpg","datePublished":"2017-11-15T04:29:04+00:00","dateModified":"2019-07-07T20:10:26+00:00","description":"Vous cherchez un h\u00f4tel adapt\u00e9 aux familles pr\u00e8s de Sotogrande ? L'Aldiana Hotel Resort \u00e0 Alcaidesa est un choix populaire pour les familles avec enfants.","breadcrumb":{"@id":"https:\/\/www.sotograndeguide.com\/sotogrande-hotels\/aldiana-alcaidesa\/#breadcrumb"},"inLanguage":"fr-FR","potentialAction":[{"@type":"ReadAction","target":["https:\/\/www.sotograndeguide.com\/sotogrande-hotels\/aldiana-alcaidesa\/"]}]},{"@type":"ImageObject","inLanguage":"fr-FR","@id":"https:\/\/www.sotograndeguide.com\/sotogrande-hotels\/aldiana-alcaidesa\/#primaryimage","url":"https:\/\/www.sotograndeguide.com\/wp-content\/uploads\/2017\/11\/Aldiana-Alcaidesa.jpg","contentUrl":"https:\/\/www.sotograndeguide.com\/wp-content\/uploads\/2017\/11\/Aldiana-Alcaidesa.jpg","width":800,"height":490,"caption":"Aldiana Alcaidesa"},{"@type":"BreadcrumbList","@id":"https:\/\/www.sotograndeguide.com\/sotogrande-hotels\/aldiana-alcaidesa\/#breadcrumb","itemListElement":[{"@type":"ListItem","position":1,"name":"Home","item":"https:\/\/www.sotograndeguide.com\/"},{"@type":"ListItem","position":2,"name":"Sotogrande Hotels","item":"https:\/\/www.sotograndeguide.com\/sotogrande-hotels\/"},{"@type":"ListItem","position":3,"name":"Aldiana Alcaidesa"}]},{"@type":"WebSite","@id":"https:\/\/www.sotograndeguide.com\/#website","url":"https:\/\/www.sotograndeguide.com\/","name":"Guide de Sotogrande","description":"Nouvelles, conseils, \u00e9v\u00e9nements et critiques","publisher":{"@id":"https:\/\/www.sotograndeguide.com\/#organization"},"potentialAction":[{"@type":"SearchAction","target":{"@type":"EntryPoint","urlTemplate":"https:\/\/www.sotograndeguide.com\/?s={search_term_string}"},"query-input":{"@type":"PropertyValueSpecification","valueRequired":true,"valueName":"search_term_string"}}],"inLanguage":"fr-FR"},{"@type":"Organization","@id":"https:\/\/www.sotograndeguide.com\/#organization","name":"Guide de Sotogrande","url":"https:\/\/www.sotograndeguide.com\/","logo":{"@type":"ImageObject","inLanguage":"fr-FR","@id":"https:\/\/www.sotograndeguide.com\/#\/schema\/logo\/image\/","url":"https:\/\/www.sotograndeguide.com\/wp-content\/uploads\/2017\/03\/Sotogrande-Logo-GUIDE.png","contentUrl":"https:\/\/www.sotograndeguide.com\/wp-content\/uploads\/2017\/03\/Sotogrande-Logo-GUIDE.png","width":300,"height":300,"caption":"Sotogrande Guide"},"image":{"@id":"https:\/\/www.sotograndeguide.com\/#\/schema\/logo\/image\/"},"sameAs":["https:\/\/www.facebook.com\/sotograndeguide","https:\/\/x.com\/sotograndeguide","https:\/\/www.tiktok.com\/@sotograndeguide","https:\/\/www.youtube.com\/@SotograndeGuide"]}]}},"jetpack_sharing_enabled":true,"_links":{"self":[{"href":"https:\/\/www.sotograndeguide.com\/fr\/wp-json\/wp\/v2\/pages\/33571","targetHints":{"allow":["GET"]}}],"collection":[{"href":"https:\/\/www.sotograndeguide.com\/fr\/wp-json\/wp\/v2\/pages"}],"about":[{"href":"https:\/\/www.sotograndeguide.com\/fr\/wp-json\/wp\/v2\/types\/page"}],"author":[{"embeddable":true,"href":"https:\/\/www.sotograndeguide.com\/fr\/wp-json\/wp\/v2\/users\/1"}],"replies":[{"embeddable":true,"href":"https:\/\/www.sotograndeguide.com\/fr\/wp-json\/wp\/v2\/comments?post=33571"}],"version-history":[{"count":0,"href":"https:\/\/www.sotograndeguide.com\/fr\/wp-json\/wp\/v2\/pages\/33571\/revisions"}],"up":[{"embeddable":true,"href":"https:\/\/www.sotograndeguide.com\/fr\/wp-json\/wp\/v2\/pages\/94"}],"wp:featuredmedia":[{"embeddable":true,"href":"https:\/\/www.sotograndeguide.com\/fr\/wp-json\/wp\/v2\/media\/33615"}],"wp:attachment":[{"href":"https:\/\/www.sotograndeguide.com\/fr\/wp-json\/wp\/v2\/media?parent=33571"}],"curies":[{"name":"wp","href":"https:\/\/api.w.org\/{rel}","templated":true}]}}