{"id":33569,"date":"2017-11-15T04:20:09","date_gmt":"2017-11-15T04:20:09","guid":{"rendered":"https:\/\/www.sotograndeguide.com\/?page_id=33569"},"modified":"2019-07-07T20:06:00","modified_gmt":"2019-07-07T20:06:00","slug":"hotel-boutique-milla-de-plata","status":"publish","type":"page","link":"https:\/\/www.sotograndeguide.com\/fr\/sotogrande-hotels\/hotel-boutique-milla-de-plata\/","title":{"rendered":"H\u00f4tel Boutique Milla de Plata"},"content":{"rendered":"<p><a href=\"http:\/\/www.booking.com\/hotel\/es\/milla-de-la-plata.html?aid=1233189&amp;no_rooms=1&amp;group_adults=1&amp;label=sotograndeguide\" target=\"_blank\" rel=\"noopener noreferrer\">H\u00f4tel Boutique Milla de Plata<\/a> est situ\u00e9 \u00e0 la p\u00e9riph\u00e9rie du village de Torreguadiaro.<\/p>\n<p>Ce joli h\u00f4tel de caract\u00e8re est situ\u00e9 en bord de mer et \u00e0 distance de marche de nombreux bars, caf\u00e9s et restaurants de Torreguadiaro.<\/p>\n<p>Les chambres jouissent toutes d'une vue spectaculaire sur la mer ainsi que sur Gibraltar et l'Afrique.<\/p>\n<p>L'h\u00f4tel dispose de son propre restaurant de fruits de mer avec vue panoramique sur l'eau, ainsi que d'un bar \u00e0 cocktails, d'une piscine et d'un salon d\u00e9contract\u00e9.<\/p>\n<h3>Galerie de photos de l'h\u00f4tel Boutique Milla de Plata<\/h3>\n<div id='gallery-1' class='gallery galleryid-33569 gallery-columns-3 gallery-size-medium'><figure class='gallery-item'>\n\t\t\t<div class='gallery-icon landscape'>\n\t\t\t\t<a href='https:\/\/www.sotograndeguide.com\/wp-content\/uploads\/2018\/11\/Hotel-Boutique-Milla-de-Plata-5.jpg'><img decoding=\"async\" width=\"300\" height=\"200\" src=\"https:\/\/www.sotograndeguide.com\/wp-content\/uploads\/2018\/11\/Hotel-Boutique-Milla-de-Plata-5-300x200.jpg\" class=\"attachment-medium size-medium\" alt=\"H\u00f4tel Boutique Milla de Plata\" srcset=\"https:\/\/www.sotograndeguide.com\/wp-content\/uploads\/2018\/11\/Hotel-Boutique-Milla-de-Plata-5-300x200.jpg 300w, https:\/\/www.sotograndeguide.com\/wp-content\/uploads\/2018\/11\/Hotel-Boutique-Milla-de-Plata-5-768x512.jpg 768w, https:\/\/www.sotograndeguide.com\/wp-content\/uploads\/2018\/11\/Hotel-Boutique-Milla-de-Plata-5-1024x683.jpg 1024w, https:\/\/www.sotograndeguide.com\/wp-content\/uploads\/2018\/11\/Hotel-Boutique-Milla-de-Plata-5.jpg 1200w\" sizes=\"(max-width: 300px) 100vw, 300px\" \/><\/a>\n\t\t\t<\/div><\/figure><figure class='gallery-item'>\n\t\t\t<div class='gallery-icon landscape'>\n\t\t\t\t<a href='https:\/\/www.sotograndeguide.com\/wp-content\/uploads\/2018\/11\/Hotel-Boutique-Milla-de-Plata-2.jpg'><img decoding=\"async\" width=\"300\" height=\"200\" src=\"https:\/\/www.sotograndeguide.com\/wp-content\/uploads\/2018\/11\/Hotel-Boutique-Milla-de-Plata-2-300x200.jpg\" class=\"attachment-medium size-medium\" alt=\"H\u00f4tel Boutique Milla de Plata\" srcset=\"https:\/\/www.sotograndeguide.com\/wp-content\/uploads\/2018\/11\/Hotel-Boutique-Milla-de-Plata-2-300x200.jpg 300w, https:\/\/www.sotograndeguide.com\/wp-content\/uploads\/2018\/11\/Hotel-Boutique-Milla-de-Plata-2-768x512.jpg 768w, https:\/\/www.sotograndeguide.com\/wp-content\/uploads\/2018\/11\/Hotel-Boutique-Milla-de-Plata-2-1024x683.jpg 1024w, https:\/\/www.sotograndeguide.com\/wp-content\/uploads\/2018\/11\/Hotel-Boutique-Milla-de-Plata-2.jpg 1200w\" sizes=\"(max-width: 300px) 100vw, 300px\" \/><\/a>\n\t\t\t<\/div><\/figure><figure class='gallery-item'>\n\t\t\t<div class='gallery-icon landscape'>\n\t\t\t\t<a href='https:\/\/www.sotograndeguide.com\/wp-content\/uploads\/2018\/11\/Hotel-Boutique-Milla-de-Plata-3.jpg'><img decoding=\"async\" width=\"300\" height=\"200\" src=\"https:\/\/www.sotograndeguide.com\/wp-content\/uploads\/2018\/11\/Hotel-Boutique-Milla-de-Plata-3-300x200.jpg\" class=\"attachment-medium size-medium\" alt=\"H\u00f4tel Boutique Milla de Plata\" srcset=\"https:\/\/www.sotograndeguide.com\/wp-content\/uploads\/2018\/11\/Hotel-Boutique-Milla-de-Plata-3-300x200.jpg 300w, https:\/\/www.sotograndeguide.com\/wp-content\/uploads\/2018\/11\/Hotel-Boutique-Milla-de-Plata-3-768x512.jpg 768w, https:\/\/www.sotograndeguide.com\/wp-content\/uploads\/2018\/11\/Hotel-Boutique-Milla-de-Plata-3-1024x683.jpg 1024w, https:\/\/www.sotograndeguide.com\/wp-content\/uploads\/2018\/11\/Hotel-Boutique-Milla-de-Plata-3.jpg 1200w\" sizes=\"(max-width: 300px) 100vw, 300px\" \/><\/a>\n\t\t\t<\/div><\/figure><figure class='gallery-item'>\n\t\t\t<div class='gallery-icon landscape'>\n\t\t\t\t<a href='https:\/\/www.sotograndeguide.com\/wp-content\/uploads\/2018\/11\/Hotel-Boutique-Milla-de-Plata-4.jpg'><img decoding=\"async\" width=\"300\" height=\"200\" src=\"https:\/\/www.sotograndeguide.com\/wp-content\/uploads\/2018\/11\/Hotel-Boutique-Milla-de-Plata-4-300x200.jpg\" class=\"attachment-medium size-medium\" alt=\"H\u00f4tel Boutique Milla de Plata\" srcset=\"https:\/\/www.sotograndeguide.com\/wp-content\/uploads\/2018\/11\/Hotel-Boutique-Milla-de-Plata-4-300x200.jpg 300w, https:\/\/www.sotograndeguide.com\/wp-content\/uploads\/2018\/11\/Hotel-Boutique-Milla-de-Plata-4-768x512.jpg 768w, https:\/\/www.sotograndeguide.com\/wp-content\/uploads\/2018\/11\/Hotel-Boutique-Milla-de-Plata-4-1024x683.jpg 1024w, https:\/\/www.sotograndeguide.com\/wp-content\/uploads\/2018\/11\/Hotel-Boutique-Milla-de-Plata-4.jpg 1200w\" sizes=\"(max-width: 300px) 100vw, 300px\" \/><\/a>\n\t\t\t<\/div><\/figure><figure class='gallery-item'>\n\t\t\t<div class='gallery-icon landscape'>\n\t\t\t\t<a href='https:\/\/www.sotograndeguide.com\/wp-content\/uploads\/2018\/11\/Hotel-Boutique-Milla-de-Plata-6.jpg'><img decoding=\"async\" width=\"300\" height=\"200\" src=\"https:\/\/www.sotograndeguide.com\/wp-content\/uploads\/2018\/11\/Hotel-Boutique-Milla-de-Plata-6-300x200.jpg\" class=\"attachment-medium size-medium\" alt=\"H\u00f4tel Boutique Milla de Plata\" srcset=\"https:\/\/www.sotograndeguide.com\/wp-content\/uploads\/2018\/11\/Hotel-Boutique-Milla-de-Plata-6-300x200.jpg 300w, https:\/\/www.sotograndeguide.com\/wp-content\/uploads\/2018\/11\/Hotel-Boutique-Milla-de-Plata-6-768x512.jpg 768w, https:\/\/www.sotograndeguide.com\/wp-content\/uploads\/2018\/11\/Hotel-Boutique-Milla-de-Plata-6-1024x683.jpg 1024w, https:\/\/www.sotograndeguide.com\/wp-content\/uploads\/2018\/11\/Hotel-Boutique-Milla-de-Plata-6.jpg 1200w\" sizes=\"(max-width: 300px) 100vw, 300px\" \/><\/a>\n\t\t\t<\/div><\/figure><figure class='gallery-item'>\n\t\t\t<div class='gallery-icon landscape'>\n\t\t\t\t<a href='https:\/\/www.sotograndeguide.com\/wp-content\/uploads\/2018\/11\/Hotel-Boutique-Milla-de-Plata-1.jpg'><img decoding=\"async\" width=\"300\" height=\"200\" src=\"https:\/\/www.sotograndeguide.com\/wp-content\/uploads\/2018\/11\/Hotel-Boutique-Milla-de-Plata-1-300x200.jpg\" class=\"attachment-medium size-medium\" alt=\"H\u00f4tel Boutique Milla de Plata\" srcset=\"https:\/\/www.sotograndeguide.com\/wp-content\/uploads\/2018\/11\/Hotel-Boutique-Milla-de-Plata-1-300x200.jpg 300w, https:\/\/www.sotograndeguide.com\/wp-content\/uploads\/2018\/11\/Hotel-Boutique-Milla-de-Plata-1-768x512.jpg 768w, https:\/\/www.sotograndeguide.com\/wp-content\/uploads\/2018\/11\/Hotel-Boutique-Milla-de-Plata-1-1024x683.jpg 1024w, https:\/\/www.sotograndeguide.com\/wp-content\/uploads\/2018\/11\/Hotel-Boutique-Milla-de-Plata-1.jpg 1200w\" sizes=\"(max-width: 300px) 100vw, 300px\" \/><\/a>\n\t\t\t<\/div><\/figure>\n\t\t<\/div>\n\n<p><a href=\"http:\/\/www.booking.com\/hotel\/es\/milla-de-la-plata.html?aid=1233189&amp;no_rooms=1&amp;group_adults=1&amp;label=sotograndeguide\" target=\"_blank\" rel=\"noopener noreferrer\">V\u00e9rifier les meilleurs tarifs pour l'h\u00f4tel Boutique Milla de Plata \u00e0 Torreguadiaro<\/a>.<br \/>\n<a href=\"https:\/\/www.sotograndeguide.com\/fr\/hotels-sotogrande\/\">D\u00e9couvrez d'autres h\u00f4tels dans et autour de Sotogrande<\/a>:<br \/>\n<a href=\"https:\/\/www.sotograndeguide.com\/fr\/concierge-de-sotogrande\/\" target=\"_blank\" rel=\"noopener noreferrer\">Vous avez des questions sur cet h\u00f4tel ? Parlez au concierge de Sotogrande<\/a>.<\/p>\n<p><strong>H\u00f4tel Boutique Milla de Plata<\/strong><br \/>\nAdresse : Av. Mar del Sur, 11312 Torreguadiaro, C\u00e1diz<br \/>\nT\u00e9l\u00e9phone : <a href=\"tel:+34956616561\">956616561<\/a><\/p>","protected":false},"excerpt":{"rendered":"<p>L'h\u00f4tel Boutique Milla de Plata est situ\u00e9 \u00e0 la p\u00e9riph\u00e9rie du village de Torreguadiaro. Cet h\u00f4tel de charme est situ\u00e9 en bord de mer et \u00e0 distance de marche de nombreux bars, caf\u00e9s et restaurants de Torreguadiaro. Les chambres jouissent toutes d'une vue spectaculaire sur la mer ainsi que sur Gibraltar et l'Afrique. L'h\u00f4tel dispose de son propre restaurant de fruits de mer.... <a title=\"H\u00f4tel Boutique Milla de Plata\" class=\"read-more\" href=\"https:\/\/www.sotograndeguide.com\/fr\/sotogrande-hotels\/hotel-boutique-milla-de-plata\/\" aria-label=\"En savoir plus sur Hotel Boutique Milla de Plata\">Lire plus<\/a><\/p>","protected":false},"author":1,"featured_media":34180,"parent":94,"menu_order":0,"comment_status":"closed","ping_status":"closed","template":"","meta":{"footnotes":""},"class_list":["post-33569","page","type-page","status-publish","has-post-thumbnail"],"yoast_head":"<!-- This site is optimized with the Yoast SEO Premium plugin v20.5 (Yoast SEO v27.5) - https:\/\/yoast.com\/product\/yoast-seo-premium-wordpress\/ -->\n<title>Hotel Boutique Milla de Plata - Sotogrande Guide \ud83c\udf0a Frontline Sea Hotel<\/title>\n<meta name=\"description\" content=\"The Hotel Boutique Milla de Plata is a frontline sea hotel near Sotogrande, in the small town of Torreguadiaro. Walking distance to Sotogrande Port.\" \/>\n<meta name=\"robots\" content=\"index, follow, max-snippet:-1, max-image-preview:large, max-video-preview:-1\" \/>\n<link rel=\"canonical\" href=\"https:\/\/www.sotograndeguide.com\/fr\/hotels-sotogrande\/hotel-boutique-milla-de-plata\/\" \/>\n<meta property=\"og:locale\" content=\"fr_FR\" \/>\n<meta property=\"og:type\" content=\"article\" \/>\n<meta property=\"og:title\" content=\"Hotel Boutique Milla de Plata\" \/>\n<meta property=\"og:description\" content=\"The Hotel Boutique Milla de Plata is a frontline sea hotel near Sotogrande, in the small town of Torreguadiaro. Walking distance to Sotogrande Port.\" \/>\n<meta property=\"og:url\" content=\"https:\/\/www.sotograndeguide.com\/fr\/hotels-sotogrande\/hotel-boutique-milla-de-plata\/\" \/>\n<meta property=\"og:site_name\" content=\"Sotogrande Guide\" \/>\n<meta property=\"article:publisher\" content=\"https:\/\/www.facebook.com\/sotograndeguide\" \/>\n<meta property=\"article:modified_time\" content=\"2019-07-07T20:06:00+00:00\" \/>\n<meta property=\"og:image\" content=\"https:\/\/www.sotograndeguide.com\/wp-content\/uploads\/2018\/05\/Hotel-Boutique-Milla-de-Plata.jpg\" \/>\n\t<meta property=\"og:image:width\" content=\"1600\" \/>\n\t<meta property=\"og:image:height\" content=\"960\" \/>\n\t<meta property=\"og:image:type\" content=\"image\/jpeg\" \/>\n<meta name=\"twitter:card\" content=\"summary_large_image\" \/>\n<meta name=\"twitter:site\" content=\"@sotograndeguide\" \/>\n<meta name=\"twitter:label1\" content=\"Est. reading time\" \/>\n\t<meta name=\"twitter:data1\" content=\"1 minute\" \/>\n<!-- \/ Yoast SEO Premium plugin. -->","yoast_head_json":{"title":"H\u00f4tel Boutique Milla de Plata - Sotogrande Guide \ud83c\udf0a Frontline Sea Hotel","description":"L'h\u00f4tel Boutique Milla de Plata est un h\u00f4tel de bord de mer situ\u00e9 pr\u00e8s de Sotogrande, dans la petite ville de Torreguadiaro. Le port de Sotogrande est accessible \u00e0 pied.","robots":{"index":"index","follow":"follow","max-snippet":"max-snippet:-1","max-image-preview":"max-image-preview:large","max-video-preview":"max-video-preview:-1"},"canonical":"https:\/\/www.sotograndeguide.com\/fr\/hotels-sotogrande\/hotel-boutique-milla-de-plata\/","og_locale":"fr_FR","og_type":"article","og_title":"Hotel Boutique Milla de Plata","og_description":"The Hotel Boutique Milla de Plata is a frontline sea hotel near Sotogrande, in the small town of Torreguadiaro. Walking distance to Sotogrande Port.","og_url":"https:\/\/www.sotograndeguide.com\/fr\/hotels-sotogrande\/hotel-boutique-milla-de-plata\/","og_site_name":"Sotogrande Guide","article_publisher":"https:\/\/www.facebook.com\/sotograndeguide","article_modified_time":"2019-07-07T20:06:00+00:00","og_image":[{"width":1600,"height":960,"url":"https:\/\/www.sotograndeguide.com\/wp-content\/uploads\/2018\/05\/Hotel-Boutique-Milla-de-Plata.jpg","type":"image\/jpeg"}],"twitter_card":"summary_large_image","twitter_site":"@sotograndeguide","twitter_misc":{"Est. reading time":"1 minute"},"schema":{"@context":"https:\/\/schema.org","@graph":[{"@type":"WebPage","@id":"https:\/\/www.sotograndeguide.com\/sotogrande-hotels\/hotel-boutique-milla-de-plata\/","url":"https:\/\/www.sotograndeguide.com\/sotogrande-hotels\/hotel-boutique-milla-de-plata\/","name":"H\u00f4tel Boutique Milla de Plata - Sotogrande Guide \ud83c\udf0a Frontline Sea Hotel","isPartOf":{"@id":"https:\/\/www.sotograndeguide.com\/#website"},"primaryImageOfPage":{"@id":"https:\/\/www.sotograndeguide.com\/sotogrande-hotels\/hotel-boutique-milla-de-plata\/#primaryimage"},"image":{"@id":"https:\/\/www.sotograndeguide.com\/sotogrande-hotels\/hotel-boutique-milla-de-plata\/#primaryimage"},"thumbnailUrl":"https:\/\/www.sotograndeguide.com\/wp-content\/uploads\/2018\/05\/Hotel-Boutique-Milla-de-Plata.jpg","datePublished":"2017-11-15T04:20:09+00:00","dateModified":"2019-07-07T20:06:00+00:00","description":"L'h\u00f4tel Boutique Milla de Plata est un h\u00f4tel de bord de mer situ\u00e9 pr\u00e8s de Sotogrande, dans la petite ville de Torreguadiaro. Le port de Sotogrande est accessible \u00e0 pied.","breadcrumb":{"@id":"https:\/\/www.sotograndeguide.com\/sotogrande-hotels\/hotel-boutique-milla-de-plata\/#breadcrumb"},"inLanguage":"fr-FR","potentialAction":[{"@type":"ReadAction","target":["https:\/\/www.sotograndeguide.com\/sotogrande-hotels\/hotel-boutique-milla-de-plata\/"]}]},{"@type":"ImageObject","inLanguage":"fr-FR","@id":"https:\/\/www.sotograndeguide.com\/sotogrande-hotels\/hotel-boutique-milla-de-plata\/#primaryimage","url":"https:\/\/www.sotograndeguide.com\/wp-content\/uploads\/2018\/05\/Hotel-Boutique-Milla-de-Plata.jpg","contentUrl":"https:\/\/www.sotograndeguide.com\/wp-content\/uploads\/2018\/05\/Hotel-Boutique-Milla-de-Plata.jpg","width":1600,"height":960,"caption":"Hotel Boutique Milla de Plata"},{"@type":"BreadcrumbList","@id":"https:\/\/www.sotograndeguide.com\/sotogrande-hotels\/hotel-boutique-milla-de-plata\/#breadcrumb","itemListElement":[{"@type":"ListItem","position":1,"name":"Home","item":"https:\/\/www.sotograndeguide.com\/"},{"@type":"ListItem","position":2,"name":"Sotogrande Hotels","item":"https:\/\/www.sotograndeguide.com\/sotogrande-hotels\/"},{"@type":"ListItem","position":3,"name":"Hotel Boutique Milla de Plata"}]},{"@type":"WebSite","@id":"https:\/\/www.sotograndeguide.com\/#website","url":"https:\/\/www.sotograndeguide.com\/","name":"Guide de Sotogrande","description":"Nouvelles, conseils, \u00e9v\u00e9nements et critiques","publisher":{"@id":"https:\/\/www.sotograndeguide.com\/#organization"},"potentialAction":[{"@type":"SearchAction","target":{"@type":"EntryPoint","urlTemplate":"https:\/\/www.sotograndeguide.com\/?s={search_term_string}"},"query-input":{"@type":"PropertyValueSpecification","valueRequired":true,"valueName":"search_term_string"}}],"inLanguage":"fr-FR"},{"@type":"Organization","@id":"https:\/\/www.sotograndeguide.com\/#organization","name":"Guide de Sotogrande","url":"https:\/\/www.sotograndeguide.com\/","logo":{"@type":"ImageObject","inLanguage":"fr-FR","@id":"https:\/\/www.sotograndeguide.com\/#\/schema\/logo\/image\/","url":"https:\/\/www.sotograndeguide.com\/wp-content\/uploads\/2017\/03\/Sotogrande-Logo-GUIDE.png","contentUrl":"https:\/\/www.sotograndeguide.com\/wp-content\/uploads\/2017\/03\/Sotogrande-Logo-GUIDE.png","width":300,"height":300,"caption":"Sotogrande Guide"},"image":{"@id":"https:\/\/www.sotograndeguide.com\/#\/schema\/logo\/image\/"},"sameAs":["https:\/\/www.facebook.com\/sotograndeguide","https:\/\/x.com\/sotograndeguide","https:\/\/www.tiktok.com\/@sotograndeguide","https:\/\/www.youtube.com\/@SotograndeGuide"]}]}},"jetpack_sharing_enabled":true,"_links":{"self":[{"href":"https:\/\/www.sotograndeguide.com\/fr\/wp-json\/wp\/v2\/pages\/33569","targetHints":{"allow":["GET"]}}],"collection":[{"href":"https:\/\/www.sotograndeguide.com\/fr\/wp-json\/wp\/v2\/pages"}],"about":[{"href":"https:\/\/www.sotograndeguide.com\/fr\/wp-json\/wp\/v2\/types\/page"}],"author":[{"embeddable":true,"href":"https:\/\/www.sotograndeguide.com\/fr\/wp-json\/wp\/v2\/users\/1"}],"replies":[{"embeddable":true,"href":"https:\/\/www.sotograndeguide.com\/fr\/wp-json\/wp\/v2\/comments?post=33569"}],"version-history":[{"count":0,"href":"https:\/\/www.sotograndeguide.com\/fr\/wp-json\/wp\/v2\/pages\/33569\/revisions"}],"up":[{"embeddable":true,"href":"https:\/\/www.sotograndeguide.com\/fr\/wp-json\/wp\/v2\/pages\/94"}],"wp:featuredmedia":[{"embeddable":true,"href":"https:\/\/www.sotograndeguide.com\/fr\/wp-json\/wp\/v2\/media\/34180"}],"wp:attachment":[{"href":"https:\/\/www.sotograndeguide.com\/fr\/wp-json\/wp\/v2\/media?parent=33569"}],"curies":[{"name":"wp","href":"https:\/\/api.w.org\/{rel}","templated":true}]}}