{"id":33568,"date":"2017-11-15T04:16:11","date_gmt":"2017-11-15T04:16:11","guid":{"rendered":"https:\/\/www.sotograndeguide.com\/?page_id=33568"},"modified":"2019-07-07T20:09:08","modified_gmt":"2019-07-07T20:09:08","slug":"hotel-patricia","status":"publish","type":"page","link":"https:\/\/www.sotograndeguide.com\/fr\/sotogrande-hotels\/hotel-patricia\/","title":{"rendered":"H\u00f4tel Patricia"},"content":{"rendered":"<p><a href=\"http:\/\/www.booking.com\/hotel\/es\/patricia.html?aid=1233189&amp;no_rooms=1&amp;group_adults=1&amp;label=sotograndeguide\" target=\"_blank\" rel=\"noopener noreferrer\">H\u00f4tel Patricia<\/a> se trouve \u00e0 cinq minutes de route du port de Sotogrande, dans le village de Torreguadiaro. L'h\u00f4tel est situ\u00e9 sur l'avenue principale, entour\u00e9 de bars et de restaurants.<\/p>\n<p>L'h\u00f4tel se trouve en face de la plage de Torreguadiaro et toutes les chambres sont dot\u00e9es d'une t\u00e9l\u00e9vision \u00e0 \u00e9cran plat et d'une connexion Wi-Fi gratuite ; certaines disposent d'un balcon ou d'une terrasse avec vue sur la plage.<\/p>\n<p>L'h\u00f4tel dispose \u00e9galement d'un caf\u00e9\/bar d\u00e9contract\u00e9 offrant une vue panoramique sur la plage et la mer M\u00e9diterran\u00e9e.<\/p>\n<p>Un h\u00f4tel d\u00e9contract\u00e9, au bord de la mer, avec des chambres a\u00e9r\u00e9es.<\/p>\n<h3>Galerie de photos de l'h\u00f4tel Patricia<\/h3>\n<div id='gallery-1' class='gallery galleryid-33568 gallery-columns-3 gallery-size-medium'><figure class='gallery-item'>\n\t\t\t<div class='gallery-icon landscape'>\n\t\t\t\t<a href='https:\/\/www.sotograndeguide.com\/fr\/sotogrande-hotels\/hotel-patricia\/hotel-patricia-1\/#main'><img decoding=\"async\" width=\"300\" height=\"200\" src=\"https:\/\/www.sotograndeguide.com\/wp-content\/uploads\/2018\/11\/Hotel-Patricia-1-300x200.jpg\" class=\"attachment-medium size-medium\" alt=\"H\u00f4tel Patricia\" srcset=\"https:\/\/www.sotograndeguide.com\/wp-content\/uploads\/2018\/11\/Hotel-Patricia-1-300x200.jpg 300w, https:\/\/www.sotograndeguide.com\/wp-content\/uploads\/2018\/11\/Hotel-Patricia-1-768x512.jpg 768w, https:\/\/www.sotograndeguide.com\/wp-content\/uploads\/2018\/11\/Hotel-Patricia-1-1024x683.jpg 1024w, https:\/\/www.sotograndeguide.com\/wp-content\/uploads\/2018\/11\/Hotel-Patricia-1.jpg 1200w\" sizes=\"(max-width: 300px) 100vw, 300px\" \/><\/a>\n\t\t\t<\/div><\/figure><figure class='gallery-item'>\n\t\t\t<div class='gallery-icon landscape'>\n\t\t\t\t<a href='https:\/\/www.sotograndeguide.com\/fr\/sotogrande-hotels\/hotel-patricia\/hotel-patricia-2\/#main'><img decoding=\"async\" width=\"300\" height=\"200\" src=\"https:\/\/www.sotograndeguide.com\/wp-content\/uploads\/2018\/11\/Hotel-Patricia-2-300x200.jpg\" class=\"attachment-medium size-medium\" alt=\"H\u00f4tel Patricia\" srcset=\"https:\/\/www.sotograndeguide.com\/wp-content\/uploads\/2018\/11\/Hotel-Patricia-2-300x200.jpg 300w, https:\/\/www.sotograndeguide.com\/wp-content\/uploads\/2018\/11\/Hotel-Patricia-2-768x512.jpg 768w, https:\/\/www.sotograndeguide.com\/wp-content\/uploads\/2018\/11\/Hotel-Patricia-2-1024x683.jpg 1024w, https:\/\/www.sotograndeguide.com\/wp-content\/uploads\/2018\/11\/Hotel-Patricia-2.jpg 1200w\" sizes=\"(max-width: 300px) 100vw, 300px\" \/><\/a>\n\t\t\t<\/div><\/figure><figure class='gallery-item'>\n\t\t\t<div class='gallery-icon landscape'>\n\t\t\t\t<a href='https:\/\/www.sotograndeguide.com\/fr\/sotogrande-hotels\/hotel-patricia\/hotel-patricia-6\/#main'><img decoding=\"async\" width=\"300\" height=\"200\" src=\"https:\/\/www.sotograndeguide.com\/wp-content\/uploads\/2018\/11\/Hotel-Patricia-6-300x200.jpg\" class=\"attachment-medium size-medium\" alt=\"H\u00f4tel Patricia\" srcset=\"https:\/\/www.sotograndeguide.com\/wp-content\/uploads\/2018\/11\/Hotel-Patricia-6-300x200.jpg 300w, https:\/\/www.sotograndeguide.com\/wp-content\/uploads\/2018\/11\/Hotel-Patricia-6-768x512.jpg 768w, https:\/\/www.sotograndeguide.com\/wp-content\/uploads\/2018\/11\/Hotel-Patricia-6-1024x683.jpg 1024w, https:\/\/www.sotograndeguide.com\/wp-content\/uploads\/2018\/11\/Hotel-Patricia-6.jpg 1200w\" sizes=\"(max-width: 300px) 100vw, 300px\" \/><\/a>\n\t\t\t<\/div><\/figure><figure class='gallery-item'>\n\t\t\t<div class='gallery-icon landscape'>\n\t\t\t\t<a href='https:\/\/www.sotograndeguide.com\/fr\/sotogrande-hotels\/hotel-patricia\/hotel-patricia-5\/#main'><img decoding=\"async\" width=\"300\" height=\"200\" src=\"https:\/\/www.sotograndeguide.com\/wp-content\/uploads\/2018\/11\/Hotel-Patricia-5-300x200.jpg\" class=\"attachment-medium size-medium\" alt=\"H\u00f4tel Patricia\" srcset=\"https:\/\/www.sotograndeguide.com\/wp-content\/uploads\/2018\/11\/Hotel-Patricia-5-300x200.jpg 300w, https:\/\/www.sotograndeguide.com\/wp-content\/uploads\/2018\/11\/Hotel-Patricia-5-768x512.jpg 768w, https:\/\/www.sotograndeguide.com\/wp-content\/uploads\/2018\/11\/Hotel-Patricia-5-1024x683.jpg 1024w, https:\/\/www.sotograndeguide.com\/wp-content\/uploads\/2018\/11\/Hotel-Patricia-5.jpg 1200w\" sizes=\"(max-width: 300px) 100vw, 300px\" \/><\/a>\n\t\t\t<\/div><\/figure><figure class='gallery-item'>\n\t\t\t<div class='gallery-icon landscape'>\n\t\t\t\t<a href='https:\/\/www.sotograndeguide.com\/fr\/sotogrande-hotels\/hotel-patricia\/hotel-patricia-3\/#main'><img decoding=\"async\" width=\"300\" height=\"200\" src=\"https:\/\/www.sotograndeguide.com\/wp-content\/uploads\/2018\/11\/Hotel-Patricia-3-300x200.jpg\" class=\"attachment-medium size-medium\" alt=\"H\u00f4tel Patricia\" srcset=\"https:\/\/www.sotograndeguide.com\/wp-content\/uploads\/2018\/11\/Hotel-Patricia-3-300x200.jpg 300w, https:\/\/www.sotograndeguide.com\/wp-content\/uploads\/2018\/11\/Hotel-Patricia-3-768x512.jpg 768w, https:\/\/www.sotograndeguide.com\/wp-content\/uploads\/2018\/11\/Hotel-Patricia-3-1024x683.jpg 1024w, https:\/\/www.sotograndeguide.com\/wp-content\/uploads\/2018\/11\/Hotel-Patricia-3.jpg 1200w\" sizes=\"(max-width: 300px) 100vw, 300px\" \/><\/a>\n\t\t\t<\/div><\/figure><figure class='gallery-item'>\n\t\t\t<div class='gallery-icon landscape'>\n\t\t\t\t<a href='https:\/\/www.sotograndeguide.com\/fr\/sotogrande-hotels\/hotel-patricia\/hotel-patricia-4\/#main'><img decoding=\"async\" width=\"300\" height=\"200\" src=\"https:\/\/www.sotograndeguide.com\/wp-content\/uploads\/2018\/11\/Hotel-Patricia-4-300x200.jpg\" class=\"attachment-medium size-medium\" alt=\"H\u00f4tel Patricia\" srcset=\"https:\/\/www.sotograndeguide.com\/wp-content\/uploads\/2018\/11\/Hotel-Patricia-4-300x200.jpg 300w, https:\/\/www.sotograndeguide.com\/wp-content\/uploads\/2018\/11\/Hotel-Patricia-4-768x512.jpg 768w, https:\/\/www.sotograndeguide.com\/wp-content\/uploads\/2018\/11\/Hotel-Patricia-4-1024x683.jpg 1024w, https:\/\/www.sotograndeguide.com\/wp-content\/uploads\/2018\/11\/Hotel-Patricia-4.jpg 1200w\" sizes=\"(max-width: 300px) 100vw, 300px\" \/><\/a>\n\t\t\t<\/div><\/figure>\n\t\t<\/div>\n\n<p><a href=\"http:\/\/www.booking.com\/hotel\/es\/patricia.html?aid=1233189&amp;no_rooms=1&amp;group_adults=1&amp;label=sotograndeguide\" target=\"_blank\" rel=\"noopener noreferrer\">V\u00e9rifier les meilleurs tarifs pour l'H\u00f4tel Patricia \u00e0 Sotogrande<\/a>.<br \/>\n<a href=\"https:\/\/www.sotograndeguide.com\/fr\/hotels-sotogrande\/\">D\u00e9couvrez d'autres h\u00f4tels dans et autour de Sotogrande<\/a>.<br \/>\n<a href=\"https:\/\/www.sotograndeguide.com\/fr\/concierge-de-sotogrande\/\" target=\"_blank\" rel=\"noopener noreferrer\">Vous avez des questions sur cet h\u00f4tel ? Parlez au concierge de Sotogrande<\/a>.<\/p>\n<p><strong>H\u00f4tel Patricia<\/strong><br \/>\nAdresse : Av. Mar del Sur, 80, 11312 San Roque, C\u00e1diz<br \/>\nT\u00e9l\u00e9phone : <a href=\"tel:+34956615300\">956615300<\/a><\/p>","protected":false},"excerpt":{"rendered":"<p>L'h\u00f4tel Patricia se trouve \u00e0 cinq minutes de route du port de Sotogrande, dans le village de Torreguadiaro. L'h\u00f4tel est situ\u00e9 sur l'avenue principale, entour\u00e9 de bars et de restaurants. L'h\u00f4tel se trouve en face de la plage de Torreguadiaro et toutes les chambres sont dot\u00e9es d'une t\u00e9l\u00e9vision \u00e0 \u00e9cran plat et d'une connexion Wi-Fi gratuite ; certaines disposent d'un balcon ou d'une terrasse avec vue sur la plage. Certaines disposent d'un balcon ou d'une terrasse avec vue sur la plage. <a title=\"H\u00f4tel Patricia\" class=\"read-more\" href=\"https:\/\/www.sotograndeguide.com\/fr\/sotogrande-hotels\/hotel-patricia\/\" aria-label=\"En savoir plus sur H\u00f4tel Patricia\">Lire plus<\/a><\/p>","protected":false},"author":1,"featured_media":33609,"parent":94,"menu_order":0,"comment_status":"closed","ping_status":"closed","template":"","meta":{"footnotes":""},"class_list":["post-33568","page","type-page","status-publish","has-post-thumbnail"],"yoast_head":"<!-- This site is optimized with the Yoast SEO Premium plugin v20.5 (Yoast SEO v27.5) - https:\/\/yoast.com\/product\/yoast-seo-premium-wordpress\/ -->\n<title>Hotel Patricia - Sotogrande Guide \ud83d\udcb0 The Budget Hotel of Choice<\/title>\n<meta name=\"description\" content=\"Hotel Patirica is the perfect cheap hotel on the beach in the town of Torreguadiaro, a popular choice for traveling on a budget. Hotel with sea views.\" \/>\n<meta name=\"robots\" content=\"index, follow, max-snippet:-1, max-image-preview:large, max-video-preview:-1\" \/>\n<link rel=\"canonical\" href=\"https:\/\/www.sotograndeguide.com\/fr\/hotels-sotogrande\/hotel-patricia\/\" \/>\n<meta property=\"og:locale\" content=\"fr_FR\" \/>\n<meta property=\"og:type\" content=\"article\" \/>\n<meta property=\"og:title\" content=\"Hotel Patricia\" \/>\n<meta property=\"og:description\" content=\"Hotel Patirica is the perfect cheap hotel on the beach in the town of Torreguadiaro, a popular choice for traveling on a budget. Hotel with sea views.\" \/>\n<meta property=\"og:url\" content=\"https:\/\/www.sotograndeguide.com\/fr\/hotels-sotogrande\/hotel-patricia\/\" \/>\n<meta property=\"og:site_name\" content=\"Sotogrande Guide\" \/>\n<meta property=\"article:publisher\" content=\"https:\/\/www.facebook.com\/sotograndeguide\" \/>\n<meta property=\"article:modified_time\" content=\"2019-07-07T20:09:08+00:00\" \/>\n<meta property=\"og:image\" content=\"https:\/\/www.sotograndeguide.com\/wp-content\/uploads\/2017\/11\/Hotel-Patricia.jpg\" \/>\n\t<meta property=\"og:image:width\" content=\"1000\" \/>\n\t<meta property=\"og:image:height\" content=\"664\" \/>\n\t<meta property=\"og:image:type\" content=\"image\/jpeg\" \/>\n<meta name=\"twitter:card\" content=\"summary_large_image\" \/>\n<meta name=\"twitter:site\" content=\"@sotograndeguide\" \/>\n<meta name=\"twitter:label1\" content=\"Est. reading time\" \/>\n\t<meta name=\"twitter:data1\" content=\"1 minute\" \/>\n<!-- \/ Yoast SEO Premium plugin. -->","yoast_head_json":{"title":"Hotel Patricia - Sotogrande Guide \ud83d\udcb0 L'h\u00f4tel \u00e9conomique de choix","description":"L'h\u00f4tel Patirica est un h\u00f4tel bon march\u00e9 parfait sur la plage de la ville de Torreguadiaro, un choix populaire pour les voyageurs \u00e0 petit budget. H\u00f4tel avec vue sur la mer.","robots":{"index":"index","follow":"follow","max-snippet":"max-snippet:-1","max-image-preview":"max-image-preview:large","max-video-preview":"max-video-preview:-1"},"canonical":"https:\/\/www.sotograndeguide.com\/fr\/hotels-sotogrande\/hotel-patricia\/","og_locale":"fr_FR","og_type":"article","og_title":"Hotel Patricia","og_description":"Hotel Patirica is the perfect cheap hotel on the beach in the town of Torreguadiaro, a popular choice for traveling on a budget. Hotel with sea views.","og_url":"https:\/\/www.sotograndeguide.com\/fr\/hotels-sotogrande\/hotel-patricia\/","og_site_name":"Sotogrande Guide","article_publisher":"https:\/\/www.facebook.com\/sotograndeguide","article_modified_time":"2019-07-07T20:09:08+00:00","og_image":[{"width":1000,"height":664,"url":"https:\/\/www.sotograndeguide.com\/wp-content\/uploads\/2017\/11\/Hotel-Patricia.jpg","type":"image\/jpeg"}],"twitter_card":"summary_large_image","twitter_site":"@sotograndeguide","twitter_misc":{"Est. reading time":"1 minute"},"schema":{"@context":"https:\/\/schema.org","@graph":[{"@type":"WebPage","@id":"https:\/\/www.sotograndeguide.com\/sotogrande-hotels\/hotel-patricia\/","url":"https:\/\/www.sotograndeguide.com\/sotogrande-hotels\/hotel-patricia\/","name":"Hotel Patricia - Sotogrande Guide \ud83d\udcb0 L'h\u00f4tel \u00e9conomique de choix","isPartOf":{"@id":"https:\/\/www.sotograndeguide.com\/#website"},"primaryImageOfPage":{"@id":"https:\/\/www.sotograndeguide.com\/sotogrande-hotels\/hotel-patricia\/#primaryimage"},"image":{"@id":"https:\/\/www.sotograndeguide.com\/sotogrande-hotels\/hotel-patricia\/#primaryimage"},"thumbnailUrl":"https:\/\/www.sotograndeguide.com\/wp-content\/uploads\/2017\/11\/Hotel-Patricia.jpg","datePublished":"2017-11-15T04:16:11+00:00","dateModified":"2019-07-07T20:09:08+00:00","description":"L'h\u00f4tel Patirica est un h\u00f4tel bon march\u00e9 parfait sur la plage de la ville de Torreguadiaro, un choix populaire pour les voyageurs \u00e0 petit budget. H\u00f4tel avec vue sur la mer.","breadcrumb":{"@id":"https:\/\/www.sotograndeguide.com\/sotogrande-hotels\/hotel-patricia\/#breadcrumb"},"inLanguage":"fr-FR","potentialAction":[{"@type":"ReadAction","target":["https:\/\/www.sotograndeguide.com\/sotogrande-hotels\/hotel-patricia\/"]}]},{"@type":"ImageObject","inLanguage":"fr-FR","@id":"https:\/\/www.sotograndeguide.com\/sotogrande-hotels\/hotel-patricia\/#primaryimage","url":"https:\/\/www.sotograndeguide.com\/wp-content\/uploads\/2017\/11\/Hotel-Patricia.jpg","contentUrl":"https:\/\/www.sotograndeguide.com\/wp-content\/uploads\/2017\/11\/Hotel-Patricia.jpg","width":1000,"height":664,"caption":"Hotel Patricia"},{"@type":"BreadcrumbList","@id":"https:\/\/www.sotograndeguide.com\/sotogrande-hotels\/hotel-patricia\/#breadcrumb","itemListElement":[{"@type":"ListItem","position":1,"name":"Home","item":"https:\/\/www.sotograndeguide.com\/"},{"@type":"ListItem","position":2,"name":"Sotogrande Hotels","item":"https:\/\/www.sotograndeguide.com\/sotogrande-hotels\/"},{"@type":"ListItem","position":3,"name":"Hotel Patricia"}]},{"@type":"WebSite","@id":"https:\/\/www.sotograndeguide.com\/#website","url":"https:\/\/www.sotograndeguide.com\/","name":"Guide de Sotogrande","description":"Nouvelles, conseils, \u00e9v\u00e9nements et critiques","publisher":{"@id":"https:\/\/www.sotograndeguide.com\/#organization"},"potentialAction":[{"@type":"SearchAction","target":{"@type":"EntryPoint","urlTemplate":"https:\/\/www.sotograndeguide.com\/?s={search_term_string}"},"query-input":{"@type":"PropertyValueSpecification","valueRequired":true,"valueName":"search_term_string"}}],"inLanguage":"fr-FR"},{"@type":"Organization","@id":"https:\/\/www.sotograndeguide.com\/#organization","name":"Guide de Sotogrande","url":"https:\/\/www.sotograndeguide.com\/","logo":{"@type":"ImageObject","inLanguage":"fr-FR","@id":"https:\/\/www.sotograndeguide.com\/#\/schema\/logo\/image\/","url":"https:\/\/www.sotograndeguide.com\/wp-content\/uploads\/2017\/03\/Sotogrande-Logo-GUIDE.png","contentUrl":"https:\/\/www.sotograndeguide.com\/wp-content\/uploads\/2017\/03\/Sotogrande-Logo-GUIDE.png","width":300,"height":300,"caption":"Sotogrande Guide"},"image":{"@id":"https:\/\/www.sotograndeguide.com\/#\/schema\/logo\/image\/"},"sameAs":["https:\/\/www.facebook.com\/sotograndeguide","https:\/\/x.com\/sotograndeguide","https:\/\/www.tiktok.com\/@sotograndeguide","https:\/\/www.youtube.com\/@SotograndeGuide"]}]}},"jetpack_sharing_enabled":true,"_links":{"self":[{"href":"https:\/\/www.sotograndeguide.com\/fr\/wp-json\/wp\/v2\/pages\/33568","targetHints":{"allow":["GET"]}}],"collection":[{"href":"https:\/\/www.sotograndeguide.com\/fr\/wp-json\/wp\/v2\/pages"}],"about":[{"href":"https:\/\/www.sotograndeguide.com\/fr\/wp-json\/wp\/v2\/types\/page"}],"author":[{"embeddable":true,"href":"https:\/\/www.sotograndeguide.com\/fr\/wp-json\/wp\/v2\/users\/1"}],"replies":[{"embeddable":true,"href":"https:\/\/www.sotograndeguide.com\/fr\/wp-json\/wp\/v2\/comments?post=33568"}],"version-history":[{"count":0,"href":"https:\/\/www.sotograndeguide.com\/fr\/wp-json\/wp\/v2\/pages\/33568\/revisions"}],"up":[{"embeddable":true,"href":"https:\/\/www.sotograndeguide.com\/fr\/wp-json\/wp\/v2\/pages\/94"}],"wp:featuredmedia":[{"embeddable":true,"href":"https:\/\/www.sotograndeguide.com\/fr\/wp-json\/wp\/v2\/media\/33609"}],"wp:attachment":[{"href":"https:\/\/www.sotograndeguide.com\/fr\/wp-json\/wp\/v2\/media?parent=33568"}],"curies":[{"name":"wp","href":"https:\/\/api.w.org\/{rel}","templated":true}]}}