{"id":33566,"date":"2017-11-15T04:08:55","date_gmt":"2017-11-15T04:08:55","guid":{"rendered":"https:\/\/www.sotograndeguide.com\/?page_id=33566"},"modified":"2023-04-17T09:57:23","modified_gmt":"2023-04-17T09:57:23","slug":"hotel-mim-sotogrande","status":"publish","type":"page","link":"https:\/\/www.sotograndeguide.com\/fr\/sotogrande-hotels\/hotel-mim-sotogrande\/","title":{"rendered":"H\u00f4tel MIM Sotogrande"},"content":{"rendered":"<p><a href=\"http:\/\/www.booking.com\/hotel\/es\/club-maritimo-de-sotogrande.html?aid=1233189&amp;no_rooms=1&amp;group_adults=1&amp;label=sotograndeguide\" target=\"_blank\" rel=\"noopener noreferrer\">H\u00f4tel MIM Sotogrande<\/a> se trouve dans le port de Sotogrande, \u00e0 distance de marche de Sotogrande, des bars, des restaurants, des magasins et des plages.<\/p>\n<p>L'h\u00f4tel MIM Sotogrande est un h\u00f4tel quatre \u00e9toiles id\u00e9alement situ\u00e9 dans le port de Sotogrande.<\/p>\n<p>Cet h\u00f4tel moderne propose des chambres et des suites lumineuses et a\u00e9r\u00e9es, toutes dot\u00e9es d'une connexion Wi-Fi gratuite, d'une t\u00e9l\u00e9vision \u00e0 \u00e9cran plat et d'un minibar.<\/p>\n<p>\u00c0 distance de marche de la plage et de la populaire <a href=\"https:\/\/www.sotograndeguide.com\/fr\/restaurants-de-sotogrande\/ke-bar\/\" target=\"_blank\" rel=\"noopener noreferrer\">Ke Bar<\/a> et d'innombrables boutiques et restaurants.<\/p>\n<h3>Galerie de photos de l'h\u00f4tel MIM Sotogrande<\/h3>\n<div id='gallery-1' class='gallery galleryid-33566 gallery-columns-5 gallery-size-medium'><figure class='gallery-item'>\n\t\t\t<div class='gallery-icon landscape'>\n\t\t\t\t<a href='https:\/\/www.sotograndeguide.com\/wp-content\/uploads\/2018\/11\/Hotel-Club-Maritimo-de-Sotogrande-1.jpg'><img decoding=\"async\" width=\"300\" height=\"189\" src=\"https:\/\/www.sotograndeguide.com\/wp-content\/uploads\/2018\/11\/Hotel-Club-Maritimo-de-Sotogrande-1-300x189.jpg\" class=\"attachment-medium size-medium\" alt=\"H\u00f4tel Club Maritimo de Sotogrande\" srcset=\"https:\/\/www.sotograndeguide.com\/wp-content\/uploads\/2018\/11\/Hotel-Club-Maritimo-de-Sotogrande-1-300x189.jpg 300w, https:\/\/www.sotograndeguide.com\/wp-content\/uploads\/2018\/11\/Hotel-Club-Maritimo-de-Sotogrande-1-768x485.jpg 768w, https:\/\/www.sotograndeguide.com\/wp-content\/uploads\/2018\/11\/Hotel-Club-Maritimo-de-Sotogrande-1-1024x647.jpg 1024w, https:\/\/www.sotograndeguide.com\/wp-content\/uploads\/2018\/11\/Hotel-Club-Maritimo-de-Sotogrande-1.jpg 1900w\" sizes=\"(max-width: 300px) 100vw, 300px\" \/><\/a>\n\t\t\t<\/div><\/figure><figure class='gallery-item'>\n\t\t\t<div class='gallery-icon landscape'>\n\t\t\t\t<a href='https:\/\/www.sotograndeguide.com\/wp-content\/uploads\/2018\/11\/Hotel-Club-Maritimo-de-Sotogrande-5.jpg'><img decoding=\"async\" width=\"300\" height=\"189\" src=\"https:\/\/www.sotograndeguide.com\/wp-content\/uploads\/2018\/11\/Hotel-Club-Maritimo-de-Sotogrande-5-300x189.jpg\" class=\"attachment-medium size-medium\" alt=\"H\u00f4tel Club Maritimo de Sotogrande\" srcset=\"https:\/\/www.sotograndeguide.com\/wp-content\/uploads\/2018\/11\/Hotel-Club-Maritimo-de-Sotogrande-5-300x189.jpg 300w, https:\/\/www.sotograndeguide.com\/wp-content\/uploads\/2018\/11\/Hotel-Club-Maritimo-de-Sotogrande-5-768x485.jpg 768w, https:\/\/www.sotograndeguide.com\/wp-content\/uploads\/2018\/11\/Hotel-Club-Maritimo-de-Sotogrande-5-1024x647.jpg 1024w, https:\/\/www.sotograndeguide.com\/wp-content\/uploads\/2018\/11\/Hotel-Club-Maritimo-de-Sotogrande-5.jpg 1900w\" sizes=\"(max-width: 300px) 100vw, 300px\" \/><\/a>\n\t\t\t<\/div><\/figure><figure class='gallery-item'>\n\t\t\t<div class='gallery-icon landscape'>\n\t\t\t\t<a href='https:\/\/www.sotograndeguide.com\/wp-content\/uploads\/2018\/11\/Hotel-Club-Maritimo-de-Sotogrande-2.jpg'><img decoding=\"async\" width=\"300\" height=\"189\" src=\"https:\/\/www.sotograndeguide.com\/wp-content\/uploads\/2018\/11\/Hotel-Club-Maritimo-de-Sotogrande-2-300x189.jpg\" class=\"attachment-medium size-medium\" alt=\"H\u00f4tel Club Maritimo de Sotogrande\" srcset=\"https:\/\/www.sotograndeguide.com\/wp-content\/uploads\/2018\/11\/Hotel-Club-Maritimo-de-Sotogrande-2-300x189.jpg 300w, https:\/\/www.sotograndeguide.com\/wp-content\/uploads\/2018\/11\/Hotel-Club-Maritimo-de-Sotogrande-2-768x485.jpg 768w, https:\/\/www.sotograndeguide.com\/wp-content\/uploads\/2018\/11\/Hotel-Club-Maritimo-de-Sotogrande-2-1024x647.jpg 1024w, https:\/\/www.sotograndeguide.com\/wp-content\/uploads\/2018\/11\/Hotel-Club-Maritimo-de-Sotogrande-2.jpg 1900w\" sizes=\"(max-width: 300px) 100vw, 300px\" \/><\/a>\n\t\t\t<\/div><\/figure><figure class='gallery-item'>\n\t\t\t<div class='gallery-icon landscape'>\n\t\t\t\t<a href='https:\/\/www.sotograndeguide.com\/wp-content\/uploads\/2018\/11\/Hotel-Club-Maritimo-de-Sotogrande-4.jpg'><img decoding=\"async\" width=\"300\" height=\"189\" src=\"https:\/\/www.sotograndeguide.com\/wp-content\/uploads\/2018\/11\/Hotel-Club-Maritimo-de-Sotogrande-4-300x189.jpg\" class=\"attachment-medium size-medium\" alt=\"H\u00f4tel Club Maritimo de Sotogrande\" srcset=\"https:\/\/www.sotograndeguide.com\/wp-content\/uploads\/2018\/11\/Hotel-Club-Maritimo-de-Sotogrande-4-300x189.jpg 300w, https:\/\/www.sotograndeguide.com\/wp-content\/uploads\/2018\/11\/Hotel-Club-Maritimo-de-Sotogrande-4-768x485.jpg 768w, https:\/\/www.sotograndeguide.com\/wp-content\/uploads\/2018\/11\/Hotel-Club-Maritimo-de-Sotogrande-4-1024x647.jpg 1024w, https:\/\/www.sotograndeguide.com\/wp-content\/uploads\/2018\/11\/Hotel-Club-Maritimo-de-Sotogrande-4.jpg 1900w\" sizes=\"(max-width: 300px) 100vw, 300px\" \/><\/a>\n\t\t\t<\/div><\/figure><figure class='gallery-item'>\n\t\t\t<div class='gallery-icon landscape'>\n\t\t\t\t<a href='https:\/\/www.sotograndeguide.com\/wp-content\/uploads\/2018\/11\/Hotel-Club-Maritimo-de-Sotogrande-3.jpg'><img decoding=\"async\" width=\"300\" height=\"189\" src=\"https:\/\/www.sotograndeguide.com\/wp-content\/uploads\/2018\/11\/Hotel-Club-Maritimo-de-Sotogrande-3-300x189.jpg\" class=\"attachment-medium size-medium\" alt=\"H\u00f4tel Club Maritimo de Sotogrande\" srcset=\"https:\/\/www.sotograndeguide.com\/wp-content\/uploads\/2018\/11\/Hotel-Club-Maritimo-de-Sotogrande-3-300x189.jpg 300w, https:\/\/www.sotograndeguide.com\/wp-content\/uploads\/2018\/11\/Hotel-Club-Maritimo-de-Sotogrande-3-768x485.jpg 768w, https:\/\/www.sotograndeguide.com\/wp-content\/uploads\/2018\/11\/Hotel-Club-Maritimo-de-Sotogrande-3-1024x647.jpg 1024w, https:\/\/www.sotograndeguide.com\/wp-content\/uploads\/2018\/11\/Hotel-Club-Maritimo-de-Sotogrande-3.jpg 1900w\" sizes=\"(max-width: 300px) 100vw, 300px\" \/><\/a>\n\t\t\t<\/div><\/figure>\n\t\t<\/div>\n\n<p><a href=\"http:\/\/www.booking.com\/hotel\/es\/club-maritimo-de-sotogrande.html?aid=1233189&amp;no_rooms=1&amp;group_adults=1&amp;label=sotograndeguide\" target=\"_blank\" rel=\"noopener noreferrer\">V\u00e9rifier les meilleurs tarifs pour l'h\u00f4tel MIM Sotogrande<\/a>.<br \/>\n<a href=\"https:\/\/www.sotograndeguide.com\/fr\/hotels-sotogrande\/\">D\u00e9couvrez d'autres h\u00f4tels dans et autour de Sotogrande<\/a>.<br \/>\n<a href=\"https:\/\/www.sotograndeguide.com\/fr\/concierge-de-sotogrande\/\" target=\"_blank\" rel=\"noopener noreferrer\">Vous avez des questions sur cet h\u00f4tel ? Parlez au concierge de Sotogrande<\/a>.<\/p>\n<p><strong>H\u00f4tel MIM Sotogrande<\/strong><br \/>\nAdresse : Puerto Deportivo Sotogrande, San Roque<br \/>\nT\u00e9l\u00e9phone : <a href=\"tel:+34956790200\">956790200<\/a><\/p>","protected":false},"excerpt":{"rendered":"<p>L'h\u00f4tel MIM Sotogrande se trouve dans le port de Sotogrande, \u00e0 distance de marche de Sotogrande, des bars, des restaurants, des boutiques et des plages. L'h\u00f4tel MIM Sotogrande est un h\u00f4tel quatre \u00e9toiles id\u00e9alement situ\u00e9 dans le port de Sotogrande. Il s'agit d'un h\u00f4tel moderne proposant des chambres et des suites lumineuses et a\u00e9r\u00e9es, toutes dot\u00e9es d'une connexion Wi-Fi gratuite, d'une t\u00e9l\u00e9vision \u00e0 \u00e9cran plat et d'un minibar. ... <a title=\"H\u00f4tel MIM Sotogrande\" class=\"read-more\" href=\"https:\/\/www.sotograndeguide.com\/fr\/sotogrande-hotels\/hotel-mim-sotogrande\/\" aria-label=\"En savoir plus sur Hotel MIM Sotogrande\">Lire plus<\/a><\/p>","protected":false},"author":1,"featured_media":33603,"parent":94,"menu_order":0,"comment_status":"closed","ping_status":"closed","template":"","meta":{"footnotes":""},"class_list":["post-33566","page","type-page","status-publish","has-post-thumbnail"],"yoast_head":"<!-- This site is optimized with the Yoast SEO Premium plugin v20.5 (Yoast SEO v27.4) - https:\/\/yoast.com\/product\/yoast-seo-premium-wordpress\/ -->\n<title>Hotel MIM Sotogrande - Sotogrande Guide \ud83c\udf79 Posh Boutique Hotel<\/title>\n<meta name=\"description\" content=\"The Club Maritimo de Sotogrande is a small luxury hotel located in the Port of Sotogrande. An impressive looking hotel with delicious breakfast buffet.\" \/>\n<meta name=\"robots\" content=\"index, follow, max-snippet:-1, max-image-preview:large, max-video-preview:-1\" \/>\n<link rel=\"canonical\" href=\"https:\/\/www.sotograndeguide.com\/fr\/hotels-sotogrande\/hotel-mim-sotogrande\/\" \/>\n<meta property=\"og:locale\" content=\"fr_FR\" \/>\n<meta property=\"og:type\" content=\"article\" \/>\n<meta property=\"og:title\" content=\"Hotel MIM Sotogrande\" \/>\n<meta property=\"og:description\" content=\"The Club Maritimo de Sotogrande is a small luxury hotel located in the Port of Sotogrande. An impressive looking hotel with delicious breakfast buffet.\" \/>\n<meta property=\"og:url\" content=\"https:\/\/www.sotograndeguide.com\/fr\/hotels-sotogrande\/hotel-mim-sotogrande\/\" \/>\n<meta property=\"og:site_name\" content=\"Sotogrande Guide\" \/>\n<meta property=\"article:publisher\" content=\"https:\/\/www.facebook.com\/sotograndeguide\" \/>\n<meta property=\"article:modified_time\" content=\"2023-04-17T09:57:23+00:00\" \/>\n<meta property=\"og:image\" content=\"https:\/\/www.sotograndeguide.com\/wp-content\/uploads\/2017\/11\/Club-Maritimo-de-Sotogrande.jpg\" \/>\n\t<meta property=\"og:image:width\" content=\"1024\" \/>\n\t<meta property=\"og:image:height\" content=\"645\" \/>\n\t<meta property=\"og:image:type\" content=\"image\/jpeg\" \/>\n<meta name=\"twitter:card\" content=\"summary_large_image\" \/>\n<meta name=\"twitter:site\" content=\"@sotograndeguide\" \/>\n<meta name=\"twitter:label1\" content=\"Est. reading time\" \/>\n\t<meta name=\"twitter:data1\" content=\"1 minute\" \/>\n<!-- \/ Yoast SEO Premium plugin. -->","yoast_head_json":{"title":"H\u00f4tel MIM Sotogrande - Guide Sotogrande \ud83c\udf79 Posh Boutique Hotel","description":"Le Club Maritimo de Sotogrande est un petit h\u00f4tel de luxe situ\u00e9 dans le port de Sotogrande. Cet h\u00f4tel \u00e0 l'allure impressionnante propose un d\u00e9licieux petit d\u00e9jeuner buffet.","robots":{"index":"index","follow":"follow","max-snippet":"max-snippet:-1","max-image-preview":"max-image-preview:large","max-video-preview":"max-video-preview:-1"},"canonical":"https:\/\/www.sotograndeguide.com\/fr\/hotels-sotogrande\/hotel-mim-sotogrande\/","og_locale":"fr_FR","og_type":"article","og_title":"Hotel MIM Sotogrande","og_description":"The Club Maritimo de Sotogrande is a small luxury hotel located in the Port of Sotogrande. An impressive looking hotel with delicious breakfast buffet.","og_url":"https:\/\/www.sotograndeguide.com\/fr\/hotels-sotogrande\/hotel-mim-sotogrande\/","og_site_name":"Sotogrande Guide","article_publisher":"https:\/\/www.facebook.com\/sotograndeguide","article_modified_time":"2023-04-17T09:57:23+00:00","og_image":[{"width":1024,"height":645,"url":"https:\/\/www.sotograndeguide.com\/wp-content\/uploads\/2017\/11\/Club-Maritimo-de-Sotogrande.jpg","type":"image\/jpeg"}],"twitter_card":"summary_large_image","twitter_site":"@sotograndeguide","twitter_misc":{"Est. reading time":"1 minute"},"schema":{"@context":"https:\/\/schema.org","@graph":[{"@type":"WebPage","@id":"https:\/\/www.sotograndeguide.com\/sotogrande-hotels\/hotel-mim-sotogrande\/","url":"https:\/\/www.sotograndeguide.com\/sotogrande-hotels\/hotel-mim-sotogrande\/","name":"H\u00f4tel MIM Sotogrande - Guide Sotogrande \ud83c\udf79 Posh Boutique Hotel","isPartOf":{"@id":"https:\/\/www.sotograndeguide.com\/#website"},"primaryImageOfPage":{"@id":"https:\/\/www.sotograndeguide.com\/sotogrande-hotels\/hotel-mim-sotogrande\/#primaryimage"},"image":{"@id":"https:\/\/www.sotograndeguide.com\/sotogrande-hotels\/hotel-mim-sotogrande\/#primaryimage"},"thumbnailUrl":"https:\/\/www.sotograndeguide.com\/wp-content\/uploads\/2017\/11\/Club-Maritimo-de-Sotogrande.jpg","datePublished":"2017-11-15T04:08:55+00:00","dateModified":"2023-04-17T09:57:23+00:00","description":"Le Club Maritimo de Sotogrande est un petit h\u00f4tel de luxe situ\u00e9 dans le port de Sotogrande. Cet h\u00f4tel \u00e0 l'allure impressionnante propose un d\u00e9licieux petit d\u00e9jeuner buffet.","breadcrumb":{"@id":"https:\/\/www.sotograndeguide.com\/sotogrande-hotels\/hotel-mim-sotogrande\/#breadcrumb"},"inLanguage":"fr-FR","potentialAction":[{"@type":"ReadAction","target":["https:\/\/www.sotograndeguide.com\/sotogrande-hotels\/hotel-mim-sotogrande\/"]}]},{"@type":"ImageObject","inLanguage":"fr-FR","@id":"https:\/\/www.sotograndeguide.com\/sotogrande-hotels\/hotel-mim-sotogrande\/#primaryimage","url":"https:\/\/www.sotograndeguide.com\/wp-content\/uploads\/2017\/11\/Club-Maritimo-de-Sotogrande.jpg","contentUrl":"https:\/\/www.sotograndeguide.com\/wp-content\/uploads\/2017\/11\/Club-Maritimo-de-Sotogrande.jpg","width":1024,"height":645,"caption":"Club Maritimo de Sotogrande"},{"@type":"BreadcrumbList","@id":"https:\/\/www.sotograndeguide.com\/sotogrande-hotels\/hotel-mim-sotogrande\/#breadcrumb","itemListElement":[{"@type":"ListItem","position":1,"name":"Home","item":"https:\/\/www.sotograndeguide.com\/"},{"@type":"ListItem","position":2,"name":"Sotogrande Hotels","item":"https:\/\/www.sotograndeguide.com\/sotogrande-hotels\/"},{"@type":"ListItem","position":3,"name":"Hotel MIM Sotogrande"}]},{"@type":"WebSite","@id":"https:\/\/www.sotograndeguide.com\/#website","url":"https:\/\/www.sotograndeguide.com\/","name":"Guide de Sotogrande","description":"Nouvelles, conseils, \u00e9v\u00e9nements et critiques","publisher":{"@id":"https:\/\/www.sotograndeguide.com\/#organization"},"potentialAction":[{"@type":"SearchAction","target":{"@type":"EntryPoint","urlTemplate":"https:\/\/www.sotograndeguide.com\/?s={search_term_string}"},"query-input":{"@type":"PropertyValueSpecification","valueRequired":true,"valueName":"search_term_string"}}],"inLanguage":"fr-FR"},{"@type":"Organization","@id":"https:\/\/www.sotograndeguide.com\/#organization","name":"Guide de Sotogrande","url":"https:\/\/www.sotograndeguide.com\/","logo":{"@type":"ImageObject","inLanguage":"fr-FR","@id":"https:\/\/www.sotograndeguide.com\/#\/schema\/logo\/image\/","url":"https:\/\/www.sotograndeguide.com\/wp-content\/uploads\/2017\/03\/Sotogrande-Logo-GUIDE.png","contentUrl":"https:\/\/www.sotograndeguide.com\/wp-content\/uploads\/2017\/03\/Sotogrande-Logo-GUIDE.png","width":300,"height":300,"caption":"Sotogrande Guide"},"image":{"@id":"https:\/\/www.sotograndeguide.com\/#\/schema\/logo\/image\/"},"sameAs":["https:\/\/www.facebook.com\/sotograndeguide","https:\/\/x.com\/sotograndeguide","https:\/\/www.tiktok.com\/@sotograndeguide","https:\/\/www.youtube.com\/@SotograndeGuide"]}]}},"jetpack_sharing_enabled":true,"_links":{"self":[{"href":"https:\/\/www.sotograndeguide.com\/fr\/wp-json\/wp\/v2\/pages\/33566","targetHints":{"allow":["GET"]}}],"collection":[{"href":"https:\/\/www.sotograndeguide.com\/fr\/wp-json\/wp\/v2\/pages"}],"about":[{"href":"https:\/\/www.sotograndeguide.com\/fr\/wp-json\/wp\/v2\/types\/page"}],"author":[{"embeddable":true,"href":"https:\/\/www.sotograndeguide.com\/fr\/wp-json\/wp\/v2\/users\/1"}],"replies":[{"embeddable":true,"href":"https:\/\/www.sotograndeguide.com\/fr\/wp-json\/wp\/v2\/comments?post=33566"}],"version-history":[{"count":0,"href":"https:\/\/www.sotograndeguide.com\/fr\/wp-json\/wp\/v2\/pages\/33566\/revisions"}],"up":[{"embeddable":true,"href":"https:\/\/www.sotograndeguide.com\/fr\/wp-json\/wp\/v2\/pages\/94"}],"wp:featuredmedia":[{"embeddable":true,"href":"https:\/\/www.sotograndeguide.com\/fr\/wp-json\/wp\/v2\/media\/33603"}],"wp:attachment":[{"href":"https:\/\/www.sotograndeguide.com\/fr\/wp-json\/wp\/v2\/media?parent=33566"}],"curies":[{"name":"wp","href":"https:\/\/api.w.org\/{rel}","templated":true}]}}