{"id":33565,"date":"2017-11-15T04:03:09","date_gmt":"2017-11-15T04:03:09","guid":{"rendered":"https:\/\/www.sotograndeguide.com\/?page_id=33565"},"modified":"2019-07-07T20:08:22","modified_gmt":"2019-07-07T20:08:22","slug":"suites-san-roque","status":"publish","type":"page","link":"https:\/\/www.sotograndeguide.com\/fr\/sotogrande-hotels\/san-roque-suites\/","title":{"rendered":"San Roque Suites"},"content":{"rendered":"<p>Les <a href=\"https:\/\/www.booking.com\/hotel\/es\/san-roque-suites-san-roque.html?aid=1233189&amp;no_rooms=1&amp;group_adults=1&amp;label=sotograndeguide\" target=\"_blank\" rel=\"noopener noreferrer\">H\u00f4tel San Roque Suites<\/a> est situ\u00e9 \u00e0 cinq minutes de Sotogrande, \u00e0 c\u00f4t\u00e9 du club de golf San Roque.<\/p>\n<p>Les b\u00e2timents de faible hauteur sont entour\u00e9s de jardins paysagers et les chambres sont r\u00e9parties dans des bungalows, propos\u00e9s sous forme de suites avec kitchenettes et salles de s\u00e9jour.<\/p>\n<p>L'h\u00f4tel San Roque Suites dispose d'un spa, d'une salle de sport, de deux restaurants et de son propre parcours de golf, le San Roque Club Golf.<\/p>\n<p>Vous trouverez \u00e9galement un centre \u00e9questre, un club pour enfants et une piscine ext\u00e9rieure avec un bar de nage.<\/p>\n<h3>Galerie de photos de l'h\u00f4tel San Roque Suites<\/h3>\n<div id='gallery-1' class='gallery galleryid-33565 gallery-columns-5 gallery-size-large'><figure class='gallery-item'>\n\t\t\t<div class='gallery-icon landscape'>\n\t\t\t\t<a href='https:\/\/www.sotograndeguide.com\/wp-content\/uploads\/2019\/01\/Hotel-San-Roque-Suites-Swimming-Pool.jpg'><img decoding=\"async\" width=\"1024\" height=\"768\" src=\"https:\/\/www.sotograndeguide.com\/wp-content\/uploads\/2019\/01\/Hotel-San-Roque-Suites-Swimming-Pool-1024x768.jpg\" class=\"attachment-large size-large\" alt=\"H\u00f4tel San Roque Suites Piscine\" srcset=\"https:\/\/www.sotograndeguide.com\/wp-content\/uploads\/2019\/01\/Hotel-San-Roque-Suites-Swimming-Pool.jpg 1024w, https:\/\/www.sotograndeguide.com\/wp-content\/uploads\/2019\/01\/Hotel-San-Roque-Suites-Swimming-Pool-300x225.jpg 300w, https:\/\/www.sotograndeguide.com\/wp-content\/uploads\/2019\/01\/Hotel-San-Roque-Suites-Swimming-Pool-768x576.jpg 768w\" sizes=\"(max-width: 1024px) 100vw, 1024px\" \/><\/a>\n\t\t\t<\/div><\/figure><figure class='gallery-item'>\n\t\t\t<div class='gallery-icon landscape'>\n\t\t\t\t<a href='https:\/\/www.sotograndeguide.com\/wp-content\/uploads\/2019\/01\/Hotel-San-Roque-Suites-Double-Room.jpg'><img decoding=\"async\" width=\"1024\" height=\"768\" src=\"https:\/\/www.sotograndeguide.com\/wp-content\/uploads\/2019\/01\/Hotel-San-Roque-Suites-Double-Room-1024x768.jpg\" class=\"attachment-large size-large\" alt=\"H\u00f4tel San Roque Suites Chambre Double\" srcset=\"https:\/\/www.sotograndeguide.com\/wp-content\/uploads\/2019\/01\/Hotel-San-Roque-Suites-Double-Room.jpg 1024w, https:\/\/www.sotograndeguide.com\/wp-content\/uploads\/2019\/01\/Hotel-San-Roque-Suites-Double-Room-300x225.jpg 300w, https:\/\/www.sotograndeguide.com\/wp-content\/uploads\/2019\/01\/Hotel-San-Roque-Suites-Double-Room-768x576.jpg 768w\" sizes=\"(max-width: 1024px) 100vw, 1024px\" \/><\/a>\n\t\t\t<\/div><\/figure><figure class='gallery-item'>\n\t\t\t<div class='gallery-icon landscape'>\n\t\t\t\t<a href='https:\/\/www.sotograndeguide.com\/wp-content\/uploads\/2019\/01\/Hotel-San-Roque-Suites-Rooms.jpg'><img decoding=\"async\" width=\"1024\" height=\"768\" src=\"https:\/\/www.sotograndeguide.com\/wp-content\/uploads\/2019\/01\/Hotel-San-Roque-Suites-Rooms-1024x768.jpg\" class=\"attachment-large size-large\" alt=\"Chambres de l&#039;h\u00f4tel San Roque Suites\" srcset=\"https:\/\/www.sotograndeguide.com\/wp-content\/uploads\/2019\/01\/Hotel-San-Roque-Suites-Rooms.jpg 1024w, https:\/\/www.sotograndeguide.com\/wp-content\/uploads\/2019\/01\/Hotel-San-Roque-Suites-Rooms-300x225.jpg 300w, https:\/\/www.sotograndeguide.com\/wp-content\/uploads\/2019\/01\/Hotel-San-Roque-Suites-Rooms-768x576.jpg 768w\" sizes=\"(max-width: 1024px) 100vw, 1024px\" \/><\/a>\n\t\t\t<\/div><\/figure><figure class='gallery-item'>\n\t\t\t<div class='gallery-icon landscape'>\n\t\t\t\t<a href='https:\/\/www.sotograndeguide.com\/wp-content\/uploads\/2019\/01\/Hotel-San-Roque-Suites.jpg'><img decoding=\"async\" width=\"1024\" height=\"768\" src=\"https:\/\/www.sotograndeguide.com\/wp-content\/uploads\/2019\/01\/Hotel-San-Roque-Suites-1024x768.jpg\" class=\"attachment-large size-large\" alt=\"H\u00f4tel San Roque Suites\" srcset=\"https:\/\/www.sotograndeguide.com\/wp-content\/uploads\/2019\/01\/Hotel-San-Roque-Suites.jpg 1024w, https:\/\/www.sotograndeguide.com\/wp-content\/uploads\/2019\/01\/Hotel-San-Roque-Suites-300x225.jpg 300w, https:\/\/www.sotograndeguide.com\/wp-content\/uploads\/2019\/01\/Hotel-San-Roque-Suites-768x576.jpg 768w\" sizes=\"(max-width: 1024px) 100vw, 1024px\" \/><\/a>\n\t\t\t<\/div><\/figure><figure class='gallery-item'>\n\t\t\t<div class='gallery-icon landscape'>\n\t\t\t\t<a href='https:\/\/www.sotograndeguide.com\/wp-content\/uploads\/2019\/01\/Hotel-San-Roque-Suites-Exterior.jpg'><img decoding=\"async\" width=\"1024\" height=\"768\" src=\"https:\/\/www.sotograndeguide.com\/wp-content\/uploads\/2019\/01\/Hotel-San-Roque-Suites-Exterior-1024x768.jpg\" class=\"attachment-large size-large\" alt=\"Ext\u00e9rieur de l&#039;h\u00f4tel San Roque Suites\" srcset=\"https:\/\/www.sotograndeguide.com\/wp-content\/uploads\/2019\/01\/Hotel-San-Roque-Suites-Exterior.jpg 1024w, https:\/\/www.sotograndeguide.com\/wp-content\/uploads\/2019\/01\/Hotel-San-Roque-Suites-Exterior-300x225.jpg 300w, https:\/\/www.sotograndeguide.com\/wp-content\/uploads\/2019\/01\/Hotel-San-Roque-Suites-Exterior-768x576.jpg 768w\" sizes=\"(max-width: 1024px) 100vw, 1024px\" \/><\/a>\n\t\t\t<\/div><\/figure>\n\t\t<\/div>\n\n<p><a href=\"https:\/\/www.booking.com\/hotel\/es\/san-roque-suites-san-roque.html?aid=1233189&amp;no_rooms=1&amp;group_adults=1&amp;label=sotograndeguide\" target=\"_blank\" rel=\"noopener noreferrer\">V\u00e9rifier les meilleurs tarifs pour l'H\u00f4tel Almenara \u00e0 Sotogrande<\/a>.<br \/>\n<a href=\"https:\/\/www.sotograndeguide.com\/fr\/hotels-sotogrande\/\">D\u00e9couvrez d'autres h\u00f4tels dans et autour de Sotogrande<\/a>.<br \/>\n<a href=\"https:\/\/www.sotograndeguide.com\/fr\/concierge-de-sotogrande\/\" target=\"_blank\" rel=\"noopener noreferrer\">Vous avez des questions sur cet h\u00f4tel ? Parlez au concierge de Sotogrande<\/a>.<\/p>\n<p><strong>San Roque Suites<\/strong><br \/>\nAdresse : Carretera N-340, Km 127, 11360 San Roque, C\u00e1diz<br \/>\nT\u00e9l\u00e9phone : <a href=\"tel:+34956613323\">956613323<\/a><\/p>","protected":false},"excerpt":{"rendered":"<p>L'h\u00f4tel San Roque Suites est situ\u00e9 \u00e0 cinq minutes de Sotogrande, \u00e0 c\u00f4t\u00e9 du club de golf San Roque. Les b\u00e2timents de faible hauteur sont situ\u00e9s dans des jardins paysagers et les chambres sont r\u00e9parties dans des bungalows, des suites avec kitchenette et des salons. L'h\u00f4tel San Roque Suites dispose d'un spa, d'une salle de sport et de deux ... <a title=\"San Roque Suites\" class=\"read-more\" href=\"https:\/\/www.sotograndeguide.com\/fr\/sotogrande-hotels\/san-roque-suites\/\" aria-label=\"En savoir plus sur San Roque Suites\">Lire plus<\/a><\/p>","protected":false},"author":1,"featured_media":33597,"parent":94,"menu_order":0,"comment_status":"closed","ping_status":"closed","template":"","meta":{"footnotes":""},"class_list":["post-33565","page","type-page","status-publish","has-post-thumbnail"],"yoast_head":"<!-- This site is optimized with the Yoast SEO Premium plugin v20.5 (Yoast SEO v27.4) - https:\/\/yoast.com\/product\/yoast-seo-premium-wordpress\/ -->\n<title>San Roque Suites - Sotogrande Guide \u26f3 Recommended Golf Hotel<\/title>\n<meta name=\"description\" content=\"San Roque Suites Hotel Resort is located in San Roque Club, just five minutes drive from Sotogrande and a popular choice for Golf lovers and families.\" \/>\n<meta name=\"robots\" content=\"index, follow, max-snippet:-1, max-image-preview:large, max-video-preview:-1\" \/>\n<link rel=\"canonical\" href=\"https:\/\/www.sotograndeguide.com\/fr\/hotels-sotogrande\/suites-san-roque\/\" \/>\n<meta property=\"og:locale\" content=\"fr_FR\" \/>\n<meta property=\"og:type\" content=\"article\" \/>\n<meta property=\"og:title\" content=\"San Roque Suites\" \/>\n<meta property=\"og:description\" content=\"San Roque Suites Hotel Resort is located in San Roque Club, just five minutes drive from Sotogrande and a popular choice for Golf lovers and families.\" \/>\n<meta property=\"og:url\" content=\"https:\/\/www.sotograndeguide.com\/fr\/hotels-sotogrande\/suites-san-roque\/\" \/>\n<meta property=\"og:site_name\" content=\"Sotogrande Guide\" \/>\n<meta property=\"article:publisher\" content=\"https:\/\/www.facebook.com\/sotograndeguide\" \/>\n<meta property=\"article:modified_time\" content=\"2019-07-07T20:08:22+00:00\" \/>\n<meta property=\"og:image\" content=\"https:\/\/www.sotograndeguide.com\/wp-content\/uploads\/2017\/11\/San-Roque-Suites.jpg\" \/>\n\t<meta property=\"og:image:width\" content=\"1261\" \/>\n\t<meta property=\"og:image:height\" content=\"793\" \/>\n\t<meta property=\"og:image:type\" content=\"image\/jpeg\" \/>\n<meta name=\"twitter:card\" content=\"summary_large_image\" \/>\n<meta name=\"twitter:site\" content=\"@sotograndeguide\" \/>\n<meta name=\"twitter:label1\" content=\"Est. reading time\" \/>\n\t<meta name=\"twitter:data1\" content=\"1 minute\" \/>\n<!-- \/ Yoast SEO Premium plugin. -->","yoast_head_json":{"title":"San Roque Suites - Sotogrande Guide \u26f3 H\u00f4tel de golf recommand\u00e9","description":"Le San Roque Suites Hotel Resort est situ\u00e9 dans le club de San Roque, \u00e0 seulement cinq minutes de route de Sotogrande, et constitue un choix populaire pour les amateurs de golf et les familles.","robots":{"index":"index","follow":"follow","max-snippet":"max-snippet:-1","max-image-preview":"max-image-preview:large","max-video-preview":"max-video-preview:-1"},"canonical":"https:\/\/www.sotograndeguide.com\/fr\/hotels-sotogrande\/suites-san-roque\/","og_locale":"fr_FR","og_type":"article","og_title":"San Roque Suites","og_description":"San Roque Suites Hotel Resort is located in San Roque Club, just five minutes drive from Sotogrande and a popular choice for Golf lovers and families.","og_url":"https:\/\/www.sotograndeguide.com\/fr\/hotels-sotogrande\/suites-san-roque\/","og_site_name":"Sotogrande Guide","article_publisher":"https:\/\/www.facebook.com\/sotograndeguide","article_modified_time":"2019-07-07T20:08:22+00:00","og_image":[{"width":1261,"height":793,"url":"https:\/\/www.sotograndeguide.com\/wp-content\/uploads\/2017\/11\/San-Roque-Suites.jpg","type":"image\/jpeg"}],"twitter_card":"summary_large_image","twitter_site":"@sotograndeguide","twitter_misc":{"Est. reading time":"1 minute"},"schema":{"@context":"https:\/\/schema.org","@graph":[{"@type":"WebPage","@id":"https:\/\/www.sotograndeguide.com\/sotogrande-hotels\/san-roque-suites\/","url":"https:\/\/www.sotograndeguide.com\/sotogrande-hotels\/san-roque-suites\/","name":"San Roque Suites - Sotogrande Guide \u26f3 H\u00f4tel de golf recommand\u00e9","isPartOf":{"@id":"https:\/\/www.sotograndeguide.com\/#website"},"primaryImageOfPage":{"@id":"https:\/\/www.sotograndeguide.com\/sotogrande-hotels\/san-roque-suites\/#primaryimage"},"image":{"@id":"https:\/\/www.sotograndeguide.com\/sotogrande-hotels\/san-roque-suites\/#primaryimage"},"thumbnailUrl":"https:\/\/www.sotograndeguide.com\/wp-content\/uploads\/2017\/11\/San-Roque-Suites.jpg","datePublished":"2017-11-15T04:03:09+00:00","dateModified":"2019-07-07T20:08:22+00:00","description":"Le San Roque Suites Hotel Resort est situ\u00e9 dans le club de San Roque, \u00e0 seulement cinq minutes de route de Sotogrande, et constitue un choix populaire pour les amateurs de golf et les familles.","breadcrumb":{"@id":"https:\/\/www.sotograndeguide.com\/sotogrande-hotels\/san-roque-suites\/#breadcrumb"},"inLanguage":"fr-FR","potentialAction":[{"@type":"ReadAction","target":["https:\/\/www.sotograndeguide.com\/sotogrande-hotels\/san-roque-suites\/"]}]},{"@type":"ImageObject","inLanguage":"fr-FR","@id":"https:\/\/www.sotograndeguide.com\/sotogrande-hotels\/san-roque-suites\/#primaryimage","url":"https:\/\/www.sotograndeguide.com\/wp-content\/uploads\/2017\/11\/San-Roque-Suites.jpg","contentUrl":"https:\/\/www.sotograndeguide.com\/wp-content\/uploads\/2017\/11\/San-Roque-Suites.jpg","width":1261,"height":793,"caption":"San Roque Suites"},{"@type":"BreadcrumbList","@id":"https:\/\/www.sotograndeguide.com\/sotogrande-hotels\/san-roque-suites\/#breadcrumb","itemListElement":[{"@type":"ListItem","position":1,"name":"Home","item":"https:\/\/www.sotograndeguide.com\/"},{"@type":"ListItem","position":2,"name":"Sotogrande Hotels","item":"https:\/\/www.sotograndeguide.com\/sotogrande-hotels\/"},{"@type":"ListItem","position":3,"name":"San Roque Suites"}]},{"@type":"WebSite","@id":"https:\/\/www.sotograndeguide.com\/#website","url":"https:\/\/www.sotograndeguide.com\/","name":"Guide de Sotogrande","description":"Nouvelles, conseils, \u00e9v\u00e9nements et critiques","publisher":{"@id":"https:\/\/www.sotograndeguide.com\/#organization"},"potentialAction":[{"@type":"SearchAction","target":{"@type":"EntryPoint","urlTemplate":"https:\/\/www.sotograndeguide.com\/?s={search_term_string}"},"query-input":{"@type":"PropertyValueSpecification","valueRequired":true,"valueName":"search_term_string"}}],"inLanguage":"fr-FR"},{"@type":"Organization","@id":"https:\/\/www.sotograndeguide.com\/#organization","name":"Guide de Sotogrande","url":"https:\/\/www.sotograndeguide.com\/","logo":{"@type":"ImageObject","inLanguage":"fr-FR","@id":"https:\/\/www.sotograndeguide.com\/#\/schema\/logo\/image\/","url":"https:\/\/www.sotograndeguide.com\/wp-content\/uploads\/2017\/03\/Sotogrande-Logo-GUIDE.png","contentUrl":"https:\/\/www.sotograndeguide.com\/wp-content\/uploads\/2017\/03\/Sotogrande-Logo-GUIDE.png","width":300,"height":300,"caption":"Sotogrande Guide"},"image":{"@id":"https:\/\/www.sotograndeguide.com\/#\/schema\/logo\/image\/"},"sameAs":["https:\/\/www.facebook.com\/sotograndeguide","https:\/\/x.com\/sotograndeguide","https:\/\/www.tiktok.com\/@sotograndeguide","https:\/\/www.youtube.com\/@SotograndeGuide"]}]}},"jetpack_sharing_enabled":true,"_links":{"self":[{"href":"https:\/\/www.sotograndeguide.com\/fr\/wp-json\/wp\/v2\/pages\/33565","targetHints":{"allow":["GET"]}}],"collection":[{"href":"https:\/\/www.sotograndeguide.com\/fr\/wp-json\/wp\/v2\/pages"}],"about":[{"href":"https:\/\/www.sotograndeguide.com\/fr\/wp-json\/wp\/v2\/types\/page"}],"author":[{"embeddable":true,"href":"https:\/\/www.sotograndeguide.com\/fr\/wp-json\/wp\/v2\/users\/1"}],"replies":[{"embeddable":true,"href":"https:\/\/www.sotograndeguide.com\/fr\/wp-json\/wp\/v2\/comments?post=33565"}],"version-history":[{"count":0,"href":"https:\/\/www.sotograndeguide.com\/fr\/wp-json\/wp\/v2\/pages\/33565\/revisions"}],"up":[{"embeddable":true,"href":"https:\/\/www.sotograndeguide.com\/fr\/wp-json\/wp\/v2\/pages\/94"}],"wp:featuredmedia":[{"embeddable":true,"href":"https:\/\/www.sotograndeguide.com\/fr\/wp-json\/wp\/v2\/media\/33597"}],"wp:attachment":[{"href":"https:\/\/www.sotograndeguide.com\/fr\/wp-json\/wp\/v2\/media?parent=33565"}],"curies":[{"name":"wp","href":"https:\/\/api.w.org\/{rel}","templated":true}]}}