{"id":33550,"date":"2017-11-07T20:36:12","date_gmt":"2017-11-07T20:36:12","guid":{"rendered":"https:\/\/www.sotograndeguide.com\/?page_id=33550"},"modified":"2023-04-17T09:13:32","modified_gmt":"2023-04-17T09:13:32","slug":"la-quinta-restaurante","status":"publish","type":"page","link":"https:\/\/www.sotograndeguide.com\/fr\/sotogrande-restaurants\/la-quinta-restaurante\/","title":{"rendered":"La Quinta Restaurante"},"content":{"rendered":"<p>Si vous aimez la viande argentine, vous adorerez La Quinta, qui sert une cuisine argentine traditionnelle avec les meilleures viandes import\u00e9es directement d'Argentine.<\/p>\n<p>Un lieu chaleureux et d\u00e9tendu, id\u00e9al pour un bon repas entre amis ou en famille.<\/p>\n<p>Ne manquez pas leurs soir\u00e9es tango pour vous amuser.<\/p>\n<p><strong>La Quinta Restaurante<\/strong><br \/>\nCuisine : Argentin<br \/>\nAdresse : Centro Comercial Sotovila, 11311 Pueblo Nuevo de Guadiaro, Espagne<br \/>\nT\u00e9l\u00e9phone : <a href=\"tel:+34956616934\">956616934<\/a><\/p>","protected":false},"excerpt":{"rendered":"<p>Si vous aimez la viande argentine, vous adorerez La Quinta, qui sert une cuisine argentine traditionnelle avec les meilleures viandes import\u00e9es directement d'Argentine. C'est un endroit confortable et d\u00e9contract\u00e9, id\u00e9al pour un bon repas entre amis ou en famille. Ne manquez pas les soir\u00e9es tango pour vous amuser. La Quinta Restaurante Cuisine : Argentin Adresse : Centro Comercial ... <a title=\"La Quinta Restaurante\" class=\"read-more\" href=\"https:\/\/www.sotograndeguide.com\/fr\/sotogrande-restaurants\/la-quinta-restaurante\/\" aria-label=\"En savoir plus sur La Quinta Restaurante\">Lire plus<\/a><\/p>","protected":false},"author":1,"featured_media":33833,"parent":91,"menu_order":0,"comment_status":"closed","ping_status":"closed","template":"","meta":{"footnotes":""},"class_list":["post-33550","page","type-page","status-publish","has-post-thumbnail"],"yoast_head":"<!-- This site is optimized with the Yoast SEO Premium plugin v20.5 (Yoast SEO v27.5) - https:\/\/yoast.com\/product\/yoast-seo-premium-wordpress\/ -->\n<title>La Quinta Restaurante Argentinian Restaurant - Sotogrande Guide<\/title>\n<meta name=\"robots\" content=\"index, follow, max-snippet:-1, max-image-preview:large, max-video-preview:-1\" \/>\n<link rel=\"canonical\" href=\"https:\/\/www.sotograndeguide.com\/fr\/restaurants-de-sotogrande\/la-quinta-restaurante\/\" \/>\n<meta property=\"og:locale\" content=\"fr_FR\" \/>\n<meta property=\"og:type\" content=\"article\" \/>\n<meta property=\"og:title\" content=\"La Quinta Restaurante\" \/>\n<meta property=\"og:description\" content=\"If you like Argentinian meat you will love La Quinta, they serve traditional Argentinian food with the best imported meats directly from Argentina. A cosy and relaxed place, ideal for a great meal with friends and family. Don&#8217;t miss their regular Tango nights for some good fun. La Quinta Restaurante Cuisine: Argentinian Address: Centro Comercial ... Lire plus\" \/>\n<meta property=\"og:url\" content=\"https:\/\/www.sotograndeguide.com\/fr\/restaurants-de-sotogrande\/la-quinta-restaurante\/\" \/>\n<meta property=\"og:site_name\" content=\"Sotogrande Guide\" \/>\n<meta property=\"article:publisher\" content=\"https:\/\/www.facebook.com\/sotograndeguide\" \/>\n<meta property=\"article:modified_time\" content=\"2023-04-17T09:13:32+00:00\" \/>\n<meta property=\"og:image\" content=\"https:\/\/www.sotograndeguide.com\/wp-content\/uploads\/2017\/12\/La-Quinta-Restaurante-Sotogrande.jpg\" \/>\n\t<meta property=\"og:image:width\" content=\"960\" \/>\n\t<meta property=\"og:image:height\" content=\"640\" \/>\n\t<meta property=\"og:image:type\" content=\"image\/jpeg\" \/>\n<meta name=\"twitter:card\" content=\"summary_large_image\" \/>\n<meta name=\"twitter:site\" content=\"@sotograndeguide\" \/>\n<!-- \/ Yoast SEO Premium plugin. -->","yoast_head_json":{"title":"La Quinta Restaurante Restaurant Argentin - Guide Sotogrande","robots":{"index":"index","follow":"follow","max-snippet":"max-snippet:-1","max-image-preview":"max-image-preview:large","max-video-preview":"max-video-preview:-1"},"canonical":"https:\/\/www.sotograndeguide.com\/fr\/restaurants-de-sotogrande\/la-quinta-restaurante\/","og_locale":"fr_FR","og_type":"article","og_title":"La Quinta Restaurante","og_description":"If you like Argentinian meat you will love La Quinta, they serve traditional Argentinian food with the best imported meats directly from Argentina. A cosy and relaxed place, ideal for a great meal with friends and family. Don&#8217;t miss their regular Tango nights for some good fun. La Quinta Restaurante Cuisine: Argentinian Address: Centro Comercial ... Lire plus","og_url":"https:\/\/www.sotograndeguide.com\/fr\/restaurants-de-sotogrande\/la-quinta-restaurante\/","og_site_name":"Sotogrande Guide","article_publisher":"https:\/\/www.facebook.com\/sotograndeguide","article_modified_time":"2023-04-17T09:13:32+00:00","og_image":[{"width":960,"height":640,"url":"https:\/\/www.sotograndeguide.com\/wp-content\/uploads\/2017\/12\/La-Quinta-Restaurante-Sotogrande.jpg","type":"image\/jpeg"}],"twitter_card":"summary_large_image","twitter_site":"@sotograndeguide","schema":{"@context":"https:\/\/schema.org","@graph":[{"@type":"WebPage","@id":"https:\/\/www.sotograndeguide.com\/sotogrande-restaurants\/la-quinta-restaurante\/","url":"https:\/\/www.sotograndeguide.com\/sotogrande-restaurants\/la-quinta-restaurante\/","name":"La Quinta Restaurante Restaurant Argentin - Guide Sotogrande","isPartOf":{"@id":"https:\/\/www.sotograndeguide.com\/#website"},"primaryImageOfPage":{"@id":"https:\/\/www.sotograndeguide.com\/sotogrande-restaurants\/la-quinta-restaurante\/#primaryimage"},"image":{"@id":"https:\/\/www.sotograndeguide.com\/sotogrande-restaurants\/la-quinta-restaurante\/#primaryimage"},"thumbnailUrl":"https:\/\/www.sotograndeguide.com\/wp-content\/uploads\/2017\/12\/La-Quinta-Restaurante-Sotogrande.jpg","datePublished":"2017-11-07T20:36:12+00:00","dateModified":"2023-04-17T09:13:32+00:00","breadcrumb":{"@id":"https:\/\/www.sotograndeguide.com\/sotogrande-restaurants\/la-quinta-restaurante\/#breadcrumb"},"inLanguage":"fr-FR","potentialAction":[{"@type":"ReadAction","target":["https:\/\/www.sotograndeguide.com\/sotogrande-restaurants\/la-quinta-restaurante\/"]}]},{"@type":"ImageObject","inLanguage":"fr-FR","@id":"https:\/\/www.sotograndeguide.com\/sotogrande-restaurants\/la-quinta-restaurante\/#primaryimage","url":"https:\/\/www.sotograndeguide.com\/wp-content\/uploads\/2017\/12\/La-Quinta-Restaurante-Sotogrande.jpg","contentUrl":"https:\/\/www.sotograndeguide.com\/wp-content\/uploads\/2017\/12\/La-Quinta-Restaurante-Sotogrande.jpg","width":960,"height":640,"caption":"La Quinta Restaurante Sotogrande"},{"@type":"BreadcrumbList","@id":"https:\/\/www.sotograndeguide.com\/sotogrande-restaurants\/la-quinta-restaurante\/#breadcrumb","itemListElement":[{"@type":"ListItem","position":1,"name":"Home","item":"https:\/\/www.sotograndeguide.com\/"},{"@type":"ListItem","position":2,"name":"Sotogrande Restaurants","item":"https:\/\/www.sotograndeguide.com\/sotogrande-restaurants\/"},{"@type":"ListItem","position":3,"name":"La Quinta Restaurante"}]},{"@type":"WebSite","@id":"https:\/\/www.sotograndeguide.com\/#website","url":"https:\/\/www.sotograndeguide.com\/","name":"Guide de Sotogrande","description":"Nouvelles, conseils, \u00e9v\u00e9nements et critiques","publisher":{"@id":"https:\/\/www.sotograndeguide.com\/#organization"},"potentialAction":[{"@type":"SearchAction","target":{"@type":"EntryPoint","urlTemplate":"https:\/\/www.sotograndeguide.com\/?s={search_term_string}"},"query-input":{"@type":"PropertyValueSpecification","valueRequired":true,"valueName":"search_term_string"}}],"inLanguage":"fr-FR"},{"@type":"Organization","@id":"https:\/\/www.sotograndeguide.com\/#organization","name":"Guide de Sotogrande","url":"https:\/\/www.sotograndeguide.com\/","logo":{"@type":"ImageObject","inLanguage":"fr-FR","@id":"https:\/\/www.sotograndeguide.com\/#\/schema\/logo\/image\/","url":"https:\/\/www.sotograndeguide.com\/wp-content\/uploads\/2017\/03\/Sotogrande-Logo-GUIDE.png","contentUrl":"https:\/\/www.sotograndeguide.com\/wp-content\/uploads\/2017\/03\/Sotogrande-Logo-GUIDE.png","width":300,"height":300,"caption":"Sotogrande Guide"},"image":{"@id":"https:\/\/www.sotograndeguide.com\/#\/schema\/logo\/image\/"},"sameAs":["https:\/\/www.facebook.com\/sotograndeguide","https:\/\/x.com\/sotograndeguide","https:\/\/www.tiktok.com\/@sotograndeguide","https:\/\/www.youtube.com\/@SotograndeGuide"]}]}},"jetpack_sharing_enabled":true,"_links":{"self":[{"href":"https:\/\/www.sotograndeguide.com\/fr\/wp-json\/wp\/v2\/pages\/33550","targetHints":{"allow":["GET"]}}],"collection":[{"href":"https:\/\/www.sotograndeguide.com\/fr\/wp-json\/wp\/v2\/pages"}],"about":[{"href":"https:\/\/www.sotograndeguide.com\/fr\/wp-json\/wp\/v2\/types\/page"}],"author":[{"embeddable":true,"href":"https:\/\/www.sotograndeguide.com\/fr\/wp-json\/wp\/v2\/users\/1"}],"replies":[{"embeddable":true,"href":"https:\/\/www.sotograndeguide.com\/fr\/wp-json\/wp\/v2\/comments?post=33550"}],"version-history":[{"count":0,"href":"https:\/\/www.sotograndeguide.com\/fr\/wp-json\/wp\/v2\/pages\/33550\/revisions"}],"up":[{"embeddable":true,"href":"https:\/\/www.sotograndeguide.com\/fr\/wp-json\/wp\/v2\/pages\/91"}],"wp:featuredmedia":[{"embeddable":true,"href":"https:\/\/www.sotograndeguide.com\/fr\/wp-json\/wp\/v2\/media\/33833"}],"wp:attachment":[{"href":"https:\/\/www.sotograndeguide.com\/fr\/wp-json\/wp\/v2\/media?parent=33550"}],"curies":[{"name":"wp","href":"https:\/\/api.w.org\/{rel}","templated":true}]}}