{"id":33531,"date":"2017-10-22T17:21:55","date_gmt":"2017-10-22T17:21:55","guid":{"rendered":"https:\/\/www.sotograndeguide.com\/?page_id=33531"},"modified":"2019-05-21T20:33:59","modified_gmt":"2019-05-21T20:33:59","slug":"mariposa-bar-grill","status":"publish","type":"page","link":"https:\/\/www.sotograndeguide.com\/fr\/sotogrande-restaurants\/mariposa-bar-grill\/","title":{"rendered":"Mariposa Bar &amp; Grill"},"content":{"rendered":"<p>Le Mariposa Bar &amp; Grill est id\u00e9alement situ\u00e9 dans la cour du centre commercial Mar y Sol, \u00e0 la sortie de l'autoroute A7 en direction de Sotogrande Alto. Les nombreuses possibilit\u00e9s de stationnement en font l'endroit id\u00e9al pour se rendre entre amis ou en famille. Le restaurant sert \u00e9galement une grande vari\u00e9t\u00e9 de cocktails \u00e0 des prix raisonnables.<\/p>\n<p><strong>Le restaurant Mariposa Bar &amp; Grill de Sotogrande est d\u00e9sormais d\u00e9finitivement ferm\u00e9<\/strong>.<\/p>\n<p><strong>Mariposa Bar &amp; Grill Sotogrande<\/strong><br \/>\nCuisine : internationale<br \/>\nAdresse : Centro Comercial Mar Y Sol, 11310 San Roque, C\u00e1diz<br \/>\nT\u00e9l\u00e9phone : <a href=\"tel:+34956742958\">956742958<\/a><\/p>","protected":false},"excerpt":{"rendered":"<p>Le Mariposa Bar &amp; Grill est id\u00e9alement situ\u00e9 dans la cour du centre commercial Mar y Sol, \u00e0 la sortie de l'autoroute A7 en direction de Sotogrande Alto. Les nombreuses possibilit\u00e9s de stationnement en font l'endroit id\u00e9al pour se rendre entre amis ou en famille. Le restaurant sert \u00e9galement une grande vari\u00e9t\u00e9 de cocktails \u00e0 des prix raisonnables. Le Mariposa Bar ... <a title=\"Mariposa Bar &amp; Grill\" class=\"read-more\" href=\"https:\/\/www.sotograndeguide.com\/fr\/sotogrande-restaurants\/mariposa-bar-grill\/\" aria-label=\"En savoir plus sur Mariposa Bar &amp; Grill\">Lire plus<\/a><\/p>","protected":false},"author":1,"featured_media":33843,"parent":91,"menu_order":0,"comment_status":"closed","ping_status":"closed","template":"","meta":{"footnotes":""},"class_list":["post-33531","page","type-page","status-publish","has-post-thumbnail"],"yoast_head":"<!-- This site is optimized with the Yoast SEO Premium plugin v20.5 (Yoast SEO v27.3) - https:\/\/yoast.com\/product\/yoast-seo-premium-wordpress\/ -->\n<title>Mariposa Bar &amp; Grill<\/title>\n<meta name=\"robots\" content=\"index, follow, max-snippet:-1, max-image-preview:large, max-video-preview:-1\" \/>\n<link rel=\"canonical\" href=\"https:\/\/www.sotograndeguide.com\/fr\/restaurants-de-sotogrande\/mariposa-bar-grill\/\" \/>\n<meta property=\"og:locale\" content=\"fr_FR\" \/>\n<meta property=\"og:type\" content=\"article\" \/>\n<meta property=\"og:title\" content=\"Mariposa Bar &amp; Grill\" \/>\n<meta property=\"og:description\" content=\"Mariposa Bar &amp; Grill is conveniently located in the courtyard of the commercial center Mar y Sol, just at the A7 exit towards Sotogrande Alto. Ample parking options means this is the ideal place to go with friends or family. The restaurant also serves a great variety of cocktails at reasonable prices. The Mariposa Bar ... Lire plus\" \/>\n<meta property=\"og:url\" content=\"https:\/\/www.sotograndeguide.com\/fr\/restaurants-de-sotogrande\/mariposa-bar-grill\/\" \/>\n<meta property=\"og:site_name\" content=\"Sotogrande Guide\" \/>\n<meta property=\"article:publisher\" content=\"https:\/\/www.facebook.com\/sotograndeguide\" \/>\n<meta property=\"article:modified_time\" content=\"2019-05-21T20:33:59+00:00\" \/>\n<meta property=\"og:image\" content=\"https:\/\/www.sotograndeguide.com\/wp-content\/uploads\/2017\/12\/Mariposa-Bar-Grill-Sotogrande.jpg\" \/>\n\t<meta property=\"og:image:width\" content=\"960\" \/>\n\t<meta property=\"og:image:height\" content=\"640\" \/>\n\t<meta property=\"og:image:type\" content=\"image\/jpeg\" \/>\n<meta name=\"twitter:card\" content=\"summary_large_image\" \/>\n<meta name=\"twitter:site\" content=\"@sotograndeguide\" \/>\n<!-- \/ Yoast SEO Premium plugin. -->","yoast_head_json":{"title":"Mariposa Bar &amp; Grill","robots":{"index":"index","follow":"follow","max-snippet":"max-snippet:-1","max-image-preview":"max-image-preview:large","max-video-preview":"max-video-preview:-1"},"canonical":"https:\/\/www.sotograndeguide.com\/fr\/restaurants-de-sotogrande\/mariposa-bar-grill\/","og_locale":"fr_FR","og_type":"article","og_title":"Mariposa Bar & Grill","og_description":"Mariposa Bar &amp; Grill is conveniently located in the courtyard of the commercial center Mar y Sol, just at the A7 exit towards Sotogrande Alto. Ample parking options means this is the ideal place to go with friends or family. The restaurant also serves a great variety of cocktails at reasonable prices. The Mariposa Bar ... Lire plus","og_url":"https:\/\/www.sotograndeguide.com\/fr\/restaurants-de-sotogrande\/mariposa-bar-grill\/","og_site_name":"Sotogrande Guide","article_publisher":"https:\/\/www.facebook.com\/sotograndeguide","article_modified_time":"2019-05-21T20:33:59+00:00","og_image":[{"width":960,"height":640,"url":"https:\/\/www.sotograndeguide.com\/wp-content\/uploads\/2017\/12\/Mariposa-Bar-Grill-Sotogrande.jpg","type":"image\/jpeg"}],"twitter_card":"summary_large_image","twitter_site":"@sotograndeguide","schema":{"@context":"https:\/\/schema.org","@graph":[{"@type":"WebPage","@id":"https:\/\/www.sotograndeguide.com\/sotogrande-restaurants\/mariposa-bar-grill\/","url":"https:\/\/www.sotograndeguide.com\/sotogrande-restaurants\/mariposa-bar-grill\/","name":"Mariposa Bar &amp; Grill","isPartOf":{"@id":"https:\/\/www.sotograndeguide.com\/#website"},"primaryImageOfPage":{"@id":"https:\/\/www.sotograndeguide.com\/sotogrande-restaurants\/mariposa-bar-grill\/#primaryimage"},"image":{"@id":"https:\/\/www.sotograndeguide.com\/sotogrande-restaurants\/mariposa-bar-grill\/#primaryimage"},"thumbnailUrl":"https:\/\/www.sotograndeguide.com\/wp-content\/uploads\/2017\/12\/Mariposa-Bar-Grill-Sotogrande.jpg","datePublished":"2017-10-22T17:21:55+00:00","dateModified":"2019-05-21T20:33:59+00:00","breadcrumb":{"@id":"https:\/\/www.sotograndeguide.com\/sotogrande-restaurants\/mariposa-bar-grill\/#breadcrumb"},"inLanguage":"fr-FR","potentialAction":[{"@type":"ReadAction","target":["https:\/\/www.sotograndeguide.com\/sotogrande-restaurants\/mariposa-bar-grill\/"]}]},{"@type":"ImageObject","inLanguage":"fr-FR","@id":"https:\/\/www.sotograndeguide.com\/sotogrande-restaurants\/mariposa-bar-grill\/#primaryimage","url":"https:\/\/www.sotograndeguide.com\/wp-content\/uploads\/2017\/12\/Mariposa-Bar-Grill-Sotogrande.jpg","contentUrl":"https:\/\/www.sotograndeguide.com\/wp-content\/uploads\/2017\/12\/Mariposa-Bar-Grill-Sotogrande.jpg","width":960,"height":640,"caption":"Mariposa Bar Grill Sotogrande"},{"@type":"BreadcrumbList","@id":"https:\/\/www.sotograndeguide.com\/sotogrande-restaurants\/mariposa-bar-grill\/#breadcrumb","itemListElement":[{"@type":"ListItem","position":1,"name":"Home","item":"https:\/\/www.sotograndeguide.com\/"},{"@type":"ListItem","position":2,"name":"Sotogrande Restaurants","item":"https:\/\/www.sotograndeguide.com\/sotogrande-restaurants\/"},{"@type":"ListItem","position":3,"name":"Mariposa Bar &#038; Grill"}]},{"@type":"WebSite","@id":"https:\/\/www.sotograndeguide.com\/#website","url":"https:\/\/www.sotograndeguide.com\/","name":"Guide de Sotogrande","description":"Nouvelles, conseils, \u00e9v\u00e9nements et critiques","publisher":{"@id":"https:\/\/www.sotograndeguide.com\/#organization"},"potentialAction":[{"@type":"SearchAction","target":{"@type":"EntryPoint","urlTemplate":"https:\/\/www.sotograndeguide.com\/?s={search_term_string}"},"query-input":{"@type":"PropertyValueSpecification","valueRequired":true,"valueName":"search_term_string"}}],"inLanguage":"fr-FR"},{"@type":"Organization","@id":"https:\/\/www.sotograndeguide.com\/#organization","name":"Guide de Sotogrande","url":"https:\/\/www.sotograndeguide.com\/","logo":{"@type":"ImageObject","inLanguage":"fr-FR","@id":"https:\/\/www.sotograndeguide.com\/#\/schema\/logo\/image\/","url":"https:\/\/www.sotograndeguide.com\/wp-content\/uploads\/2017\/03\/Sotogrande-Logo-GUIDE.png","contentUrl":"https:\/\/www.sotograndeguide.com\/wp-content\/uploads\/2017\/03\/Sotogrande-Logo-GUIDE.png","width":300,"height":300,"caption":"Sotogrande Guide"},"image":{"@id":"https:\/\/www.sotograndeguide.com\/#\/schema\/logo\/image\/"},"sameAs":["https:\/\/www.facebook.com\/sotograndeguide","https:\/\/x.com\/sotograndeguide","https:\/\/www.tiktok.com\/@sotograndeguide","https:\/\/www.youtube.com\/@SotograndeGuide"]}]}},"jetpack_sharing_enabled":true,"_links":{"self":[{"href":"https:\/\/www.sotograndeguide.com\/fr\/wp-json\/wp\/v2\/pages\/33531","targetHints":{"allow":["GET"]}}],"collection":[{"href":"https:\/\/www.sotograndeguide.com\/fr\/wp-json\/wp\/v2\/pages"}],"about":[{"href":"https:\/\/www.sotograndeguide.com\/fr\/wp-json\/wp\/v2\/types\/page"}],"author":[{"embeddable":true,"href":"https:\/\/www.sotograndeguide.com\/fr\/wp-json\/wp\/v2\/users\/1"}],"replies":[{"embeddable":true,"href":"https:\/\/www.sotograndeguide.com\/fr\/wp-json\/wp\/v2\/comments?post=33531"}],"version-history":[{"count":0,"href":"https:\/\/www.sotograndeguide.com\/fr\/wp-json\/wp\/v2\/pages\/33531\/revisions"}],"up":[{"embeddable":true,"href":"https:\/\/www.sotograndeguide.com\/fr\/wp-json\/wp\/v2\/pages\/91"}],"wp:featuredmedia":[{"embeddable":true,"href":"https:\/\/www.sotograndeguide.com\/fr\/wp-json\/wp\/v2\/media\/33843"}],"wp:attachment":[{"href":"https:\/\/www.sotograndeguide.com\/fr\/wp-json\/wp\/v2\/media?parent=33531"}],"curies":[{"name":"wp","href":"https:\/\/api.w.org\/{rel}","templated":true}]}}