{"id":33446,"date":"2017-09-06T17:15:28","date_gmt":"2017-09-06T17:15:28","guid":{"rendered":"http:\/\/www.sotograndeguide.com\/?page_id=33446"},"modified":"2019-05-21T20:37:19","modified_gmt":"2019-05-21T20:37:19","slug":"los-angeles","status":"publish","type":"page","link":"https:\/\/www.sotograndeguide.com\/fr\/sotogrande-restaurants\/los-angeles\/","title":{"rendered":"Los Angeles"},"content":{"rendered":"<p>Le restaurant Los \u00c1ngeles est un nouveau venu sur la sc\u00e8ne h\u00f4teli\u00e8re de Sotogrande.<\/p>\n<p>L'ancienne caf\u00e9t\u00e9ria et la terrasse de la boulangerie Jan Staels sont aujourd'hui des lieux de restauration raffin\u00e9e.<\/p>\n<p>Los \u00c1ngeles sert une cuisine m\u00e9diterran\u00e9enne contemporaine avec une touche belge, ax\u00e9e sur les plats de viande et de poisson.<\/p>\n<p>Un espace \u00e9l\u00e9gant avec vue sur la marina de Sotogrande.<\/p>\n<p><strong>Los \u00c1ngeles<\/strong><br \/>\nCuisine : M\u00e9diterran\u00e9enne, Belge<br \/>\nAdresse : Ribera del Marlin, 41, 11310, Sotogrande<br \/>\nT\u00e9l\u00e9phone : <a href=\"tel:+34605154654\">605154654<\/a><\/p>","protected":false},"excerpt":{"rendered":"<p>Le restaurant Los \u00c1ngeles est un nouveau venu sur la sc\u00e8ne h\u00f4teli\u00e8re de Sotogrande. L'ancienne caf\u00e9t\u00e9ria et terrasse de la boulangerie Jan Staels est aujourd'hui un lieu de restauration raffin\u00e9e. Los \u00c1ngeles propose une cuisine m\u00e9diterran\u00e9enne contemporaine avec une touche belge, ax\u00e9e sur les plats de viande et de poisson. Un espace \u00e9l\u00e9gant avec vue sur la marina \u00e0 ... <a title=\"Los Angeles\" class=\"read-more\" href=\"https:\/\/www.sotograndeguide.com\/fr\/sotogrande-restaurants\/los-angeles\/\" aria-label=\"En savoir plus sur Los Angeles\">Lire plus<\/a><\/p>","protected":false},"author":1,"featured_media":33842,"parent":91,"menu_order":0,"comment_status":"closed","ping_status":"closed","template":"","meta":{"footnotes":""},"class_list":["post-33446","page","type-page","status-publish","has-post-thumbnail"],"yoast_head":"<!-- This site is optimized with the Yoast SEO Premium plugin v20.5 (Yoast SEO v27.4) - https:\/\/yoast.com\/product\/yoast-seo-premium-wordpress\/ -->\n<title>Los Angeles Fine Dining Restaurant - Sotogrande Guide<\/title>\n<meta name=\"robots\" content=\"index, follow, max-snippet:-1, max-image-preview:large, max-video-preview:-1\" \/>\n<link rel=\"canonical\" href=\"https:\/\/www.sotograndeguide.com\/fr\/restaurants-de-sotogrande\/los-angeles\/\" \/>\n<meta property=\"og:locale\" content=\"fr_FR\" \/>\n<meta property=\"og:type\" content=\"article\" \/>\n<meta property=\"og:title\" content=\"Los Angeles\" \/>\n<meta property=\"og:description\" content=\"Los \u00c1ngeles Restaurant is a recent addition to the hospitality scene in Sotogrande. What used to be the Cafeteria and terrace of the Jan Staels bakery is now a fine dining venue. Los \u00c1ngeles serves contemporary Mediterranean cuisine with a Belgian touch, focused on meat and fish dishes. An elegant space overlooking the Marina in ... Lire plus\" \/>\n<meta property=\"og:url\" content=\"https:\/\/www.sotograndeguide.com\/fr\/restaurants-de-sotogrande\/los-angeles\/\" \/>\n<meta property=\"og:site_name\" content=\"Sotogrande Guide\" \/>\n<meta property=\"article:publisher\" content=\"https:\/\/www.facebook.com\/sotograndeguide\" \/>\n<meta property=\"article:modified_time\" content=\"2019-05-21T20:37:19+00:00\" \/>\n<meta property=\"og:image\" content=\"https:\/\/www.sotograndeguide.com\/wp-content\/uploads\/2017\/12\/Restaurant-Los-Angeles-Sotogrande.jpg\" \/>\n\t<meta property=\"og:image:width\" content=\"960\" \/>\n\t<meta property=\"og:image:height\" content=\"640\" \/>\n\t<meta property=\"og:image:type\" content=\"image\/jpeg\" \/>\n<meta name=\"twitter:card\" content=\"summary_large_image\" \/>\n<meta name=\"twitter:site\" content=\"@sotograndeguide\" \/>\n<!-- \/ Yoast SEO Premium plugin. -->","yoast_head_json":{"title":"Restaurant gastronomique de Los Angeles - Guide de Sotogrande","robots":{"index":"index","follow":"follow","max-snippet":"max-snippet:-1","max-image-preview":"max-image-preview:large","max-video-preview":"max-video-preview:-1"},"canonical":"https:\/\/www.sotograndeguide.com\/fr\/restaurants-de-sotogrande\/los-angeles\/","og_locale":"fr_FR","og_type":"article","og_title":"Los Angeles","og_description":"Los \u00c1ngeles Restaurant is a recent addition to the hospitality scene in Sotogrande. What used to be the Cafeteria and terrace of the Jan Staels bakery is now a fine dining venue. Los \u00c1ngeles serves contemporary Mediterranean cuisine with a Belgian touch, focused on meat and fish dishes. An elegant space overlooking the Marina in ... Lire plus","og_url":"https:\/\/www.sotograndeguide.com\/fr\/restaurants-de-sotogrande\/los-angeles\/","og_site_name":"Sotogrande Guide","article_publisher":"https:\/\/www.facebook.com\/sotograndeguide","article_modified_time":"2019-05-21T20:37:19+00:00","og_image":[{"width":960,"height":640,"url":"https:\/\/www.sotograndeguide.com\/wp-content\/uploads\/2017\/12\/Restaurant-Los-Angeles-Sotogrande.jpg","type":"image\/jpeg"}],"twitter_card":"summary_large_image","twitter_site":"@sotograndeguide","schema":{"@context":"https:\/\/schema.org","@graph":[{"@type":"WebPage","@id":"https:\/\/www.sotograndeguide.com\/sotogrande-restaurants\/los-angeles\/","url":"https:\/\/www.sotograndeguide.com\/sotogrande-restaurants\/los-angeles\/","name":"Restaurant gastronomique de Los Angeles - Guide de Sotogrande","isPartOf":{"@id":"https:\/\/www.sotograndeguide.com\/#website"},"primaryImageOfPage":{"@id":"https:\/\/www.sotograndeguide.com\/sotogrande-restaurants\/los-angeles\/#primaryimage"},"image":{"@id":"https:\/\/www.sotograndeguide.com\/sotogrande-restaurants\/los-angeles\/#primaryimage"},"thumbnailUrl":"https:\/\/www.sotograndeguide.com\/wp-content\/uploads\/2017\/12\/Restaurant-Los-Angeles-Sotogrande.jpg","datePublished":"2017-09-06T17:15:28+00:00","dateModified":"2019-05-21T20:37:19+00:00","breadcrumb":{"@id":"https:\/\/www.sotograndeguide.com\/sotogrande-restaurants\/los-angeles\/#breadcrumb"},"inLanguage":"fr-FR","potentialAction":[{"@type":"ReadAction","target":["https:\/\/www.sotograndeguide.com\/sotogrande-restaurants\/los-angeles\/"]}]},{"@type":"ImageObject","inLanguage":"fr-FR","@id":"https:\/\/www.sotograndeguide.com\/sotogrande-restaurants\/los-angeles\/#primaryimage","url":"https:\/\/www.sotograndeguide.com\/wp-content\/uploads\/2017\/12\/Restaurant-Los-Angeles-Sotogrande.jpg","contentUrl":"https:\/\/www.sotograndeguide.com\/wp-content\/uploads\/2017\/12\/Restaurant-Los-Angeles-Sotogrande.jpg","width":960,"height":640,"caption":"Restaurant Los Angeles Sotogrande"},{"@type":"BreadcrumbList","@id":"https:\/\/www.sotograndeguide.com\/sotogrande-restaurants\/los-angeles\/#breadcrumb","itemListElement":[{"@type":"ListItem","position":1,"name":"Home","item":"https:\/\/www.sotograndeguide.com\/"},{"@type":"ListItem","position":2,"name":"Sotogrande Restaurants","item":"https:\/\/www.sotograndeguide.com\/sotogrande-restaurants\/"},{"@type":"ListItem","position":3,"name":"Los Angeles"}]},{"@type":"WebSite","@id":"https:\/\/www.sotograndeguide.com\/#website","url":"https:\/\/www.sotograndeguide.com\/","name":"Guide de Sotogrande","description":"Nouvelles, conseils, \u00e9v\u00e9nements et critiques","publisher":{"@id":"https:\/\/www.sotograndeguide.com\/#organization"},"potentialAction":[{"@type":"SearchAction","target":{"@type":"EntryPoint","urlTemplate":"https:\/\/www.sotograndeguide.com\/?s={search_term_string}"},"query-input":{"@type":"PropertyValueSpecification","valueRequired":true,"valueName":"search_term_string"}}],"inLanguage":"fr-FR"},{"@type":"Organization","@id":"https:\/\/www.sotograndeguide.com\/#organization","name":"Guide de Sotogrande","url":"https:\/\/www.sotograndeguide.com\/","logo":{"@type":"ImageObject","inLanguage":"fr-FR","@id":"https:\/\/www.sotograndeguide.com\/#\/schema\/logo\/image\/","url":"https:\/\/www.sotograndeguide.com\/wp-content\/uploads\/2017\/03\/Sotogrande-Logo-GUIDE.png","contentUrl":"https:\/\/www.sotograndeguide.com\/wp-content\/uploads\/2017\/03\/Sotogrande-Logo-GUIDE.png","width":300,"height":300,"caption":"Sotogrande Guide"},"image":{"@id":"https:\/\/www.sotograndeguide.com\/#\/schema\/logo\/image\/"},"sameAs":["https:\/\/www.facebook.com\/sotograndeguide","https:\/\/x.com\/sotograndeguide","https:\/\/www.tiktok.com\/@sotograndeguide","https:\/\/www.youtube.com\/@SotograndeGuide"]}]}},"jetpack_sharing_enabled":true,"_links":{"self":[{"href":"https:\/\/www.sotograndeguide.com\/fr\/wp-json\/wp\/v2\/pages\/33446","targetHints":{"allow":["GET"]}}],"collection":[{"href":"https:\/\/www.sotograndeguide.com\/fr\/wp-json\/wp\/v2\/pages"}],"about":[{"href":"https:\/\/www.sotograndeguide.com\/fr\/wp-json\/wp\/v2\/types\/page"}],"author":[{"embeddable":true,"href":"https:\/\/www.sotograndeguide.com\/fr\/wp-json\/wp\/v2\/users\/1"}],"replies":[{"embeddable":true,"href":"https:\/\/www.sotograndeguide.com\/fr\/wp-json\/wp\/v2\/comments?post=33446"}],"version-history":[{"count":0,"href":"https:\/\/www.sotograndeguide.com\/fr\/wp-json\/wp\/v2\/pages\/33446\/revisions"}],"up":[{"embeddable":true,"href":"https:\/\/www.sotograndeguide.com\/fr\/wp-json\/wp\/v2\/pages\/91"}],"wp:featuredmedia":[{"embeddable":true,"href":"https:\/\/www.sotograndeguide.com\/fr\/wp-json\/wp\/v2\/media\/33842"}],"wp:attachment":[{"href":"https:\/\/www.sotograndeguide.com\/fr\/wp-json\/wp\/v2\/media?parent=33446"}],"curies":[{"name":"wp","href":"https:\/\/api.w.org\/{rel}","templated":true}]}}