{"id":33418,"date":"2017-08-21T21:48:04","date_gmt":"2017-08-21T21:48:04","guid":{"rendered":"http:\/\/www.sotograndeguide.com\/?page_id=33418"},"modified":"2019-05-21T20:31:47","modified_gmt":"2019-05-21T20:31:47","slug":"bellanotte","status":"publish","type":"page","link":"https:\/\/www.sotograndeguide.com\/fr\/sotogrande-restaurants\/bellanotte\/","title":{"rendered":"BellaNotte"},"content":{"rendered":"<p>\"Italien... mais diff\u00e9rent\" est le slogan de ce nouveau restaurant italien. Ouvert en ao\u00fbt 2017, il a frapp\u00e9 fort avec un menu incroyable, un service fantastique et une atmosph\u00e8re d\u00e9contract\u00e9e. Un lieu spacieux avec une grande terrasse ext\u00e9rieure qui donne sur la Marina.<\/p>\n<p><strong>Le restaurant BellaNotte de Sotogrande est d\u00e9sormais d\u00e9finitivement ferm\u00e9<\/strong>.<\/p>\n<p>Cuisine : italienne, m\u00e9diterran\u00e9enne<br \/>\nAdresse : Ribera del Marlin, Local 3 &amp; 4, 11310, Sotogrande<br \/>\nT\u00e9l\u00e9phone : <a href=\"tel:+34634898995\">634898995<\/a><\/p>","protected":false},"excerpt":{"rendered":"<p>\"Italien... mais diff\u00e9rent\" est le slogan de ce nouveau restaurant italien. Ouvert en ao\u00fbt 2017, il a fait un tabac avec un menu incroyable, un service fantastique et une atmosph\u00e8re d\u00e9tendue. Un lieu spacieux avec une grande terrasse ext\u00e9rieure qui donne sur la Marina. Le restaurant BellaNotte de Sotogrande est d\u00e9sormais d\u00e9finitivement ferm\u00e9. Cuisine : italienne, m\u00e9diterran\u00e9enne Adresse : Ribera del Marlin, Local ... <a title=\"BellaNotte\" class=\"read-more\" href=\"https:\/\/www.sotograndeguide.com\/fr\/sotogrande-restaurants\/bellanotte\/\" aria-label=\"En savoir plus sur BellaNotte\">Lire plus<\/a><\/p>","protected":false},"author":1,"featured_media":33768,"parent":91,"menu_order":0,"comment_status":"closed","ping_status":"closed","template":"","meta":{"footnotes":""},"class_list":["post-33418","page","type-page","status-publish","has-post-thumbnail"],"yoast_head":"<!-- This site is optimized with the Yoast SEO Premium plugin v20.5 (Yoast SEO v27.5) - https:\/\/yoast.com\/product\/yoast-seo-premium-wordpress\/ -->\n<title>BellaNotte<\/title>\n<meta name=\"robots\" content=\"index, follow, max-snippet:-1, max-image-preview:large, max-video-preview:-1\" \/>\n<link rel=\"canonical\" href=\"https:\/\/www.sotograndeguide.com\/fr\/restaurants-de-sotogrande\/bellanotte\/\" \/>\n<meta property=\"og:locale\" content=\"fr_FR\" \/>\n<meta property=\"og:type\" content=\"article\" \/>\n<meta property=\"og:title\" content=\"BellaNotte\" \/>\n<meta property=\"og:description\" content=\"&#8220;Italian&#8230; but different&#8221; is this new Italian Restaurant&#8217;s slogan. Opened in August 2017, they hit the ground running with an incredible menu, fantastic service and chilled atmosphere. A spacious venue with large outside terrace that overlooks the Marina. The BellaNotte Restaurant in Sotogrande is now permanently closed. Cuisine: Italian, Mediterranean Address: Ribera del Marlin, Local ... Lire plus\" \/>\n<meta property=\"og:url\" content=\"https:\/\/www.sotograndeguide.com\/fr\/restaurants-de-sotogrande\/bellanotte\/\" \/>\n<meta property=\"og:site_name\" content=\"Sotogrande Guide\" \/>\n<meta property=\"article:publisher\" content=\"https:\/\/www.facebook.com\/sotograndeguide\" \/>\n<meta property=\"article:modified_time\" content=\"2019-05-21T20:31:47+00:00\" \/>\n<meta property=\"og:image\" content=\"https:\/\/www.sotograndeguide.com\/wp-content\/uploads\/2017\/12\/BellaNotte-Restaurant-Sotogrande.jpg\" \/>\n\t<meta property=\"og:image:width\" content=\"960\" \/>\n\t<meta property=\"og:image:height\" content=\"640\" \/>\n\t<meta property=\"og:image:type\" content=\"image\/jpeg\" \/>\n<meta name=\"twitter:card\" content=\"summary_large_image\" \/>\n<meta name=\"twitter:site\" content=\"@sotograndeguide\" \/>\n<!-- \/ Yoast SEO Premium plugin. -->","yoast_head_json":{"title":"BellaNotte","robots":{"index":"index","follow":"follow","max-snippet":"max-snippet:-1","max-image-preview":"max-image-preview:large","max-video-preview":"max-video-preview:-1"},"canonical":"https:\/\/www.sotograndeguide.com\/fr\/restaurants-de-sotogrande\/bellanotte\/","og_locale":"fr_FR","og_type":"article","og_title":"BellaNotte","og_description":"&#8220;Italian&#8230; but different&#8221; is this new Italian Restaurant&#8217;s slogan. Opened in August 2017, they hit the ground running with an incredible menu, fantastic service and chilled atmosphere. A spacious venue with large outside terrace that overlooks the Marina. The BellaNotte Restaurant in Sotogrande is now permanently closed. Cuisine: Italian, Mediterranean Address: Ribera del Marlin, Local ... Lire plus","og_url":"https:\/\/www.sotograndeguide.com\/fr\/restaurants-de-sotogrande\/bellanotte\/","og_site_name":"Sotogrande Guide","article_publisher":"https:\/\/www.facebook.com\/sotograndeguide","article_modified_time":"2019-05-21T20:31:47+00:00","og_image":[{"width":960,"height":640,"url":"https:\/\/www.sotograndeguide.com\/wp-content\/uploads\/2017\/12\/BellaNotte-Restaurant-Sotogrande.jpg","type":"image\/jpeg"}],"twitter_card":"summary_large_image","twitter_site":"@sotograndeguide","schema":{"@context":"https:\/\/schema.org","@graph":[{"@type":"WebPage","@id":"https:\/\/www.sotograndeguide.com\/sotogrande-restaurants\/bellanotte\/","url":"https:\/\/www.sotograndeguide.com\/sotogrande-restaurants\/bellanotte\/","name":"BellaNotte","isPartOf":{"@id":"https:\/\/www.sotograndeguide.com\/#website"},"primaryImageOfPage":{"@id":"https:\/\/www.sotograndeguide.com\/sotogrande-restaurants\/bellanotte\/#primaryimage"},"image":{"@id":"https:\/\/www.sotograndeguide.com\/sotogrande-restaurants\/bellanotte\/#primaryimage"},"thumbnailUrl":"https:\/\/www.sotograndeguide.com\/wp-content\/uploads\/2017\/12\/BellaNotte-Restaurant-Sotogrande.jpg","datePublished":"2017-08-21T21:48:04+00:00","dateModified":"2019-05-21T20:31:47+00:00","breadcrumb":{"@id":"https:\/\/www.sotograndeguide.com\/sotogrande-restaurants\/bellanotte\/#breadcrumb"},"inLanguage":"fr-FR","potentialAction":[{"@type":"ReadAction","target":["https:\/\/www.sotograndeguide.com\/sotogrande-restaurants\/bellanotte\/"]}]},{"@type":"ImageObject","inLanguage":"fr-FR","@id":"https:\/\/www.sotograndeguide.com\/sotogrande-restaurants\/bellanotte\/#primaryimage","url":"https:\/\/www.sotograndeguide.com\/wp-content\/uploads\/2017\/12\/BellaNotte-Restaurant-Sotogrande.jpg","contentUrl":"https:\/\/www.sotograndeguide.com\/wp-content\/uploads\/2017\/12\/BellaNotte-Restaurant-Sotogrande.jpg","width":960,"height":640,"caption":"BellaNotte Restaurant Sotogrande"},{"@type":"BreadcrumbList","@id":"https:\/\/www.sotograndeguide.com\/sotogrande-restaurants\/bellanotte\/#breadcrumb","itemListElement":[{"@type":"ListItem","position":1,"name":"Home","item":"https:\/\/www.sotograndeguide.com\/"},{"@type":"ListItem","position":2,"name":"Sotogrande Restaurants","item":"https:\/\/www.sotograndeguide.com\/sotogrande-restaurants\/"},{"@type":"ListItem","position":3,"name":"BellaNotte"}]},{"@type":"WebSite","@id":"https:\/\/www.sotograndeguide.com\/#website","url":"https:\/\/www.sotograndeguide.com\/","name":"Guide de Sotogrande","description":"Nouvelles, conseils, \u00e9v\u00e9nements et critiques","publisher":{"@id":"https:\/\/www.sotograndeguide.com\/#organization"},"potentialAction":[{"@type":"SearchAction","target":{"@type":"EntryPoint","urlTemplate":"https:\/\/www.sotograndeguide.com\/?s={search_term_string}"},"query-input":{"@type":"PropertyValueSpecification","valueRequired":true,"valueName":"search_term_string"}}],"inLanguage":"fr-FR"},{"@type":"Organization","@id":"https:\/\/www.sotograndeguide.com\/#organization","name":"Guide de Sotogrande","url":"https:\/\/www.sotograndeguide.com\/","logo":{"@type":"ImageObject","inLanguage":"fr-FR","@id":"https:\/\/www.sotograndeguide.com\/#\/schema\/logo\/image\/","url":"https:\/\/www.sotograndeguide.com\/wp-content\/uploads\/2017\/03\/Sotogrande-Logo-GUIDE.png","contentUrl":"https:\/\/www.sotograndeguide.com\/wp-content\/uploads\/2017\/03\/Sotogrande-Logo-GUIDE.png","width":300,"height":300,"caption":"Sotogrande Guide"},"image":{"@id":"https:\/\/www.sotograndeguide.com\/#\/schema\/logo\/image\/"},"sameAs":["https:\/\/www.facebook.com\/sotograndeguide","https:\/\/x.com\/sotograndeguide","https:\/\/www.tiktok.com\/@sotograndeguide","https:\/\/www.youtube.com\/@SotograndeGuide"]}]}},"jetpack_sharing_enabled":true,"_links":{"self":[{"href":"https:\/\/www.sotograndeguide.com\/fr\/wp-json\/wp\/v2\/pages\/33418","targetHints":{"allow":["GET"]}}],"collection":[{"href":"https:\/\/www.sotograndeguide.com\/fr\/wp-json\/wp\/v2\/pages"}],"about":[{"href":"https:\/\/www.sotograndeguide.com\/fr\/wp-json\/wp\/v2\/types\/page"}],"author":[{"embeddable":true,"href":"https:\/\/www.sotograndeguide.com\/fr\/wp-json\/wp\/v2\/users\/1"}],"replies":[{"embeddable":true,"href":"https:\/\/www.sotograndeguide.com\/fr\/wp-json\/wp\/v2\/comments?post=33418"}],"version-history":[{"count":0,"href":"https:\/\/www.sotograndeguide.com\/fr\/wp-json\/wp\/v2\/pages\/33418\/revisions"}],"up":[{"embeddable":true,"href":"https:\/\/www.sotograndeguide.com\/fr\/wp-json\/wp\/v2\/pages\/91"}],"wp:featuredmedia":[{"embeddable":true,"href":"https:\/\/www.sotograndeguide.com\/fr\/wp-json\/wp\/v2\/media\/33768"}],"wp:attachment":[{"href":"https:\/\/www.sotograndeguide.com\/fr\/wp-json\/wp\/v2\/media?parent=33418"}],"curies":[{"name":"wp","href":"https:\/\/api.w.org\/{rel}","templated":true}]}}