{"id":33381,"date":"2017-06-30T07:47:47","date_gmt":"2017-06-30T07:47:47","guid":{"rendered":"http:\/\/www.sotograndeguide.com\/?page_id=33381"},"modified":"2018-05-13T11:20:31","modified_gmt":"2018-05-13T11:20:31","slug":"salon-de-beaute-et-de-coiffure-versach","status":"publish","type":"page","link":"https:\/\/www.sotograndeguide.com\/fr\/sotogrande-hairdressers\/versach-beauty-and-hair-salon\/","title":{"rendered":"Salon de beaut\u00e9 et de coiffure Versach"},"content":{"rendered":"<p>La qualit\u00e9, l'exp\u00e9rience, l'innovation et votre confiance nous ont permis de grandir pour \u00eatre diff\u00e9rents, occupant aujourd'hui une place de prestige au sein du secteur de l'image dans la zone. Avec une carri\u00e8re intense et distingu\u00e9e, \u00e0 VERSACH nous offrons, en plus d'une longue exp\u00e9rience, toute la force et le dynamisme d'une \u00e9quipe professionnelle passionn\u00e9e, combinant les solides connaissances et la cr\u00e9ativit\u00e9 de jeunes mains et en constante \u00e9volution, avec les derni\u00e8res technologies en mati\u00e8re de coiffure, d'esth\u00e9tique, de m\u00e9decine esth\u00e9tique et de nutrition.<\/p>\n<p>Chez VERSACH, nous sommes la combinaison parfaite de la technique et de l'art dans le monde de l'image et des soins int\u00e9graux. Chez VERSACH, nous comprenons que notre travail consiste \u00e0 cr\u00e9er du style, \u00e0 offrir des propositions avec une personnalit\u00e9 propre \u00e0 un public exigeant. La mode la plus actuelle, l'interpr\u00e9tation personnelle des derni\u00e8res tendances, l'excellente qualit\u00e9 des produits que nous utilisons, l'attention et le service \u00e0 la client\u00e8le et les conceptions exclusives de beaut\u00e9 sont quelques-uns des \u00e9l\u00e9ments qui feront la diff\u00e9rence dans notre nouveau projet.<\/p>\n<div id='gallery-1' class='gallery galleryid-33381 gallery-columns-3 gallery-size-medium'><figure class='gallery-item'>\n\t\t\t<div class='gallery-icon landscape'>\n\t\t\t\t<a href='https:\/\/www.sotograndeguide.com\/wp-content\/uploads\/2017\/01\/VERSACH-Sotogrande-Beauty-and-Hair-Salon-1.jpg'><img decoding=\"async\" width=\"300\" height=\"200\" src=\"https:\/\/www.sotograndeguide.com\/wp-content\/uploads\/2017\/01\/VERSACH-Sotogrande-Beauty-and-Hair-Salon-1-300x200.jpg\" class=\"attachment-medium size-medium\" alt=\"Salon de beaut\u00e9 et de coiffure Versach\" srcset=\"https:\/\/www.sotograndeguide.com\/wp-content\/uploads\/2017\/01\/VERSACH-Sotogrande-Beauty-and-Hair-Salon-1-300x200.jpg 300w, https:\/\/www.sotograndeguide.com\/wp-content\/uploads\/2017\/01\/VERSACH-Sotogrande-Beauty-and-Hair-Salon-1-768x512.jpg 768w, https:\/\/www.sotograndeguide.com\/wp-content\/uploads\/2017\/01\/VERSACH-Sotogrande-Beauty-and-Hair-Salon-1-1024x683.jpg 1024w, https:\/\/www.sotograndeguide.com\/wp-content\/uploads\/2017\/01\/VERSACH-Sotogrande-Beauty-and-Hair-Salon-1.jpg 1440w\" sizes=\"(max-width: 300px) 100vw, 300px\" \/><\/a>\n\t\t\t<\/div><\/figure><figure class='gallery-item'>\n\t\t\t<div class='gallery-icon landscape'>\n\t\t\t\t<a href='https:\/\/www.sotograndeguide.com\/wp-content\/uploads\/2017\/01\/VERSACH-Sotogrande-Beauty-and-Hair-Salon-3.jpg'><img decoding=\"async\" width=\"300\" height=\"200\" src=\"https:\/\/www.sotograndeguide.com\/wp-content\/uploads\/2017\/01\/VERSACH-Sotogrande-Beauty-and-Hair-Salon-3-300x200.jpg\" class=\"attachment-medium size-medium\" alt=\"Salon de beaut\u00e9 et de coiffure Versach\" srcset=\"https:\/\/www.sotograndeguide.com\/wp-content\/uploads\/2017\/01\/VERSACH-Sotogrande-Beauty-and-Hair-Salon-3-300x200.jpg 300w, https:\/\/www.sotograndeguide.com\/wp-content\/uploads\/2017\/01\/VERSACH-Sotogrande-Beauty-and-Hair-Salon-3-768x512.jpg 768w, https:\/\/www.sotograndeguide.com\/wp-content\/uploads\/2017\/01\/VERSACH-Sotogrande-Beauty-and-Hair-Salon-3-1024x683.jpg 1024w, https:\/\/www.sotograndeguide.com\/wp-content\/uploads\/2017\/01\/VERSACH-Sotogrande-Beauty-and-Hair-Salon-3.jpg 1413w\" sizes=\"(max-width: 300px) 100vw, 300px\" \/><\/a>\n\t\t\t<\/div><\/figure><figure class='gallery-item'>\n\t\t\t<div class='gallery-icon landscape'>\n\t\t\t\t<a href='https:\/\/www.sotograndeguide.com\/wp-content\/uploads\/2017\/01\/VERSACH-Sotogrande-Beauty-and-Hair-Salon-2.jpg'><img decoding=\"async\" width=\"300\" height=\"200\" src=\"https:\/\/www.sotograndeguide.com\/wp-content\/uploads\/2017\/01\/VERSACH-Sotogrande-Beauty-and-Hair-Salon-2-300x200.jpg\" class=\"attachment-medium size-medium\" alt=\"Salon de beaut\u00e9 et de coiffure Versach\" srcset=\"https:\/\/www.sotograndeguide.com\/wp-content\/uploads\/2017\/01\/VERSACH-Sotogrande-Beauty-and-Hair-Salon-2-300x200.jpg 300w, https:\/\/www.sotograndeguide.com\/wp-content\/uploads\/2017\/01\/VERSACH-Sotogrande-Beauty-and-Hair-Salon-2-768x512.jpg 768w, https:\/\/www.sotograndeguide.com\/wp-content\/uploads\/2017\/01\/VERSACH-Sotogrande-Beauty-and-Hair-Salon-2-1024x683.jpg 1024w, https:\/\/www.sotograndeguide.com\/wp-content\/uploads\/2017\/01\/VERSACH-Sotogrande-Beauty-and-Hair-Salon-2.jpg 1440w\" sizes=\"(max-width: 300px) 100vw, 300px\" \/><\/a>\n\t\t\t<\/div><\/figure>\n\t\t<\/div>\n\n<p><strong>Salon de beaut\u00e9 et de coiffure Versach<\/strong><br \/>\nAdresse : Carretera N-340 km 134.2 Edificio Laxmor, Local Bajo, 11310 Sotogrande, C\u00e1diz, Espagne<br \/>\nT\u00e9l\u00e9phone : <a href=\"tel:+34669469761\">669469761<\/a><\/p>","protected":false},"excerpt":{"rendered":"<p>La qualit\u00e9, l'exp\u00e9rience, l'innovation et votre confiance nous ont permis de grandir pour \u00eatre diff\u00e9rents, occupant aujourd'hui une place de prestige dans le secteur de l'image dans la zone. Avec une carri\u00e8re intense et distingu\u00e9e, \u00e0 VERSACH nous offrons, en plus d'une longue exp\u00e9rience, toute la force et le dynamisme d'une ... <a title=\"Salon de beaut\u00e9 et de coiffure Versach\" class=\"read-more\" href=\"https:\/\/www.sotograndeguide.com\/fr\/sotogrande-hairdressers\/versach-beauty-and-hair-salon\/\" aria-label=\"En savoir plus sur Salon de beaut\u00e9 et de coiffure Versach\">Lire plus<\/a><\/p>","protected":false},"author":1,"featured_media":33920,"parent":79,"menu_order":0,"comment_status":"closed","ping_status":"closed","template":"","meta":{"footnotes":""},"class_list":["post-33381","page","type-page","status-publish","has-post-thumbnail"],"yoast_head":"<!-- This site is optimized with the Yoast SEO Premium plugin v20.5 (Yoast SEO v27.3) - https:\/\/yoast.com\/product\/yoast-seo-premium-wordpress\/ -->\n<title>Versach Beauty and Hair Salon<\/title>\n<meta name=\"robots\" content=\"index, follow, max-snippet:-1, max-image-preview:large, max-video-preview:-1\" \/>\n<link rel=\"canonical\" href=\"https:\/\/www.sotograndeguide.com\/fr\/coiffeurs-sotogrande\/salon-de-beaute-et-de-coiffure-versach\/\" \/>\n<meta property=\"og:locale\" content=\"fr_FR\" \/>\n<meta property=\"og:type\" content=\"article\" \/>\n<meta property=\"og:title\" content=\"Versach Beauty and Hair Salon\" \/>\n<meta property=\"og:description\" content=\"The quality, the experience, the innovation and your confidence have allowed us to grow to be different, occupying today a place of prestige within the sector of the image in the zone. With an intense and distinguished career, in VERSACH we offer, in addition to a long experience, all the strength and dynamism of a ... Lire plus\" \/>\n<meta property=\"og:url\" content=\"https:\/\/www.sotograndeguide.com\/fr\/coiffeurs-sotogrande\/salon-de-beaute-et-de-coiffure-versach\/\" \/>\n<meta property=\"og:site_name\" content=\"Sotogrande Guide\" \/>\n<meta property=\"article:publisher\" content=\"https:\/\/www.facebook.com\/sotograndeguide\" \/>\n<meta property=\"article:modified_time\" content=\"2018-05-13T11:20:31+00:00\" \/>\n<meta property=\"og:image\" content=\"https:\/\/www.sotograndeguide.com\/wp-content\/uploads\/2018\/01\/Versach-Sotogrande-1.jpg\" \/>\n\t<meta property=\"og:image:width\" content=\"960\" \/>\n\t<meta property=\"og:image:height\" content=\"640\" \/>\n\t<meta property=\"og:image:type\" content=\"image\/jpeg\" \/>\n<meta name=\"twitter:card\" content=\"summary_large_image\" \/>\n<meta name=\"twitter:site\" content=\"@sotograndeguide\" \/>\n<meta name=\"twitter:label1\" content=\"Est. reading time\" \/>\n\t<meta name=\"twitter:data1\" content=\"1 minute\" \/>\n<!-- \/ Yoast SEO Premium plugin. -->","yoast_head_json":{"title":"Salon de beaut\u00e9 et de coiffure Versach","robots":{"index":"index","follow":"follow","max-snippet":"max-snippet:-1","max-image-preview":"max-image-preview:large","max-video-preview":"max-video-preview:-1"},"canonical":"https:\/\/www.sotograndeguide.com\/fr\/coiffeurs-sotogrande\/salon-de-beaute-et-de-coiffure-versach\/","og_locale":"fr_FR","og_type":"article","og_title":"Versach Beauty and Hair Salon","og_description":"The quality, the experience, the innovation and your confidence have allowed us to grow to be different, occupying today a place of prestige within the sector of the image in the zone. With an intense and distinguished career, in VERSACH we offer, in addition to a long experience, all the strength and dynamism of a ... Lire plus","og_url":"https:\/\/www.sotograndeguide.com\/fr\/coiffeurs-sotogrande\/salon-de-beaute-et-de-coiffure-versach\/","og_site_name":"Sotogrande Guide","article_publisher":"https:\/\/www.facebook.com\/sotograndeguide","article_modified_time":"2018-05-13T11:20:31+00:00","og_image":[{"width":960,"height":640,"url":"https:\/\/www.sotograndeguide.com\/wp-content\/uploads\/2018\/01\/Versach-Sotogrande-1.jpg","type":"image\/jpeg"}],"twitter_card":"summary_large_image","twitter_site":"@sotograndeguide","twitter_misc":{"Est. reading time":"1 minute"},"schema":{"@context":"https:\/\/schema.org","@graph":[{"@type":"WebPage","@id":"https:\/\/www.sotograndeguide.com\/sotogrande-hairdressers\/versach-beauty-and-hair-salon\/","url":"https:\/\/www.sotograndeguide.com\/sotogrande-hairdressers\/versach-beauty-and-hair-salon\/","name":"Salon de beaut\u00e9 et de coiffure Versach","isPartOf":{"@id":"https:\/\/www.sotograndeguide.com\/#website"},"primaryImageOfPage":{"@id":"https:\/\/www.sotograndeguide.com\/sotogrande-hairdressers\/versach-beauty-and-hair-salon\/#primaryimage"},"image":{"@id":"https:\/\/www.sotograndeguide.com\/sotogrande-hairdressers\/versach-beauty-and-hair-salon\/#primaryimage"},"thumbnailUrl":"https:\/\/www.sotograndeguide.com\/wp-content\/uploads\/2018\/01\/Versach-Sotogrande-1.jpg","datePublished":"2017-06-30T07:47:47+00:00","dateModified":"2018-05-13T11:20:31+00:00","breadcrumb":{"@id":"https:\/\/www.sotograndeguide.com\/sotogrande-hairdressers\/versach-beauty-and-hair-salon\/#breadcrumb"},"inLanguage":"fr-FR","potentialAction":[{"@type":"ReadAction","target":["https:\/\/www.sotograndeguide.com\/sotogrande-hairdressers\/versach-beauty-and-hair-salon\/"]}]},{"@type":"ImageObject","inLanguage":"fr-FR","@id":"https:\/\/www.sotograndeguide.com\/sotogrande-hairdressers\/versach-beauty-and-hair-salon\/#primaryimage","url":"https:\/\/www.sotograndeguide.com\/wp-content\/uploads\/2018\/01\/Versach-Sotogrande-1.jpg","contentUrl":"https:\/\/www.sotograndeguide.com\/wp-content\/uploads\/2018\/01\/Versach-Sotogrande-1.jpg","width":960,"height":640,"caption":"Versach Sotogrande"},{"@type":"BreadcrumbList","@id":"https:\/\/www.sotograndeguide.com\/sotogrande-hairdressers\/versach-beauty-and-hair-salon\/#breadcrumb","itemListElement":[{"@type":"ListItem","position":1,"name":"Home","item":"https:\/\/www.sotograndeguide.com\/"},{"@type":"ListItem","position":2,"name":"Sotogrande Hairdressers","item":"https:\/\/www.sotograndeguide.com\/sotogrande-hairdressers\/"},{"@type":"ListItem","position":3,"name":"Versach Beauty and Hair Salon"}]},{"@type":"WebSite","@id":"https:\/\/www.sotograndeguide.com\/#website","url":"https:\/\/www.sotograndeguide.com\/","name":"Guide de Sotogrande","description":"Nouvelles, conseils, \u00e9v\u00e9nements et critiques","publisher":{"@id":"https:\/\/www.sotograndeguide.com\/#organization"},"potentialAction":[{"@type":"SearchAction","target":{"@type":"EntryPoint","urlTemplate":"https:\/\/www.sotograndeguide.com\/?s={search_term_string}"},"query-input":{"@type":"PropertyValueSpecification","valueRequired":true,"valueName":"search_term_string"}}],"inLanguage":"fr-FR"},{"@type":"Organization","@id":"https:\/\/www.sotograndeguide.com\/#organization","name":"Guide de Sotogrande","url":"https:\/\/www.sotograndeguide.com\/","logo":{"@type":"ImageObject","inLanguage":"fr-FR","@id":"https:\/\/www.sotograndeguide.com\/#\/schema\/logo\/image\/","url":"https:\/\/www.sotograndeguide.com\/wp-content\/uploads\/2017\/03\/Sotogrande-Logo-GUIDE.png","contentUrl":"https:\/\/www.sotograndeguide.com\/wp-content\/uploads\/2017\/03\/Sotogrande-Logo-GUIDE.png","width":300,"height":300,"caption":"Sotogrande Guide"},"image":{"@id":"https:\/\/www.sotograndeguide.com\/#\/schema\/logo\/image\/"},"sameAs":["https:\/\/www.facebook.com\/sotograndeguide","https:\/\/x.com\/sotograndeguide","https:\/\/www.tiktok.com\/@sotograndeguide","https:\/\/www.youtube.com\/@SotograndeGuide"]}]}},"jetpack_sharing_enabled":true,"_links":{"self":[{"href":"https:\/\/www.sotograndeguide.com\/fr\/wp-json\/wp\/v2\/pages\/33381","targetHints":{"allow":["GET"]}}],"collection":[{"href":"https:\/\/www.sotograndeguide.com\/fr\/wp-json\/wp\/v2\/pages"}],"about":[{"href":"https:\/\/www.sotograndeguide.com\/fr\/wp-json\/wp\/v2\/types\/page"}],"author":[{"embeddable":true,"href":"https:\/\/www.sotograndeguide.com\/fr\/wp-json\/wp\/v2\/users\/1"}],"replies":[{"embeddable":true,"href":"https:\/\/www.sotograndeguide.com\/fr\/wp-json\/wp\/v2\/comments?post=33381"}],"version-history":[{"count":0,"href":"https:\/\/www.sotograndeguide.com\/fr\/wp-json\/wp\/v2\/pages\/33381\/revisions"}],"up":[{"embeddable":true,"href":"https:\/\/www.sotograndeguide.com\/fr\/wp-json\/wp\/v2\/pages\/79"}],"wp:featuredmedia":[{"embeddable":true,"href":"https:\/\/www.sotograndeguide.com\/fr\/wp-json\/wp\/v2\/media\/33920"}],"wp:attachment":[{"href":"https:\/\/www.sotograndeguide.com\/fr\/wp-json\/wp\/v2\/media?parent=33381"}],"curies":[{"name":"wp","href":"https:\/\/api.w.org\/{rel}","templated":true}]}}